{"id":7592,"date":"2020-04-11T20:43:52","date_gmt":"2020-04-11T20:43:52","guid":{"rendered":"https:\/\/www.gremi-obres.org\/formacio\/?page_id=7592"},"modified":"2021-08-17T08:12:27","modified_gmt":"2021-08-17T08:12:27","slug":"curs-subvencionat-diagnosi","status":"publish","type":"page","link":"https:\/\/www.gremi-obres.org\/formacio\/cursos-barcelona\/curs-subvencionat-diagnosi\/","title":{"rendered":"Curs subvencionat de Diagnosi, defici\u00e8ncies i actuaci\u00f3 en rehabilitaci\u00f3 d&#8217;estructures"},"content":{"rendered":"<div class=\"wpb-content-wrapper\"><p>[vc_row row_type=&#8221;row&#8221; use_row_as_full_screen_section=&#8221;no&#8221; type=&#8221;grid&#8221; angled_section=&#8221;no&#8221; text_align=&#8221;left&#8221; background_image_as_pattern=&#8221;without_pattern&#8221; padding_top=&#8221;60&#8243; css_animation=&#8221;&#8221;][vc_column width=&#8221;1\/3&#8243;][vc_column_text]<\/p>\n<p><strong>OBJECTIU:<\/p>\n<p><\/strong><\/p>\n<ul>\n<li>Millora dels coneixements i capacitaci\u00f3 t\u00e8cnica.<\/li>\n<\/ul>\n<p>[\/vc_column_text][vc_separator type=&#8221;transparent&#8221; thickness=&#8221;7&#8243;][vc_column_text]<\/p>\n<h2>DIAGNOSI, DEFICI\u00c8NCIES I ACTUACI\u00d3 EN REHABILITACI\u00d3 D\u00b4ESTRUCTURES<\/h2>\n<p>[\/vc_column_text][vc_separator type=&#8221;small&#8221; position=&#8221;left&#8221; color=&#8221;#f29760&#8243; thickness=&#8221;1&#8243; width=&#8221;86&#8243;][vc_column_text]<strong>CONTINGUTS:<\/strong><\/p>\n<ol>\n<li>Sistemes estructurals.<\/li>\n<li>Funcionament sistemes estructurals.<\/li>\n<li>Caracter\u00edstiques constructives.<\/li>\n<li>Plantejament diagnosis estructural<\/li>\n<li>Lesions i defici\u00e8ncies sistemes estructurals<\/li>\n<li>Materials i procediments de rehabilitaci\u00f3 d\u2019estructures.<\/li>\n<li>Manteniment d\u2019estructures.<\/li>\n<\/ol>\n<p>[\/vc_column_text][vc_separator type=&#8221;transparent&#8221; thickness=&#8221;7&#8243;][vc_separator type=&#8221;transparent&#8221; thickness=&#8221;7&#8243;][\/vc_column][vc_column width=&#8221;1\/3&#8243;][vc_separator type=&#8221;transparent&#8221; thickness=&#8221;2&#8243;]<div id=\"mpc_connected_icons-10069d4e59cc5f5a\" class=\"mpc-connected-icons mpc-init mpc-transition \"  data-ci-cols=\"4\" data-target=\"icon\" data-layout=\"vertical\"><div class=\"mpc-connected-icons__line\"><span><\/span><\/div><div data-id=\"mpc_icon_column-5369d4e59cc60e3\" class=\"mpc-icon-column mpc-init mpc-parent-hover mpc-transition mpc-icon-column--style_3 mpc-align--left \" ><div data-id=\"mpc_icon-4269d4e59cc6145\" class=\"mpc-icon mpc-init mpc-transition mpc-effect-none mpc-icon-hover \"><div class=\"mpc-icon-wrap\"><i class=\"mpc-icon-part mpc-regular mpc-transition  fa fa-file-text-o\"><\/i><i class=\"mpc-icon-part mpc-hover mpc-transition  fa fa-file-text-o\"><\/i><\/div><\/div><div class=\"mpc-icon-column__content-wrap\"><div class=\"mpc-icon-column__content\"><h3 class=\"mpc-icon-column__heading mpc-transition\">Tipus de Curs<\/h3><div class=\"mpc-icon-column__description mpc-transition\"><h5><strong>Formaci\u00f3 Subvencionada.\u00a0<\/strong><\/h5>\n<p><strong>Qui pot apuntar-se a aquest curs subvencionat (sense cost econ\u00f2mic)?<\/strong><\/p>\n<p>Qualsevol persona resident a Catalunya que estigui en actiu (treballador\/a o en situaci\u00f3 d&#8217;atur). Excepte persones que treballin en l&#8217;Administraci\u00f3 P\u00fablica.<\/p>\n<hr \/>\n<h4><span style=\"color: #008080;\">Modalitat Aula Virtual<\/span><\/h4>\n<hr \/>\n<p>Curs subvencionat per:<\/p>\n<p><a href=\"https:\/\/conforcat.gencat.cat\/ca\/inici\" target=\"_blank\" rel=\"noopener\"><img loading=\"lazy\" decoding=\"async\" class=\"alignnone size-medium wp-image-11318\" src=\"https:\/\/www.gremi-obres.org\/formacio\/wp-content\/uploads\/2021\/07\/Consorci-300x47.png\" alt=\"\" width=\"300\" height=\"47\" \/><\/a><\/p>\n<p><a href=\"https:\/\/www.sepe.es\/\" target=\"_blank\" rel=\"noopener\"><img loading=\"lazy\" decoding=\"async\" class=\"alignnone size-medium wp-image-7437\" src=\"https:\/\/www.gremi-obres.org\/formacio\/wp-content\/uploads\/2020\/02\/MTESSEPE_H_COLOR_CAT-002-1-300x87.jpg\" alt=\"\" width=\"300\" height=\"87\" \/><\/a><\/p>\n<p>Aquest curs forma part dels programes de formaci\u00f3 professional per a l\u2019ocupaci\u00f3, subvencionats pel Consorci per a la Formaci\u00f3 Cont\u00ednua de Catalunya.<\/p>\n<\/div><\/div><\/div><\/div><div data-id=\"mpc_icon_column-1069d4e59cc62c1\" class=\"mpc-icon-column mpc-init mpc-parent-hover mpc-transition mpc-icon-column--style_3 mpc-align--left \" ><div data-id=\"mpc_icon-6969d4e59cc630b\" class=\"mpc-icon mpc-init mpc-transition mpc-effect-none mpc-icon-hover \"><div class=\"mpc-icon-wrap\"><i class=\"mpc-icon-part mpc-regular mpc-transition  fa fa-chrome\"><\/i><i class=\"mpc-icon-part mpc-hover mpc-transition  fa fa-chrome\"><\/i><\/div><\/div><div class=\"mpc-icon-column__content-wrap\"><div class=\"mpc-icon-column__content\"><h3 class=\"mpc-icon-column__heading mpc-transition\">\u00c1rea<\/h3><div class=\"mpc-icon-column__description mpc-transition\"><p>Rehabilitaci\u00f3<\/p>\n<\/div><\/div><\/div><\/div><div data-id=\"mpc_icon_column-769d4e59cc63f6\" class=\"mpc-icon-column mpc-init mpc-parent-hover mpc-transition mpc-icon-column--style_3 mpc-align--left \" ><div data-id=\"mpc_icon-8069d4e59cc6425\" class=\"mpc-icon mpc-init mpc-transition mpc-effect-none mpc-icon-hover \"><div class=\"mpc-icon-wrap\"><i class=\"mpc-icon-part mpc-regular mpc-transition  mi mi-access_alarm\"><\/i><i class=\"mpc-icon-part mpc-hover mpc-transition  mi mi-access_alarm\"><\/i><\/div><\/div><div class=\"mpc-icon-column__content-wrap\"><div class=\"mpc-icon-column__content\"><h3 class=\"mpc-icon-column__heading mpc-transition\">DURACI\u00d3<\/h3><div class=\"mpc-icon-column__description mpc-transition\"><p>Aquest curs t\u00e9 una durada de<strong>\u00a020\u00a0hores<\/strong><\/p>\n<\/div><\/div><\/div><\/div><div data-id=\"mpc_icon_column-3469d4e59cc64fb\" class=\"mpc-icon-column mpc-init mpc-parent-hover mpc-transition mpc-icon-column--style_3 mpc-align--left \" ><div data-id=\"mpc_icon-3369d4e59cc6529\" class=\"mpc-icon mpc-init mpc-transition mpc-effect-none mpc-icon-hover \"><div class=\"mpc-icon-wrap\"><i class=\"mpc-icon-part mpc-regular mpc-transition  fa fa-calendar\"><\/i><i class=\"mpc-icon-part mpc-hover mpc-transition  fa fa-calendar\"><\/i><\/div><\/div><div class=\"mpc-icon-column__content-wrap\"><div class=\"mpc-icon-column__content\"><h3 class=\"mpc-icon-column__heading mpc-transition\">Data<\/h3><div class=\"mpc-icon-column__description mpc-transition\"><p>26\/07\/2021 &#8211; 04\/08\/2021, dilluns i dimecres de 15:30 a 20:30 h<\/p>\n<\/div><\/div><\/div><\/div><div data-id=\"mpc_icon_column-6669d4e59cc6610\" class=\"mpc-icon-column mpc-init mpc-parent-hover mpc-transition mpc-icon-column--style_3 mpc-align--left \" ><div data-id=\"mpc_icon-9069d4e59cc663b\" class=\"mpc-icon mpc-init mpc-transition mpc-effect-none mpc-icon-hover \"><div class=\"mpc-icon-wrap\"><i class=\"mpc-icon-part mpc-regular mpc-transition  fa fa-map-marker\"><\/i><i class=\"mpc-icon-part mpc-hover mpc-transition  fa fa-map-marker\"><\/i><\/div><\/div><div class=\"mpc-icon-column__content-wrap\"><div class=\"mpc-icon-column__content\"><h3 class=\"mpc-icon-column__heading mpc-transition\">Lloc<\/h3><div class=\"mpc-icon-column__description mpc-transition\"><p>Gremi de Constructors d\u2019Obres de Barcelona i Comarques, Gran Via de les Corts Catalanes, 663 \u2013 08010 Barcelona.<\/p>\n<\/div><\/div><\/div><\/div><div data-id=\"mpc_icon_column-9969d4e59cc6707\" class=\"mpc-icon-column mpc-init mpc-parent-hover mpc-transition mpc-icon-column--style_3 mpc-align--left \" ><div data-id=\"mpc_icon-6969d4e59cc6731\" class=\"mpc-icon mpc-init mpc-transition mpc-effect-none mpc-icon-hover \"><div class=\"mpc-icon-wrap\"><i class=\"mpc-icon-part mpc-regular mpc-transition  fa fa-group\"><\/i><i class=\"mpc-icon-part mpc-hover mpc-transition  fa fa-group\"><\/i><\/div><\/div><div class=\"mpc-icon-column__content-wrap\"><div class=\"mpc-icon-column__content\"><h3 class=\"mpc-icon-column__heading mpc-transition\">Modalitat<\/h3><div class=\"mpc-icon-column__description mpc-transition\"><p>Modalidad Aula Virtual amb formador<\/p>\n<\/div><\/div><\/div><\/div><div data-id=\"mpc_icon_column-4069d4e59cc685a\" class=\"mpc-icon-column mpc-init mpc-parent-hover mpc-transition mpc-icon-column--style_3 mpc-align--left \" ><div data-id=\"mpc_icon-5269d4e59cc6886\" class=\"mpc-icon mpc-init mpc-transition mpc-effect-none mpc-icon-hover \"><div class=\"mpc-icon-wrap\"><i class=\"mpc-icon-part mpc-regular mpc-transition  fa fa-institution\"><\/i><i class=\"mpc-icon-part mpc-hover mpc-transition  fa fa-institution\"><\/i><\/div><\/div><div class=\"mpc-icon-column__content-wrap\"><div class=\"mpc-icon-column__content\"><h3 class=\"mpc-icon-column__heading mpc-transition\">DIPLOMA<\/h3><div class=\"mpc-icon-column__description mpc-transition\"><p>Al finalitzar el curs es lliurar\u00e0 un diploma acreditatiu d&#8217;aquesta formaci\u00f3.<\/p>\n<\/div><\/div><\/div><\/div><div data-id=\"mpc_icon_column-7369d4e59cc6955\" class=\"mpc-icon-column mpc-init mpc-parent-hover mpc-transition mpc-icon-column--style_3 mpc-align--left \" ><div data-id=\"mpc_icon-3869d4e59cc697e\" class=\"mpc-icon mpc-init mpc-transition mpc-effect-none mpc-icon-hover \"><div class=\"mpc-icon-wrap\"><i class=\"mpc-icon-part mpc-regular mpc-transition  fa fa-mortar-board\"><\/i><i class=\"mpc-icon-part mpc-hover mpc-transition  fa fa-mortar-board\"><\/i><\/div><\/div><div class=\"mpc-icon-column__content-wrap\"><div class=\"mpc-icon-column__content\"><h3 class=\"mpc-icon-column__heading mpc-transition\">APPLUS ISO 9001<\/h3><div class=\"mpc-icon-column__description mpc-transition\"><p>Estem certificats\u00a0en Qualitat, segons la norma UNE-ISO 9001:2008, per l&#8217;entitat Applus, amb la voluntat d&#8217;oferir un servei de m\u00e0xima qualitat formativa.<\/p>\n<\/div><\/div><\/div><\/div><\/div>[vc_separator type=&#8221;transparent&#8221; thickness=&#8221;20&#8243;][vc_separator type=&#8221;transparent&#8221; thickness=&#8221;30&#8243;][vc_row_inner row_type=&#8221;row&#8221; type=&#8221;full_width&#8221; text_align=&#8221;center&#8221; background_color=&#8221;#5c8953&#8243; css_animation=&#8221;&#8221; css=&#8221;.vc_custom_1473763518291{padding-top: 30px !important;padding-bottom: 30px !important;}&#8221;][vc_column_inner][vc_column_text]<\/p>\n<h4 style=\"text-align: center;\"><span style=\"color: #ffffff;\"><strong>Alguna consulta?<\/strong><\/span><\/h4>\n<p style=\"text-align: center;\"><strong><span style=\"color: #ffffff;\">Si tens alg\u00fan dubte o consulta relacionada amb aquest curs no dubtis em posar-te en contacte amb nosaltres!<\/span><\/strong><\/p>\n<p>[\/vc_column_text][vc_separator type=&#8221;transparent&#8221; thickness=&#8221;20&#8243;]<a  itemprop=\"url\" href=\"https:\/\/www.gremi-obres.org\/formacio\/informacio-cursos-gremi-obres\/\" target=\"_blank\" data-hover-background-color=\"#bfbfbf\" data-hover-border-color=\"#bfbfbf\" data-hover-color=\"#333333\" class=\"qbutton  medium center default\" style=\"color: #f3f3f3; border-color: #df5461; font-weight: 700; border-radius: 0px;-moz-border-radius: 0px;-webkit-border-radius: 0px; background-color:#df5461;\">SOL.LICITA INFORMACI\u00d3<\/a>[\/vc_column_inner][\/vc_row_inner][vc_separator type=&#8221;transparent&#8221; thickness=&#8221;20&#8243;][\/vc_column][vc_column width=&#8221;1\/3&#8243;][vc_row_inner row_type=&#8221;row&#8221; type=&#8221;full_width&#8221; text_align=&#8221;left&#8221; css_animation=&#8221;&#8221; css=&#8221;.vc_custom_1629187665126{margin-right: 30px !important;margin-left: 30px !important;border-top-width: 4px !important;border-right-width: 4px !important;border-bottom-width: 4px !important;border-left-width: 4px !important;padding-right: 15px !important;padding-left: 15px !important;background: #f2b705 url(https:\/\/www.gremi-obres.org\/formacio\/wp-content\/uploads\/2021\/07\/blanco.png?id=11288) !important;border-left-color: #f2b705 !important;border-left-style: solid !important;border-right-color: #f2b705 !important;border-right-style: solid !important;border-top-color: #f2b705 !important;border-top-style: solid !important;border-bottom-color: #f2b705 !important;border-bottom-style: solid !important;}&#8221;][vc_column_inner enable_sticky=&#8221;true&#8221; sticky_offset=&#8221;100&#8243;][vc_separator type=&#8221;transparent&#8221; thickness=&#8221;10&#8243;][vc_column_text]<\/p>\n<h4 style=\"text-align: center;\">Places disponibles.<br \/>\nInscripci\u00f3<\/h4>\n<p style=\"text-align: center;\"><iframe loading=\"lazy\" src=\"https:\/\/docs.google.com\/forms\/d\/e\/1FAIpQLSegFjah8kT6BiTaYOsVPCj-TKiBiScK3RGGqLk5ieVL_8aS_w\/viewform?embedded=true\" width=\"100%\" height=\"1240\" frameborder=\"0\" marginwidth=\"0\" marginheight=\"0\">S&#8217;est\u00e0 carregant\u2026<\/iframe><\/p>\n<p>[\/vc_column_text][vc_separator type=&#8221;transparent&#8221; thickness=&#8221;1&#8243; up=&#8221;1&#8243; down=&#8221;15&#8243;][vc_column_text]<\/p>\n<h4 style=\"text-align: center;\">Un cop inscrit&#8230;<\/h4>\n<hr \/>\n<p><strong>1) Ens posarem en contacte amb tu per fer-te arribar el Full d&#8217;Inscripci\u00f3.<\/strong><\/p>\n<hr \/>\n<p><strong>2) Ens hauries d&#8217;enviar omplert el Full d&#8217;Inscripci\u00f3 que t&#8217;enviarem a <a href=\"mailto:formacio@gremi-obres.org\">formacio@gremi-obres.org.com <\/a>juntament amb:<\/strong><\/p>\n<p>-Una fotoc\u00f2pia del DNI en vigor.<br \/>\n-\u00daltima n\u00f2mina o \u00faltim rebut d\u2019aut\u00f2nom o document DARDO (si est\u00e0s en situaci\u00f3 d&#8217;atur).<\/p>\n<hr \/>\n<p>Per qualsevol dubte contacteu amb nosaltres al 932 6594 30 o enviant un mail a <a href=\"mailto:formacio@gremi-obres.org\">formacio@gremi-obres.org<\/a>.[\/vc_column_text][vc_separator type=&#8221;transparent&#8221; thickness=&#8221;20&#8243;][vc_column_text]<\/p>\n<h6 style=\"text-align: left;\"><span style=\"font-weight: 400;\">Les dades obligat\u00f2ries s\u00f3n imprescindibles per a tramitar la sol\u00b7licitud. La resta de dades es sol\u00b7liciten per oferir un millor servei i comunicaci\u00f3. El sol\u00b7licitant autoritza la incorporaci\u00f3 de totes les dades esmentades a un arxiu titularitat del Gremi de Constructors d\u2019Obres de Barcelona i Comarques, amb domicili a Barcelona, Gran Via de les Corts Catalanes, n\u00fam. 663, que t\u00e9 com a finalitat tramitar la sol\u00b7licitud. Aix\u00ed mateix, autoritza que se li envi\u00ef informaci\u00f3 i ofertes comercials per correu electr\u00f2nic o algun altre mitj\u00e0 de comunicaci\u00f3 electr\u00f2nica equivalent. El sol\u00b7licitant disposa dels drets d\u2019acc\u00e9s, rectificaci\u00f3 i cancel\u00b7laci\u00f3 d\u2019aquestes dades, aix\u00ed com a oposar-se al seu tractament mitjan\u00e7ant escrit a l&#8217;adre\u00e7a anteriorment indicada amb la refer\u00e8ncia Protecci\u00f3 de Dades.<\/span><\/h6>\n<p>[\/vc_column_text][vc_separator type=&#8221;transparent&#8221; thickness=&#8221;20&#8243;][\/vc_column_inner][\/vc_row_inner][vc_separator type=&#8221;transparent&#8221; thickness=&#8221;25&#8243;][\/vc_column][\/vc_row][vc_row row_type=&#8221;row&#8221; use_row_as_full_screen_section=&#8221;no&#8221; type=&#8221;full_width&#8221; angled_section=&#8221;no&#8221; text_align=&#8221;left&#8221; background_image_as_pattern=&#8221;without_pattern&#8221; css_animation=&#8221;&#8221;][vc_column][vc_separator type=&#8221;transparent&#8221; thickness=&#8221;55&#8243;][\/vc_column][\/vc_row]<\/p>\n<\/div>","protected":false},"excerpt":{"rendered":"<p>[vc_row row_type=&#8221;row&#8221; use_row_as_full_screen_section=&#8221;no&#8221; type=&#8221;grid&#8221; angled_section=&#8221;no&#8221; text_align=&#8221;left&#8221; background_image_as_pattern=&#8221;without_pattern&#8221; padding_top=&#8221;60&#8243; css_animation=&#8221;&#8221;][vc_column width=&#8221;1\/3&#8243;][vc_column_text] OBJECTIU: Millora dels coneixements i capacitaci\u00f3 t\u00e8cnica. [\/vc_column_text][vc_separator type=&#8221;transparent&#8221; thickness=&#8221;7&#8243;][vc_column_text] DIAGNOSI, DEFICI\u00c8NCIES I ACTUACI\u00d3 EN REHABILITACI\u00d3 D\u00b4ESTRUCTURES [\/vc_column_text][vc_separator type=&#8221;small&#8221; position=&#8221;left&#8221; color=&#8221;#f29760&#8243; thickness=&#8221;1&#8243; width=&#8221;86&#8243;][vc_column_text]CONTINGUTS: Sistemes estructurals. Funcionament sistemes estructurals. Caracter\u00edstiques constructives. Plantejament diagnosis estructural Lesions i<\/p>\n","protected":false},"author":1,"featured_media":11050,"parent":281,"menu_order":2,"comment_status":"closed","ping_status":"closed","template":"","meta":{"footnotes":""},"class_list":["post-7592","page","type-page","status-publish","has-post-thumbnail","hentry"],"yoast_head":"<!-- This site is optimized with the Yoast SEO plugin v25.3 - https:\/\/yoast.com\/wordpress\/plugins\/seo\/ -->\n<title>Curs subvencionat de diagnosi, defici\u00e8ncies i actuaci\u00f3 en rehabilitaci\u00f3 d&#039;estructures - Gremi de Constructors<\/title>\n<meta name=\"description\" content=\"Curs subvencionat de Diagnosi, defici\u00e8ncies i actuaci\u00f3 en rehabilitaci\u00f3 d&#039;estructures. Curs al Gremi de Constructors\" \/>\n<meta name=\"robots\" content=\"index, follow, max-snippet:-1, max-image-preview:large, max-video-preview:-1\" \/>\n<link rel=\"canonical\" href=\"https:\/\/www.gremi-obres.org\/formacio\/cursos-barcelona\/curs-subvencionat-diagnosi\/\" \/>\n<meta property=\"og:locale\" content=\"ca_ES\" \/>\n<meta property=\"og:type\" content=\"article\" \/>\n<meta property=\"og:title\" content=\"Curs subvencionat de diagnosi, defici\u00e8ncies i actuaci\u00f3 en rehabilitaci\u00f3 d&#039;estructures - Gremi de Constructors\" \/>\n<meta property=\"og:description\" content=\"Curs subvencionat de Diagnosi, defici\u00e8ncies i actuaci\u00f3 en rehabilitaci\u00f3 d&#039;estructures. Curs al Gremi de Constructors\" \/>\n<meta property=\"og:url\" content=\"https:\/\/www.gremi-obres.org\/formacio\/cursos-barcelona\/curs-subvencionat-diagnosi\/\" \/>\n<meta property=\"og:site_name\" content=\"Gremi de Constructors d&#039;Obres\" \/>\n<meta property=\"article:modified_time\" content=\"2021-08-17T08:12:27+00:00\" \/>\n<meta name=\"twitter:card\" content=\"summary_large_image\" \/>\n<meta name=\"twitter:label1\" content=\"Temps estimat de lectura\" \/>\n\t<meta name=\"twitter:data1\" content=\"4 minuts\" \/>\n<script type=\"application\/ld+json\" class=\"yoast-schema-graph\">{\"@context\":\"https:\/\/schema.org\",\"@graph\":[{\"@type\":\"WebPage\",\"@id\":\"https:\/\/www.gremi-obres.org\/formacio\/cursos-barcelona\/curs-subvencionat-diagnosi\/\",\"url\":\"https:\/\/www.gremi-obres.org\/formacio\/cursos-barcelona\/curs-subvencionat-diagnosi\/\",\"name\":\"Curs subvencionat de diagnosi, defici\u00e8ncies i actuaci\u00f3 en rehabilitaci\u00f3 d'estructures - Gremi de Constructors\",\"isPartOf\":{\"@id\":\"https:\/\/www.gremi-obres.org\/formacio\/#website\"},\"primaryImageOfPage\":{\"@id\":\"https:\/\/www.gremi-obres.org\/formacio\/cursos-barcelona\/curs-subvencionat-diagnosi\/#primaryimage\"},\"image\":{\"@id\":\"https:\/\/www.gremi-obres.org\/formacio\/cursos-barcelona\/curs-subvencionat-diagnosi\/#primaryimage\"},\"thumbnailUrl\":\"https:\/\/www.gremi-obres.org\/formacio\/wp-content\/uploads\/2021\/06\/gremi-logo-svg.svg\",\"datePublished\":\"2020-04-11T20:43:52+00:00\",\"dateModified\":\"2021-08-17T08:12:27+00:00\",\"description\":\"Curs subvencionat de Diagnosi, defici\u00e8ncies i actuaci\u00f3 en rehabilitaci\u00f3 d'estructures. Curs al Gremi de Constructors\",\"breadcrumb\":{\"@id\":\"https:\/\/www.gremi-obres.org\/formacio\/cursos-barcelona\/curs-subvencionat-diagnosi\/#breadcrumb\"},\"inLanguage\":\"ca\",\"potentialAction\":[{\"@type\":\"ReadAction\",\"target\":[\"https:\/\/www.gremi-obres.org\/formacio\/cursos-barcelona\/curs-subvencionat-diagnosi\/\"]}]},{\"@type\":\"ImageObject\",\"inLanguage\":\"ca\",\"@id\":\"https:\/\/www.gremi-obres.org\/formacio\/cursos-barcelona\/curs-subvencionat-diagnosi\/#primaryimage\",\"url\":\"https:\/\/www.gremi-obres.org\/formacio\/wp-content\/uploads\/2021\/06\/gremi-logo-svg.svg\",\"contentUrl\":\"https:\/\/www.gremi-obres.org\/formacio\/wp-content\/uploads\/2021\/06\/gremi-logo-svg.svg\"},{\"@type\":\"BreadcrumbList\",\"@id\":\"https:\/\/www.gremi-obres.org\/formacio\/cursos-barcelona\/curs-subvencionat-diagnosi\/#breadcrumb\",\"itemListElement\":[{\"@type\":\"ListItem\",\"position\":1,\"name\":\"Inici\",\"item\":\"https:\/\/www.gremi-obres.org\/formacio\/\"},{\"@type\":\"ListItem\",\"position\":2,\"name\":\"Cursos\",\"item\":\"https:\/\/www.gremi-obres.org\/formacio\/?page_id=281\"},{\"@type\":\"ListItem\",\"position\":3,\"name\":\"Curs subvencionat de Diagnosi, defici\u00e8ncies i actuaci\u00f3 en rehabilitaci\u00f3 d&#8217;estructures\"}]},{\"@type\":\"WebSite\",\"@id\":\"https:\/\/www.gremi-obres.org\/formacio\/#website\",\"url\":\"https:\/\/www.gremi-obres.org\/formacio\/\",\"name\":\"Gremi de Constructors d&#039;Obres\",\"description\":\"Formaci\u00f3 del Gremi de Constructors d&#039;Obres.\",\"potentialAction\":[{\"@type\":\"SearchAction\",\"target\":{\"@type\":\"EntryPoint\",\"urlTemplate\":\"https:\/\/www.gremi-obres.org\/formacio\/?s={search_term_string}\"},\"query-input\":{\"@type\":\"PropertyValueSpecification\",\"valueRequired\":true,\"valueName\":\"search_term_string\"}}],\"inLanguage\":\"ca\"}]}<\/script>\n<!-- \/ Yoast SEO plugin. -->","yoast_head_json":{"title":"Curs subvencionat de diagnosi, defici\u00e8ncies i actuaci\u00f3 en rehabilitaci\u00f3 d'estructures - Gremi de Constructors","description":"Curs subvencionat de Diagnosi, defici\u00e8ncies i actuaci\u00f3 en rehabilitaci\u00f3 d'estructures. Curs al Gremi de Constructors","robots":{"index":"index","follow":"follow","max-snippet":"max-snippet:-1","max-image-preview":"max-image-preview:large","max-video-preview":"max-video-preview:-1"},"canonical":"https:\/\/www.gremi-obres.org\/formacio\/cursos-barcelona\/curs-subvencionat-diagnosi\/","og_locale":"ca_ES","og_type":"article","og_title":"Curs subvencionat de diagnosi, defici\u00e8ncies i actuaci\u00f3 en rehabilitaci\u00f3 d'estructures - Gremi de Constructors","og_description":"Curs subvencionat de Diagnosi, defici\u00e8ncies i actuaci\u00f3 en rehabilitaci\u00f3 d'estructures. Curs al Gremi de Constructors","og_url":"https:\/\/www.gremi-obres.org\/formacio\/cursos-barcelona\/curs-subvencionat-diagnosi\/","og_site_name":"Gremi de Constructors d&#039;Obres","article_modified_time":"2021-08-17T08:12:27+00:00","twitter_card":"summary_large_image","twitter_misc":{"Temps estimat de lectura":"4 minuts"},"schema":{"@context":"https:\/\/schema.org","@graph":[{"@type":"WebPage","@id":"https:\/\/www.gremi-obres.org\/formacio\/cursos-barcelona\/curs-subvencionat-diagnosi\/","url":"https:\/\/www.gremi-obres.org\/formacio\/cursos-barcelona\/curs-subvencionat-diagnosi\/","name":"Curs subvencionat de diagnosi, defici\u00e8ncies i actuaci\u00f3 en rehabilitaci\u00f3 d'estructures - Gremi de Constructors","isPartOf":{"@id":"https:\/\/www.gremi-obres.org\/formacio\/#website"},"primaryImageOfPage":{"@id":"https:\/\/www.gremi-obres.org\/formacio\/cursos-barcelona\/curs-subvencionat-diagnosi\/#primaryimage"},"image":{"@id":"https:\/\/www.gremi-obres.org\/formacio\/cursos-barcelona\/curs-subvencionat-diagnosi\/#primaryimage"},"thumbnailUrl":"https:\/\/www.gremi-obres.org\/formacio\/wp-content\/uploads\/2021\/06\/gremi-logo-svg.svg","datePublished":"2020-04-11T20:43:52+00:00","dateModified":"2021-08-17T08:12:27+00:00","description":"Curs subvencionat de Diagnosi, defici\u00e8ncies i actuaci\u00f3 en rehabilitaci\u00f3 d'estructures. Curs al Gremi de Constructors","breadcrumb":{"@id":"https:\/\/www.gremi-obres.org\/formacio\/cursos-barcelona\/curs-subvencionat-diagnosi\/#breadcrumb"},"inLanguage":"ca","potentialAction":[{"@type":"ReadAction","target":["https:\/\/www.gremi-obres.org\/formacio\/cursos-barcelona\/curs-subvencionat-diagnosi\/"]}]},{"@type":"ImageObject","inLanguage":"ca","@id":"https:\/\/www.gremi-obres.org\/formacio\/cursos-barcelona\/curs-subvencionat-diagnosi\/#primaryimage","url":"https:\/\/www.gremi-obres.org\/formacio\/wp-content\/uploads\/2021\/06\/gremi-logo-svg.svg","contentUrl":"https:\/\/www.gremi-obres.org\/formacio\/wp-content\/uploads\/2021\/06\/gremi-logo-svg.svg"},{"@type":"BreadcrumbList","@id":"https:\/\/www.gremi-obres.org\/formacio\/cursos-barcelona\/curs-subvencionat-diagnosi\/#breadcrumb","itemListElement":[{"@type":"ListItem","position":1,"name":"Inici","item":"https:\/\/www.gremi-obres.org\/formacio\/"},{"@type":"ListItem","position":2,"name":"Cursos","item":"https:\/\/www.gremi-obres.org\/formacio\/?page_id=281"},{"@type":"ListItem","position":3,"name":"Curs subvencionat de Diagnosi, defici\u00e8ncies i actuaci\u00f3 en rehabilitaci\u00f3 d&#8217;estructures"}]},{"@type":"WebSite","@id":"https:\/\/www.gremi-obres.org\/formacio\/#website","url":"https:\/\/www.gremi-obres.org\/formacio\/","name":"Gremi de Constructors d&#039;Obres","description":"Formaci\u00f3 del Gremi de Constructors d&#039;Obres.","potentialAction":[{"@type":"SearchAction","target":{"@type":"EntryPoint","urlTemplate":"https:\/\/www.gremi-obres.org\/formacio\/?s={search_term_string}"},"query-input":{"@type":"PropertyValueSpecification","valueRequired":true,"valueName":"search_term_string"}}],"inLanguage":"ca"}]}},"_links":{"self":[{"href":"https:\/\/www.gremi-obres.org\/formacio\/wp-json\/wp\/v2\/pages\/7592","targetHints":{"allow":["GET"]}}],"collection":[{"href":"https:\/\/www.gremi-obres.org\/formacio\/wp-json\/wp\/v2\/pages"}],"about":[{"href":"https:\/\/www.gremi-obres.org\/formacio\/wp-json\/wp\/v2\/types\/page"}],"author":[{"embeddable":true,"href":"https:\/\/www.gremi-obres.org\/formacio\/wp-json\/wp\/v2\/users\/1"}],"replies":[{"embeddable":true,"href":"https:\/\/www.gremi-obres.org\/formacio\/wp-json\/wp\/v2\/comments?post=7592"}],"version-history":[{"count":23,"href":"https:\/\/www.gremi-obres.org\/formacio\/wp-json\/wp\/v2\/pages\/7592\/revisions"}],"predecessor-version":[{"id":11581,"href":"https:\/\/www.gremi-obres.org\/formacio\/wp-json\/wp\/v2\/pages\/7592\/revisions\/11581"}],"up":[{"embeddable":true,"href":"https:\/\/www.gremi-obres.org\/formacio\/wp-json\/wp\/v2\/pages\/281"}],"wp:featuredmedia":[{"embeddable":true,"href":"https:\/\/www.gremi-obres.org\/formacio\/wp-json\/wp\/v2\/media\/11050"}],"wp:attachment":[{"href":"https:\/\/www.gremi-obres.org\/formacio\/wp-json\/wp\/v2\/media?parent=7592"}],"curies":[{"name":"wp","href":"https:\/\/api.w.org\/{rel}","templated":true}]}}