{"id":522,"date":"2016-09-22T11:49:17","date_gmt":"2016-09-22T11:49:17","guid":{"rendered":"https:\/\/www.gremi-obres.org\/formacio\/?page_id=522"},"modified":"2023-04-08T07:35:11","modified_gmt":"2023-04-08T07:35:11","slug":"formacio-a-mida","status":"publish","type":"page","link":"https:\/\/www.gremi-obres.org\/formacio\/formacio-a-mida\/","title":{"rendered":"Formaci\u00f3 a mida de les empreses"},"content":{"rendered":"<div class=\"wpb-content-wrapper\"><p>[vc_row row_type=&#8221;row&#8221; use_row_as_full_screen_section=&#8221;no&#8221; type=&#8221;full_width&#8221; angled_section=&#8221;no&#8221; text_align=&#8221;left&#8221; background_image_as_pattern=&#8221;without_pattern&#8221; css_animation=&#8221;&#8221; css=&#8221;.vc_custom_1633280458447{background-image: url(https:\/\/www.gremi-obres.org\/formacio\/wp-content\/uploads\/2021\/08\/fondo-home.svg?id=11735) !important;}&#8221;][vc_column][vc_separator type=&#8221;transparent&#8221; thickness=&#8221;1&#8243;][\/vc_column][\/vc_row][vc_row row_type=&#8221;row&#8221; use_row_as_full_screen_section=&#8221;yes&#8221; type=&#8221;full_width&#8221; angled_section=&#8221;no&#8221; text_align=&#8221;left&#8221; background_image_as_pattern=&#8221;without_pattern&#8221; padding_top=&#8221;60&#8243; css_animation=&#8221;&#8221; css=&#8221;.vc_custom_1633280426194{margin-right: 4% !important;margin-left: 3% !important;}&#8221;][vc_column width=&#8221;2\/3&#8243;][vc_row_inner row_type=&#8221;row&#8221; type=&#8221;full_width&#8221; text_align=&#8221;left&#8221; css_animation=&#8221;&#8221;][vc_column_inner width=&#8221;2\/3&#8243;][vc_column_text]<\/p>\n<h3><span style=\"color: #000080;\">FORMACI\u00d3 A MIDA DE LES EMPRESES<\/span><\/h3>\n<h2>FEM EL CURS QUE NECESSITES<\/h2>\n<p>[\/vc_column_text][\/vc_column_inner][vc_column_inner width=&#8221;1\/3&#8243;][vc_single_image image=&#8221;12247&#8243; img_size=&#8221;full&#8221; onclick=&#8221;custom_link&#8221; qode_css_animation=&#8221;&#8221; link=&#8221;https:\/\/www.fundae.es\/&#8221;][\/vc_column_inner][\/vc_row_inner][vc_separator type=&#8221;small&#8221; position=&#8221;left&#8221; gradient_color=&#8221;yes&#8221; thickness=&#8221;1&#8243;][vc_column_text]Dissenyem i realitzem cursos de formaci\u00f3 de mat\u00e8ries d&#8217;utilitat per a les empreses del nostre sector de la construcci\u00f3 en els diferents \u00e0mbits de l&#8217;activitat, que tenen per objectiu l\u2019aprenentatge de continguts espec\u00edfics segons les necessitats de cada organitzaci\u00f3, per tal d\u2019assumir i actualitzar coneixements i habilitats. Es tracten de cursos adaptats a les necessitats, possibilitats i interessos de l\u2019empresa.<\/p>\n<p><em>Av\u00eds: els cursos de Prevenci\u00f3 de Riscos Laborals no es poden bonificar, d&#8217;acord a sent\u00e8ncia dictada per l&#8217;Audi\u00e8ncia Nacional, l&#8217;any 2022.<\/em><\/p>\n<p><strong>Els cursos s\u00f3n bonificables per FUNDAE (Fundaci\u00f3n Estatal para la Formaci\u00f3n en el Empleo).<\/strong><\/p>\n<hr \/>\n<h4><strong><span style=\"color: #000080;\">EN QU\u00c8 CONSISTEIX LA FORMACI\u00d3 A MIDA DEL GREMI?<\/span><\/strong><\/h4>\n<p>Creaci\u00f3 d\u2019un <strong>PLA DE FORMACI\u00d3 <\/strong>a mida\u00a0per cobrir les vostres necessitats espec\u00edfiques<\/p>\n<p><strong>ENS ADAPTEM<\/strong> a la mida de les vostres empreses amb cursos de formaci\u00f3 continuada o b\u00e9 dissenyem nous cursos que cobreixin necessitats i expectatives concretes.<\/p>\n<p><strong>FIXEM CALENDARI I HORARIS<\/strong> del curs que s\u2019adaptin millor al grup.<\/p>\n<p>Acordem el <strong>LLOC DE REALITZACI\u00d3<\/strong> de la formaci\u00f3 que m\u00e9s us convingui, ja sigui a les vostres oficines o b\u00e9 a qualsevol de les aules del Gremi.<\/p>\n<p>Ens fem c\u00e0rrec de tota la <strong>LOG\u00cdSTICA DEL CURS<\/strong>: contractaci\u00f3 de l\u2019equip docent especialitzat, material formatiu, equip t\u00e8cnic, control d\u2019assist\u00e8ncia,e tc.<\/p>\n<p>Lliurem a tots els participants al curs, un <strong>CERTIFICAT D&#8217;APROFITAMENT.<\/strong><\/p>\n<hr \/>\n<h4><span style=\"color: #000080;\"><strong>LA FORMACI\u00d3 A MIDA \u00c9S BONIFICABLE<\/strong><\/span><\/h4>\n<p>La Formaci\u00f3 a mida de les empreses \u00e9s bonificable per Fundae (Fundaci\u00f3n Estatal para la Formaci\u00f3n en el Empleo)<\/p>\n<h5><strong><img loading=\"lazy\" decoding=\"async\" class=\"alignnone wp-image-20502\" src=\"https:\/\/www.gremi-obres.org\/formacio\/wp-content\/uploads\/2023\/04\/descarga-7-300x47.png\" alt=\"\" width=\"364\" height=\"57\" srcset=\"https:\/\/www.gremi-obres.org\/formacio\/wp-content\/uploads\/2023\/04\/descarga-7-300x47.png 300w, https:\/\/www.gremi-obres.org\/formacio\/wp-content\/uploads\/2023\/04\/descarga-7.png 564w\" sizes=\"auto, (max-width: 364px) 100vw, 364px\" \/><br \/>\n<span style=\"color: #ffffff;\">&#8211;<\/span><\/strong><\/h5>\n<h5><strong>Com bonificar el curs?<\/strong><\/h5>\n<p>Les persones treballadores poden bonificar-se el curs mitjan\u00e7ant el cr\u00e8dit de formaci\u00f3 de la seva empresa (que fins a cert l\u00edmit anual suposa un cost zero).<\/p>\n<p><em>Si a la vostra empresa no sabeu com tramitar aquests cr\u00e8dits, des del Gremi us podem derivar a una gestoria de confian\u00e7a que cobra una taxa de gesti\u00f3 per alumne depenent del cr\u00e8dit a bonificar.<\/em><\/p>\n<p><em>Si ho preferiu, tamb\u00e9 podeu bonificar els cursos des de la vostra pr\u00f2pia empresa:<\/em><\/p>\n<h5 class=\"card2\"><a href=\"https:\/\/www.fundae.es\/empresas\/home\/como-bonificarte\" target=\"_blank\" rel=\"noopener\"><button data-wp-editing=\"1\"><img loading=\"lazy\" decoding=\"async\" class=\"alignnone wp-image-31868 \" role=\"img\" src=\"https:\/\/www.gremi-obres.org\/wp-content\/uploads\/2021\/08\/flecha-naranja.svg\" alt=\"\" width=\"11\" height=\"11\" \/> Com bonificar un curs<\/button><\/a><\/h5>\n<p>[\/vc_column_text][vc_separator type=&#8221;transparent&#8221; thickness=&#8221;25&#8243;][vc_column_text]<a href=\"https:\/\/www.gremi-obres.org\/formacio\/wp-content\/uploads\/2023\/04\/Diseno-sin-titulo-1.svg\"><img loading=\"lazy\" decoding=\"async\" class=\"alignnone wp-image-20507\" role=\"img\" src=\"https:\/\/www.gremi-obres.org\/formacio\/wp-content\/uploads\/2023\/04\/Diseno-sin-titulo-1.svg\" alt=\"\" width=\"952\" height=\"439\" \/><\/a>[\/vc_column_text][\/vc_column][vc_column width=&#8221;1\/3&#8243;][vc_row_inner row_type=&#8221;row&#8221; type=&#8221;full_width&#8221; text_align=&#8221;center&#8221; background_color=&#8221;#f2b705&#8243; css_animation=&#8221;&#8221; css=&#8221;.vc_custom_1633280576680{margin-right: 30px !important;margin-left: 30px !important;border-top-width: 0px !important;border-right-width: 0px !important;border-bottom-width: 0px !important;border-left-width: 0px !important;padding-right: 15px !important;padding-left: 15px !important;background: #f2b705 url(https:\/\/www.gremi-obres.org\/formacio\/wp-content\/uploads\/2021\/09\/gris-claro.png?id=11892) !important;border-left-color: #f2b705 !important;border-left-style: solid !important;border-right-color: #f2b705 !important;border-right-style: solid !important;border-top-color: #f2b705 !important;border-top-style: solid !important;border-bottom-color: #f2b705 !important;border-bottom-style: solid !important;}&#8221;][vc_column_inner enable_sticky=&#8221;true&#8221; sticky_offset=&#8221;100&#8243; alignment=&#8221;left&#8221;][vc_separator type=&#8221;transparent&#8221; thickness=&#8221;10&#8243;][vc_column_text]<\/p>\n<h3 style=\"text-align: center;\"><span style=\"color: #000080;\">SOL.LICITUD DE FORMACI\u00d3 A MIDA PER LA TEVA EMPRESA<\/span><\/h3>\n<p>[\/vc_column_text][vc_separator type=&#8221;transparent&#8221; thickness=&#8221;10&#8243;]\n<div class=\"wpcf7 no-js\" id=\"wpcf7-f12267-o1\" lang=\"ca\" dir=\"ltr\" data-wpcf7-id=\"12267\">\n<div class=\"screen-reader-response\"><p role=\"status\" aria-live=\"polite\" aria-atomic=\"true\"><\/p> <ul><\/ul><\/div>\n<form action=\"\/formacio\/wp-json\/wp\/v2\/pages\/522#wpcf7-f12267-o1\" method=\"post\" class=\"wpcf7-form init default\" aria-label=\"Formulari de contacte\" novalidate=\"novalidate\" data-status=\"init\">\n<div style=\"display: none;\">\n<input type=\"hidden\" name=\"_wpcf7\" value=\"12267\" \/>\n<input type=\"hidden\" name=\"_wpcf7_version\" value=\"6.0.6\" \/>\n<input type=\"hidden\" name=\"_wpcf7_locale\" value=\"ca\" \/>\n<input type=\"hidden\" name=\"_wpcf7_unit_tag\" value=\"wpcf7-f12267-o1\" \/>\n<input type=\"hidden\" name=\"_wpcf7_container_post\" value=\"0\" \/>\n<input type=\"hidden\" name=\"_wpcf7_posted_data_hash\" value=\"\" \/>\n<input type=\"hidden\" name=\"_wpcf7_recaptcha_response\" value=\"\" \/>\n<\/div>\n<p><label>Persona de contacte:<br \/>\n<span class=\"wpcf7-form-control-wrap\" data-name=\"your-name\"><input size=\"40\" maxlength=\"400\" class=\"wpcf7-form-control wpcf7-text wpcf7-validates-as-required\" aria-required=\"true\" aria-invalid=\"false\" value=\"\" type=\"text\" name=\"your-name\" \/><\/span> <\/label>\n<\/p>\n<p><label> Email<br \/>\n<span class=\"wpcf7-form-control-wrap\" data-name=\"your-email\"><input size=\"40\" maxlength=\"400\" class=\"wpcf7-form-control wpcf7-email wpcf7-validates-as-required wpcf7-text wpcf7-validates-as-email\" aria-required=\"true\" aria-invalid=\"false\" value=\"\" type=\"email\" name=\"your-email\" \/><\/span> <\/label>\n<\/p>\n<p><label>Tel\u00e8fon (opcional)<br \/>\n<span class=\"wpcf7-form-control-wrap\" data-name=\"telef\"><input class=\"wpcf7-form-control wpcf7-number wpcf7-validates-as-number\" aria-invalid=\"false\" value=\"\" type=\"number\" name=\"telef\" \/><\/span><\/label>\n<\/p>\n<p><label> Empresa:<br \/>\n<span class=\"wpcf7-form-control-wrap\" data-name=\"your-empresa\"><input size=\"40\" maxlength=\"400\" class=\"wpcf7-form-control wpcf7-text wpcf7-validates-as-required\" aria-required=\"true\" aria-invalid=\"false\" value=\"\" type=\"text\" name=\"your-empresa\" \/><\/span> <\/label>\n<\/p>\n<p><label> CIF:<br \/>\n<span class=\"wpcf7-form-control-wrap\" data-name=\"your-CIF\"><input size=\"40\" maxlength=\"400\" class=\"wpcf7-form-control wpcf7-text wpcf7-validates-as-required\" aria-required=\"true\" aria-invalid=\"false\" value=\"\" type=\"text\" name=\"your-CIF\" \/><\/span> <\/label>\n<\/p>\n<p><label> Quin curs o quins cursos estaries interessat en qu\u00e8 organitzessim per la teva empresa?<br \/>\n<span class=\"wpcf7-form-control-wrap\" data-name=\"your-curs\"><textarea cols=\"40\" rows=\"10\" maxlength=\"2000\" class=\"wpcf7-form-control wpcf7-textarea\" aria-invalid=\"false\" name=\"your-curs\"><\/textarea><\/span> <\/label>\n<\/p>\n<p><label> Quants treballadors voldries formar?<br \/>\n<span class=\"wpcf7-form-control-wrap\" data-name=\"your-treballadors\"><input size=\"40\" maxlength=\"400\" class=\"wpcf7-form-control wpcf7-text wpcf7-validates-as-required\" aria-required=\"true\" aria-invalid=\"false\" value=\"\" type=\"text\" name=\"your-treballadors\" \/><\/span> <\/label>\n<\/p>\n<p>Voleu que us tramitem nosaltres la bonificaci\u00f3 del curs o dels cursos?\n<\/p>\n<p><span class=\"wpcf7-form-control-wrap\" data-name=\"bonificacio\"><span class=\"wpcf7-form-control wpcf7-radio\"><span class=\"wpcf7-list-item first\"><input type=\"radio\" name=\"bonificacio\" value=\"Si\" checked=\"checked\" \/><span class=\"wpcf7-list-item-label\">Si<\/span><\/span><span class=\"wpcf7-list-item last\"><input type=\"radio\" name=\"bonificacio\" value=\"No\" \/><span class=\"wpcf7-list-item-label\">No<\/span><\/span><\/span><\/span>\n<\/p>\n<p><label> Tens algun dubte?<br \/>\n<span class=\"wpcf7-form-control-wrap\" data-name=\"your-message\"><textarea cols=\"40\" rows=\"10\" maxlength=\"2000\" class=\"wpcf7-form-control wpcf7-textarea\" aria-invalid=\"false\" name=\"your-message\"><\/textarea><\/span> <\/label>\n<\/p>\n<p><span class=\"wpcf7-form-control-wrap\" data-name=\"acceptance-324\"><span class=\"wpcf7-form-control wpcf7-acceptance\"><span class=\"wpcf7-list-item\"><input type=\"checkbox\" name=\"acceptance-324\" value=\"1\" aria-invalid=\"false\" \/><\/span><\/span><\/span> He llegit i accepto la <a href=\"http:\/\/www.gremi-obres.org\/avis-legal-de-la-web\/\">Pol\u00edtica de Privacitat<\/a> (obligatori)\n<\/p>\n<h6>Les dades obligat\u00f2ries s\u00f3n imprescindibles per a tramitar la sol\u00b7licitud. La resta de dades es sol\u00b7liciten per oferir un millor servei i comunicaci\u00f3. El sol\u00b7licitant autoritza la incorporaci\u00f3 de totes les dades esmentades a un arxiu titularitat del Gremi de Constructors d\u2019Obres de Barcelona i Comarques, amb domicili a Barcelona, Gran Via de les Corts Catalanes, n\u00fam. 663, que t\u00e9 com a finalitat tramitar la sol\u00b7licitud. Aix\u00ed mateix, autoritza que se li envi\u00ef informaci\u00f3 i ofertes comercials per correu electr\u00f2nic o algun altre mitj\u00e0 de comunicaci\u00f3 electr\u00f2nica equivalent. Conforme al Reglament General de Protecci\u00f3 de Dades 2016\/679, el sol\u00b7licitant disposa dels drets d\u2019acc\u00e9s, rectificaci\u00f3 i cancel\u00b7laci\u00f3 d\u2019aquestes dades, aix\u00ed com a oposar-se al seu tractament mitjan\u00e7ant escrit a l\u2019adre\u00e7a anteriorment indicada amb la refer\u00e8ncia Protecci\u00f3 de Dades.\n<\/h6>\n<p><input class=\"wpcf7-form-control wpcf7-submit has-spinner\" type=\"submit\" value=\"Enviar\" \/>\n<\/p><div class=\"wpcf7-response-output\" aria-hidden=\"true\"><\/div>\n<\/form>\n<\/div>\n[vc_separator type=&#8221;transparent&#8221; thickness=&#8221;20&#8243;][\/vc_column_inner][\/vc_row_inner][vc_separator type=&#8221;transparent&#8221; thickness=&#8221;10&#8243;][\/vc_column][\/vc_row]<\/p>\n<\/div>","protected":false},"excerpt":{"rendered":"<p>[vc_row row_type=&#8221;row&#8221; use_row_as_full_screen_section=&#8221;no&#8221; type=&#8221;full_width&#8221; angled_section=&#8221;no&#8221; text_align=&#8221;left&#8221; background_image_as_pattern=&#8221;without_pattern&#8221; css_animation=&#8221;&#8221; css=&#8221;.vc_custom_1633280458447{background-image: url(https:\/\/www.gremi-obres.org\/formacio\/wp-content\/uploads\/2021\/08\/fondo-home.svg?id=11735) !important;}&#8221;][vc_column][vc_separator type=&#8221;transparent&#8221; thickness=&#8221;1&#8243;][\/vc_column][\/vc_row][vc_row row_type=&#8221;row&#8221; use_row_as_full_screen_section=&#8221;yes&#8221; type=&#8221;full_width&#8221; angled_section=&#8221;no&#8221; text_align=&#8221;left&#8221; background_image_as_pattern=&#8221;without_pattern&#8221; padding_top=&#8221;60&#8243; css_animation=&#8221;&#8221; css=&#8221;.vc_custom_1633280426194{margin-right: 4% !important;margin-left: 3% !important;}&#8221;][vc_column width=&#8221;2\/3&#8243;][vc_row_inner row_type=&#8221;row&#8221; type=&#8221;full_width&#8221; text_align=&#8221;left&#8221; css_animation=&#8221;&#8221;][vc_column_inner width=&#8221;2\/3&#8243;][vc_column_text] FORMACI\u00d3 A MIDA DE LES EMPRESES FEM EL CURS QUE NECESSITES [\/vc_column_text][\/vc_column_inner][vc_column_inner width=&#8221;1\/3&#8243;][vc_single_image<\/p>\n","protected":false},"author":1,"featured_media":20507,"parent":0,"menu_order":0,"comment_status":"closed","ping_status":"closed","template":"full_width.php","meta":{"footnotes":""},"class_list":["post-522","page","type-page","status-publish","has-post-thumbnail","hentry"],"yoast_head":"<!-- This site is optimized with the Yoast SEO plugin v25.3 - https:\/\/yoast.com\/wordpress\/plugins\/seo\/ -->\n<title>Formaci\u00f3 a mida - Gremi de Constructors d&#039;Obres de Barcelona<\/title>\n<meta name=\"description\" content=\"Formaci\u00f3 a mida en el Gremi de Constructors d&#039;Obres de Barcelona i Comarques. Formaci\u00f3 personalitzada per a necessitats de les empreses.\" \/>\n<meta name=\"robots\" content=\"index, follow, max-snippet:-1, max-image-preview:large, max-video-preview:-1\" \/>\n<link rel=\"canonical\" href=\"https:\/\/www.gremi-obres.org\/formacio\/formacio-a-mida\/\" \/>\n<meta property=\"og:locale\" content=\"ca_ES\" \/>\n<meta property=\"og:type\" content=\"article\" \/>\n<meta property=\"og:title\" content=\"Formaci\u00f3 a mida - Gremi de Constructors d&#039;Obres de Barcelona\" \/>\n<meta property=\"og:description\" content=\"Formaci\u00f3 a mida en el Gremi de Constructors d&#039;Obres de Barcelona i Comarques. Formaci\u00f3 personalitzada per a necessitats de les empreses.\" \/>\n<meta property=\"og:url\" content=\"https:\/\/www.gremi-obres.org\/formacio\/formacio-a-mida\/\" \/>\n<meta property=\"og:site_name\" content=\"Gremi de Constructors d&#039;Obres\" \/>\n<meta property=\"article:modified_time\" content=\"2023-04-08T07:35:11+00:00\" \/>\n<meta name=\"twitter:card\" content=\"summary_large_image\" \/>\n<meta name=\"twitter:label1\" content=\"Temps estimat de lectura\" \/>\n\t<meta name=\"twitter:data1\" content=\"4 minuts\" \/>\n<script type=\"application\/ld+json\" class=\"yoast-schema-graph\">{\"@context\":\"https:\/\/schema.org\",\"@graph\":[{\"@type\":\"WebPage\",\"@id\":\"https:\/\/www.gremi-obres.org\/formacio\/formacio-a-mida\/\",\"url\":\"https:\/\/www.gremi-obres.org\/formacio\/formacio-a-mida\/\",\"name\":\"Formaci\u00f3 a mida - Gremi de Constructors d'Obres de Barcelona\",\"isPartOf\":{\"@id\":\"https:\/\/www.gremi-obres.org\/formacio\/#website\"},\"primaryImageOfPage\":{\"@id\":\"https:\/\/www.gremi-obres.org\/formacio\/formacio-a-mida\/#primaryimage\"},\"image\":{\"@id\":\"https:\/\/www.gremi-obres.org\/formacio\/formacio-a-mida\/#primaryimage\"},\"thumbnailUrl\":\"https:\/\/www.gremi-obres.org\/formacio\/wp-content\/uploads\/2023\/04\/Diseno-sin-titulo-1.svg\",\"datePublished\":\"2016-09-22T11:49:17+00:00\",\"dateModified\":\"2023-04-08T07:35:11+00:00\",\"description\":\"Formaci\u00f3 a mida en el Gremi de Constructors d'Obres de Barcelona i Comarques. Formaci\u00f3 personalitzada per a necessitats de les empreses.\",\"breadcrumb\":{\"@id\":\"https:\/\/www.gremi-obres.org\/formacio\/formacio-a-mida\/#breadcrumb\"},\"inLanguage\":\"ca\",\"potentialAction\":[{\"@type\":\"ReadAction\",\"target\":[\"https:\/\/www.gremi-obres.org\/formacio\/formacio-a-mida\/\"]}]},{\"@type\":\"ImageObject\",\"inLanguage\":\"ca\",\"@id\":\"https:\/\/www.gremi-obres.org\/formacio\/formacio-a-mida\/#primaryimage\",\"url\":\"https:\/\/www.gremi-obres.org\/formacio\/wp-content\/uploads\/2023\/04\/Diseno-sin-titulo-1.svg\",\"contentUrl\":\"https:\/\/www.gremi-obres.org\/formacio\/wp-content\/uploads\/2023\/04\/Diseno-sin-titulo-1.svg\",\"width\":600,\"height\":276},{\"@type\":\"BreadcrumbList\",\"@id\":\"https:\/\/www.gremi-obres.org\/formacio\/formacio-a-mida\/#breadcrumb\",\"itemListElement\":[{\"@type\":\"ListItem\",\"position\":1,\"name\":\"Inici\",\"item\":\"https:\/\/www.gremi-obres.org\/formacio\/\"},{\"@type\":\"ListItem\",\"position\":2,\"name\":\"Formaci\u00f3 a mida de les empreses\"}]},{\"@type\":\"WebSite\",\"@id\":\"https:\/\/www.gremi-obres.org\/formacio\/#website\",\"url\":\"https:\/\/www.gremi-obres.org\/formacio\/\",\"name\":\"Gremi de Constructors d&#039;Obres\",\"description\":\"Formaci\u00f3 del Gremi de Constructors d&#039;Obres.\",\"potentialAction\":[{\"@type\":\"SearchAction\",\"target\":{\"@type\":\"EntryPoint\",\"urlTemplate\":\"https:\/\/www.gremi-obres.org\/formacio\/?s={search_term_string}\"},\"query-input\":{\"@type\":\"PropertyValueSpecification\",\"valueRequired\":true,\"valueName\":\"search_term_string\"}}],\"inLanguage\":\"ca\"}]}<\/script>\n<!-- \/ Yoast SEO plugin. -->","yoast_head_json":{"title":"Formaci\u00f3 a mida - Gremi de Constructors d'Obres de Barcelona","description":"Formaci\u00f3 a mida en el Gremi de Constructors d'Obres de Barcelona i Comarques. Formaci\u00f3 personalitzada per a necessitats de les empreses.","robots":{"index":"index","follow":"follow","max-snippet":"max-snippet:-1","max-image-preview":"max-image-preview:large","max-video-preview":"max-video-preview:-1"},"canonical":"https:\/\/www.gremi-obres.org\/formacio\/formacio-a-mida\/","og_locale":"ca_ES","og_type":"article","og_title":"Formaci\u00f3 a mida - Gremi de Constructors d'Obres de Barcelona","og_description":"Formaci\u00f3 a mida en el Gremi de Constructors d'Obres de Barcelona i Comarques. Formaci\u00f3 personalitzada per a necessitats de les empreses.","og_url":"https:\/\/www.gremi-obres.org\/formacio\/formacio-a-mida\/","og_site_name":"Gremi de Constructors d&#039;Obres","article_modified_time":"2023-04-08T07:35:11+00:00","twitter_card":"summary_large_image","twitter_misc":{"Temps estimat de lectura":"4 minuts"},"schema":{"@context":"https:\/\/schema.org","@graph":[{"@type":"WebPage","@id":"https:\/\/www.gremi-obres.org\/formacio\/formacio-a-mida\/","url":"https:\/\/www.gremi-obres.org\/formacio\/formacio-a-mida\/","name":"Formaci\u00f3 a mida - Gremi de Constructors d'Obres de Barcelona","isPartOf":{"@id":"https:\/\/www.gremi-obres.org\/formacio\/#website"},"primaryImageOfPage":{"@id":"https:\/\/www.gremi-obres.org\/formacio\/formacio-a-mida\/#primaryimage"},"image":{"@id":"https:\/\/www.gremi-obres.org\/formacio\/formacio-a-mida\/#primaryimage"},"thumbnailUrl":"https:\/\/www.gremi-obres.org\/formacio\/wp-content\/uploads\/2023\/04\/Diseno-sin-titulo-1.svg","datePublished":"2016-09-22T11:49:17+00:00","dateModified":"2023-04-08T07:35:11+00:00","description":"Formaci\u00f3 a mida en el Gremi de Constructors d'Obres de Barcelona i Comarques. Formaci\u00f3 personalitzada per a necessitats de les empreses.","breadcrumb":{"@id":"https:\/\/www.gremi-obres.org\/formacio\/formacio-a-mida\/#breadcrumb"},"inLanguage":"ca","potentialAction":[{"@type":"ReadAction","target":["https:\/\/www.gremi-obres.org\/formacio\/formacio-a-mida\/"]}]},{"@type":"ImageObject","inLanguage":"ca","@id":"https:\/\/www.gremi-obres.org\/formacio\/formacio-a-mida\/#primaryimage","url":"https:\/\/www.gremi-obres.org\/formacio\/wp-content\/uploads\/2023\/04\/Diseno-sin-titulo-1.svg","contentUrl":"https:\/\/www.gremi-obres.org\/formacio\/wp-content\/uploads\/2023\/04\/Diseno-sin-titulo-1.svg","width":600,"height":276},{"@type":"BreadcrumbList","@id":"https:\/\/www.gremi-obres.org\/formacio\/formacio-a-mida\/#breadcrumb","itemListElement":[{"@type":"ListItem","position":1,"name":"Inici","item":"https:\/\/www.gremi-obres.org\/formacio\/"},{"@type":"ListItem","position":2,"name":"Formaci\u00f3 a mida de les empreses"}]},{"@type":"WebSite","@id":"https:\/\/www.gremi-obres.org\/formacio\/#website","url":"https:\/\/www.gremi-obres.org\/formacio\/","name":"Gremi de Constructors d&#039;Obres","description":"Formaci\u00f3 del Gremi de Constructors d&#039;Obres.","potentialAction":[{"@type":"SearchAction","target":{"@type":"EntryPoint","urlTemplate":"https:\/\/www.gremi-obres.org\/formacio\/?s={search_term_string}"},"query-input":{"@type":"PropertyValueSpecification","valueRequired":true,"valueName":"search_term_string"}}],"inLanguage":"ca"}]}},"_links":{"self":[{"href":"https:\/\/www.gremi-obres.org\/formacio\/wp-json\/wp\/v2\/pages\/522","targetHints":{"allow":["GET"]}}],"collection":[{"href":"https:\/\/www.gremi-obres.org\/formacio\/wp-json\/wp\/v2\/pages"}],"about":[{"href":"https:\/\/www.gremi-obres.org\/formacio\/wp-json\/wp\/v2\/types\/page"}],"author":[{"embeddable":true,"href":"https:\/\/www.gremi-obres.org\/formacio\/wp-json\/wp\/v2\/users\/1"}],"replies":[{"embeddable":true,"href":"https:\/\/www.gremi-obres.org\/formacio\/wp-json\/wp\/v2\/comments?post=522"}],"version-history":[{"count":72,"href":"https:\/\/www.gremi-obres.org\/formacio\/wp-json\/wp\/v2\/pages\/522\/revisions"}],"predecessor-version":[{"id":20511,"href":"https:\/\/www.gremi-obres.org\/formacio\/wp-json\/wp\/v2\/pages\/522\/revisions\/20511"}],"wp:featuredmedia":[{"embeddable":true,"href":"https:\/\/www.gremi-obres.org\/formacio\/wp-json\/wp\/v2\/media\/20507"}],"wp:attachment":[{"href":"https:\/\/www.gremi-obres.org\/formacio\/wp-json\/wp\/v2\/media?parent=522"}],"curies":[{"name":"wp","href":"https:\/\/api.w.org\/{rel}","templated":true}]}}