{"id":26262,"date":"2025-12-10T10:18:55","date_gmt":"2025-12-10T10:18:55","guid":{"rendered":"https:\/\/www.gremi-obres.org\/formacio\/?page_id=26262"},"modified":"2026-01-20T11:48:28","modified_gmt":"2026-01-20T11:48:28","slug":"curs-privat-treballar-ia","status":"publish","type":"page","link":"https:\/\/www.gremi-obres.org\/formacio\/curs-privat-treballar-ia\/","title":{"rendered":"Curs Privat: Treballar amb IA: criteri, efici\u00e8ncia i millora dels processos dia a dia"},"content":{"rendered":"<div class=\"wpb-content-wrapper\"><p>[vc_row css_animation=&#8221;&#8221; row_type=&#8221;row&#8221; use_row_as_full_screen_section=&#8221;no&#8221; type=&#8221;grid&#8221; angled_section=&#8221;no&#8221; text_align=&#8221;left&#8221; background_image_as_pattern=&#8221;without_pattern&#8221; padding_top=&#8221;60&#8243;][vc_column width=&#8221;1\/3&#8243;][vc_column_text]<\/p>\n<h4><strong>CURS PRIVAT: TREBALLAR AMB IA: CRITERI, EFICI\u00c8NCIA I MILLORA DELS PROCESSOS DIA A DIA<\/strong><\/h4>\n<p><strong>OBJECTIUS GENERALS<\/strong><\/p>\n<p>[\/vc_column_text][vc_separator type=&#8221;small&#8221; position=&#8221;left&#8221; color=&#8221;#f29760&#8243; thickness=&#8221;1&#8243; width=&#8221;86&#8243;][vc_column_text] Apr\u00e8n a utilitzar la IA millor que el 90 % de la gent.<\/p>\n<p>[\/vc_column_text][vc_separator type=&#8221;transparent&#8221; thickness=&#8221;7&#8243;][vc_column_text]<\/p>\n<p><strong>OBJECTIUS ESPEC\u00cdFICS<\/strong><\/p>\n<p>[\/vc_column_text][vc_separator type=&#8221;small&#8221; position=&#8221;left&#8221; color=&#8221;#f29760&#8243; thickness=&#8221;1&#8243; width=&#8221;86&#8243;][vc_column_text]<\/p>\n<ul>\n<li>Una formaci\u00f3 pr\u00e0ctica per comen\u00e7ar \u2014o aprofundir\u2014 en l\u2019\u00fas de ChatGPT i altres eines d\u2019IA aplicada als reptes reals del dia a dia.<\/li>\n<li>Aprendr\u00e0s a resoldre tasques habituals, automatitzar microprocessos i incorporar la IA com a suport intel\u00b7ligent per treballar amb m\u00e9s criteri i efici\u00e8ncia.<\/li>\n<li>El curs et guia en el pas de fer servir la IA com a eina a pensar amb la IA com a aliada.<\/li>\n<\/ul>\n<p>[\/vc_column_text][vc_separator type=&#8221;transparent&#8221; thickness=&#8221;7&#8243;][vc_column_text]<\/p>\n<p><strong>CONTINGUTS:<\/strong><\/p>\n<p>[\/vc_column_text][vc_separator type=&#8221;small&#8221; position=&#8221;left&#8221; color=&#8221;#f29760&#8243; thickness=&#8221;1&#8243; width=&#8221;86&#8243;][vc_column_text]<\/p>\n<ul>\n<li>Qu\u00e8 \u00e9s i qu\u00e8 no \u00e9s la intel\u00b7lig\u00e8ncia artificial.<\/li>\n<\/ul>\n<ul>\n<li>Com funciona ChatGPT i com treure\u2019n profit real.<\/li>\n<\/ul>\n<ul>\n<li>Tipus de prompts i bones pr\u00e0ctiques d\u2019\u00fas.<\/li>\n<li>Aplicacions en tasques di\u00e0ries: redacci\u00f3, s\u00edntesi, an\u00e0lisi i comunicaci\u00f3.<\/li>\n<li>Introducci\u00f3 a la automatitzaci\u00f3 de microprocessos.<\/li>\n<li>Exercicis pr\u00e0ctics intercalats durant tota la sessi\u00f3 per aprendre fent.<\/li>\n<li>De fer servir la IA a pensar amb la IA: canvi de mirada i criteri d\u2019\u00fas.<\/li>\n<\/ul>\n<p>[\/vc_column_text][vc_separator type=&#8221;transparent&#8221; thickness=&#8221;7&#8243;][\/vc_column][vc_column width=&#8221;1\/3&#8243;][vc_separator type=&#8221;transparent&#8221; thickness=&#8221;2&#8243;][vc_separator type=&#8221;transparent&#8221; thickness=&#8221;7&#8243;]<div id=\"mpc_connected_icons-6469fe6e3dbd75b\" class=\"mpc-connected-icons mpc-init mpc-transition \"  data-ci-cols=\"4\" data-target=\"icon\" data-layout=\"vertical\"><div class=\"mpc-connected-icons__line\"><span><\/span><\/div><div data-id=\"mpc_icon_column-2969fe6e3dbd874\" class=\"mpc-icon-column mpc-init mpc-parent-hover mpc-transition mpc-icon-column--style_3 mpc-align--left \" ><div data-id=\"mpc_icon-8169fe6e3dbd8b9\" class=\"mpc-icon mpc-init mpc-transition mpc-effect-none mpc-icon-hover \"><div class=\"mpc-icon-wrap\"><i class=\"mpc-icon-part mpc-regular mpc-transition  el el-eur\"><\/i><i class=\"mpc-icon-part mpc-hover mpc-transition  el el-eur\"><\/i><\/div><\/div><div class=\"mpc-icon-column__content-wrap\"><div class=\"mpc-icon-column__content\"><h3 class=\"mpc-icon-column__heading mpc-transition\">PREU<\/h3><div class=\"mpc-icon-column__description mpc-transition\"><p> <strong>21<\/strong><span lang=\"CA\"><b>2 \u20ac per a agremiats\/ades i\/o aturats\/ades i 226\u00a0 \u20ac\u00a0 per a no agremiats\/ades<\/b><\/span><\/p>\n<\/div><\/div><\/div><\/div><div data-id=\"mpc_icon_column-4069fe6e3dbd981\" class=\"mpc-icon-column mpc-init mpc-parent-hover mpc-transition mpc-icon-column--style_3 mpc-align--left \" ><div data-id=\"mpc_icon-4369fe6e3dbd9a3\" class=\"mpc-icon mpc-init mpc-transition mpc-effect-none mpc-icon-hover \"><div class=\"mpc-icon-wrap\"><i class=\"mpc-icon-part mpc-regular mpc-transition  fa fa-chrome\"><\/i><i class=\"mpc-icon-part mpc-hover mpc-transition  fa fa-chrome\"><\/i><\/div><\/div><div class=\"mpc-icon-column__content-wrap\"><div class=\"mpc-icon-column__content\"><h3 class=\"mpc-icon-column__heading mpc-transition\">\u00c1rea<\/h3><div class=\"mpc-icon-column__description mpc-transition\"><p>PRL, Maquin\u00e0ria i Oficis<\/p>\n<\/div><\/div><\/div><\/div><div data-id=\"mpc_icon_column-8669fe6e3dbda35\" class=\"mpc-icon-column mpc-init mpc-parent-hover mpc-transition mpc-icon-column--style_3 mpc-align--left \" ><div data-id=\"mpc_icon-5269fe6e3dbda52\" class=\"mpc-icon mpc-init mpc-transition mpc-effect-none mpc-icon-hover \"><div class=\"mpc-icon-wrap\"><i class=\"mpc-icon-part mpc-regular mpc-transition  mi mi-access_alarm\"><\/i><i class=\"mpc-icon-part mpc-hover mpc-transition  mi mi-access_alarm\"><\/i><\/div><\/div><div class=\"mpc-icon-column__content-wrap\"><div class=\"mpc-icon-column__content\"><h3 class=\"mpc-icon-column__heading mpc-transition\">DURACI\u00d3<\/h3><div class=\"mpc-icon-column__description mpc-transition\"><p>Aquest curs t\u00e9 una durada de <strong>9 hores<\/strong><\/p>\n<\/div><\/div><\/div><\/div><div data-id=\"mpc_icon_column-1869fe6e3dbdae4\" class=\"mpc-icon-column mpc-init mpc-parent-hover mpc-transition mpc-icon-column--style_3 mpc-align--left \" ><div data-id=\"mpc_icon-269fe6e3dbdb1a\" class=\"mpc-icon mpc-init mpc-transition mpc-effect-none mpc-icon-hover \"><div class=\"mpc-icon-wrap\"><i class=\"mpc-icon-part mpc-regular mpc-transition  fa fa-calendar\"><\/i><i class=\"mpc-icon-part mpc-hover mpc-transition  fa fa-calendar\"><\/i><\/div><\/div><div class=\"mpc-icon-column__content-wrap\"><div class=\"mpc-icon-column__content\"><h3 class=\"mpc-icon-column__heading mpc-transition\">Data<\/h3><div class=\"mpc-icon-column__description mpc-transition\"><p><span lang=\"CA\">Dia i hora: <strong>13, 16 i 21 d&#8217;abril de 2026, de 9:00 a 12:00 h<\/strong><\/span><\/p>\n<p><a href=\"https:\/\/www.gremi-obres.org\/formacio\/wp-content\/uploads\/2026\/01\/Calendari-TREBALLAR-AMB-IA.pdf\">DESCARREGA EL CALENDARI<\/a><\/p>\n<\/div><\/div><\/div><\/div><div data-id=\"mpc_icon_column-469fe6e3dbdbbb\" class=\"mpc-icon-column mpc-init mpc-parent-hover mpc-transition mpc-icon-column--style_3 mpc-align--left \" ><div data-id=\"mpc_icon-8769fe6e3dbdbd8\" class=\"mpc-icon mpc-init mpc-transition mpc-effect-none mpc-icon-hover \"><div class=\"mpc-icon-wrap\"><i class=\"mpc-icon-part mpc-regular mpc-transition  fa fa-map-marker\"><\/i><i class=\"mpc-icon-part mpc-hover mpc-transition  fa fa-map-marker\"><\/i><\/div><\/div><div class=\"mpc-icon-column__content-wrap\"><div class=\"mpc-icon-column__content\"><h3 class=\"mpc-icon-column__heading mpc-transition\">Lloc<\/h3><div class=\"mpc-icon-column__description mpc-transition\"><p><strong>GREMI DE LA CONSTRUCCI\u00d3 DE BARCELONA<\/strong><\/p>\n<p><a href=\"https:\/\/maps.app.goo.gl\/gyN8eTATKfeqiF768\" target=\"_blank\" rel=\"noopener\">Gran Via de les Corts Catalanes 663, baixos, 08010 Barcelona<\/a><\/p>\n<\/div><\/div><\/div><\/div><div data-id=\"mpc_icon_column-5969fe6e3dbdc66\" class=\"mpc-icon-column mpc-init mpc-parent-hover mpc-transition mpc-icon-column--style_3 mpc-align--left \" ><div data-id=\"mpc_icon-7469fe6e3dbdc81\" class=\"mpc-icon mpc-init mpc-transition mpc-effect-none mpc-icon-hover \"><div class=\"mpc-icon-wrap\"><i class=\"mpc-icon-part mpc-regular mpc-transition  fa fa-group\"><\/i><i class=\"mpc-icon-part mpc-hover mpc-transition  fa fa-group\"><\/i><\/div><\/div><div class=\"mpc-icon-column__content-wrap\"><div class=\"mpc-icon-column__content\"><h3 class=\"mpc-icon-column__heading mpc-transition\">Modalitat<\/h3><div class=\"mpc-icon-column__description mpc-transition\"><p><b>Curs Virtual amb Formador<\/b><\/p>\n<p>Formador: <strong>Enric Madrigal<\/strong><\/p>\n<ul>\n<li>Consultor i Formador en Intel\u00b7lig\u00e8ncia Artificial aplicada a l&#8217;empresa<\/li>\n<li>Especialista en Estrat\u00e8gia, Gesti\u00f3 del Canvi i Lideratge<\/li>\n<\/ul>\n<\/div><\/div><\/div><\/div><div data-id=\"mpc_icon_column-9769fe6e3dbdd12\" class=\"mpc-icon-column mpc-init mpc-parent-hover mpc-transition mpc-icon-column--style_3 mpc-align--left \" ><div data-id=\"mpc_icon-2569fe6e3dbdd2c\" class=\"mpc-icon mpc-init mpc-transition mpc-effect-none mpc-icon-hover \"><div class=\"mpc-icon-wrap\"><i class=\"mpc-icon-part mpc-regular mpc-transition  fa fa-institution\"><\/i><i class=\"mpc-icon-part mpc-hover mpc-transition  fa fa-institution\"><\/i><\/div><\/div><div class=\"mpc-icon-column__content-wrap\"><div class=\"mpc-icon-column__content\"><h3 class=\"mpc-icon-column__heading mpc-transition\">DIPLOMA<\/h3><div class=\"mpc-icon-column__description mpc-transition\"><p>Al finalitzar el curs es lliurar\u00e0 un diploma acreditatiu d&#8217;aquesta formaci\u00f3.<\/p>\n<\/div><\/div><\/div><\/div><div data-id=\"mpc_icon_column-6869fe6e3dbddb9\" class=\"mpc-icon-column mpc-init mpc-parent-hover mpc-transition mpc-icon-column--style_3 mpc-align--left \" ><div data-id=\"mpc_icon-3469fe6e3dbddd2\" class=\"mpc-icon mpc-init mpc-transition mpc-effect-none mpc-icon-hover \"><div class=\"mpc-icon-wrap\"><i class=\"mpc-icon-part mpc-regular mpc-transition  fa fa-mortar-board\"><\/i><i class=\"mpc-icon-part mpc-hover mpc-transition  fa fa-mortar-board\"><\/i><\/div><\/div><div class=\"mpc-icon-column__content-wrap\"><div class=\"mpc-icon-column__content\"><h3 class=\"mpc-icon-column__heading mpc-transition\">APPLUS ISO 9001<\/h3><div class=\"mpc-icon-column__description mpc-transition\"><p>Estem certificats\u00a0en Qualitat, segons la norma UNE-ISO 9001, per l&#8217;entitat Applus, amb la voluntat d&#8217;oferir un servei de m\u00e0xima qualitat formativa.<\/p>\n<\/div><\/div><\/div><\/div><\/div>[vc_separator type=&#8221;transparent&#8221; thickness=&#8221;30&#8243;][\/vc_column][vc_column width=&#8221;1\/3&#8243;][vc_separator type=&#8221;transparent&#8221; thickness=&#8221;25&#8243;][vc_row_inner row_type=&#8221;row&#8221; type=&#8221;full_width&#8221; text_align=&#8221;center&#8221; css_animation=&#8221;&#8221; css=&#8221;.vc_custom_1472720730068{margin-right: 30px !important;margin-left: 30px !important;border-top-width: 1px !important;border-right-width: 1px !important;border-bottom-width: 1px !important;border-left-width: 1px !important;padding-right: 15px !important;padding-left: 15px !important;background-color: #f8971d !important;border-left-color: #000000 !important;border-left-style: solid !important;border-right-color: #000000 !important;border-right-style: solid !important;border-top-color: #000000 !important;border-top-style: solid !important;border-bottom-color: #000000 !important;border-bottom-style: solid !important;}&#8221;][vc_column_inner enable_sticky=&#8221;true&#8221; sticky_offset=&#8221;100&#8243;][vc_separator type=&#8221;transparent&#8221; thickness=&#8221;10&#8243;][vc_column_text]<\/p>\n<h4><strong>Inscripci\u00f3 al curs<\/strong><\/h4>\n<p>[\/vc_column_text][vc_separator type=&#8221;transparent&#8221; thickness=&#8221;10&#8243;]\n<div class=\"wpcf7 no-js\" id=\"wpcf7-f26260-o1\" lang=\"ca\" dir=\"ltr\" data-wpcf7-id=\"26260\">\n<div class=\"screen-reader-response\"><p role=\"status\" aria-live=\"polite\" aria-atomic=\"true\"><\/p> <ul><\/ul><\/div>\n<form action=\"\/formacio\/wp-json\/wp\/v2\/pages\/26262#wpcf7-f26260-o1\" method=\"post\" class=\"wpcf7-form init cf7_custom_style_3\" aria-label=\"Formulari de contacte\" novalidate=\"novalidate\" data-status=\"init\">\n<div style=\"display: none;\">\n<input type=\"hidden\" name=\"_wpcf7\" value=\"26260\" \/>\n<input type=\"hidden\" name=\"_wpcf7_version\" value=\"6.0.6\" \/>\n<input type=\"hidden\" name=\"_wpcf7_locale\" value=\"ca\" \/>\n<input type=\"hidden\" name=\"_wpcf7_unit_tag\" value=\"wpcf7-f26260-o1\" \/>\n<input type=\"hidden\" name=\"_wpcf7_container_post\" value=\"0\" \/>\n<input type=\"hidden\" name=\"_wpcf7_posted_data_hash\" value=\"\" \/>\n<input type=\"hidden\" name=\"_wpcf7_recaptcha_response\" value=\"\" \/>\n<\/div>\n<p><label><b>NOM DEL CURS<br \/>\n<span class=\"wpcf7-form-control-wrap\" data-name=\"NomdelCurs\"><input size=\"40\" maxlength=\"400\" class=\"wpcf7-form-control wpcf7-text wpcf7-validates-as-required\" aria-required=\"true\" aria-invalid=\"false\" value=\"\" type=\"text\" name=\"NomdelCurs\" \/><\/span> <\/b><\/label>\n<\/p>\n<p><label><b>NOM I COGNOMS<br \/>\n<span class=\"wpcf7-form-control-wrap\" data-name=\"your-name\"><input size=\"40\" maxlength=\"400\" class=\"wpcf7-form-control wpcf7-text wpcf7-validates-as-required\" aria-required=\"true\" aria-invalid=\"false\" value=\"\" type=\"text\" name=\"your-name\" \/><\/span> <\/b><\/label>\n<\/p>\n<p><label> <b>CORREU ELECTR\u00d2NIC<br \/>\n<span class=\"wpcf7-form-control-wrap\" data-name=\"your-email\"><input size=\"40\" maxlength=\"400\" class=\"wpcf7-form-control wpcf7-email wpcf7-validates-as-required wpcf7-text wpcf7-validates-as-email\" aria-required=\"true\" aria-invalid=\"false\" value=\"\" type=\"email\" name=\"your-email\" \/><\/span> <\/b><\/label>\n<\/p>\n<p><label><b>TEL\u00c8FON<br \/>\n<span class=\"wpcf7-form-control-wrap\" data-name=\"TELEFON\"><input size=\"40\" maxlength=\"400\" class=\"wpcf7-form-control wpcf7-tel wpcf7-validates-as-required wpcf7-text wpcf7-validates-as-tel\" aria-required=\"true\" aria-invalid=\"false\" value=\"\" type=\"tel\" name=\"TELEFON\" \/><\/span> <\/b><\/label>\n<\/p>\n<p><label><b>COM ENS HAS CONEGUT?<br \/>\n<span class=\"wpcf7-form-control-wrap\" data-name=\"COMENSHASCONEGUT\"><select class=\"wpcf7-form-control wpcf7-select wpcf7-validates-as-required\" aria-required=\"true\" aria-invalid=\"false\" name=\"COMENSHASCONEGUT\"><option value=\"\">&#8212;Trieu una opci\u00f3&#8212;<\/option><option value=\"Instagram\">Instagram<\/option><option value=\"Linkedin\">Linkedin<\/option><option value=\"Facebook\">Facebook<\/option><option value=\"Web del Gremi\">Web del Gremi<\/option><option value=\"Correu elecr\u00f3nic\">Correu elecr\u00f3nic<\/option><option value=\"Altres\">Altres<\/option><\/select><\/span> <\/b><\/label>\n<\/p>\n<p><label><b> SI HAS SELECCIONAT ALTRES, ENS HO POTS INDICAR?<br \/>\n<span class=\"wpcf7-form-control-wrap\" data-name=\"TEXT\"><input size=\"40\" maxlength=\"400\" class=\"wpcf7-form-control wpcf7-text wpcf7-validates-as-required\" aria-required=\"true\" aria-invalid=\"false\" value=\"\" type=\"text\" name=\"TEXT\" \/><\/span> <\/b><\/label>\n<\/p>\n<p><span class=\"wpcf7-form-control-wrap\" data-name=\"acceptance-324\"><span class=\"wpcf7-form-control wpcf7-acceptance\"><span class=\"wpcf7-list-item\"><input type=\"checkbox\" name=\"acceptance-324\" value=\"1\" aria-invalid=\"false\" \/><\/span><\/span><\/span> He llegit i accepto la <a href=\"http:\/\/www.gremi-obres.org\/avis-legal-de-la-web\/\">Pol\u00edtica de Privacitat<\/a> (obligatori)\n<\/p>\n<p>En compliment del Reglament (UE) 2016\/679, de Protecci\u00f3 de Dades (RGPD), les dades personals facilitades seran tractades pel Gremi de la Construcci\u00f3 de Barcelona, com a responsable del tractament, amb la finalitat de desenvolupar la formaci\u00f3 i gestionar l\u2019assist\u00e8ncia de la formaci\u00f3 sol\u00b7licitada, aix\u00ed com mantenir la relaci\u00f3 comercial o institucional, aix\u00ed com remetre informaci\u00f3 sobre serveis, activitats i q\u00fcestions relacionades amb el sector de la construcci\u00f3. La base jur\u00eddica del tractament \u00e9s el consentiment de la persona interessada i\/o l\u2019execuci\u00f3 de la relaci\u00f3 existent. Les dades no seran cedides a tercers, excepte obligaci\u00f3 legal o autoritzaci\u00f3 expressa de la persona interessada. Les dades es conservaran durant el temps necessari per complir amb les finalitats del tractament i, si escau, durant els terminis legalment exigibles.\n<\/p>\n<p>La persona interessada pot exercir els seus drets d\u2019acc\u00e9s, rectificaci\u00f3, supressi\u00f3, limitaci\u00f3 del tractament, oposici\u00f3 i portabilitat mitjan\u00e7ant escrit adre\u00e7at a Gran Via de les Corts Catalanes, 663, 6a planta, 08010 Barcelona, o b\u00e9 a l\u2019adre\u00e7a electr\u00f2nica info@gremi-obres.org. Aix\u00ed mateix, si considera que els seus drets no han estat degudament atesos, pot presentar una reclamaci\u00f3 davant l\u2019Ag\u00e8ncia Espanyola de Protecci\u00f3 de Dades (AEPD). Per m\u00e9s informaci\u00f3 referent al tractament de les seves dades, pot consultar la nostra pol\u00edtica de privacitat a: https:\/\/www.gremi-obres.org\/avis-legal-de-la-web\/\n<\/p>\n<p><input class=\"wpcf7-form-control wpcf7-submit has-spinner\" type=\"submit\" value=\"Enviar\" \/>\n<\/p><div class=\"wpcf7-response-output\" aria-hidden=\"true\"><\/div>\n<\/form>\n<\/div>\n[vc_separator type=&#8221;transparent&#8221; thickness=&#8221;20&#8243;][vc_separator type=&#8221;transparent&#8221; thickness=&#8221;20&#8243;][\/vc_column_inner][\/vc_row_inner][\/vc_column][\/vc_row][vc_row css_animation=&#8221;&#8221; row_type=&#8221;row&#8221; use_row_as_full_screen_section=&#8221;no&#8221; type=&#8221;full_width&#8221; angled_section=&#8221;no&#8221; text_align=&#8221;left&#8221; background_image_as_pattern=&#8221;without_pattern&#8221;][vc_column][vc_separator type=&#8221;transparent&#8221; thickness=&#8221;55&#8243;][\/vc_column][\/vc_row]<\/p>\n<\/div>","protected":false},"excerpt":{"rendered":"<p>[vc_row css_animation=&#8221;&#8221; row_type=&#8221;row&#8221; use_row_as_full_screen_section=&#8221;no&#8221; type=&#8221;grid&#8221; angled_section=&#8221;no&#8221; text_align=&#8221;left&#8221; background_image_as_pattern=&#8221;without_pattern&#8221; padding_top=&#8221;60&#8243;][vc_column width=&#8221;1\/3&#8243;][vc_column_text] CURS PRIVAT: TREBALLAR AMB IA: CRITERI, EFICI\u00c8NCIA I MILLORA DELS PROCESSOS DIA A DIA OBJECTIUS GENERALS [\/vc_column_text][vc_separator type=&#8221;small&#8221; position=&#8221;left&#8221; color=&#8221;#f29760&#8243; thickness=&#8221;1&#8243; width=&#8221;86&#8243;][vc_column_text] Apr\u00e8n a utilitzar la IA millor que el 90 % de la gent.<\/p>\n","protected":false},"author":1,"featured_media":0,"parent":0,"menu_order":0,"comment_status":"closed","ping_status":"closed","template":"","meta":{"footnotes":""},"class_list":["post-26262","page","type-page","status-publish","hentry"],"yoast_head":"<!-- This site is optimized with the Yoast SEO plugin v25.3 - https:\/\/yoast.com\/wordpress\/plugins\/seo\/ -->\n<title>TREBALLAR AMB IA:. Formaci\u00f3 privada<\/title>\n<meta name=\"description\" content=\"En aquest curs t&#039;ensenyem a treballar amb IA amb CRITERI, EFICI\u00c8NCIA I MILLORA DELS PROCESSOS DIA A DIAOBJECTIUS GENERALS\" \/>\n<meta name=\"robots\" content=\"index, follow, max-snippet:-1, max-image-preview:large, max-video-preview:-1\" \/>\n<link rel=\"canonical\" href=\"https:\/\/www.gremi-obres.org\/formacio\/curs-privat-treballar-ia\/\" \/>\n<meta property=\"og:locale\" content=\"ca_ES\" \/>\n<meta property=\"og:type\" content=\"article\" \/>\n<meta property=\"og:title\" content=\"TREBALLAR AMB IA:. Formaci\u00f3 privada\" \/>\n<meta property=\"og:description\" content=\"En aquest curs t&#039;ensenyem a treballar amb IA amb CRITERI, EFICI\u00c8NCIA I MILLORA DELS PROCESSOS DIA A DIAOBJECTIUS GENERALS\" \/>\n<meta property=\"og:url\" content=\"https:\/\/www.gremi-obres.org\/formacio\/curs-privat-treballar-ia\/\" \/>\n<meta property=\"og:site_name\" content=\"Gremi de Constructors d&#039;Obres\" \/>\n<meta property=\"article:modified_time\" content=\"2026-01-20T11:48:28+00:00\" \/>\n<meta name=\"twitter:card\" content=\"summary_large_image\" \/>\n<meta name=\"twitter:label1\" content=\"Temps estimat de lectura\" \/>\n\t<meta name=\"twitter:data1\" content=\"4 minuts\" \/>\n<script type=\"application\/ld+json\" class=\"yoast-schema-graph\">{\"@context\":\"https:\/\/schema.org\",\"@graph\":[{\"@type\":\"WebPage\",\"@id\":\"https:\/\/www.gremi-obres.org\/formacio\/curs-privat-treballar-ia\/\",\"url\":\"https:\/\/www.gremi-obres.org\/formacio\/curs-privat-treballar-ia\/\",\"name\":\"TREBALLAR AMB IA:. Formaci\u00f3 privada\",\"isPartOf\":{\"@id\":\"https:\/\/www.gremi-obres.org\/formacio\/#website\"},\"datePublished\":\"2025-12-10T10:18:55+00:00\",\"dateModified\":\"2026-01-20T11:48:28+00:00\",\"description\":\"En aquest curs t'ensenyem a treballar amb IA amb CRITERI, EFICI\u00c8NCIA I MILLORA DELS PROCESSOS DIA A DIAOBJECTIUS GENERALS\",\"breadcrumb\":{\"@id\":\"https:\/\/www.gremi-obres.org\/formacio\/curs-privat-treballar-ia\/#breadcrumb\"},\"inLanguage\":\"ca\",\"potentialAction\":[{\"@type\":\"ReadAction\",\"target\":[\"https:\/\/www.gremi-obres.org\/formacio\/curs-privat-treballar-ia\/\"]}]},{\"@type\":\"BreadcrumbList\",\"@id\":\"https:\/\/www.gremi-obres.org\/formacio\/curs-privat-treballar-ia\/#breadcrumb\",\"itemListElement\":[{\"@type\":\"ListItem\",\"position\":1,\"name\":\"Inici\",\"item\":\"https:\/\/www.gremi-obres.org\/formacio\/\"},{\"@type\":\"ListItem\",\"position\":2,\"name\":\"Curs Privat: Treballar amb IA: criteri, efici\u00e8ncia i millora dels processos dia a dia\"}]},{\"@type\":\"WebSite\",\"@id\":\"https:\/\/www.gremi-obres.org\/formacio\/#website\",\"url\":\"https:\/\/www.gremi-obres.org\/formacio\/\",\"name\":\"Gremi de Constructors d&#039;Obres\",\"description\":\"Formaci\u00f3 del Gremi de Constructors d&#039;Obres.\",\"potentialAction\":[{\"@type\":\"SearchAction\",\"target\":{\"@type\":\"EntryPoint\",\"urlTemplate\":\"https:\/\/www.gremi-obres.org\/formacio\/?s={search_term_string}\"},\"query-input\":{\"@type\":\"PropertyValueSpecification\",\"valueRequired\":true,\"valueName\":\"search_term_string\"}}],\"inLanguage\":\"ca\"}]}<\/script>\n<!-- \/ Yoast SEO plugin. -->","yoast_head_json":{"title":"TREBALLAR AMB IA:. Formaci\u00f3 privada","description":"En aquest curs t'ensenyem a treballar amb IA amb CRITERI, EFICI\u00c8NCIA I MILLORA DELS PROCESSOS DIA A DIAOBJECTIUS GENERALS","robots":{"index":"index","follow":"follow","max-snippet":"max-snippet:-1","max-image-preview":"max-image-preview:large","max-video-preview":"max-video-preview:-1"},"canonical":"https:\/\/www.gremi-obres.org\/formacio\/curs-privat-treballar-ia\/","og_locale":"ca_ES","og_type":"article","og_title":"TREBALLAR AMB IA:. Formaci\u00f3 privada","og_description":"En aquest curs t'ensenyem a treballar amb IA amb CRITERI, EFICI\u00c8NCIA I MILLORA DELS PROCESSOS DIA A DIAOBJECTIUS GENERALS","og_url":"https:\/\/www.gremi-obres.org\/formacio\/curs-privat-treballar-ia\/","og_site_name":"Gremi de Constructors d&#039;Obres","article_modified_time":"2026-01-20T11:48:28+00:00","twitter_card":"summary_large_image","twitter_misc":{"Temps estimat de lectura":"4 minuts"},"schema":{"@context":"https:\/\/schema.org","@graph":[{"@type":"WebPage","@id":"https:\/\/www.gremi-obres.org\/formacio\/curs-privat-treballar-ia\/","url":"https:\/\/www.gremi-obres.org\/formacio\/curs-privat-treballar-ia\/","name":"TREBALLAR AMB IA:. Formaci\u00f3 privada","isPartOf":{"@id":"https:\/\/www.gremi-obres.org\/formacio\/#website"},"datePublished":"2025-12-10T10:18:55+00:00","dateModified":"2026-01-20T11:48:28+00:00","description":"En aquest curs t'ensenyem a treballar amb IA amb CRITERI, EFICI\u00c8NCIA I MILLORA DELS PROCESSOS DIA A DIAOBJECTIUS GENERALS","breadcrumb":{"@id":"https:\/\/www.gremi-obres.org\/formacio\/curs-privat-treballar-ia\/#breadcrumb"},"inLanguage":"ca","potentialAction":[{"@type":"ReadAction","target":["https:\/\/www.gremi-obres.org\/formacio\/curs-privat-treballar-ia\/"]}]},{"@type":"BreadcrumbList","@id":"https:\/\/www.gremi-obres.org\/formacio\/curs-privat-treballar-ia\/#breadcrumb","itemListElement":[{"@type":"ListItem","position":1,"name":"Inici","item":"https:\/\/www.gremi-obres.org\/formacio\/"},{"@type":"ListItem","position":2,"name":"Curs Privat: Treballar amb IA: criteri, efici\u00e8ncia i millora dels processos dia a dia"}]},{"@type":"WebSite","@id":"https:\/\/www.gremi-obres.org\/formacio\/#website","url":"https:\/\/www.gremi-obres.org\/formacio\/","name":"Gremi de Constructors d&#039;Obres","description":"Formaci\u00f3 del Gremi de Constructors d&#039;Obres.","potentialAction":[{"@type":"SearchAction","target":{"@type":"EntryPoint","urlTemplate":"https:\/\/www.gremi-obres.org\/formacio\/?s={search_term_string}"},"query-input":{"@type":"PropertyValueSpecification","valueRequired":true,"valueName":"search_term_string"}}],"inLanguage":"ca"}]}},"_links":{"self":[{"href":"https:\/\/www.gremi-obres.org\/formacio\/wp-json\/wp\/v2\/pages\/26262","targetHints":{"allow":["GET"]}}],"collection":[{"href":"https:\/\/www.gremi-obres.org\/formacio\/wp-json\/wp\/v2\/pages"}],"about":[{"href":"https:\/\/www.gremi-obres.org\/formacio\/wp-json\/wp\/v2\/types\/page"}],"author":[{"embeddable":true,"href":"https:\/\/www.gremi-obres.org\/formacio\/wp-json\/wp\/v2\/users\/1"}],"replies":[{"embeddable":true,"href":"https:\/\/www.gremi-obres.org\/formacio\/wp-json\/wp\/v2\/comments?post=26262"}],"version-history":[{"count":4,"href":"https:\/\/www.gremi-obres.org\/formacio\/wp-json\/wp\/v2\/pages\/26262\/revisions"}],"predecessor-version":[{"id":26547,"href":"https:\/\/www.gremi-obres.org\/formacio\/wp-json\/wp\/v2\/pages\/26262\/revisions\/26547"}],"wp:attachment":[{"href":"https:\/\/www.gremi-obres.org\/formacio\/wp-json\/wp\/v2\/media?parent=26262"}],"curies":[{"name":"wp","href":"https:\/\/api.w.org\/{rel}","templated":true}]}}