{"id":23103,"date":"2024-09-13T06:59:50","date_gmt":"2024-09-13T06:59:50","guid":{"rendered":"https:\/\/www.gremi-obres.org\/formacio\/?page_id=23103"},"modified":"2026-03-04T06:41:43","modified_gmt":"2026-03-04T06:41:43","slug":"curs-de-comptabilitat-general","status":"publish","type":"page","link":"https:\/\/www.gremi-obres.org\/formacio\/curs-de-comptabilitat-general\/","title":{"rendered":"Formaci\u00f3 Privada: Comptabilitat general: primeres passes en la gesti\u00f3 financera"},"content":{"rendered":"<div class=\"wpb-content-wrapper\"><p>[vc_row row_type=&#8221;row&#8221; use_row_as_full_screen_section=&#8221;no&#8221; type=&#8221;grid&#8221; angled_section=&#8221;no&#8221; text_align=&#8221;left&#8221; background_image_as_pattern=&#8221;without_pattern&#8221; padding_top=&#8221;60&#8243; css_animation=&#8221;&#8221;][vc_column width=&#8221;1\/3&#8243;][vc_column_text]<\/p>\n<h4><strong>FORMACI\u00d3 PRIVADA: Comptabilitat general: primeres passes en la gesti\u00f3 financera<br \/>\n<\/strong><\/h4>\n<p><strong>OBJECTIUS<\/strong><\/p>\n<p>[\/vc_column_text][vc_separator type=&#8221;small&#8221; position=&#8221;left&#8221; color=&#8221;#f29760&#8243; thickness=&#8221;1&#8243; width=&#8221;86&#8243;][vc_column_text]Els canvis constants i cada vegada m\u00e9s accelerats que experimentem requereixen tenir acc\u00e9s a una informaci\u00f3 econ\u00f2mica de l\u2019empresa que sigui cada cop m\u00e9s exacta i objectiva per a poder prendre decisions.<\/p>\n<p>La comptabilitat es defineix com un sistema d\u2019informaci\u00f3 econ\u00f2mica que registra principalment les operacions que l\u2019entitat realitza amb l\u2019exterior. Les empreses han de preparar peri\u00f2dicament documents comptables \u00fatils per a la presa de decisions, com el Balan\u00e7 de Situaci\u00f3 i el Compte de P\u00e8rdues i Guanys. A m\u00e9s, saber com utilitzar i interpretar aquesta informaci\u00f3 \u00e9s essencial i fonamental per a una correcta gesti\u00f3 empresarial. En aquest <a href=\"https:\/\/www.gremi-obres.org\/formacio\/\">curs<\/a> de comptabilitat general descobrir\u00e0s eines imprescindibles per portar la gesti\u00f3 financera de la teva empresa de la forma m\u00e9s eficient.<\/p>\n<p>[\/vc_column_text][vc_separator type=&#8221;transparent&#8221; thickness=&#8221;7&#8243;][vc_column_text]<\/p>\n<p><strong>CONTINGUTS:<\/strong><\/p>\n<p>[\/vc_column_text][vc_separator type=&#8221;small&#8221; position=&#8221;left&#8221; color=&#8221;#f29760&#8243; thickness=&#8221;1&#8243; width=&#8221;86&#8243;][vc_column_text]<\/p>\n<p><strong>Tema 1: El patrimoni de l&#8217;empresa<\/strong><br \/>\n1.1 El balan\u00e7 de situaci\u00f3<\/p>\n<p><strong>Tema2: El resultat de l\u00b4empresa<\/strong><br \/>\n2.1 El compte de p\u00e8rdues i guanys<\/p>\n<p><strong>Tema 3: Els llibres comptables<\/strong><br \/>\n3.1 Llibre diari<br \/>\n3.2 Llibre major<br \/>\n3.3 Balan\u00e7 de sumes i saldos<\/p>\n<p><strong>Tema 4: L&#8217;impost sobre el valor afegit<\/strong><br \/>\n4.1 Comptabilitzaci\u00f3<br \/>\n4.2 Regularitzaci\u00f3<\/p>\n<p>[\/vc_column_text][vc_separator type=&#8221;transparent&#8221; thickness=&#8221;7&#8243;][\/vc_column][vc_column width=&#8221;1\/3&#8243;][vc_separator type=&#8221;transparent&#8221; thickness=&#8221;2&#8243;][vc_single_image image=&#8221;22518&#8243; img_size=&#8221;medium&#8221; alignment=&#8221;center&#8221; qode_css_animation=&#8221;&#8221; css=&#8221;.vc_custom_1714031778835{border-top-width: 0px !important;border-right-width: 0px !important;border-bottom-width: 0px !important;border-left-width: 0px !important;border-left-style: solid !important;border-right-style: solid !important;border-top-style: solid !important;border-bottom-style: solid !important;}&#8221;][vc_separator type=&#8221;transparent&#8221; thickness=&#8221;7&#8243;]<div id=\"mpc_connected_icons-8769ed70b99c879\" class=\"mpc-connected-icons mpc-init mpc-transition \"  data-ci-cols=\"4\" data-target=\"icon\" data-layout=\"vertical\"><div class=\"mpc-connected-icons__line\"><span><\/span><\/div><div data-id=\"mpc_icon_column-8269ed70b99c985\" class=\"mpc-icon-column mpc-init mpc-parent-hover mpc-transition mpc-icon-column--style_3 mpc-align--left \" ><div data-id=\"mpc_icon-4169ed70b99c9c3\" class=\"mpc-icon mpc-init mpc-transition mpc-effect-none mpc-icon-hover \"><div class=\"mpc-icon-wrap\"><i class=\"mpc-icon-part mpc-regular mpc-transition  el el-eur\"><\/i><i class=\"mpc-icon-part mpc-hover mpc-transition  el el-eur\"><\/i><\/div><\/div><div class=\"mpc-icon-column__content-wrap\"><div class=\"mpc-icon-column__content\"><h3 class=\"mpc-icon-column__heading mpc-transition\">PREU<\/h3><div class=\"mpc-icon-column__description mpc-transition\"><p> <em><strong>Preu: 182\u20ac agremiats\/ades i aturats\/ades <\/strong>i<strong> 194\u20ac no agremiats\/ades<\/strong><\/em><\/p>\n<p><em><strong>Nota: <\/strong>Aquest curs es pot bonificar<\/em><\/p>\n<\/div><\/div><\/div><\/div><div data-id=\"mpc_icon_column-7269ed70b99caff\" class=\"mpc-icon-column mpc-init mpc-parent-hover mpc-transition mpc-icon-column--style_3 mpc-align--left \" ><div data-id=\"mpc_icon-7169ed70b99cb23\" class=\"mpc-icon mpc-init mpc-transition mpc-effect-none mpc-icon-hover \"><div class=\"mpc-icon-wrap\"><i class=\"mpc-icon-part mpc-regular mpc-transition  fa fa-chrome\"><\/i><i class=\"mpc-icon-part mpc-hover mpc-transition  fa fa-chrome\"><\/i><\/div><\/div><div class=\"mpc-icon-column__content-wrap\"><div class=\"mpc-icon-column__content\"><h3 class=\"mpc-icon-column__heading mpc-transition\">\u00c1rea<\/h3><div class=\"mpc-icon-column__description mpc-transition\"><p>Gesti\u00f3 i habilitats directives<\/p>\n<\/div><\/div><\/div><\/div><div data-id=\"mpc_icon_column-5269ed70b99cbad\" class=\"mpc-icon-column mpc-init mpc-parent-hover mpc-transition mpc-icon-column--style_3 mpc-align--left \" ><div data-id=\"mpc_icon-1369ed70b99cbc9\" class=\"mpc-icon mpc-init mpc-transition mpc-effect-none mpc-icon-hover \"><div class=\"mpc-icon-wrap\"><i class=\"mpc-icon-part mpc-regular mpc-transition  mi mi-access_alarm\"><\/i><i class=\"mpc-icon-part mpc-hover mpc-transition  mi mi-access_alarm\"><\/i><\/div><\/div><div class=\"mpc-icon-column__content-wrap\"><div class=\"mpc-icon-column__content\"><h3 class=\"mpc-icon-column__heading mpc-transition\">DURACI\u00d3<\/h3><div class=\"mpc-icon-column__description mpc-transition\"><p>Aquest curs t\u00e9 una durada de <strong>16 hores<\/strong><\/p>\n<\/div><\/div><\/div><\/div><div data-id=\"mpc_icon_column-2169ed70b99cc55\" class=\"mpc-icon-column mpc-init mpc-parent-hover mpc-transition mpc-icon-column--style_3 mpc-align--left \" ><div data-id=\"mpc_icon-5769ed70b99cc70\" class=\"mpc-icon mpc-init mpc-transition mpc-effect-none mpc-icon-hover \"><div class=\"mpc-icon-wrap\"><i class=\"mpc-icon-part mpc-regular mpc-transition  fa fa-calendar\"><\/i><i class=\"mpc-icon-part mpc-hover mpc-transition  fa fa-calendar\"><\/i><\/div><\/div><div class=\"mpc-icon-column__content-wrap\"><div class=\"mpc-icon-column__content\"><h3 class=\"mpc-icon-column__heading mpc-transition\">Data<\/h3><div class=\"mpc-icon-column__description mpc-transition\"><p><b>01\/06\/2026 <\/b>a 11\/06\/2026, dilluns i dimecres de 9:30 a 13:30h<\/p>\n<p><a href=\"https:\/\/www.gremi-obres.org\/formacio\/wp-content\/uploads\/2026\/03\/Calendari-COMPTABILITAT-GENERAL.pdf\">DESCARREGA EL CALENDARI<\/a><\/p>\n<\/div><\/div><\/div><\/div><div data-id=\"mpc_icon_column-1269ed70b99ccf9\" class=\"mpc-icon-column mpc-init mpc-parent-hover mpc-transition mpc-icon-column--style_3 mpc-align--left \" ><div data-id=\"mpc_icon-4169ed70b99cd13\" class=\"mpc-icon mpc-init mpc-transition mpc-effect-none mpc-icon-hover \"><div class=\"mpc-icon-wrap\"><i class=\"mpc-icon-part mpc-regular mpc-transition  fa fa-group\"><\/i><i class=\"mpc-icon-part mpc-hover mpc-transition  fa fa-group\"><\/i><\/div><\/div><div class=\"mpc-icon-column__content-wrap\"><div class=\"mpc-icon-column__content\"><h3 class=\"mpc-icon-column__heading mpc-transition\">Modalitat<\/h3><div class=\"mpc-icon-column__description mpc-transition\"><p><b>Curs virtual<\/b><\/p>\n<p>Formador: <a href=\"https:\/\/es.linkedin.com\/in\/marc-masmitja-pujol\"><strong>Marc Masmitj\u00e0<\/strong><\/a><\/p>\n<p>Diplomat en Ci\u00e8ncies Empresarials per la UdG (Universitat de Girona), Llicenciat en Administraci\u00f3 i Direcci\u00f3 d\u00b4Empreses per la UdG, Postgrau en Fiscalitat Directa per la UdG i Grau de Dret per la UOC, a m\u00e9s, de moltes altres coses que per coneixe\u00b4ns tenen relativa import\u00e0ncia. Assessor fiscal, comptable i laboral d\u00b4autonoms i PIMES, aix\u00ed com docent de cursos sobre aquestes mat\u00e8ries. Assessorament a les fam\u00edlies i particulars financerament i a rendibilitzar els seus estalvis. Professor de l\u00b4assignatura \u201cFonaments de l\u00b4Empresa\u201d a la Facultat de Ci\u00e8ncies Econ\u00f2miques i Empresarials de la UdG.<\/p>\n<\/div><\/div><\/div><\/div><div data-id=\"mpc_icon_column-9869ed70b99cd9f\" class=\"mpc-icon-column mpc-init mpc-parent-hover mpc-transition mpc-icon-column--style_3 mpc-align--left \" ><div data-id=\"mpc_icon-6469ed70b99cdb8\" class=\"mpc-icon mpc-init mpc-transition mpc-effect-none mpc-icon-hover \"><div class=\"mpc-icon-wrap\"><i class=\"mpc-icon-part mpc-regular mpc-transition  fa fa-institution\"><\/i><i class=\"mpc-icon-part mpc-hover mpc-transition  fa fa-institution\"><\/i><\/div><\/div><div class=\"mpc-icon-column__content-wrap\"><div class=\"mpc-icon-column__content\"><h3 class=\"mpc-icon-column__heading mpc-transition\">DIPLOMA<\/h3><div class=\"mpc-icon-column__description mpc-transition\"><p>Al finalitzar el curs de comptabilitat general es lliurar\u00e0 un diploma acreditatiu d&#8217;aquesta formaci\u00f3.<\/p>\n<\/div><\/div><\/div><\/div><div data-id=\"mpc_icon_column-5669ed70b99ce3e\" class=\"mpc-icon-column mpc-init mpc-parent-hover mpc-transition mpc-icon-column--style_3 mpc-align--left \" ><div data-id=\"mpc_icon-4269ed70b99ce57\" class=\"mpc-icon mpc-init mpc-transition mpc-effect-none mpc-icon-hover \"><div class=\"mpc-icon-wrap\"><i class=\"mpc-icon-part mpc-regular mpc-transition  fa fa-mortar-board\"><\/i><i class=\"mpc-icon-part mpc-hover mpc-transition  fa fa-mortar-board\"><\/i><\/div><\/div><div class=\"mpc-icon-column__content-wrap\"><div class=\"mpc-icon-column__content\"><h3 class=\"mpc-icon-column__heading mpc-transition\">APPLUS ISO 9001<\/h3><div class=\"mpc-icon-column__description mpc-transition\"><p>Estem certificats en Qualitat, segons la norma UNE-ISO 9001, per l&#8217;entitat Applus, amb la voluntat d&#8217;oferir un servei de m\u00e0xima qualitat formativa.<\/p>\n<\/div><\/div><\/div><\/div><\/div>[vc_separator type=&#8221;transparent&#8221; thickness=&#8221;30&#8243;][\/vc_column][vc_column width=&#8221;1\/3&#8243;][vc_separator type=&#8221;transparent&#8221; thickness=&#8221;25&#8243;][vc_row_inner row_type=&#8221;row&#8221; type=&#8221;full_width&#8221; text_align=&#8221;center&#8221; css_animation=&#8221;&#8221; css=&#8221;.vc_custom_1472720730068{margin-right: 30px !important;margin-left: 30px !important;border-top-width: 1px !important;border-right-width: 1px !important;border-bottom-width: 1px !important;border-left-width: 1px !important;padding-right: 15px !important;padding-left: 15px !important;background-color: #f8971d !important;border-left-color: #000000 !important;border-left-style: solid !important;border-right-color: #000000 !important;border-right-style: solid !important;border-top-color: #000000 !important;border-top-style: solid !important;border-bottom-color: #000000 !important;border-bottom-style: solid !important;}&#8221;][vc_column_inner enable_sticky=&#8221;true&#8221; sticky_offset=&#8221;100&#8243;][vc_separator type=&#8221;transparent&#8221; thickness=&#8221;10&#8243;][vc_column_text]<\/p>\n<h4><strong>Inscripci\u00f3 al curs<\/strong><\/h4>\n<h4>[\/vc_column_text][vc_separator type=&#8221;transparent&#8221; thickness=&#8221;10&#8243;]\n<div class=\"wpcf7 no-js\" id=\"wpcf7-f23138-o1\" lang=\"ca\" dir=\"ltr\" data-wpcf7-id=\"23138\">\n<div class=\"screen-reader-response\"><p role=\"status\" aria-live=\"polite\" aria-atomic=\"true\"><\/p> <ul><\/ul><\/div>\n<form action=\"\/formacio\/wp-json\/wp\/v2\/pages\/23103#wpcf7-f23138-o1\" method=\"post\" class=\"wpcf7-form init\" aria-label=\"Formulari de contacte\" novalidate=\"novalidate\" data-status=\"init\">\n<div style=\"display: none;\">\n<input type=\"hidden\" name=\"_wpcf7\" value=\"23138\" \/>\n<input type=\"hidden\" name=\"_wpcf7_version\" value=\"6.0.6\" \/>\n<input type=\"hidden\" name=\"_wpcf7_locale\" value=\"ca\" \/>\n<input type=\"hidden\" name=\"_wpcf7_unit_tag\" value=\"wpcf7-f23138-o1\" \/>\n<input type=\"hidden\" name=\"_wpcf7_container_post\" value=\"0\" \/>\n<input type=\"hidden\" name=\"_wpcf7_posted_data_hash\" value=\"\" \/>\n<input type=\"hidden\" name=\"_wpcf7_recaptcha_response\" value=\"\" \/>\n<\/div>\n<p><label><b>NOM DEL CURS<br \/>\n<span class=\"wpcf7-form-control-wrap\" data-name=\"NomdelCurs\"><input size=\"40\" maxlength=\"400\" class=\"wpcf7-form-control wpcf7-text wpcf7-validates-as-required\" aria-required=\"true\" aria-invalid=\"false\" value=\"\" type=\"text\" name=\"NomdelCurs\" \/><\/span> <\/b><\/label>\n<\/p>\n<p><label><b>NOM I COGNOMS<br \/>\n<span class=\"wpcf7-form-control-wrap\" data-name=\"your-name\"><input size=\"40\" maxlength=\"400\" class=\"wpcf7-form-control wpcf7-text wpcf7-validates-as-required\" aria-required=\"true\" aria-invalid=\"false\" value=\"\" type=\"text\" name=\"your-name\" \/><\/span> <\/b><\/label>\n<\/p>\n<p><label> <b>CORREU ELECTR\u00d2NIC<br \/>\n<span class=\"wpcf7-form-control-wrap\" data-name=\"your-email\"><input size=\"40\" maxlength=\"400\" class=\"wpcf7-form-control wpcf7-email wpcf7-validates-as-required wpcf7-text wpcf7-validates-as-email\" aria-required=\"true\" aria-invalid=\"false\" value=\"\" type=\"email\" name=\"your-email\" \/><\/span> <\/b><\/label>\n<\/p>\n<p><label><b>TEL\u00c8FON<br \/>\n<span class=\"wpcf7-form-control-wrap\" data-name=\"TELEFON\"><input size=\"40\" maxlength=\"400\" class=\"wpcf7-form-control wpcf7-tel wpcf7-validates-as-required wpcf7-text wpcf7-validates-as-tel\" aria-required=\"true\" aria-invalid=\"false\" value=\"\" type=\"tel\" name=\"TELEFON\" \/><\/span> <\/b><\/label>\n<\/p>\n<p><label><b>COM ENS HAS CONEGUT?<br \/>\n<span class=\"wpcf7-form-control-wrap\" data-name=\"COMENSHASCONEGUT\"><select class=\"wpcf7-form-control wpcf7-select wpcf7-validates-as-required\" aria-required=\"true\" aria-invalid=\"false\" name=\"COMENSHASCONEGUT\"><option value=\"\">&#8212;Trieu una opci\u00f3&#8212;<\/option><option value=\"Instagram\">Instagram<\/option><option value=\"Linkedin\">Linkedin<\/option><option value=\"Facebook\">Facebook<\/option><option value=\"Web del Gremi\">Web del Gremi<\/option><option value=\"Correu elecr\u00f3nic\">Correu elecr\u00f3nic<\/option><option value=\"Altres\">Altres<\/option><\/select><\/span> <\/b><\/label>\n<\/p>\n<p><label><b> SI HAS SELECCIONAT ALTRES, ENS HO POTS INDICAR?<br \/>\n<span class=\"wpcf7-form-control-wrap\" data-name=\"TEXT\"><input size=\"40\" maxlength=\"400\" class=\"wpcf7-form-control wpcf7-text wpcf7-validates-as-required\" aria-required=\"true\" aria-invalid=\"false\" value=\"\" type=\"text\" name=\"TEXT\" \/><\/span> <\/b><\/label>\n<\/p>\n<p><span class=\"wpcf7-form-control-wrap\" data-name=\"acceptance-324\"><span class=\"wpcf7-form-control wpcf7-acceptance\"><span class=\"wpcf7-list-item\"><input type=\"checkbox\" name=\"acceptance-324\" value=\"1\" aria-invalid=\"false\" \/><\/span><\/span><\/span> He llegit i accepto la <a href=\"http:\/\/www.gremi-obres.org\/avis-legal-de-la-web\/\">Pol\u00edtica de Privacitat<\/a> (obligatori)\n<\/p>\n<p>En compliment del Reglament (UE) 2016\/679, de Protecci\u00f3 de Dades (RGPD), les dades personals facilitades seran tractades pel Gremi de la Construcci\u00f3 de Barcelona, com a responsable del tractament, amb la finalitat de desenvolupar la formaci\u00f3 i gestionar l\u2019assist\u00e8ncia de la formaci\u00f3 sol\u00b7licitada, aix\u00ed com mantenir la relaci\u00f3 comercial o institucional, aix\u00ed com remetre informaci\u00f3 sobre serveis, activitats i q\u00fcestions relacionades amb el sector de la construcci\u00f3. La base jur\u00eddica del tractament \u00e9s el consentiment de la persona interessada i\/o l\u2019execuci\u00f3 de la relaci\u00f3 existent. Les dades no seran cedides a tercers, excepte obligaci\u00f3 legal o autoritzaci\u00f3 expressa de la persona interessada. Les dades es conservaran durant el temps necessari per complir amb les finalitats del tractament i, si escau, durant els terminis legalment exigibles.\n<\/p>\n<p>La persona interessada pot exercir els seus drets d\u2019acc\u00e9s, rectificaci\u00f3, supressi\u00f3, limitaci\u00f3 del tractament, oposici\u00f3 i portabilitat mitjan\u00e7ant escrit adre\u00e7at a Gran Via de les Corts Catalanes, 663, 6a planta, 08010 Barcelona, o b\u00e9 a l\u2019adre\u00e7a electr\u00f2nica info@gremi-obres.org. Aix\u00ed mateix, si considera que els seus drets no han estat degudament atesos, pot presentar una reclamaci\u00f3 davant l\u2019Ag\u00e8ncia Espanyola de Protecci\u00f3 de Dades (AEPD). Per m\u00e9s informaci\u00f3 referent al tractament de les seves dades, pot consultar la nostra pol\u00edtica de privacitat a: https:\/\/www.gremi-obres.org\/avis-legal-de-la-web\/\n<\/p>\n<p><input class=\"wpcf7-form-control wpcf7-submit has-spinner\" type=\"submit\" value=\"Enviar\" \/>\n<\/p><div class=\"wpcf7-response-output\" aria-hidden=\"true\"><\/div>\n<\/form>\n<\/div>\n[vc_separator type=&#8221;transparent&#8221; thickness=&#8221;20&#8243;][vc_separator type=&#8221;transparent&#8221; thickness=&#8221;20&#8243;][\/vc_column_inner][\/vc_row_inner][\/vc_column][\/vc_row][vc_row row_type=&#8221;row&#8221; use_row_as_full_screen_section=&#8221;no&#8221; type=&#8221;full_width&#8221; angled_section=&#8221;no&#8221; text_align=&#8221;left&#8221; background_image_as_pattern=&#8221;without_pattern&#8221; css_animation=&#8221;&#8221;][vc_column][vc_separator type=&#8221;transparent&#8221; thickness=&#8221;55&#8243;][\/vc_column][\/vc_row]<\/h4>\n<\/div>","protected":false},"excerpt":{"rendered":"<p>[vc_row row_type=&#8221;row&#8221; use_row_as_full_screen_section=&#8221;no&#8221; type=&#8221;grid&#8221; angled_section=&#8221;no&#8221; text_align=&#8221;left&#8221; background_image_as_pattern=&#8221;without_pattern&#8221; padding_top=&#8221;60&#8243; css_animation=&#8221;&#8221;][vc_column width=&#8221;1\/3&#8243;][vc_column_text] FORMACI\u00d3 PRIVADA: Comptabilitat general: primeres passes en la gesti\u00f3 financera OBJECTIUS [\/vc_column_text][vc_separator type=&#8221;small&#8221; position=&#8221;left&#8221; color=&#8221;#f29760&#8243; thickness=&#8221;1&#8243; width=&#8221;86&#8243;][vc_column_text]Els canvis constants i cada vegada m\u00e9s accelerats que experimentem requereixen tenir acc\u00e9s a una informaci\u00f3 econ\u00f2mica de l\u2019empresa<\/p>\n","protected":false},"author":1,"featured_media":0,"parent":0,"menu_order":0,"comment_status":"closed","ping_status":"closed","template":"","meta":{"footnotes":""},"class_list":["post-23103","page","type-page","status-publish","hentry"],"yoast_head":"<!-- This site is optimized with the Yoast SEO plugin v25.3 - https:\/\/yoast.com\/wordpress\/plugins\/seo\/ -->\n<title>Curs de Comptabilitat general: Primeres passes en la gesti\u00f3 financera<\/title>\n<meta name=\"description\" content=\"En aquest curs de comptabilitat general descobrir\u00e0s eines imprescindibles per portar la gesti\u00f3 financera de la teva empresa correctament\" \/>\n<meta name=\"robots\" content=\"index, follow, max-snippet:-1, max-image-preview:large, max-video-preview:-1\" \/>\n<link rel=\"canonical\" href=\"https:\/\/www.gremi-obres.org\/formacio\/curs-de-comptabilitat-general\/\" \/>\n<meta property=\"og:locale\" content=\"ca_ES\" \/>\n<meta property=\"og:type\" content=\"article\" \/>\n<meta property=\"og:title\" content=\"Curs de Comptabilitat general: Primeres passes en la gesti\u00f3 financera\" \/>\n<meta property=\"og:description\" content=\"En aquest curs de comptabilitat general descobrir\u00e0s eines imprescindibles per portar la gesti\u00f3 financera de la teva empresa correctament\" \/>\n<meta property=\"og:url\" content=\"https:\/\/www.gremi-obres.org\/formacio\/curs-de-comptabilitat-general\/\" \/>\n<meta property=\"og:site_name\" content=\"Gremi de Constructors d&#039;Obres\" \/>\n<meta property=\"article:modified_time\" content=\"2026-03-04T06:41:43+00:00\" \/>\n<meta name=\"twitter:card\" content=\"summary_large_image\" \/>\n<meta name=\"twitter:label1\" content=\"Temps estimat de lectura\" \/>\n\t<meta name=\"twitter:data1\" content=\"4 minuts\" \/>\n<script type=\"application\/ld+json\" class=\"yoast-schema-graph\">{\"@context\":\"https:\/\/schema.org\",\"@graph\":[{\"@type\":\"WebPage\",\"@id\":\"https:\/\/www.gremi-obres.org\/formacio\/curs-de-comptabilitat-general\/\",\"url\":\"https:\/\/www.gremi-obres.org\/formacio\/curs-de-comptabilitat-general\/\",\"name\":\"Curs de Comptabilitat general: Primeres passes en la gesti\u00f3 financera\",\"isPartOf\":{\"@id\":\"https:\/\/www.gremi-obres.org\/formacio\/#website\"},\"datePublished\":\"2024-09-13T06:59:50+00:00\",\"dateModified\":\"2026-03-04T06:41:43+00:00\",\"description\":\"En aquest curs de comptabilitat general descobrir\u00e0s eines imprescindibles per portar la gesti\u00f3 financera de la teva empresa correctament\",\"breadcrumb\":{\"@id\":\"https:\/\/www.gremi-obres.org\/formacio\/curs-de-comptabilitat-general\/#breadcrumb\"},\"inLanguage\":\"ca\",\"potentialAction\":[{\"@type\":\"ReadAction\",\"target\":[\"https:\/\/www.gremi-obres.org\/formacio\/curs-de-comptabilitat-general\/\"]}]},{\"@type\":\"BreadcrumbList\",\"@id\":\"https:\/\/www.gremi-obres.org\/formacio\/curs-de-comptabilitat-general\/#breadcrumb\",\"itemListElement\":[{\"@type\":\"ListItem\",\"position\":1,\"name\":\"Inici\",\"item\":\"https:\/\/www.gremi-obres.org\/formacio\/\"},{\"@type\":\"ListItem\",\"position\":2,\"name\":\"Formaci\u00f3 Privada: Comptabilitat general: primeres passes en la gesti\u00f3 financera\"}]},{\"@type\":\"WebSite\",\"@id\":\"https:\/\/www.gremi-obres.org\/formacio\/#website\",\"url\":\"https:\/\/www.gremi-obres.org\/formacio\/\",\"name\":\"Gremi de Constructors d&#039;Obres\",\"description\":\"Formaci\u00f3 del Gremi de Constructors d&#039;Obres.\",\"potentialAction\":[{\"@type\":\"SearchAction\",\"target\":{\"@type\":\"EntryPoint\",\"urlTemplate\":\"https:\/\/www.gremi-obres.org\/formacio\/?s={search_term_string}\"},\"query-input\":{\"@type\":\"PropertyValueSpecification\",\"valueRequired\":true,\"valueName\":\"search_term_string\"}}],\"inLanguage\":\"ca\"}]}<\/script>\n<!-- \/ Yoast SEO plugin. -->","yoast_head_json":{"title":"Curs de Comptabilitat general: Primeres passes en la gesti\u00f3 financera","description":"En aquest curs de comptabilitat general descobrir\u00e0s eines imprescindibles per portar la gesti\u00f3 financera de la teva empresa correctament","robots":{"index":"index","follow":"follow","max-snippet":"max-snippet:-1","max-image-preview":"max-image-preview:large","max-video-preview":"max-video-preview:-1"},"canonical":"https:\/\/www.gremi-obres.org\/formacio\/curs-de-comptabilitat-general\/","og_locale":"ca_ES","og_type":"article","og_title":"Curs de Comptabilitat general: Primeres passes en la gesti\u00f3 financera","og_description":"En aquest curs de comptabilitat general descobrir\u00e0s eines imprescindibles per portar la gesti\u00f3 financera de la teva empresa correctament","og_url":"https:\/\/www.gremi-obres.org\/formacio\/curs-de-comptabilitat-general\/","og_site_name":"Gremi de Constructors d&#039;Obres","article_modified_time":"2026-03-04T06:41:43+00:00","twitter_card":"summary_large_image","twitter_misc":{"Temps estimat de lectura":"4 minuts"},"schema":{"@context":"https:\/\/schema.org","@graph":[{"@type":"WebPage","@id":"https:\/\/www.gremi-obres.org\/formacio\/curs-de-comptabilitat-general\/","url":"https:\/\/www.gremi-obres.org\/formacio\/curs-de-comptabilitat-general\/","name":"Curs de Comptabilitat general: Primeres passes en la gesti\u00f3 financera","isPartOf":{"@id":"https:\/\/www.gremi-obres.org\/formacio\/#website"},"datePublished":"2024-09-13T06:59:50+00:00","dateModified":"2026-03-04T06:41:43+00:00","description":"En aquest curs de comptabilitat general descobrir\u00e0s eines imprescindibles per portar la gesti\u00f3 financera de la teva empresa correctament","breadcrumb":{"@id":"https:\/\/www.gremi-obres.org\/formacio\/curs-de-comptabilitat-general\/#breadcrumb"},"inLanguage":"ca","potentialAction":[{"@type":"ReadAction","target":["https:\/\/www.gremi-obres.org\/formacio\/curs-de-comptabilitat-general\/"]}]},{"@type":"BreadcrumbList","@id":"https:\/\/www.gremi-obres.org\/formacio\/curs-de-comptabilitat-general\/#breadcrumb","itemListElement":[{"@type":"ListItem","position":1,"name":"Inici","item":"https:\/\/www.gremi-obres.org\/formacio\/"},{"@type":"ListItem","position":2,"name":"Formaci\u00f3 Privada: Comptabilitat general: primeres passes en la gesti\u00f3 financera"}]},{"@type":"WebSite","@id":"https:\/\/www.gremi-obres.org\/formacio\/#website","url":"https:\/\/www.gremi-obres.org\/formacio\/","name":"Gremi de Constructors d&#039;Obres","description":"Formaci\u00f3 del Gremi de Constructors d&#039;Obres.","potentialAction":[{"@type":"SearchAction","target":{"@type":"EntryPoint","urlTemplate":"https:\/\/www.gremi-obres.org\/formacio\/?s={search_term_string}"},"query-input":{"@type":"PropertyValueSpecification","valueRequired":true,"valueName":"search_term_string"}}],"inLanguage":"ca"}]}},"_links":{"self":[{"href":"https:\/\/www.gremi-obres.org\/formacio\/wp-json\/wp\/v2\/pages\/23103","targetHints":{"allow":["GET"]}}],"collection":[{"href":"https:\/\/www.gremi-obres.org\/formacio\/wp-json\/wp\/v2\/pages"}],"about":[{"href":"https:\/\/www.gremi-obres.org\/formacio\/wp-json\/wp\/v2\/types\/page"}],"author":[{"embeddable":true,"href":"https:\/\/www.gremi-obres.org\/formacio\/wp-json\/wp\/v2\/users\/1"}],"replies":[{"embeddable":true,"href":"https:\/\/www.gremi-obres.org\/formacio\/wp-json\/wp\/v2\/comments?post=23103"}],"version-history":[{"count":30,"href":"https:\/\/www.gremi-obres.org\/formacio\/wp-json\/wp\/v2\/pages\/23103\/revisions"}],"predecessor-version":[{"id":26843,"href":"https:\/\/www.gremi-obres.org\/formacio\/wp-json\/wp\/v2\/pages\/23103\/revisions\/26843"}],"wp:attachment":[{"href":"https:\/\/www.gremi-obres.org\/formacio\/wp-json\/wp\/v2\/media?parent=23103"}],"curies":[{"name":"wp","href":"https:\/\/api.w.org\/{rel}","templated":true}]}}