{"id":1930,"date":"2016-12-16T09:57:43","date_gmt":"2016-12-16T09:57:43","guid":{"rendered":"https:\/\/www.gremi-obres.org\/formacio\/?page_id=1930"},"modified":"2026-03-12T13:02:32","modified_gmt":"2026-03-12T13:02:32","slug":"curs-primers-auxilis-privat","status":"publish","type":"page","link":"https:\/\/www.gremi-obres.org\/formacio\/curs-primers-auxilis-privat\/","title":{"rendered":"Curs Privat: Primers Auxilis"},"content":{"rendered":"<div class=\"wpb-content-wrapper\"><p>[vc_row row_type=&#8221;row&#8221; use_row_as_full_screen_section=&#8221;no&#8221; type=&#8221;grid&#8221; angled_section=&#8221;no&#8221; text_align=&#8221;left&#8221; background_image_as_pattern=&#8221;without_pattern&#8221; padding_top=&#8221;60&#8243; css_animation=&#8221;&#8221;][vc_column width=&#8221;1\/3&#8243;][vc_column_text]<\/p>\n<h4><strong>CURS PRIVAT: PRIMERS AUXILIS<\/strong><\/h4>\n<p><strong>OBJECTIUS GENERALS<\/strong><\/p>\n<p>[\/vc_column_text][vc_separator type=&#8221;small&#8221; position=&#8221;left&#8221; color=&#8221;#f29760&#8243; thickness=&#8221;1&#8243; width=&#8221;86&#8243;][vc_column_text]<span lang=\"CA\">Desenvolupar i establir plans d&#8217;emerg\u00e8ncia efectius a llocs de construcci\u00f3 per garantir la seguretat dels treballadors i minimitzar els riscos.<\/span><\/p>\n<p>[\/vc_column_text][vc_separator type=&#8221;transparent&#8221; thickness=&#8221;7&#8243;][vc_column_text]<\/p>\n<p><strong>OBJECTIUS ESPEC\u00cdFICS<\/strong><\/p>\n<p>[\/vc_column_text][vc_separator type=&#8221;small&#8221; position=&#8221;left&#8221; color=&#8221;#f29760&#8243; thickness=&#8221;1&#8243; width=&#8221;86&#8243;][vc_column_text]<\/p>\n<ul>\n<li>Identificar i avaluar els possibles riscos i perills presents al lloc de construcci\u00f3.<\/li>\n<li>Establir procediments clars i eficients per evacuar emerg\u00e8ncia.<\/li>\n<li>Designar i capacitar un equip de resposta r\u00e0pida per a situacions d&#8217;emerg\u00e8ncia.<\/li>\n<li>Implementar mesures preventives per reduir la probabilitat d&#8217;emerg\u00e8ncies.<\/li>\n<\/ul>\n<p>[\/vc_column_text][vc_separator type=&#8221;transparent&#8221; thickness=&#8221;7&#8243;][vc_column_text]<\/p>\n<p><strong>CONTINGUTS:<\/strong><\/p>\n<p>[\/vc_column_text][vc_separator type=&#8221;small&#8221; position=&#8221;left&#8221; color=&#8221;#f29760&#8243; thickness=&#8221;1&#8243; width=&#8221;86&#8243;][vc_column_text]<\/p>\n<p>A. Plans d\u00b4emerg\u00e8ncies en construcci\u00f3.<\/p>\n<p>B. Emerg\u00e8ncies m\u00e9s freq\u00fcents en obres.<br \/>\n\u2212 Incendis.<br \/>\n\u2212 Accidents.<\/p>\n<p>C. Mitjans materials i recursos humans necessaris.<\/p>\n<p>\u2212 Local i material de primers auxilis (farmaciola).<br \/>\n\u2212 Mitjans de protecci\u00f3 contra incendis.<br \/>\n\u2212 Equips responsables. Organitzaci\u00f3 i formaci\u00f3.<\/p>\n<p>D. Procediments b\u00e0sics de primers auxilis.<\/p>\n<p>\u2212 Reanimaci\u00f3 cardiopulmonar.<br \/>\n\u2212 Ferides i contusions.<br \/>\n\u2212 Traumatismes.<br \/>\n\u2212 Cremades.<br \/>\n\u2212 Cop de calor.<br \/>\n\u2212 Contacte el\u00e8ctric.<\/p>\n<p>E. Compliment operatiu i legal. Conceptes generals, responsabilitats i canals de consulta.<\/p>\n<p>[\/vc_column_text][vc_separator type=&#8221;transparent&#8221; thickness=&#8221;7&#8243;][\/vc_column][vc_column width=&#8221;1\/3&#8243;][vc_separator type=&#8221;transparent&#8221; thickness=&#8221;2&#8243;][vc_single_image image=&#8221;19780&#8243; img_size=&#8221;medium&#8221; alignment=&#8221;center&#8221; qode_css_animation=&#8221;&#8221; css=&#8221;.vc_custom_1710246204310{border-top-width: 0px !important;border-right-width: 0px !important;border-bottom-width: 0px !important;border-left-width: 0px !important;border-left-style: solid !important;border-right-style: solid !important;border-top-style: solid !important;border-bottom-style: solid !important;}&#8221;][vc_separator type=&#8221;transparent&#8221; thickness=&#8221;7&#8243;]<div id=\"mpc_connected_icons-1669ff73940bd7f\" class=\"mpc-connected-icons mpc-init mpc-transition \"  data-ci-cols=\"4\" data-target=\"icon\" data-layout=\"vertical\"><div class=\"mpc-connected-icons__line\"><span><\/span><\/div><div data-id=\"mpc_icon_column-9669ff73940beef\" class=\"mpc-icon-column mpc-init mpc-parent-hover mpc-transition mpc-icon-column--style_3 mpc-align--left \" ><div data-id=\"mpc_icon-869ff73940bf2f\" class=\"mpc-icon mpc-init mpc-transition mpc-effect-none mpc-icon-hover \"><div class=\"mpc-icon-wrap\"><i class=\"mpc-icon-part mpc-regular mpc-transition  el el-eur\"><\/i><i class=\"mpc-icon-part mpc-hover mpc-transition  el el-eur\"><\/i><\/div><\/div><div class=\"mpc-icon-column__content-wrap\"><div class=\"mpc-icon-column__content\"><h3 class=\"mpc-icon-column__heading mpc-transition\">PREU<\/h3><div class=\"mpc-icon-column__description mpc-transition\"><p><span lang=\"CA\"><b>62 \u20ac per a agremiats\/ades i\/o aturats\/ades i 66 \u20ac\u00a0 per a no agremiats\/ades<\/b><\/span><\/p>\n<\/div><\/div><\/div><\/div><div data-id=\"mpc_icon_column-6569ff73940c030\" class=\"mpc-icon-column mpc-init mpc-parent-hover mpc-transition mpc-icon-column--style_3 mpc-align--left \" ><div data-id=\"mpc_icon-7869ff73940c066\" class=\"mpc-icon mpc-init mpc-transition mpc-effect-none mpc-icon-hover \"><div class=\"mpc-icon-wrap\"><i class=\"mpc-icon-part mpc-regular mpc-transition  fa fa-chrome\"><\/i><i class=\"mpc-icon-part mpc-hover mpc-transition  fa fa-chrome\"><\/i><\/div><\/div><div class=\"mpc-icon-column__content-wrap\"><div class=\"mpc-icon-column__content\"><h3 class=\"mpc-icon-column__heading mpc-transition\">\u00c1rea<\/h3><div class=\"mpc-icon-column__description mpc-transition\"><p>PRL, Maquin\u00e0ria i Oficis<\/p>\n<\/div><\/div><\/div><\/div><div data-id=\"mpc_icon_column-6869ff73940c117\" class=\"mpc-icon-column mpc-init mpc-parent-hover mpc-transition mpc-icon-column--style_3 mpc-align--left \" ><div data-id=\"mpc_icon-5169ff73940c137\" class=\"mpc-icon mpc-init mpc-transition mpc-effect-none mpc-icon-hover \"><div class=\"mpc-icon-wrap\"><i class=\"mpc-icon-part mpc-regular mpc-transition  mi mi-access_alarm\"><\/i><i class=\"mpc-icon-part mpc-hover mpc-transition  mi mi-access_alarm\"><\/i><\/div><\/div><div class=\"mpc-icon-column__content-wrap\"><div class=\"mpc-icon-column__content\"><h3 class=\"mpc-icon-column__heading mpc-transition\">DURACI\u00d3<\/h3><div class=\"mpc-icon-column__description mpc-transition\"><p>Aquest curs t\u00e9 una durada de <strong>4\u00a0hores<\/strong><\/p>\n<\/div><\/div><\/div><\/div><div data-id=\"mpc_icon_column-2469ff73940c1f3\" class=\"mpc-icon-column mpc-init mpc-parent-hover mpc-transition mpc-icon-column--style_3 mpc-align--left \" ><div data-id=\"mpc_icon-9469ff73940c211\" class=\"mpc-icon mpc-init mpc-transition mpc-effect-none mpc-icon-hover \"><div class=\"mpc-icon-wrap\"><i class=\"mpc-icon-part mpc-regular mpc-transition  fa fa-calendar\"><\/i><i class=\"mpc-icon-part mpc-hover mpc-transition  fa fa-calendar\"><\/i><\/div><\/div><div class=\"mpc-icon-column__content-wrap\"><div class=\"mpc-icon-column__content\"><h3 class=\"mpc-icon-column__heading mpc-transition\">Data<\/h3><div class=\"mpc-icon-column__description mpc-transition\"><p><span lang=\"CA\">Dia i hora: <strong>18 de juny de 2026, de 15:00 a 19:00 h<\/strong><\/span><\/p>\n<p><a href=\"https:\/\/www.gremi-obres.org\/formacio\/wp-content\/uploads\/2026\/03\/Calendari-Primers-Auxilis.pdf\">DESCARREGA EL CALENDARI<\/a><\/p>\n<\/div><\/div><\/div><\/div><div data-id=\"mpc_icon_column-4469ff73940c339\" class=\"mpc-icon-column mpc-init mpc-parent-hover mpc-transition mpc-icon-column--style_3 mpc-align--left \" ><div data-id=\"mpc_icon-6569ff73940c367\" class=\"mpc-icon mpc-init mpc-transition mpc-effect-none mpc-icon-hover \"><div class=\"mpc-icon-wrap\"><i class=\"mpc-icon-part mpc-regular mpc-transition  fa fa-map-marker\"><\/i><i class=\"mpc-icon-part mpc-hover mpc-transition  fa fa-map-marker\"><\/i><\/div><\/div><div class=\"mpc-icon-column__content-wrap\"><div class=\"mpc-icon-column__content\"><h3 class=\"mpc-icon-column__heading mpc-transition\">Lloc<\/h3><div class=\"mpc-icon-column__description mpc-transition\"><p><strong>GREMI DE LA CONSTRUCCI\u00d3 DE BARCELONA<\/strong><\/p>\n<p><a href=\"https:\/\/maps.app.goo.gl\/gyN8eTATKfeqiF768\" target=\"_blank\" rel=\"noopener\">Gran Via de les Corts Catalanes 663, baixos, 08010 Barcelona<\/a><\/p>\n<\/div><\/div><\/div><\/div><div data-id=\"mpc_icon_column-4269ff73940c436\" class=\"mpc-icon-column mpc-init mpc-parent-hover mpc-transition mpc-icon-column--style_3 mpc-align--left \" ><div data-id=\"mpc_icon-6669ff73940c45d\" class=\"mpc-icon mpc-init mpc-transition mpc-effect-none mpc-icon-hover \"><div class=\"mpc-icon-wrap\"><i class=\"mpc-icon-part mpc-regular mpc-transition  fa fa-group\"><\/i><i class=\"mpc-icon-part mpc-hover mpc-transition  fa fa-group\"><\/i><\/div><\/div><div class=\"mpc-icon-column__content-wrap\"><div class=\"mpc-icon-column__content\"><h3 class=\"mpc-icon-column__heading mpc-transition\">Modalitat<\/h3><div class=\"mpc-icon-column__description mpc-transition\"><p><b>Curs presencial amb Formador<\/b><\/p>\n<p>Formadora: <strong>Sylvia Vilagran<\/strong><\/p>\n<p>Profesional amb \u00e0mplia experi\u00e8ncia com a docent i t\u00e8cnica en Prevenci\u00f3 de Riscos Laborals, formant equips i desenvolupant plans preventius. Ha impartit cursos oficials del SOC, PRL TELCO, FLC i formacions en primers auxilis i teleformaci\u00f3. Tamb\u00e9 ha exercit com a t\u00e8cnica de PRL en empreses industrials i com a docent en centres educatius, implementant mesures preventives i plans d\u2019emerg\u00e8ncia. Aporta experi\u00e8ncia en gesti\u00f3, administraci\u00f3 i desenvolupament de projectes formatius.<\/p>\n<\/div><\/div><\/div><\/div><div data-id=\"mpc_icon_column-9069ff73940c525\" class=\"mpc-icon-column mpc-init mpc-parent-hover mpc-transition mpc-icon-column--style_3 mpc-align--left \" ><div data-id=\"mpc_icon-5369ff73940c549\" class=\"mpc-icon mpc-init mpc-transition mpc-effect-none mpc-icon-hover \"><div class=\"mpc-icon-wrap\"><i class=\"mpc-icon-part mpc-regular mpc-transition  fa fa-institution\"><\/i><i class=\"mpc-icon-part mpc-hover mpc-transition  fa fa-institution\"><\/i><\/div><\/div><div class=\"mpc-icon-column__content-wrap\"><div class=\"mpc-icon-column__content\"><h3 class=\"mpc-icon-column__heading mpc-transition\">DIPLOMA<\/h3><div class=\"mpc-icon-column__description mpc-transition\"><p>Al finalitzar el curs es lliurar\u00e0 un diploma acreditatiu d&#8217;aquesta formaci\u00f3.<\/p>\n<\/div><\/div><\/div><\/div><div data-id=\"mpc_icon_column-3469ff73940c5e2\" class=\"mpc-icon-column mpc-init mpc-parent-hover mpc-transition mpc-icon-column--style_3 mpc-align--left \" ><div data-id=\"mpc_icon-5369ff73940c5fd\" class=\"mpc-icon mpc-init mpc-transition mpc-effect-none mpc-icon-hover \"><div class=\"mpc-icon-wrap\"><i class=\"mpc-icon-part mpc-regular mpc-transition  fa fa-mortar-board\"><\/i><i class=\"mpc-icon-part mpc-hover mpc-transition  fa fa-mortar-board\"><\/i><\/div><\/div><div class=\"mpc-icon-column__content-wrap\"><div class=\"mpc-icon-column__content\"><h3 class=\"mpc-icon-column__heading mpc-transition\">APPLUS ISO 9001<\/h3><div class=\"mpc-icon-column__description mpc-transition\"><p>Estem certificats\u00a0en Qualitat, segons la norma UNE-ISO 9001, per l&#8217;entitat Applus, amb la voluntat d&#8217;oferir un servei de m\u00e0xima qualitat formativa.<\/p>\n<\/div><\/div><\/div><\/div><\/div>[vc_separator type=&#8221;transparent&#8221; thickness=&#8221;30&#8243;][\/vc_column][vc_column width=&#8221;1\/3&#8243;][vc_separator type=&#8221;transparent&#8221; thickness=&#8221;25&#8243;][vc_row_inner row_type=&#8221;row&#8221; type=&#8221;full_width&#8221; text_align=&#8221;center&#8221; css_animation=&#8221;&#8221; css=&#8221;.vc_custom_1472720730068{margin-right: 30px !important;margin-left: 30px !important;border-top-width: 1px !important;border-right-width: 1px !important;border-bottom-width: 1px !important;border-left-width: 1px !important;padding-right: 15px !important;padding-left: 15px !important;background-color: #f8971d !important;border-left-color: #000000 !important;border-left-style: solid !important;border-right-color: #000000 !important;border-right-style: solid !important;border-top-color: #000000 !important;border-top-style: solid !important;border-bottom-color: #000000 !important;border-bottom-style: solid !important;}&#8221;][vc_column_inner enable_sticky=&#8221;true&#8221; sticky_offset=&#8221;100&#8243;][vc_separator type=&#8221;transparent&#8221; thickness=&#8221;10&#8243;][vc_column_text]<\/p>\n<h4><strong>Inscripci\u00f3 al curs<\/strong><\/h4>\n<p>[\/vc_column_text][vc_separator type=&#8221;transparent&#8221; thickness=&#8221;10&#8243;]\n<div class=\"wpcf7 no-js\" id=\"wpcf7-f1287-o1\" lang=\"ca\" dir=\"ltr\" data-wpcf7-id=\"1287\">\n<div class=\"screen-reader-response\"><p role=\"status\" aria-live=\"polite\" aria-atomic=\"true\"><\/p> <ul><\/ul><\/div>\n<form action=\"\/formacio\/wp-json\/wp\/v2\/pages\/1930#wpcf7-f1287-o1\" method=\"post\" class=\"wpcf7-form init cf7_custom_style_3\" aria-label=\"Formulari de contacte\" novalidate=\"novalidate\" data-status=\"init\">\n<div style=\"display: none;\">\n<input type=\"hidden\" name=\"_wpcf7\" value=\"1287\" \/>\n<input type=\"hidden\" name=\"_wpcf7_version\" value=\"6.0.6\" \/>\n<input type=\"hidden\" name=\"_wpcf7_locale\" value=\"ca\" \/>\n<input type=\"hidden\" name=\"_wpcf7_unit_tag\" value=\"wpcf7-f1287-o1\" \/>\n<input type=\"hidden\" name=\"_wpcf7_container_post\" value=\"0\" \/>\n<input type=\"hidden\" name=\"_wpcf7_posted_data_hash\" value=\"\" \/>\n<input type=\"hidden\" name=\"_wpcf7_recaptcha_response\" value=\"\" \/>\n<\/div>\n<p><label><b>NOM DEL CURS<br \/>\n<span class=\"wpcf7-form-control-wrap\" data-name=\"NomdelCurs\"><input size=\"40\" maxlength=\"400\" class=\"wpcf7-form-control wpcf7-text wpcf7-validates-as-required\" aria-required=\"true\" aria-invalid=\"false\" value=\"\" type=\"text\" name=\"NomdelCurs\" \/><\/span> <\/b><\/label>\n<\/p>\n<p><label><b>NOM I COGNOMS<br \/>\n<span class=\"wpcf7-form-control-wrap\" data-name=\"your-name\"><input size=\"40\" maxlength=\"400\" class=\"wpcf7-form-control wpcf7-text wpcf7-validates-as-required\" aria-required=\"true\" aria-invalid=\"false\" value=\"\" type=\"text\" name=\"your-name\" \/><\/span> <\/b><\/label>\n<\/p>\n<p><label> <b>CORREU ELECTR\u00d2NIC<br \/>\n<span class=\"wpcf7-form-control-wrap\" data-name=\"your-email\"><input size=\"40\" maxlength=\"400\" class=\"wpcf7-form-control wpcf7-email wpcf7-validates-as-required wpcf7-text wpcf7-validates-as-email\" aria-required=\"true\" aria-invalid=\"false\" value=\"\" type=\"email\" name=\"your-email\" \/><\/span> <\/b><\/label>\n<\/p>\n<p><label><b>TEL\u00c8FON<br \/>\n<span class=\"wpcf7-form-control-wrap\" data-name=\"TELEFON\"><input size=\"40\" maxlength=\"400\" class=\"wpcf7-form-control wpcf7-tel wpcf7-validates-as-required wpcf7-text wpcf7-validates-as-tel\" aria-required=\"true\" aria-invalid=\"false\" value=\"\" type=\"tel\" name=\"TELEFON\" \/><\/span> <\/b><\/label>\n<\/p>\n<p><label><b>COM ENS HAS CONEGUT?<br \/>\n<span class=\"wpcf7-form-control-wrap\" data-name=\"COMENSHASCONEGUT\"><select class=\"wpcf7-form-control wpcf7-select wpcf7-validates-as-required\" aria-required=\"true\" aria-invalid=\"false\" name=\"COMENSHASCONEGUT\"><option value=\"\">&#8212;Trieu una opci\u00f3&#8212;<\/option><option value=\"Instagram\">Instagram<\/option><option value=\"Linkedin\">Linkedin<\/option><option value=\"Facebook\">Facebook<\/option><option value=\"Web del Gremi\">Web del Gremi<\/option><option value=\"Correu elecr\u00f3nic\">Correu elecr\u00f3nic<\/option><option value=\"Altres\">Altres<\/option><\/select><\/span> <\/b><\/label>\n<\/p>\n<p><label><b> SI HAS SELECCIONAT ALTRES, ENS HO POTS INDICAR?<br \/>\n<span class=\"wpcf7-form-control-wrap\" data-name=\"TEXT\"><input size=\"40\" maxlength=\"400\" class=\"wpcf7-form-control wpcf7-text wpcf7-validates-as-required\" aria-required=\"true\" aria-invalid=\"false\" value=\"\" type=\"text\" name=\"TEXT\" \/><\/span> <\/b><\/label>\n<\/p>\n<p><span class=\"wpcf7-form-control-wrap\" data-name=\"acceptance-324\"><span class=\"wpcf7-form-control wpcf7-acceptance\"><span class=\"wpcf7-list-item\"><input type=\"checkbox\" name=\"acceptance-324\" value=\"1\" aria-invalid=\"false\" \/><\/span><\/span><\/span> He llegit i accepto la <a href=\"http:\/\/www.gremi-obres.org\/avis-legal-de-la-web\/\">Pol\u00edtica de Privacitat<\/a> (obligatori)\n<\/p>\n<p>En compliment del Reglament (UE) 2016\/679, de Protecci\u00f3 de Dades (RGPD), les dades personals facilitades seran tractades pel Gremi de la Construcci\u00f3 de Barcelona, com a responsable del tractament, amb la finalitat de desenvolupar la formaci\u00f3 i gestionar l\u2019assist\u00e8ncia de la formaci\u00f3 sol\u00b7licitada, aix\u00ed com mantenir la relaci\u00f3 comercial o institucional, aix\u00ed com remetre informaci\u00f3 sobre serveis, activitats i q\u00fcestions relacionades amb el sector de la construcci\u00f3. La base jur\u00eddica del tractament \u00e9s el consentiment de la persona interessada i\/o l\u2019execuci\u00f3 de la relaci\u00f3 existent. Les dades no seran cedides a tercers, excepte obligaci\u00f3 legal o autoritzaci\u00f3 expressa de la persona interessada. Les dades es conservaran durant el temps necessari per complir amb les finalitats del tractament i, si escau, durant els terminis legalment exigibles.\n<\/p>\n<p>La persona interessada pot exercir els seus drets d\u2019acc\u00e9s, rectificaci\u00f3, supressi\u00f3, limitaci\u00f3 del tractament, oposici\u00f3 i portabilitat mitjan\u00e7ant escrit adre\u00e7at a Gran Via de les Corts Catalanes, 663, 6a planta, 08010 Barcelona, o b\u00e9 a l\u2019adre\u00e7a electr\u00f2nica info@gremi-obres.org. Aix\u00ed mateix, si considera que els seus drets no han estat degudament atesos, pot presentar una reclamaci\u00f3 davant l\u2019Ag\u00e8ncia Espanyola de Protecci\u00f3 de Dades (AEPD). Per m\u00e9s informaci\u00f3 referent al tractament de les seves dades, pot consultar la nostra pol\u00edtica de privacitat a: https:\/\/www.gremi-obres.org\/avis-legal-de-la-web\/\n<\/p>\n<p><input class=\"wpcf7-form-control wpcf7-submit has-spinner\" type=\"submit\" value=\"Enviar\" \/>\n<\/p><div class=\"wpcf7-response-output\" aria-hidden=\"true\"><\/div>\n<\/form>\n<\/div>\n[vc_separator type=&#8221;transparent&#8221; thickness=&#8221;20&#8243;][vc_separator type=&#8221;transparent&#8221; thickness=&#8221;20&#8243;][\/vc_column_inner][\/vc_row_inner][\/vc_column][\/vc_row][vc_row row_type=&#8221;row&#8221; use_row_as_full_screen_section=&#8221;no&#8221; type=&#8221;full_width&#8221; angled_section=&#8221;no&#8221; text_align=&#8221;left&#8221; background_image_as_pattern=&#8221;without_pattern&#8221; css_animation=&#8221;&#8221;][vc_column][vc_separator type=&#8221;transparent&#8221; thickness=&#8221;55&#8243;][\/vc_column][\/vc_row]<\/p>\n<\/div>","protected":false},"excerpt":{"rendered":"<p>[vc_row row_type=&#8221;row&#8221; use_row_as_full_screen_section=&#8221;no&#8221; type=&#8221;grid&#8221; angled_section=&#8221;no&#8221; text_align=&#8221;left&#8221; background_image_as_pattern=&#8221;without_pattern&#8221; padding_top=&#8221;60&#8243; css_animation=&#8221;&#8221;][vc_column width=&#8221;1\/3&#8243;][vc_column_text] CURS PRIVAT: PRIMERS AUXILIS OBJECTIUS GENERALS [\/vc_column_text][vc_separator type=&#8221;small&#8221; position=&#8221;left&#8221; color=&#8221;#f29760&#8243; thickness=&#8221;1&#8243; width=&#8221;86&#8243;][vc_column_text]Desenvolupar i establir plans d&#8217;emerg\u00e8ncia efectius a llocs de construcci\u00f3 per garantir la seguretat dels treballadors i minimitzar els riscos. [\/vc_column_text][vc_separator type=&#8221;transparent&#8221; thickness=&#8221;7&#8243;][vc_column_text] OBJECTIUS<\/p>\n","protected":false},"author":1,"featured_media":0,"parent":0,"menu_order":0,"comment_status":"closed","ping_status":"closed","template":"","meta":{"footnotes":""},"class_list":["post-1930","page","type-page","status-publish","hentry"],"yoast_head":"<!-- This site is optimized with the Yoast SEO plugin v25.3 - https:\/\/yoast.com\/wordpress\/plugins\/seo\/ -->\n<title>Curs primers auxilis. Formaci\u00f3 privada<\/title>\n<meta name=\"description\" content=\"En aquest curs de primers auxilis aprendr\u00e0s a\u00a0dissenyar un pla d\u2019emerg\u00e8ncia\u00a0per a una obra i a\u00a0reaccionar correctament\" \/>\n<meta name=\"robots\" content=\"index, follow, max-snippet:-1, max-image-preview:large, max-video-preview:-1\" \/>\n<link rel=\"canonical\" href=\"https:\/\/www.gremi-obres.org\/formacio\/curs-primers-auxilis-privat\/\" \/>\n<meta property=\"og:locale\" content=\"ca_ES\" \/>\n<meta property=\"og:type\" content=\"article\" \/>\n<meta property=\"og:title\" content=\"Curs primers auxilis. Formaci\u00f3 privada\" \/>\n<meta property=\"og:description\" content=\"En aquest curs de primers auxilis aprendr\u00e0s a\u00a0dissenyar un pla d\u2019emerg\u00e8ncia\u00a0per a una obra i a\u00a0reaccionar correctament\" \/>\n<meta property=\"og:url\" content=\"https:\/\/www.gremi-obres.org\/formacio\/curs-primers-auxilis-privat\/\" \/>\n<meta property=\"og:site_name\" content=\"Gremi de Constructors d&#039;Obres\" \/>\n<meta property=\"article:modified_time\" content=\"2026-03-12T13:02:32+00:00\" \/>\n<meta name=\"twitter:card\" content=\"summary_large_image\" \/>\n<meta name=\"twitter:label1\" content=\"Temps estimat de lectura\" \/>\n\t<meta name=\"twitter:data1\" content=\"4 minuts\" \/>\n<script type=\"application\/ld+json\" class=\"yoast-schema-graph\">{\"@context\":\"https:\/\/schema.org\",\"@graph\":[{\"@type\":\"WebPage\",\"@id\":\"https:\/\/www.gremi-obres.org\/formacio\/curs-primers-auxilis-privat\/\",\"url\":\"https:\/\/www.gremi-obres.org\/formacio\/curs-primers-auxilis-privat\/\",\"name\":\"Curs primers auxilis. Formaci\u00f3 privada\",\"isPartOf\":{\"@id\":\"https:\/\/www.gremi-obres.org\/formacio\/#website\"},\"datePublished\":\"2016-12-16T09:57:43+00:00\",\"dateModified\":\"2026-03-12T13:02:32+00:00\",\"description\":\"En aquest curs de primers auxilis aprendr\u00e0s a\u00a0dissenyar un pla d\u2019emerg\u00e8ncia\u00a0per a una obra i a\u00a0reaccionar correctament\",\"breadcrumb\":{\"@id\":\"https:\/\/www.gremi-obres.org\/formacio\/curs-primers-auxilis-privat\/#breadcrumb\"},\"inLanguage\":\"ca\",\"potentialAction\":[{\"@type\":\"ReadAction\",\"target\":[\"https:\/\/www.gremi-obres.org\/formacio\/curs-primers-auxilis-privat\/\"]}]},{\"@type\":\"BreadcrumbList\",\"@id\":\"https:\/\/www.gremi-obres.org\/formacio\/curs-primers-auxilis-privat\/#breadcrumb\",\"itemListElement\":[{\"@type\":\"ListItem\",\"position\":1,\"name\":\"Inici\",\"item\":\"https:\/\/www.gremi-obres.org\/formacio\/\"},{\"@type\":\"ListItem\",\"position\":2,\"name\":\"Curs Privat: Primers Auxilis\"}]},{\"@type\":\"WebSite\",\"@id\":\"https:\/\/www.gremi-obres.org\/formacio\/#website\",\"url\":\"https:\/\/www.gremi-obres.org\/formacio\/\",\"name\":\"Gremi de Constructors d&#039;Obres\",\"description\":\"Formaci\u00f3 del Gremi de Constructors d&#039;Obres.\",\"potentialAction\":[{\"@type\":\"SearchAction\",\"target\":{\"@type\":\"EntryPoint\",\"urlTemplate\":\"https:\/\/www.gremi-obres.org\/formacio\/?s={search_term_string}\"},\"query-input\":{\"@type\":\"PropertyValueSpecification\",\"valueRequired\":true,\"valueName\":\"search_term_string\"}}],\"inLanguage\":\"ca\"}]}<\/script>\n<!-- \/ Yoast SEO plugin. -->","yoast_head_json":{"title":"Curs primers auxilis. Formaci\u00f3 privada","description":"En aquest curs de primers auxilis aprendr\u00e0s a\u00a0dissenyar un pla d\u2019emerg\u00e8ncia\u00a0per a una obra i a\u00a0reaccionar correctament","robots":{"index":"index","follow":"follow","max-snippet":"max-snippet:-1","max-image-preview":"max-image-preview:large","max-video-preview":"max-video-preview:-1"},"canonical":"https:\/\/www.gremi-obres.org\/formacio\/curs-primers-auxilis-privat\/","og_locale":"ca_ES","og_type":"article","og_title":"Curs primers auxilis. Formaci\u00f3 privada","og_description":"En aquest curs de primers auxilis aprendr\u00e0s a\u00a0dissenyar un pla d\u2019emerg\u00e8ncia\u00a0per a una obra i a\u00a0reaccionar correctament","og_url":"https:\/\/www.gremi-obres.org\/formacio\/curs-primers-auxilis-privat\/","og_site_name":"Gremi de Constructors d&#039;Obres","article_modified_time":"2026-03-12T13:02:32+00:00","twitter_card":"summary_large_image","twitter_misc":{"Temps estimat de lectura":"4 minuts"},"schema":{"@context":"https:\/\/schema.org","@graph":[{"@type":"WebPage","@id":"https:\/\/www.gremi-obres.org\/formacio\/curs-primers-auxilis-privat\/","url":"https:\/\/www.gremi-obres.org\/formacio\/curs-primers-auxilis-privat\/","name":"Curs primers auxilis. Formaci\u00f3 privada","isPartOf":{"@id":"https:\/\/www.gremi-obres.org\/formacio\/#website"},"datePublished":"2016-12-16T09:57:43+00:00","dateModified":"2026-03-12T13:02:32+00:00","description":"En aquest curs de primers auxilis aprendr\u00e0s a\u00a0dissenyar un pla d\u2019emerg\u00e8ncia\u00a0per a una obra i a\u00a0reaccionar correctament","breadcrumb":{"@id":"https:\/\/www.gremi-obres.org\/formacio\/curs-primers-auxilis-privat\/#breadcrumb"},"inLanguage":"ca","potentialAction":[{"@type":"ReadAction","target":["https:\/\/www.gremi-obres.org\/formacio\/curs-primers-auxilis-privat\/"]}]},{"@type":"BreadcrumbList","@id":"https:\/\/www.gremi-obres.org\/formacio\/curs-primers-auxilis-privat\/#breadcrumb","itemListElement":[{"@type":"ListItem","position":1,"name":"Inici","item":"https:\/\/www.gremi-obres.org\/formacio\/"},{"@type":"ListItem","position":2,"name":"Curs Privat: Primers Auxilis"}]},{"@type":"WebSite","@id":"https:\/\/www.gremi-obres.org\/formacio\/#website","url":"https:\/\/www.gremi-obres.org\/formacio\/","name":"Gremi de Constructors d&#039;Obres","description":"Formaci\u00f3 del Gremi de Constructors d&#039;Obres.","potentialAction":[{"@type":"SearchAction","target":{"@type":"EntryPoint","urlTemplate":"https:\/\/www.gremi-obres.org\/formacio\/?s={search_term_string}"},"query-input":{"@type":"PropertyValueSpecification","valueRequired":true,"valueName":"search_term_string"}}],"inLanguage":"ca"}]}},"_links":{"self":[{"href":"https:\/\/www.gremi-obres.org\/formacio\/wp-json\/wp\/v2\/pages\/1930","targetHints":{"allow":["GET"]}}],"collection":[{"href":"https:\/\/www.gremi-obres.org\/formacio\/wp-json\/wp\/v2\/pages"}],"about":[{"href":"https:\/\/www.gremi-obres.org\/formacio\/wp-json\/wp\/v2\/types\/page"}],"author":[{"embeddable":true,"href":"https:\/\/www.gremi-obres.org\/formacio\/wp-json\/wp\/v2\/users\/1"}],"replies":[{"embeddable":true,"href":"https:\/\/www.gremi-obres.org\/formacio\/wp-json\/wp\/v2\/comments?post=1930"}],"version-history":[{"count":76,"href":"https:\/\/www.gremi-obres.org\/formacio\/wp-json\/wp\/v2\/pages\/1930\/revisions"}],"predecessor-version":[{"id":26893,"href":"https:\/\/www.gremi-obres.org\/formacio\/wp-json\/wp\/v2\/pages\/1930\/revisions\/26893"}],"wp:attachment":[{"href":"https:\/\/www.gremi-obres.org\/formacio\/wp-json\/wp\/v2\/media?parent=1930"}],"curies":[{"name":"wp","href":"https:\/\/api.w.org\/{rel}","templated":true}]}}