{"id":112,"date":"2016-09-13T10:34:26","date_gmt":"2016-09-13T10:34:26","guid":{"rendered":"https:\/\/www.gremi-obres.org\/formacio\/?page_id=112"},"modified":"2021-08-20T15:56:30","modified_gmt":"2021-08-20T15:56:30","slug":"informacio-cursos-gremi-obres","status":"publish","type":"page","link":"https:\/\/www.gremi-obres.org\/formacio\/informacio-cursos-gremi-obres\/","title":{"rendered":"Contacta&#8217;ns"},"content":{"rendered":"<div class=\"wpb-content-wrapper\"><p>[vc_row row_type=&#8221;row&#8221; use_row_as_full_screen_section=&#8221;no&#8221; type=&#8221;grid&#8221; angled_section=&#8221;no&#8221; text_align=&#8221;left&#8221; background_image_as_pattern=&#8221;without_pattern&#8221; padding_top=&#8221;50&#8243; css_animation=&#8221;&#8221;][vc_column width=&#8221;1\/2&#8243; css=&#8221;.vc_custom_1473846794887{margin-right: 45px !important;padding-right: 45px !important;}&#8221;][vc_column_text]<\/p>\n<div id=\"text-4\" class=\"widget widget_text\">\n<h2><strong>CENTRE FORMATIU<\/strong><\/h2>\n<p>[\/vc_column_text][vc_separator type=&#8221;transparent&#8221; thickness=&#8221;5&#8243;][vc_column_text]<\/p>\n<h4>Gremi de Constructors d\u2019Obres de Barcelona i Comarques<\/h4>\n<\/div>\n<p>[\/vc_column_text][vc_separator type=&#8221;small&#8221; position=&#8221;left&#8221; color=&#8221;#f29760&#8243; thickness=&#8221;1&#8243; width=&#8221;86&#8243;][vc_column_text]<\/p>\n<div id=\"text-4\" class=\"widget widget_text\">\n<p>Gran Via de les Corts Catalanes 663 (planta baixa i sisena planta)<br \/>\n08010 Barcelona<\/p>\n<hr \/>\n<h5><span style=\"color: #6a7a8f;\"><a style=\"color: #6a7a8f;\" href=\"tel:+34932659430\"><img loading=\"lazy\" decoding=\"async\" class=\"alignnone wp-image-31889\" role=\"img\" src=\"https:\/\/www.gremi-obres.org\/wp-content\/uploads\/2021\/08\/telefono.svg\" alt=\"\" width=\"20\" height=\"20\" \/>\u00a0 \u00a0<\/a><a style=\"color: #6a7a8f;\" href=\"tel:+34932659430\">Tel. 932 659 430<\/a><\/span><\/h5>\n<hr \/>\n<h5><span style=\"color: #56657d;\"><a style=\"color: #56657d;\" href=\"formacio@gremi-obres.org\" target=\"_blank\" rel=\"noopener\"><img loading=\"lazy\" decoding=\"async\" class=\"alignnone wp-image-11702\" role=\"img\" src=\"https:\/\/www.gremi-obres.org\/formacio\/wp-content\/uploads\/2021\/08\/mensaje.svg\" alt=\"\" width=\"23\" height=\"23\" \/><\/a>\u00a0 \u00a0f<a style=\"color: #56657d;\" href=\"mailto:formacio@gremi-obres.org\">ormacio@gremi-obres.org<\/a><\/span><\/h5>\n<hr \/>\n<p>[\/vc_column_text][vc_separator type=&#8221;transparent&#8221; thickness=&#8221;15&#8243;][vc_gmaps link=&#8221;#E-8_JTNDaWZyYW1lJTIwc3JjJTNEJTIyaHR0cHMlM0ElMkYlMkZ3d3cuZ29vZ2xlLmNvbSUyRm1hcHMlMkZlbWJlZCUzRnBiJTNEJTIxMW0xNCUyMTFtOCUyMTFtMyUyMTFkMTE5NzIuMzMxNzY0ODkxNDU4JTIxMmQyLjE3Mzg2MjklMjEzZDQxLjM5NDAwNTElMjEzbTIlMjExaTEwMjQlMjEyaTc2OCUyMTRmMTMuMSUyMTNtMyUyMTFtMiUyMTFzMHgwJTI1M0EweGFiMmU5MTE3MDliNmJjNiUyMTJzR3JlbWklMkJkZSUyQkNvbnN0cnVjdG9ycyUyQkQlMjYlMjMzOSUzQk9icmVzJTJCZGUlMkJCYXJjZWxvbmElMkJJJTJCQ29tYXJxdWVzJTIxNWUwJTIxM20yJTIxMXNlcyUyMTJzZXMlMjE0djE0NzI3MTkwMzA3NzklMjIlMjB3aWR0aCUzRCUyMjM1MCUyMiUyMGhlaWdodCUzRCUyMjM1MCUyMiUyMGZyYW1lYm9yZGVyJTNEJTIyMCUyMiUyMHN0eWxlJTNEJTIyYm9yZGVyJTNBMCUyMiUyMGFsbG93ZnVsbHNjcmVlbiUzRSUzQyUyRmlmcmFtZSUzRQ==&#8221;][vc_separator type=&#8221;transparent&#8221; thickness=&#8221;7&#8243;][\/vc_column][vc_column width=&#8221;1\/2&#8243; css=&#8221;.vc_custom_1629474987888{padding-right: 6% !important;padding-left: 6% !important;background-image: url(https:\/\/www.gremi-obres.org\/formacio\/wp-content\/uploads\/2021\/07\/verde-formulari.png?id=11310) !important;}&#8221;][vc_column_text]<\/p>\n<\/div>\n<div id=\"text-4\" class=\"widget widget_text\">\n<h5><strong>Envia&#8217;ns la teva consulta:<\/strong><\/h5>\n<\/div>\n<p>[\/vc_column_text][vc_separator type=&#8221;transparent&#8221; thickness=&#8221;7&#8243;]\n<div class=\"wpcf7 no-js\" id=\"wpcf7-f137-o1\" lang=\"ca\" dir=\"ltr\" data-wpcf7-id=\"137\">\n<div class=\"screen-reader-response\"><p role=\"status\" aria-live=\"polite\" aria-atomic=\"true\"><\/p> <ul><\/ul><\/div>\n<form action=\"\/formacio\/wp-json\/wp\/v2\/pages\/112#wpcf7-f137-o1\" method=\"post\" class=\"wpcf7-form init cf7_custom_style_2\" aria-label=\"Formulari de contacte\" novalidate=\"novalidate\" data-status=\"init\">\n<div style=\"display: none;\">\n<input type=\"hidden\" name=\"_wpcf7\" value=\"137\" \/>\n<input type=\"hidden\" name=\"_wpcf7_version\" value=\"6.0.6\" \/>\n<input type=\"hidden\" name=\"_wpcf7_locale\" value=\"ca\" \/>\n<input type=\"hidden\" name=\"_wpcf7_unit_tag\" value=\"wpcf7-f137-o1\" \/>\n<input type=\"hidden\" name=\"_wpcf7_container_post\" value=\"0\" \/>\n<input type=\"hidden\" name=\"_wpcf7_posted_data_hash\" value=\"\" \/>\n<input type=\"hidden\" name=\"_wpcf7_recaptcha_response\" value=\"\" \/>\n<\/div>\n<p><label>Nom i Cognoms<br \/>\n<span class=\"wpcf7-form-control-wrap\" data-name=\"your-name\"><input size=\"40\" maxlength=\"400\" class=\"wpcf7-form-control wpcf7-text wpcf7-validates-as-required\" aria-required=\"true\" aria-invalid=\"false\" value=\"\" type=\"text\" name=\"your-name\" \/><\/span> <\/label>\n<\/p>\n<p><label> Email<br \/>\n<span class=\"wpcf7-form-control-wrap\" data-name=\"your-email\"><input size=\"40\" maxlength=\"400\" class=\"wpcf7-form-control wpcf7-email wpcf7-validates-as-required wpcf7-text wpcf7-validates-as-email\" aria-required=\"true\" aria-invalid=\"false\" value=\"\" type=\"email\" name=\"your-email\" \/><\/span> <\/label>\n<\/p>\n<p><label>Tel\u00e8fon (opcional)<br \/>\n<span class=\"wpcf7-form-control-wrap\" data-name=\"telef\"><input class=\"wpcf7-form-control wpcf7-number wpcf7-validates-as-number\" aria-invalid=\"false\" value=\"\" type=\"number\" name=\"telef\" \/><\/span><\/label>\n<\/p>\n<p><label> Consulta:<br \/>\n<span class=\"wpcf7-form-control-wrap\" data-name=\"your-message\"><textarea cols=\"40\" rows=\"10\" maxlength=\"2000\" class=\"wpcf7-form-control wpcf7-textarea\" aria-invalid=\"false\" name=\"your-message\"><\/textarea><\/span> <\/label>\n<\/p>\n<p><label> Si vols preguntar sobre un curs en concret si us plau indica quin \u00e9s a continuaci\u00f3:<br \/>\n<span class=\"wpcf7-form-control-wrap\" data-name=\"your-curs\"><input size=\"40\" maxlength=\"400\" class=\"wpcf7-form-control wpcf7-text wpcf7-validates-as-required\" aria-required=\"true\" aria-invalid=\"false\" value=\"\" type=\"text\" name=\"your-curs\" \/><\/span> <\/label>\n<\/p>\n<p><span class=\"wpcf7-form-control-wrap\" data-name=\"acceptance-324\"><span class=\"wpcf7-form-control wpcf7-acceptance\"><span class=\"wpcf7-list-item\"><input type=\"checkbox\" name=\"acceptance-324\" value=\"1\" aria-invalid=\"false\" \/><\/span><\/span><\/span> He llegit i accepto la <a href=\"http:\/\/www.gremi-obres.org\/avis-legal-de-la-web\/\">Pol\u00edtica de Privacitat<\/a> (obligatori)\n<\/p>\n<h6>Les dades obligat\u00f2ries s\u00f3n imprescindibles per a tramitar la sol\u00b7licitud. La resta de dades es sol\u00b7liciten per oferir un millor servei i comunicaci\u00f3. El sol\u00b7licitant autoritza la incorporaci\u00f3 de totes les dades esmentades a un arxiu titularitat del Gremi de Constructors d\u2019Obres de Barcelona i Comarques, amb domicili a Barcelona, Gran Via de les Corts Catalanes, n\u00fam. 663, que t\u00e9 com a finalitat tramitar la sol\u00b7licitud. Aix\u00ed mateix, autoritza que se li envi\u00ef informaci\u00f3 i ofertes comercials per correu electr\u00f2nic o algun altre mitj\u00e0 de comunicaci\u00f3 electr\u00f2nica equivalent. Conforme al Reglament General de Protecci\u00f3 de Dades 2016\/679, el sol\u00b7licitant disposa dels drets d\u2019acc\u00e9s, rectificaci\u00f3 i cancel\u00b7laci\u00f3 d\u2019aquestes dades, aix\u00ed com a oposar-se al seu tractament mitjan\u00e7ant escrit a l\u2019adre\u00e7a anteriorment indicada amb la refer\u00e8ncia Protecci\u00f3 de Dades.\n<\/h6>\n<p><input class=\"wpcf7-form-control wpcf7-submit has-spinner\" type=\"submit\" value=\"Enviar\" \/>\n<\/p><div class=\"wpcf7-response-output\" aria-hidden=\"true\"><\/div>\n<\/form>\n<\/div>\n[vc_separator type=&#8221;transparent&#8221; thickness=&#8221;20&#8243;][\/vc_column][\/vc_row][vc_row row_type=&#8221;row&#8221; use_row_as_full_screen_section=&#8221;no&#8221; type=&#8221;full_width&#8221; angled_section=&#8221;no&#8221; text_align=&#8221;left&#8221; background_image_as_pattern=&#8221;without_pattern&#8221; css_animation=&#8221;&#8221;][vc_column][vc_separator type=&#8221;transparent&#8221; thickness=&#8221;55&#8243;][\/vc_column][\/vc_row]<\/p>\n<\/div>","protected":false},"excerpt":{"rendered":"<p>[vc_row row_type=&#8221;row&#8221; use_row_as_full_screen_section=&#8221;no&#8221; type=&#8221;grid&#8221; angled_section=&#8221;no&#8221; text_align=&#8221;left&#8221; background_image_as_pattern=&#8221;without_pattern&#8221; padding_top=&#8221;50&#8243; css_animation=&#8221;&#8221;][vc_column width=&#8221;1\/2&#8243; css=&#8221;.vc_custom_1473846794887{margin-right: 45px !important;padding-right: 45px !important;}&#8221;][vc_column_text] CENTRE FORMATIU [\/vc_column_text][vc_separator type=&#8221;transparent&#8221; thickness=&#8221;5&#8243;][vc_column_text] Gremi de Constructors d\u2019Obres de Barcelona i Comarques [\/vc_column_text][vc_separator type=&#8221;small&#8221; position=&#8221;left&#8221; color=&#8221;#f29760&#8243; thickness=&#8221;1&#8243; width=&#8221;86&#8243;][vc_column_text] Gran Via de les Corts Catalanes 663 (planta baixa i sisena<\/p>\n","protected":false},"author":1,"featured_media":0,"parent":0,"menu_order":3,"comment_status":"closed","ping_status":"closed","template":"","meta":{"footnotes":""},"class_list":["post-112","page","type-page","status-publish","hentry"],"yoast_head":"<!-- This site is optimized with the Yoast SEO plugin v25.3 - https:\/\/yoast.com\/wordpress\/plugins\/seo\/ -->\n<title>Contacta&#039;ns - Gremi de Constructors d&#039;Obres<\/title>\n<meta name=\"robots\" content=\"index, follow, max-snippet:-1, max-image-preview:large, max-video-preview:-1\" \/>\n<link rel=\"canonical\" href=\"https:\/\/www.gremi-obres.org\/formacio\/informacio-cursos-gremi-obres\/\" \/>\n<meta property=\"og:locale\" content=\"ca_ES\" \/>\n<meta property=\"og:type\" content=\"article\" \/>\n<meta property=\"og:title\" content=\"Contacta&#039;ns - Gremi de Constructors d&#039;Obres\" \/>\n<meta property=\"og:description\" content=\"[vc_row row_type=&#8221;row&#8221; use_row_as_full_screen_section=&#8221;no&#8221; type=&#8221;grid&#8221; angled_section=&#8221;no&#8221; text_align=&#8221;left&#8221; background_image_as_pattern=&#8221;without_pattern&#8221; padding_top=&#8221;50&#8243; css_animation=&#8221;&#8221;][vc_column width=&#8221;1\/2&#8243; css=&#8221;.vc_custom_1473846794887{margin-right: 45px !important;padding-right: 45px !important;}&#8221;][vc_column_text] CENTRE FORMATIU [\/vc_column_text][vc_separator type=&#8221;transparent&#8221; thickness=&#8221;5&#8243;][vc_column_text] Gremi de Constructors d\u2019Obres de Barcelona i Comarques [\/vc_column_text][vc_separator type=&#8221;small&#8221; position=&#8221;left&#8221; color=&#8221;#f29760&#8243; thickness=&#8221;1&#8243; width=&#8221;86&#8243;][vc_column_text] Gran Via de les Corts Catalanes 663 (planta baixa i sisena\" \/>\n<meta property=\"og:url\" content=\"https:\/\/www.gremi-obres.org\/formacio\/informacio-cursos-gremi-obres\/\" \/>\n<meta property=\"og:site_name\" content=\"Gremi de Constructors d&#039;Obres\" \/>\n<meta property=\"article:modified_time\" content=\"2021-08-20T15:56:30+00:00\" \/>\n<meta property=\"og:image\" content=\"https:\/\/www.gremi-obres.org\/wp-content\/uploads\/2021\/08\/telefono.svg\" \/>\n<meta name=\"twitter:card\" content=\"summary_large_image\" \/>\n<meta name=\"twitter:label1\" content=\"Temps estimat de lectura\" \/>\n\t<meta name=\"twitter:data1\" content=\"1 minut\" \/>\n<script type=\"application\/ld+json\" class=\"yoast-schema-graph\">{\"@context\":\"https:\/\/schema.org\",\"@graph\":[{\"@type\":\"WebPage\",\"@id\":\"https:\/\/www.gremi-obres.org\/formacio\/informacio-cursos-gremi-obres\/\",\"url\":\"https:\/\/www.gremi-obres.org\/formacio\/informacio-cursos-gremi-obres\/\",\"name\":\"Contacta'ns - Gremi de Constructors d&#039;Obres\",\"isPartOf\":{\"@id\":\"https:\/\/www.gremi-obres.org\/formacio\/#website\"},\"primaryImageOfPage\":{\"@id\":\"https:\/\/www.gremi-obres.org\/formacio\/informacio-cursos-gremi-obres\/#primaryimage\"},\"image\":{\"@id\":\"https:\/\/www.gremi-obres.org\/formacio\/informacio-cursos-gremi-obres\/#primaryimage\"},\"thumbnailUrl\":\"https:\/\/www.gremi-obres.org\/wp-content\/uploads\/2021\/08\/telefono.svg\",\"datePublished\":\"2016-09-13T10:34:26+00:00\",\"dateModified\":\"2021-08-20T15:56:30+00:00\",\"breadcrumb\":{\"@id\":\"https:\/\/www.gremi-obres.org\/formacio\/informacio-cursos-gremi-obres\/#breadcrumb\"},\"inLanguage\":\"ca\",\"potentialAction\":[{\"@type\":\"ReadAction\",\"target\":[\"https:\/\/www.gremi-obres.org\/formacio\/informacio-cursos-gremi-obres\/\"]}]},{\"@type\":\"ImageObject\",\"inLanguage\":\"ca\",\"@id\":\"https:\/\/www.gremi-obres.org\/formacio\/informacio-cursos-gremi-obres\/#primaryimage\",\"url\":\"https:\/\/www.gremi-obres.org\/wp-content\/uploads\/2021\/08\/telefono.svg\",\"contentUrl\":\"https:\/\/www.gremi-obres.org\/wp-content\/uploads\/2021\/08\/telefono.svg\"},{\"@type\":\"BreadcrumbList\",\"@id\":\"https:\/\/www.gremi-obres.org\/formacio\/informacio-cursos-gremi-obres\/#breadcrumb\",\"itemListElement\":[{\"@type\":\"ListItem\",\"position\":1,\"name\":\"Inici\",\"item\":\"https:\/\/www.gremi-obres.org\/formacio\/\"},{\"@type\":\"ListItem\",\"position\":2,\"name\":\"Contacta&#8217;ns\"}]},{\"@type\":\"WebSite\",\"@id\":\"https:\/\/www.gremi-obres.org\/formacio\/#website\",\"url\":\"https:\/\/www.gremi-obres.org\/formacio\/\",\"name\":\"Gremi de Constructors d&#039;Obres\",\"description\":\"Formaci\u00f3 del Gremi de Constructors d&#039;Obres.\",\"potentialAction\":[{\"@type\":\"SearchAction\",\"target\":{\"@type\":\"EntryPoint\",\"urlTemplate\":\"https:\/\/www.gremi-obres.org\/formacio\/?s={search_term_string}\"},\"query-input\":{\"@type\":\"PropertyValueSpecification\",\"valueRequired\":true,\"valueName\":\"search_term_string\"}}],\"inLanguage\":\"ca\"}]}<\/script>\n<!-- \/ Yoast SEO plugin. -->","yoast_head_json":{"title":"Contacta'ns - Gremi de Constructors d&#039;Obres","robots":{"index":"index","follow":"follow","max-snippet":"max-snippet:-1","max-image-preview":"max-image-preview:large","max-video-preview":"max-video-preview:-1"},"canonical":"https:\/\/www.gremi-obres.org\/formacio\/informacio-cursos-gremi-obres\/","og_locale":"ca_ES","og_type":"article","og_title":"Contacta'ns - Gremi de Constructors d&#039;Obres","og_description":"[vc_row row_type=&#8221;row&#8221; use_row_as_full_screen_section=&#8221;no&#8221; type=&#8221;grid&#8221; angled_section=&#8221;no&#8221; text_align=&#8221;left&#8221; background_image_as_pattern=&#8221;without_pattern&#8221; padding_top=&#8221;50&#8243; css_animation=&#8221;&#8221;][vc_column width=&#8221;1\/2&#8243; css=&#8221;.vc_custom_1473846794887{margin-right: 45px !important;padding-right: 45px !important;}&#8221;][vc_column_text] CENTRE FORMATIU [\/vc_column_text][vc_separator type=&#8221;transparent&#8221; thickness=&#8221;5&#8243;][vc_column_text] Gremi de Constructors d\u2019Obres de Barcelona i Comarques [\/vc_column_text][vc_separator type=&#8221;small&#8221; position=&#8221;left&#8221; color=&#8221;#f29760&#8243; thickness=&#8221;1&#8243; width=&#8221;86&#8243;][vc_column_text] Gran Via de les Corts Catalanes 663 (planta baixa i sisena","og_url":"https:\/\/www.gremi-obres.org\/formacio\/informacio-cursos-gremi-obres\/","og_site_name":"Gremi de Constructors d&#039;Obres","article_modified_time":"2021-08-20T15:56:30+00:00","og_image":[{"url":"https:\/\/www.gremi-obres.org\/wp-content\/uploads\/2021\/08\/telefono.svg","type":"","width":"","height":""}],"twitter_card":"summary_large_image","twitter_misc":{"Temps estimat de lectura":"1 minut"},"schema":{"@context":"https:\/\/schema.org","@graph":[{"@type":"WebPage","@id":"https:\/\/www.gremi-obres.org\/formacio\/informacio-cursos-gremi-obres\/","url":"https:\/\/www.gremi-obres.org\/formacio\/informacio-cursos-gremi-obres\/","name":"Contacta'ns - Gremi de Constructors d&#039;Obres","isPartOf":{"@id":"https:\/\/www.gremi-obres.org\/formacio\/#website"},"primaryImageOfPage":{"@id":"https:\/\/www.gremi-obres.org\/formacio\/informacio-cursos-gremi-obres\/#primaryimage"},"image":{"@id":"https:\/\/www.gremi-obres.org\/formacio\/informacio-cursos-gremi-obres\/#primaryimage"},"thumbnailUrl":"https:\/\/www.gremi-obres.org\/wp-content\/uploads\/2021\/08\/telefono.svg","datePublished":"2016-09-13T10:34:26+00:00","dateModified":"2021-08-20T15:56:30+00:00","breadcrumb":{"@id":"https:\/\/www.gremi-obres.org\/formacio\/informacio-cursos-gremi-obres\/#breadcrumb"},"inLanguage":"ca","potentialAction":[{"@type":"ReadAction","target":["https:\/\/www.gremi-obres.org\/formacio\/informacio-cursos-gremi-obres\/"]}]},{"@type":"ImageObject","inLanguage":"ca","@id":"https:\/\/www.gremi-obres.org\/formacio\/informacio-cursos-gremi-obres\/#primaryimage","url":"https:\/\/www.gremi-obres.org\/wp-content\/uploads\/2021\/08\/telefono.svg","contentUrl":"https:\/\/www.gremi-obres.org\/wp-content\/uploads\/2021\/08\/telefono.svg"},{"@type":"BreadcrumbList","@id":"https:\/\/www.gremi-obres.org\/formacio\/informacio-cursos-gremi-obres\/#breadcrumb","itemListElement":[{"@type":"ListItem","position":1,"name":"Inici","item":"https:\/\/www.gremi-obres.org\/formacio\/"},{"@type":"ListItem","position":2,"name":"Contacta&#8217;ns"}]},{"@type":"WebSite","@id":"https:\/\/www.gremi-obres.org\/formacio\/#website","url":"https:\/\/www.gremi-obres.org\/formacio\/","name":"Gremi de Constructors d&#039;Obres","description":"Formaci\u00f3 del Gremi de Constructors d&#039;Obres.","potentialAction":[{"@type":"SearchAction","target":{"@type":"EntryPoint","urlTemplate":"https:\/\/www.gremi-obres.org\/formacio\/?s={search_term_string}"},"query-input":{"@type":"PropertyValueSpecification","valueRequired":true,"valueName":"search_term_string"}}],"inLanguage":"ca"}]}},"_links":{"self":[{"href":"https:\/\/www.gremi-obres.org\/formacio\/wp-json\/wp\/v2\/pages\/112","targetHints":{"allow":["GET"]}}],"collection":[{"href":"https:\/\/www.gremi-obres.org\/formacio\/wp-json\/wp\/v2\/pages"}],"about":[{"href":"https:\/\/www.gremi-obres.org\/formacio\/wp-json\/wp\/v2\/types\/page"}],"author":[{"embeddable":true,"href":"https:\/\/www.gremi-obres.org\/formacio\/wp-json\/wp\/v2\/users\/1"}],"replies":[{"embeddable":true,"href":"https:\/\/www.gremi-obres.org\/formacio\/wp-json\/wp\/v2\/comments?post=112"}],"version-history":[{"count":14,"href":"https:\/\/www.gremi-obres.org\/formacio\/wp-json\/wp\/v2\/pages\/112\/revisions"}],"predecessor-version":[{"id":11717,"href":"https:\/\/www.gremi-obres.org\/formacio\/wp-json\/wp\/v2\/pages\/112\/revisions\/11717"}],"wp:attachment":[{"href":"https:\/\/www.gremi-obres.org\/formacio\/wp-json\/wp\/v2\/media?parent=112"}],"curies":[{"name":"wp","href":"https:\/\/api.w.org\/{rel}","templated":true}]}}