{"id":11122,"date":"2021-07-14T18:00:11","date_gmt":"2021-07-14T18:00:11","guid":{"rendered":"https:\/\/www.gremi-obres.org\/formacio\/?page_id=11122"},"modified":"2021-07-15T15:45:16","modified_gmt":"2021-07-15T15:45:16","slug":"finances-pime-2","status":"publish","type":"page","link":"https:\/\/www.gremi-obres.org\/formacio\/cursos-barcelona\/finances-pime-2\/","title":{"rendered":"Finances per a gestionar amb \u00e9xit la teva PIME"},"content":{"rendered":"<div class=\"wpb-content-wrapper\"><p>[vc_row row_type=&#8221;row&#8221; use_row_as_full_screen_section=&#8221;no&#8221; type=&#8221;grid&#8221; angled_section=&#8221;no&#8221; text_align=&#8221;left&#8221; background_image_as_pattern=&#8221;without_pattern&#8221; padding_top=&#8221;60&#8243; css_animation=&#8221;&#8221;][vc_column width=&#8221;1\/3&#8243;][vc_column_text]<strong>OBJECTIUS:<\/strong><\/p>\n<p>A la fi del curs, el participant sabr\u00e0:<\/p>\n<ul>\n<li><b>Determinar la salut de la seva empresa <\/b>a trav\u00e9s de l&#8217;an\u00e0lisi, comprensi\u00f3 i valoraci\u00f3 del balan\u00e7 i el compte de resultats de la companyia.<\/li>\n<li>La <b>repercussi\u00f3 financera de decisions estrat\u00e8giques:<\/b><\/li>\n<\/ul>\n<p>Fins quan em puc endeutar (i si puc fer-hi front)?<\/p>\n<p>Puc incorporar a dues persones m\u00e9s en el meu equip?<\/p>\n<p>Com afectar\u00e0 aquest fet a la meva rendibilitat?<\/p>\n<p>Com afecta un creixement important de vendes a la meva tresoreria?<\/p>\n<ul>\n<li><b>Implementar una pol\u00edtica de preus <\/b>eficient.<\/li>\n<li>Les eines que tinc per a <b>gestionar el cr\u00e8dit a clients<\/b>.<\/li>\n<li><b>Planificar<\/b> cap a on vull que vagi el meu negoci.<\/li>\n<li>Les <b>necessitats financeres<\/b> que t\u00e9 l&#8217;empresa, i coneixer\u00e0 els <b>productes financers <\/b>m\u00e9s adequats per cobrir-les.<\/li>\n<\/ul>\n<p><b>El valor que pot tenir la meva empresa<\/b>[\/vc_column_text][vc_separator type=&#8221;small&#8221; position=&#8221;left&#8221; color=&#8221;#f29760&#8243; thickness=&#8221;1&#8243; width=&#8221;86&#8243;][vc_column_text][\/vc_column_text][vc_separator type=&#8221;transparent&#8221; thickness=&#8221;7&#8243;][vc_column_text]<strong>FINANCES PER A GESTIONAR AMB \u00c9XIT LA TEVA PIME<\/strong><\/p>\n<p>[\/vc_column_text][vc_separator type=&#8221;small&#8221; position=&#8221;left&#8221; color=&#8221;#f29760&#8243; thickness=&#8221;1&#8243; width=&#8221;86&#8243;][vc_column_text]<strong>CONTINGUTS:<\/strong><\/p>\n<p><strong>LA SALUT FINANCERA DE LA MEVA EMPRESA<\/strong><br \/>\n1. Documents b\u00e0sics: Balan\u00e7 i compte de resultats<br \/>\n2. Com valorar la salut financera de la meva empresa<br \/>\n3. Diagn\u00f2stic i accions correctives<br \/>\n4. Cas pr\u00e0ctic: An\u00e0lisi de la salut financera de dues empreses<\/p>\n<p><strong>COM GESTIONAR EL COMPTE DE RESULTATS DE FORMA EFICA\u00c7<\/strong><br \/>\n1. Diferents formats de compte de resultats<br \/>\n2. La gesti\u00f3 del marge brut<br \/>\n3. Gesti\u00f3 del punt d&#8217;equilibri<br \/>\n4. Casos pr\u00e0ctics<\/p>\n<p><strong>CR\u00c9IXER EN BENEFICIS A TRAV\u00c9S D\u2019UNA GESTI\u00d3 DE PREUS ENCERTADA<\/strong><br \/>\n1. Com fixem els preus?<br \/>\n2. La percepci\u00f3 del valor i la sensibilitat del preu. Estrat\u00e8gies de preus i preus psicol\u00f2gics.<br \/>\n3. Gesti\u00f3 de descomptes, promocions, gesti\u00f3 de tarifes de preus. Com evitar una guerra de preus.<br \/>\n4. Casos pr\u00e0ctics<\/p>\n<p><strong>COM FINAN\u00c7O LA MEVA EMPRESA<\/strong><br \/>\n1. Productes per a finan\u00e7ar la meva empresa<br \/>\n2. Negociaci\u00f3 amb les entitats financeres<br \/>\n3. Les Fintech<br \/>\n4. Cas pr\u00e0ctic: Exemples d&#8217;empreses ben i mal finan\u00e7ades<\/p>\n<p><strong>COM PLANIFICO EL FUTUR FINANCER DE LA MEVA EMPRESA<\/strong><br \/>\n1. Elaboraci\u00f3 dels diferents pressupostos<br \/>\n2. Seguiment del negoci<br \/>\n3. Actuaci\u00f3 davant desviacions<br \/>\n4. Cas pr\u00e0ctic: Elaboraci\u00f3 d&#8217;indicadors de seguiment<\/p>\n<p><strong>GESTI\u00d3 DE RISCOS<\/strong><br \/>\n1. Risc de cr\u00e8dit<br \/>\n2. Riscos a assegurar obligat\u00f2riament i de forma recomanable<br \/>\n3. Cas pr\u00e0ctic: Exemple de gesti\u00f3 de risc de cr\u00e8dit<\/p>\n<p><strong>QUIN VALOR TE LA MEVA EMPRESA<\/strong><br \/>\n1. Qu\u00e8 cal fer abans de vendre la meva empresa?<br \/>\n2. Principals m\u00e8todes de valoraci\u00f3<br \/>\n3. La negociaci\u00f3 final<br \/>\n4. Cas pr\u00e0ctic: Exemple de valoraci\u00f3 d&#8217;empresa[\/vc_column_text][vc_separator type=&#8221;transparent&#8221; thickness=&#8221;7&#8243;][vc_separator type=&#8221;transparent&#8221; thickness=&#8221;7&#8243;][\/vc_column][vc_column width=&#8221;1\/3&#8243;][vc_separator type=&#8221;transparent&#8221; thickness=&#8221;2&#8243;]<div id=\"mpc_connected_icons-2969d796067684e\" class=\"mpc-connected-icons mpc-init mpc-transition \"  data-ci-cols=\"4\" data-target=\"icon\" data-layout=\"vertical\"><div class=\"mpc-connected-icons__line\"><span><\/span><\/div><div data-id=\"mpc_icon_column-2069d7960676919\" class=\"mpc-icon-column mpc-init mpc-parent-hover mpc-transition mpc-icon-column--style_3 mpc-align--left \" ><div data-id=\"mpc_icon-269d7960676954\" class=\"mpc-icon mpc-init mpc-transition mpc-effect-none mpc-icon-hover \"><div class=\"mpc-icon-wrap\"><i class=\"mpc-icon-part mpc-regular mpc-transition  fa fa-file-text-o\"><\/i><i class=\"mpc-icon-part mpc-hover mpc-transition  fa fa-file-text-o\"><\/i><\/div><\/div><div class=\"mpc-icon-column__content-wrap\"><div class=\"mpc-icon-column__content\"><h3 class=\"mpc-icon-column__heading mpc-transition\">Tipus de Curs<\/h3><div class=\"mpc-icon-column__description mpc-transition\"><p><strong>FORMACI\u00d3 PRIVADA.<\/strong><\/p>\n<hr \/>\n<p><span style=\"color: #008080;\"><strong>MODALITAT AULA VIRTUAL<\/strong><\/span><\/p>\n<hr \/>\n<\/div><\/div><\/div><\/div><div data-id=\"mpc_icon_column-1769d7960676a20\" class=\"mpc-icon-column mpc-init mpc-parent-hover mpc-transition mpc-icon-column--style_3 mpc-align--left \" ><div data-id=\"mpc_icon-2869d7960676a44\" class=\"mpc-icon mpc-init mpc-transition mpc-effect-none mpc-icon-hover \"><div class=\"mpc-icon-wrap\"><i class=\"mpc-icon-part mpc-regular mpc-transition  el el-eur\"><\/i><i class=\"mpc-icon-part mpc-hover mpc-transition  el el-eur\"><\/i><\/div><\/div><div class=\"mpc-icon-column__content-wrap\"><div class=\"mpc-icon-column__content\"><h3 class=\"mpc-icon-column__heading mpc-transition\">PREU<\/h3><div class=\"mpc-icon-column__description mpc-transition\"><p>Preu Agremiat:\u00a0 295 \u20ac<br \/>\nPreu No Agremiat: 355 \u20ac<\/p>\n<\/div><\/div><\/div><\/div><div data-id=\"mpc_icon_column-6369d7960676add\" class=\"mpc-icon-column mpc-init mpc-parent-hover mpc-transition mpc-icon-column--style_3 mpc-align--left \" ><div data-id=\"mpc_icon-6269d7960676afc\" class=\"mpc-icon mpc-init mpc-transition mpc-effect-none mpc-icon-hover \"><div class=\"mpc-icon-wrap\"><i class=\"mpc-icon-part mpc-regular mpc-transition  fa fa-chrome\"><\/i><i class=\"mpc-icon-part mpc-hover mpc-transition  fa fa-chrome\"><\/i><\/div><\/div><div class=\"mpc-icon-column__content-wrap\"><div class=\"mpc-icon-column__content\"><h3 class=\"mpc-icon-column__heading mpc-transition\">\u00c1rea<\/h3><div class=\"mpc-icon-column__description mpc-transition\"><p>Gesti\u00f3 i habilitats directives.<\/p>\n<\/div><\/div><\/div><\/div><div data-id=\"mpc_icon_column-3569d7960676b92\" class=\"mpc-icon-column mpc-init mpc-parent-hover mpc-transition mpc-icon-column--style_3 mpc-align--left \" ><div data-id=\"mpc_icon-3969d7960676baf\" class=\"mpc-icon mpc-init mpc-transition mpc-effect-none mpc-icon-hover \"><div class=\"mpc-icon-wrap\"><i class=\"mpc-icon-part mpc-regular mpc-transition  mi mi-access_alarm\"><\/i><i class=\"mpc-icon-part mpc-hover mpc-transition  mi mi-access_alarm\"><\/i><\/div><\/div><div class=\"mpc-icon-column__content-wrap\"><div class=\"mpc-icon-column__content\"><h3 class=\"mpc-icon-column__heading mpc-transition\">DURACI\u00d3<\/h3><div class=\"mpc-icon-column__description mpc-transition\"><p>Aquest curs t\u00e9 una durada de <strong>21 hores<\/strong><\/p>\n<\/div><\/div><\/div><\/div><div data-id=\"mpc_icon_column-10069d7960676c46\" class=\"mpc-icon-column mpc-init mpc-parent-hover mpc-transition mpc-icon-column--style_3 mpc-align--left \" ><div data-id=\"mpc_icon-4269d7960676c62\" class=\"mpc-icon mpc-init mpc-transition mpc-effect-none mpc-icon-hover \"><div class=\"mpc-icon-wrap\"><i class=\"mpc-icon-part mpc-regular mpc-transition  fa fa-calendar\"><\/i><i class=\"mpc-icon-part mpc-hover mpc-transition  fa fa-calendar\"><\/i><\/div><\/div><div class=\"mpc-icon-column__content-wrap\"><div class=\"mpc-icon-column__content\"><h3 class=\"mpc-icon-column__heading mpc-transition\">Data<\/h3><div class=\"mpc-icon-column__description mpc-transition\"><p>Dilluns: 4,11,18,25 d&#8217;octubre i 8,15,22 de novembre, de 16 a 19 h<\/p>\n<\/div><\/div><\/div><\/div><div data-id=\"mpc_icon_column-7469d7960676cee\" class=\"mpc-icon-column mpc-init mpc-parent-hover mpc-transition mpc-icon-column--style_3 mpc-align--left \" ><div data-id=\"mpc_icon-3169d7960676d0e\" class=\"mpc-icon mpc-init mpc-transition mpc-effect-none mpc-icon-hover \"><div class=\"mpc-icon-wrap\"><i class=\"mpc-icon-part mpc-regular mpc-transition  fa fa-map-marker\"><\/i><i class=\"mpc-icon-part mpc-hover mpc-transition  fa fa-map-marker\"><\/i><\/div><\/div><div class=\"mpc-icon-column__content-wrap\"><div class=\"mpc-icon-column__content\"><h3 class=\"mpc-icon-column__heading mpc-typography--mpc_preset_20 mpc-transition\">Lloc<\/h3><div class=\"mpc-icon-column__description mpc-typography--mpc_preset_1 mpc-transition\"><p>Gremi de Constructors d\u2019Obres de Barcelona i Comarques, Gran Via de les Corts Catalanes, 663 \u2013 08010 Barcelona.<\/p>\n<\/div><\/div><\/div><\/div><\/div>[vc_separator type=&#8221;transparent&#8221; thickness=&#8221;20&#8243;][vc_single_image image=&#8221;11147&#8243; img_size=&#8221;full&#8221; qode_css_animation=&#8221;&#8221;][vc_separator type=&#8221;transparent&#8221; thickness=&#8221;20&#8243;]<div id=\"mpc_connected_icons-8369d7960676d79\" class=\"mpc-connected-icons mpc-init mpc-transition \"  data-ci-cols=\"4\" data-target=\"icon\" data-layout=\"vertical\"><div class=\"mpc-connected-icons__line\"><span><\/span><\/div><div data-id=\"mpc_icon_column-1069d7960676e1d\" class=\"mpc-icon-column mpc-init mpc-parent-hover mpc-transition mpc-icon-column--style_3 mpc-align--left \" ><div data-id=\"mpc_icon-8369d7960676e3a\" class=\"mpc-icon mpc-init mpc-transition mpc-effect-none mpc-icon-hover \"><div class=\"mpc-icon-wrap\"><i class=\"mpc-icon-part mpc-regular mpc-transition  fa fa-group\"><\/i><i class=\"mpc-icon-part mpc-hover mpc-transition  fa fa-group\"><\/i><\/div><\/div><div class=\"mpc-icon-column__content-wrap\"><div class=\"mpc-icon-column__content\"><h3 class=\"mpc-icon-column__heading mpc-transition\">Modalitat<\/h3><div class=\"mpc-icon-column__description mpc-transition\"><hr \/>\n<p><span style=\"color: #008080;\"><strong>MODALITAT AULA VIRTUAL<\/strong><\/span><\/p>\n<hr \/>\n<\/div><\/div><\/div><\/div><div data-id=\"mpc_icon_column-7469d7960676ed3\" class=\"mpc-icon-column mpc-init mpc-parent-hover mpc-transition mpc-icon-column--style_3 mpc-align--left \" ><div data-id=\"mpc_icon-969d7960676eec\" class=\"mpc-icon mpc-init mpc-transition mpc-effect-none mpc-icon-hover \"><div class=\"mpc-icon-wrap\"><i class=\"mpc-icon-part mpc-regular mpc-transition  fa fa-institution\"><\/i><i class=\"mpc-icon-part mpc-hover mpc-transition  fa fa-institution\"><\/i><\/div><\/div><div class=\"mpc-icon-column__content-wrap\"><div class=\"mpc-icon-column__content\"><h3 class=\"mpc-icon-column__heading mpc-transition\">DIPLOMA<\/h3><div class=\"mpc-icon-column__description mpc-transition\"><p>Al finalitzar el curs es lliurar\u00e0 un diploma acreditatiu d&#8217;aquesta formaci\u00f3.<\/p>\n<\/div><\/div><\/div><\/div><div data-id=\"mpc_icon_column-1669d7960676f64\" class=\"mpc-icon-column mpc-init mpc-parent-hover mpc-transition mpc-icon-column--style_3 mpc-align--left \" ><div data-id=\"mpc_icon-6869d7960676f7e\" class=\"mpc-icon mpc-init mpc-transition mpc-effect-none mpc-icon-hover \"><div class=\"mpc-icon-wrap\"><i class=\"mpc-icon-part mpc-regular mpc-transition  fa fa-mortar-board\"><\/i><i class=\"mpc-icon-part mpc-hover mpc-transition  fa fa-mortar-board\"><\/i><\/div><\/div><div class=\"mpc-icon-column__content-wrap\"><div class=\"mpc-icon-column__content\"><h3 class=\"mpc-icon-column__heading mpc-transition\">APPLUS ISO 9001<\/h3><div class=\"mpc-icon-column__description mpc-transition\"><p>Estem certificats\u00a0en Qualitat, segons la norma UNE-ISO 9001, per l&#8217;entitat Applus, amb la voluntat d&#8217;oferir un servei de m\u00e0xima qualitat formativa.<\/p>\n<\/div><\/div><\/div><\/div><\/div>[vc_separator type=&#8221;transparent&#8221; thickness=&#8221;30&#8243;][vc_row_inner row_type=&#8221;row&#8221; type=&#8221;full_width&#8221; text_align=&#8221;center&#8221; background_color=&#8221;#5c8953&#8243; css_animation=&#8221;&#8221; css=&#8221;.vc_custom_1473763518291{padding-top: 30px !important;padding-bottom: 30px !important;}&#8221;][vc_column_inner][vc_column_text]<\/p>\n<h3 style=\"text-align: center;\"><span style=\"color: #ffffff;\"><strong>Alguna consulta?<\/strong><\/span><\/h3>\n<p style=\"text-align: center;\"><strong><span style=\"color: #ffffff;\">Si tens alg\u00fan dubte o consulta relacionada amb aquest curs no dubtis em posar-te en contacte amb nosaltres!<\/span><\/strong><\/p>\n<p>[\/vc_column_text][vc_separator type=&#8221;transparent&#8221; thickness=&#8221;20&#8243;]<a id=\"formacio@gremi-obres.org\" itemprop=\"url\" href=\"mailto:formacio@gremi-obres.org?cc=ccosialls@gremi-obres.org&#038;bcc=comunicacio1@gremi-obres.org\" target=\"_self\" data-hover-background-color=\"#bfbfbf\" data-hover-border-color=\"#bfbfbf\" data-hover-color=\"#333333\" class=\"qbutton  medium center default\" style=\"color: #f3f3f3; border-color: #df5461; font-weight: 700; border-radius: 0px;-moz-border-radius: 0px;-webkit-border-radius: 0px; background-color:#df5461;\">SOL.LICITA INFORMACI\u00d3<\/a>[\/vc_column_inner][\/vc_row_inner][vc_separator type=&#8221;transparent&#8221; thickness=&#8221;20&#8243;][\/vc_column][vc_column width=&#8221;1\/3&#8243;][vc_row_inner row_type=&#8221;row&#8221; type=&#8221;full_width&#8221; text_align=&#8221;left&#8221; css_animation=&#8221;&#8221; css=&#8221;.vc_custom_1472718933359{margin-right: 30px !important;margin-left: 30px !important;border-top-width: 1px !important;border-right-width: 1px !important;border-bottom-width: 1px !important;border-left-width: 1px !important;padding-right: 15px !important;padding-left: 15px !important;background-color: #f2b705 !important;border-left-color: #f2b705 !important;border-left-style: solid !important;border-right-color: #f2b705 !important;border-right-style: solid !important;border-top-color: #f2b705 !important;border-top-style: solid !important;border-bottom-color: #f2b705 !important;border-bottom-style: solid !important;}&#8221;][vc_column_inner enable_sticky=&#8221;true&#8221; sticky_offset=&#8221;100&#8243;][vc_separator type=&#8221;transparent&#8221; thickness=&#8221;10&#8243;][vc_column_text]<\/p>\n<h3 style=\"text-align: center;\">Vull inscriure&#8217;m<\/h3>\n<p style=\"text-align: center;\"><iframe loading=\"lazy\" src=\"https:\/\/docs.google.com\/forms\/d\/e\/1FAIpQLSegFjah8kT6BiTaYOsVPCj-TKiBiScK3RGGqLk5ieVL_8aS_w\/viewform?embedded=true\" width=\"100%\" height=\"1240\" frameborder=\"0\" marginwidth=\"0\" marginheight=\"0\">S&#8217;est\u00e0 carregant\u2026<\/iframe><\/p>\n<p>[\/vc_column_text][vc_separator type=&#8221;transparent&#8221; thickness=&#8221;1&#8243; up=&#8221;1&#8243; down=&#8221;15&#8243;][vc_separator type=&#8221;transparent&#8221; thickness=&#8221;10&#8243;][vc_column_text]<\/p>\n<h6 style=\"text-align: left;\"><span style=\"font-weight: 400;\">Les dades obligat\u00f2ries s\u00f3n imprescindibles per a tramitar la sol\u00b7licitud. La resta de dades es sol\u00b7liciten per oferir un millor servei i comunicaci\u00f3. El sol\u00b7licitant autoritza la incorporaci\u00f3 de totes les dades esmentades a un arxiu titularitat del Gremi de Constructors d\u2019Obres de Barcelona i Comarques, amb domicili a Barcelona, Gran Via de les Corts Catalanes, n\u00fam. 663, que t\u00e9 com a finalitat tramitar la sol\u00b7licitud. Aix\u00ed mateix, autoritza que se li envi\u00ef informaci\u00f3 i ofertes comercials per correu electr\u00f2nic o algun altre mitj\u00e0 de comunicaci\u00f3 electr\u00f2nica equivalent. El sol\u00b7licitant disposa dels drets d\u2019acc\u00e9s, rectificaci\u00f3 i cancel\u00b7laci\u00f3 d\u2019aquestes dades, aix\u00ed com a oposar-se al seu tractament mitjan\u00e7ant escrit a l&#8217;adre\u00e7a anteriorment indicada amb la refer\u00e8ncia Protecci\u00f3 de Dades.<\/span><\/h6>\n<p>[\/vc_column_text][vc_separator type=&#8221;transparent&#8221; thickness=&#8221;20&#8243;][\/vc_column_inner][\/vc_row_inner][vc_separator type=&#8221;transparent&#8221; thickness=&#8221;25&#8243;][vc_row_inner row_type=&#8221;row&#8221; type=&#8221;full_width&#8221; text_align=&#8221;center&#8221; css_animation=&#8221;&#8221; css=&#8221;.vc_custom_1472720730068{margin-right: 30px !important;margin-left: 30px !important;border-top-width: 1px !important;border-right-width: 1px !important;border-bottom-width: 1px !important;border-left-width: 1px !important;padding-right: 15px !important;padding-left: 15px !important;background-color: #ededed !important;border-left-color: #ededed !important;border-left-style: solid !important;border-right-color: #ededed !important;border-right-style: solid !important;border-top-color: #ededed !important;border-top-style: solid !important;border-bottom-color: #ededed !important;border-bottom-style: solid !important;}&#8221;][vc_column_inner enable_sticky=&#8221;true&#8221; sticky_offset=&#8221;100&#8243;][vc_separator type=&#8221;transparent&#8221; thickness=&#8221;10&#8243;][\/vc_column_inner][\/vc_row_inner][\/vc_column][\/vc_row][vc_row row_type=&#8221;row&#8221; use_row_as_full_screen_section=&#8221;no&#8221; type=&#8221;full_width&#8221; angled_section=&#8221;no&#8221; text_align=&#8221;left&#8221; background_image_as_pattern=&#8221;without_pattern&#8221; css_animation=&#8221;&#8221;][vc_column][vc_separator type=&#8221;transparent&#8221; thickness=&#8221;55&#8243;][\/vc_column][\/vc_row]<\/p>\n<\/div>","protected":false},"excerpt":{"rendered":"<p>[vc_row row_type=&#8221;row&#8221; use_row_as_full_screen_section=&#8221;no&#8221; type=&#8221;grid&#8221; angled_section=&#8221;no&#8221; text_align=&#8221;left&#8221; background_image_as_pattern=&#8221;without_pattern&#8221; padding_top=&#8221;60&#8243; css_animation=&#8221;&#8221;][vc_column width=&#8221;1\/3&#8243;][vc_column_text]OBJECTIUS: A la fi del curs, el participant sabr\u00e0: Determinar la salut de la seva empresa a trav\u00e9s de l&#8217;an\u00e0lisi, comprensi\u00f3 i valoraci\u00f3 del balan\u00e7 i el compte de resultats de la companyia. La repercussi\u00f3 financera<\/p>\n","protected":false},"author":1,"featured_media":0,"parent":281,"menu_order":0,"comment_status":"closed","ping_status":"closed","template":"","meta":{"footnotes":""},"class_list":["post-11122","page","type-page","status-publish","hentry"],"yoast_head":"<!-- This site is optimized with the Yoast SEO plugin v25.3 - https:\/\/yoast.com\/wordpress\/plugins\/seo\/ -->\n<title>Finances per a gestionar amb \u00e9xit la teva PIME - Gremi de Constructors d&#039;Obres<\/title>\n<meta name=\"description\" content=\"Curs d&#039;Emprenedoria, Pla d&#039;Empresa i Pla de M\u00e0rqueting a Barcelona. Curs a Barcelona, al Gremi de Constructors\" \/>\n<meta name=\"robots\" content=\"index, follow, max-snippet:-1, max-image-preview:large, max-video-preview:-1\" \/>\n<link rel=\"canonical\" href=\"https:\/\/www.gremi-obres.org\/formacio\/cursos-barcelona\/finances-pime-2\/\" \/>\n<meta property=\"og:locale\" content=\"ca_ES\" \/>\n<meta property=\"og:type\" content=\"article\" \/>\n<meta property=\"og:title\" content=\"Finances per a gestionar amb \u00e9xit la teva PIME - Gremi de Constructors d&#039;Obres\" \/>\n<meta property=\"og:description\" content=\"Curs d&#039;Emprenedoria, Pla d&#039;Empresa i Pla de M\u00e0rqueting a Barcelona. Curs a Barcelona, al Gremi de Constructors\" \/>\n<meta property=\"og:url\" content=\"https:\/\/www.gremi-obres.org\/formacio\/cursos-barcelona\/finances-pime-2\/\" \/>\n<meta property=\"og:site_name\" content=\"Gremi de Constructors d&#039;Obres\" \/>\n<meta property=\"article:modified_time\" content=\"2021-07-15T15:45:16+00:00\" \/>\n<meta name=\"twitter:card\" content=\"summary_large_image\" \/>\n<meta name=\"twitter:label1\" content=\"Temps estimat de lectura\" \/>\n\t<meta name=\"twitter:data1\" content=\"5 minuts\" \/>\n<script type=\"application\/ld+json\" class=\"yoast-schema-graph\">{\"@context\":\"https:\/\/schema.org\",\"@graph\":[{\"@type\":\"WebPage\",\"@id\":\"https:\/\/www.gremi-obres.org\/formacio\/cursos-barcelona\/finances-pime-2\/\",\"url\":\"https:\/\/www.gremi-obres.org\/formacio\/cursos-barcelona\/finances-pime-2\/\",\"name\":\"Finances per a gestionar amb \u00e9xit la teva PIME - Gremi de Constructors d&#039;Obres\",\"isPartOf\":{\"@id\":\"https:\/\/www.gremi-obres.org\/formacio\/#website\"},\"datePublished\":\"2021-07-14T18:00:11+00:00\",\"dateModified\":\"2021-07-15T15:45:16+00:00\",\"description\":\"Curs d'Emprenedoria, Pla d'Empresa i Pla de M\u00e0rqueting a Barcelona. Curs a Barcelona, al Gremi de Constructors\",\"breadcrumb\":{\"@id\":\"https:\/\/www.gremi-obres.org\/formacio\/cursos-barcelona\/finances-pime-2\/#breadcrumb\"},\"inLanguage\":\"ca\",\"potentialAction\":[{\"@type\":\"ReadAction\",\"target\":[\"https:\/\/www.gremi-obres.org\/formacio\/cursos-barcelona\/finances-pime-2\/\"]}]},{\"@type\":\"BreadcrumbList\",\"@id\":\"https:\/\/www.gremi-obres.org\/formacio\/cursos-barcelona\/finances-pime-2\/#breadcrumb\",\"itemListElement\":[{\"@type\":\"ListItem\",\"position\":1,\"name\":\"Inici\",\"item\":\"https:\/\/www.gremi-obres.org\/formacio\/\"},{\"@type\":\"ListItem\",\"position\":2,\"name\":\"Cursos\",\"item\":\"https:\/\/www.gremi-obres.org\/formacio\/?page_id=281\"},{\"@type\":\"ListItem\",\"position\":3,\"name\":\"Finances per a gestionar amb \u00e9xit la teva PIME\"}]},{\"@type\":\"WebSite\",\"@id\":\"https:\/\/www.gremi-obres.org\/formacio\/#website\",\"url\":\"https:\/\/www.gremi-obres.org\/formacio\/\",\"name\":\"Gremi de Constructors d&#039;Obres\",\"description\":\"Formaci\u00f3 del Gremi de Constructors d&#039;Obres.\",\"potentialAction\":[{\"@type\":\"SearchAction\",\"target\":{\"@type\":\"EntryPoint\",\"urlTemplate\":\"https:\/\/www.gremi-obres.org\/formacio\/?s={search_term_string}\"},\"query-input\":{\"@type\":\"PropertyValueSpecification\",\"valueRequired\":true,\"valueName\":\"search_term_string\"}}],\"inLanguage\":\"ca\"}]}<\/script>\n<!-- \/ Yoast SEO plugin. -->","yoast_head_json":{"title":"Finances per a gestionar amb \u00e9xit la teva PIME - Gremi de Constructors d&#039;Obres","description":"Curs d'Emprenedoria, Pla d'Empresa i Pla de M\u00e0rqueting a Barcelona. Curs a Barcelona, al Gremi de Constructors","robots":{"index":"index","follow":"follow","max-snippet":"max-snippet:-1","max-image-preview":"max-image-preview:large","max-video-preview":"max-video-preview:-1"},"canonical":"https:\/\/www.gremi-obres.org\/formacio\/cursos-barcelona\/finances-pime-2\/","og_locale":"ca_ES","og_type":"article","og_title":"Finances per a gestionar amb \u00e9xit la teva PIME - Gremi de Constructors d&#039;Obres","og_description":"Curs d'Emprenedoria, Pla d'Empresa i Pla de M\u00e0rqueting a Barcelona. Curs a Barcelona, al Gremi de Constructors","og_url":"https:\/\/www.gremi-obres.org\/formacio\/cursos-barcelona\/finances-pime-2\/","og_site_name":"Gremi de Constructors d&#039;Obres","article_modified_time":"2021-07-15T15:45:16+00:00","twitter_card":"summary_large_image","twitter_misc":{"Temps estimat de lectura":"5 minuts"},"schema":{"@context":"https:\/\/schema.org","@graph":[{"@type":"WebPage","@id":"https:\/\/www.gremi-obres.org\/formacio\/cursos-barcelona\/finances-pime-2\/","url":"https:\/\/www.gremi-obres.org\/formacio\/cursos-barcelona\/finances-pime-2\/","name":"Finances per a gestionar amb \u00e9xit la teva PIME - Gremi de Constructors d&#039;Obres","isPartOf":{"@id":"https:\/\/www.gremi-obres.org\/formacio\/#website"},"datePublished":"2021-07-14T18:00:11+00:00","dateModified":"2021-07-15T15:45:16+00:00","description":"Curs d'Emprenedoria, Pla d'Empresa i Pla de M\u00e0rqueting a Barcelona. Curs a Barcelona, al Gremi de Constructors","breadcrumb":{"@id":"https:\/\/www.gremi-obres.org\/formacio\/cursos-barcelona\/finances-pime-2\/#breadcrumb"},"inLanguage":"ca","potentialAction":[{"@type":"ReadAction","target":["https:\/\/www.gremi-obres.org\/formacio\/cursos-barcelona\/finances-pime-2\/"]}]},{"@type":"BreadcrumbList","@id":"https:\/\/www.gremi-obres.org\/formacio\/cursos-barcelona\/finances-pime-2\/#breadcrumb","itemListElement":[{"@type":"ListItem","position":1,"name":"Inici","item":"https:\/\/www.gremi-obres.org\/formacio\/"},{"@type":"ListItem","position":2,"name":"Cursos","item":"https:\/\/www.gremi-obres.org\/formacio\/?page_id=281"},{"@type":"ListItem","position":3,"name":"Finances per a gestionar amb \u00e9xit la teva PIME"}]},{"@type":"WebSite","@id":"https:\/\/www.gremi-obres.org\/formacio\/#website","url":"https:\/\/www.gremi-obres.org\/formacio\/","name":"Gremi de Constructors d&#039;Obres","description":"Formaci\u00f3 del Gremi de Constructors d&#039;Obres.","potentialAction":[{"@type":"SearchAction","target":{"@type":"EntryPoint","urlTemplate":"https:\/\/www.gremi-obres.org\/formacio\/?s={search_term_string}"},"query-input":{"@type":"PropertyValueSpecification","valueRequired":true,"valueName":"search_term_string"}}],"inLanguage":"ca"}]}},"_links":{"self":[{"href":"https:\/\/www.gremi-obres.org\/formacio\/wp-json\/wp\/v2\/pages\/11122","targetHints":{"allow":["GET"]}}],"collection":[{"href":"https:\/\/www.gremi-obres.org\/formacio\/wp-json\/wp\/v2\/pages"}],"about":[{"href":"https:\/\/www.gremi-obres.org\/formacio\/wp-json\/wp\/v2\/types\/page"}],"author":[{"embeddable":true,"href":"https:\/\/www.gremi-obres.org\/formacio\/wp-json\/wp\/v2\/users\/1"}],"replies":[{"embeddable":true,"href":"https:\/\/www.gremi-obres.org\/formacio\/wp-json\/wp\/v2\/comments?post=11122"}],"version-history":[{"count":7,"href":"https:\/\/www.gremi-obres.org\/formacio\/wp-json\/wp\/v2\/pages\/11122\/revisions"}],"predecessor-version":[{"id":11152,"href":"https:\/\/www.gremi-obres.org\/formacio\/wp-json\/wp\/v2\/pages\/11122\/revisions\/11152"}],"up":[{"embeddable":true,"href":"https:\/\/www.gremi-obres.org\/formacio\/wp-json\/wp\/v2\/pages\/281"}],"wp:attachment":[{"href":"https:\/\/www.gremi-obres.org\/formacio\/wp-json\/wp\/v2\/media?parent=11122"}],"curies":[{"name":"wp","href":"https:\/\/api.w.org\/{rel}","templated":true}]}}