{"id":931,"date":"2016-10-12T12:32:04","date_gmt":"2016-10-12T12:32:04","guid":{"rendered":"https:\/\/www.gremi-obres.org\/formacio\/es\/?page_id=931"},"modified":"2023-04-08T07:34:35","modified_gmt":"2023-04-08T07:34:35","slug":"formacion-a-mida","status":"publish","type":"page","link":"https:\/\/www.gremi-obres.org\/formacio\/es\/formacion-a-mida\/","title":{"rendered":"Formaci\u00f3n a medida de las empresas"},"content":{"rendered":"<div class=\"wpb-content-wrapper\"><p>[vc_row row_type=\u00bbrow\u00bb use_row_as_full_screen_section=\u00bbno\u00bb type=\u00bbfull_width\u00bb angled_section=\u00bbno\u00bb text_align=\u00bbleft\u00bb background_image_as_pattern=\u00bbwithout_pattern\u00bb css_animation=\u00bb\u00bb css=\u00bb.vc_custom_1633280942148{background-image: url(https:\/\/www.gremi-obres.org\/formacio\/wp-content\/uploads\/2021\/08\/fondo-home.svg?id=11734) !important;}\u00bb][vc_column][vc_separator type=\u00bbtransparent\u00bb thickness=\u00bb1&#8243;][\/vc_column][\/vc_row][vc_row row_type=\u00bbrow\u00bb use_row_as_full_screen_section=\u00bbyes\u00bb type=\u00bbfull_width\u00bb angled_section=\u00bbno\u00bb text_align=\u00bbleft\u00bb background_image_as_pattern=\u00bbwithout_pattern\u00bb padding_top=\u00bb60&#8243; css_animation=\u00bb\u00bb css=\u00bb.vc_custom_1633280849983{margin-right: 4% !important;margin-left: 3% !important;}\u00bb][vc_column width=\u00bb2\/3&#8243;][vc_row_inner row_type=\u00bbrow\u00bb type=\u00bbfull_width\u00bb text_align=\u00bbleft\u00bb css_animation=\u00bb\u00bb][vc_column_inner width=\u00bb2\/3&#8243;][vc_column_text]<\/p>\n<h3><span style=\"color: #000080;\">FORMACI\u00d3N A MEDIDA DE LA EMPRESA<\/span><\/h3>\n<h2>HACEMOS EL CURSO QUE NECESITAS<\/h2>\n<p>[\/vc_column_text][\/vc_column_inner][vc_column_inner width=\u00bb1\/3&#8243;][vc_single_image image=\u00bb12246&#8243; img_size=\u00bbfull\u00bb onclick=\u00bbcustom_link\u00bb qode_css_animation=\u00bb\u00bb link=\u00bbhttps:\/\/www.fundae.es\/\u00bb][\/vc_column_inner][\/vc_row_inner][vc_separator type=\u00bbsmall\u00bb position=\u00bbleft\u00bb color=\u00bb#f29760&#8243; thickness=\u00bb1&#8243; width=\u00bb86&#8243;][vc_column_text]Dise\u00f1amos y realizamos cursos de formaci\u00f3n de materias de utilidad para las empresas de nuestro sector de la construcci\u00f3n en los diferentes \u00e1mbitos de la actividad, que tienen por objetivo el aprendizaje de contenidos espec\u00edficos seg\u00fan las necesidades de cada organizaci\u00f3n, para asumir y actualizar conocimientos y habilidades. Se trata de cursos adaptados a las necesidades, posibilidades e intereses de la empresa.<\/p>\n<p><em>Aviso: los cursos de Prevenci\u00f3n de Riesgos Laborales no pueden bonificarse, de acuerdo a sentencia dictada por la Audiencia Nacional, en el a\u00f1o 2022.<\/em><\/p>\n<p><strong>Los cursos son bonificables por FUNDAE (Fundaci\u00f3n Estatal para la Formaci\u00f3n en el Empleo).<\/strong><\/p>\n<hr \/>\n<h4><strong><span style=\"color: #000080;\">\u00bfEN QU\u00c9 CONSISTE LA FORMACI\u00d3N A MEDIDA DEL GREMI?<\/span><\/strong><\/h4>\n<p>Creaci\u00f3n de un <strong>PLAN DE FORMACI\u00d3N<\/strong> a medida para cubrir sus necesidades espec\u00edficas<\/p>\n<p><strong>NOS ADAPTAMOS<\/strong> en la medida de sus empresas con cursos de formaci\u00f3n continuada o bien dise\u00f1amos nuevos cursos que cubran necesidades y expectativas concretas.<\/p>\n<p>Fijamos <strong>CALENDARIO Y HORARIOS<\/strong> del curso que se adapten mejor al grupo.<\/p>\n<p>Acordamos el <strong>LUGAR DE REALIZACI\u00d3N<\/strong> de la formaci\u00f3n que m\u00e1s le convenga, ya sea en sus oficinas o en cualquiera de las aulas del Gremio. Tambi\u00e9n ofrecemos la posibilidad de hacer la formaci\u00f3n online o semipresencial.<\/p>\n<p>Nos hacemos cargo de toda la <strong>LOG\u00cdSTICA DEL CURSO<\/strong>: contrataci\u00f3n del equipo docente especializado, material formativo, equipo t\u00e9cnico, control de asistencia, y tc.<\/p>\n<p>Entregamos a todos los participantes en el curso, un <strong>CERTIFICADO DE APROVECHAMIENTO.<\/strong><\/p>\n<hr \/>\n<h4><span style=\"color: #000080;\"><strong>LA FORMACI\u00d3N A MEDIDA ES BONIFICABLE<\/strong><\/span><\/h4>\n<p>La formaci\u00f3n a medida es bonificable por Fundae (Fundaci\u00f3n Estatal para la Formaci\u00f3n en el Empleo)<\/p>\n<h5><strong><img loading=\"lazy\" decoding=\"async\" class=\"alignnone size-medium wp-image-20503\" src=\"https:\/\/www.gremi-obres.org\/formacio\/wp-content\/uploads\/2023\/04\/descarga-7-300x47.png\" alt=\"\" width=\"300\" height=\"47\" srcset=\"https:\/\/www.gremi-obres.org\/formacio\/wp-content\/uploads\/2023\/04\/descarga-7-300x47.png 300w, https:\/\/www.gremi-obres.org\/formacio\/wp-content\/uploads\/2023\/04\/descarga-7.png 564w\" sizes=\"auto, (max-width: 300px) 100vw, 300px\" \/><br \/>\n<span style=\"color: #ffffff;\">&#8211;<\/span><br \/>\n\u00bfC\u00f3mo bonificar el curso?<\/strong><\/h5>\n<p>Las personas trabajadoras pueden bonificarse el curso mediante el cr\u00e9dito de formaci\u00f3n de su empresa (que hasta cierto l\u00edmite anual supone un coste cero).<\/p>\n<p><em>Si en vuestra empresa no sab\u00e9is c\u00f3mo gestionar estos cr\u00e9ditos desde el propio Gremi os podemos derivar a una gestor\u00eda de confianza que cobra una tasa de gesti\u00f3n por alumno dependiendo del cr\u00e9dito a bonificar.<\/em><\/p>\n<p><em>Si os conviene, tambi\u00e9n pod\u00e9is bonificar los cursos desde vuestra propia empresa:<\/em><\/p>\n<h5 class=\"card2\"><a href=\"https:\/\/www.fundae.es\/empresas\/home\/como-bonificarte\" target=\"_blank\" rel=\"noopener\"><button data-wp-editing=\"1\"><img loading=\"lazy\" decoding=\"async\" class=\"alignnone wp-image-31868 \" role=\"img\" src=\"https:\/\/www.gremi-obres.org\/wp-content\/uploads\/2021\/08\/flecha-naranja.svg\" alt=\"\" width=\"11\" height=\"11\" \/> C\u00f3mo bonificar un curso<\/button><\/a><\/h5>\n<p>[\/vc_column_text][vc_separator type=\u00bbtransparent\u00bb thickness=\u00bb25&#8243;][vc_column_text]<img loading=\"lazy\" decoding=\"async\" class=\"alignnone  wp-image-20508\" role=\"img\" src=\"https:\/\/www.gremi-obres.org\/formacio\/wp-content\/uploads\/2023\/04\/Diseno-sin-titulo-1.svg\" alt=\"\" width=\"900\" height=\"414\" \/>[\/vc_column_text][\/vc_column][vc_column width=\u00bb1\/3&#8243;][vc_row_inner row_type=\u00bbrow\u00bb type=\u00bbfull_width\u00bb text_align=\u00bbcenter\u00bb background_color=\u00bb#f2b705&#8243; css_animation=\u00bb\u00bb css=\u00bb.vc_custom_1633280874098{margin-right: 30px !important;margin-left: 30px !important;border-top-width: 0px !important;border-right-width: 0px !important;border-bottom-width: 0px !important;border-left-width: 0px !important;padding-right: 15px !important;padding-left: 15px !important;background: #f2b705 url(https:\/\/www.gremi-obres.org\/formacio\/wp-content\/uploads\/2021\/09\/gris-claro.png?id=11893) !important;border-left-color: #f2b705 !important;border-left-style: solid !important;border-right-color: #f2b705 !important;border-right-style: solid !important;border-top-color: #f2b705 !important;border-top-style: solid !important;border-bottom-color: #f2b705 !important;border-bottom-style: solid !important;}\u00bb][vc_column_inner enable_sticky=\u00bbtrue\u00bb sticky_offset=\u00bb100&#8243; alignment=\u00bbleft\u00bb][vc_separator type=\u00bbtransparent\u00bb thickness=\u00bb10&#8243;][vc_column_text]<\/p>\n<h5 style=\"text-align: center;\"><strong><span style=\"color: #000080;\">SOLICITUD DE FORMACI\u00d3N A MEDIDA PARA VUESTRA EMPRESA<\/span><\/strong><\/h5>\n<p>[\/vc_column_text][vc_separator type=\u00bbtransparent\u00bb thickness=\u00bb20&#8243;]\n<div class=\"wpcf7 no-js\" id=\"wpcf7-f12272-o1\" lang=\"ca\" dir=\"ltr\" data-wpcf7-id=\"12272\">\n<div class=\"screen-reader-response\"><p role=\"status\" aria-live=\"polite\" aria-atomic=\"true\"><\/p> <ul><\/ul><\/div>\n<form action=\"\/formacio\/es\/wp-json\/wp\/v2\/pages\/931#wpcf7-f12272-o1\" method=\"post\" class=\"wpcf7-form init default\" aria-label=\"Formulari de contacte\" novalidate=\"novalidate\" data-status=\"init\">\n<div style=\"display: none;\">\n<input type=\"hidden\" name=\"_wpcf7\" value=\"12272\" \/>\n<input type=\"hidden\" name=\"_wpcf7_version\" value=\"6.0.6\" \/>\n<input type=\"hidden\" name=\"_wpcf7_locale\" value=\"ca\" \/>\n<input type=\"hidden\" name=\"_wpcf7_unit_tag\" value=\"wpcf7-f12272-o1\" \/>\n<input type=\"hidden\" name=\"_wpcf7_container_post\" value=\"0\" \/>\n<input type=\"hidden\" name=\"_wpcf7_posted_data_hash\" value=\"\" \/>\n<input type=\"hidden\" name=\"_wpcf7_recaptcha_response\" value=\"\" \/>\n<\/div>\n<p><label>Persona de contacto:<br \/>\n<span class=\"wpcf7-form-control-wrap\" data-name=\"your-name\"><input size=\"40\" maxlength=\"400\" class=\"wpcf7-form-control wpcf7-text wpcf7-validates-as-required\" aria-required=\"true\" aria-invalid=\"false\" value=\"\" type=\"text\" name=\"your-name\" \/><\/span> <\/label>\n<\/p>\n<p><label> Email<br \/>\n<span class=\"wpcf7-form-control-wrap\" data-name=\"your-email\"><input size=\"40\" maxlength=\"400\" class=\"wpcf7-form-control wpcf7-email wpcf7-validates-as-required wpcf7-text wpcf7-validates-as-email\" aria-required=\"true\" aria-invalid=\"false\" value=\"\" type=\"email\" name=\"your-email\" \/><\/span> <\/label>\n<\/p>\n<p><label>Tel\u00e9fono (opcional)<br \/>\n<span class=\"wpcf7-form-control-wrap\" data-name=\"telef\"><input class=\"wpcf7-form-control wpcf7-number wpcf7-validates-as-number\" aria-invalid=\"false\" value=\"\" type=\"number\" name=\"telef\" \/><\/span><\/label>\n<\/p>\n<p><label> Empresa:<br \/>\n<span class=\"wpcf7-form-control-wrap\" data-name=\"your-empresa\"><input size=\"40\" maxlength=\"400\" class=\"wpcf7-form-control wpcf7-text wpcf7-validates-as-required\" aria-required=\"true\" aria-invalid=\"false\" value=\"\" type=\"text\" name=\"your-empresa\" \/><\/span> <\/label>\n<\/p>\n<p><label> CIF:<br \/>\n<span class=\"wpcf7-form-control-wrap\" data-name=\"your-CIF\"><input size=\"40\" maxlength=\"400\" class=\"wpcf7-form-control wpcf7-text wpcf7-validates-as-required\" aria-required=\"true\" aria-invalid=\"false\" value=\"\" type=\"text\" name=\"your-CIF\" \/><\/span> <\/label>\n<\/p>\n<p><label> \u00bfQu\u00e9 curso o qu\u00e9 curso estar\u00edas interesado en que organiz\u00e1ramos para tu empresa?<br \/>\n<span class=\"wpcf7-form-control-wrap\" data-name=\"your-curs\"><textarea cols=\"40\" rows=\"10\" maxlength=\"2000\" class=\"wpcf7-form-control wpcf7-textarea\" aria-invalid=\"false\" name=\"your-curs\"><\/textarea><\/span> <\/label>\n<\/p>\n<p><label>\u00bfCu\u00e1ntos trabajadores querr\u00edas formar?<br \/>\n<span class=\"wpcf7-form-control-wrap\" data-name=\"your-treballadors\"><input size=\"40\" maxlength=\"400\" class=\"wpcf7-form-control wpcf7-text wpcf7-validates-as-required\" aria-required=\"true\" aria-invalid=\"false\" value=\"\" type=\"text\" name=\"your-treballadors\" \/><\/span> <\/label>\n<\/p>\n<p>\u00bfQuerr\u00edais que os tramitasemos nosotros la bonificaci\u00f3n del curso o los cursos?\n<\/p>\n<p><span class=\"wpcf7-form-control-wrap\" data-name=\"bonificacio\"><span class=\"wpcf7-form-control wpcf7-radio\"><span class=\"wpcf7-list-item first\"><input type=\"radio\" name=\"bonificacio\" value=\"Si\" checked=\"checked\" \/><span class=\"wpcf7-list-item-label\">Si<\/span><\/span><span class=\"wpcf7-list-item last\"><input type=\"radio\" name=\"bonificacio\" value=\"No\" \/><span class=\"wpcf7-list-item-label\">No<\/span><\/span><\/span><\/span>\n<\/p>\n<p><label> \u00bfTienes alguna duda?<br \/>\n<span class=\"wpcf7-form-control-wrap\" data-name=\"your-message\"><textarea cols=\"40\" rows=\"10\" maxlength=\"2000\" class=\"wpcf7-form-control wpcf7-textarea\" aria-invalid=\"false\" name=\"your-message\"><\/textarea><\/span> <\/label>\n<\/p>\n<p><span class=\"wpcf7-form-control-wrap\" data-name=\"acceptance-324\"><span class=\"wpcf7-form-control wpcf7-acceptance\"><span class=\"wpcf7-list-item\"><input type=\"checkbox\" name=\"acceptance-324\" value=\"1\" aria-invalid=\"false\" \/><\/span><\/span><\/span> He le\u00eddo y acepto <a href=\"http:\/\/www.gremi-obres.org\/avis-legal-de-la-web\/\">Pol\u00edtica de Privacitat<\/a> (obligatori)\n<\/p>\n<h6>Los datos obligatorios son imprescindibles para tramitar la solicitud. El resto de datos se solicitan para ofrecer un mejor servicio y comunicaci\u00f3n. El solicitante autoriza la incorporaci\u00f3n de todos los datos mencionados en un archivo titularidad del Gremio de Constructores de Obras de Barcelona y Comarcas, con domicilio en Barcelona, Gran V\u00eda de las Cortes Catalanas, n\u00fam. 663, que tiene como finalidad tramitar la solicitud. Asimismo, autoriza que se le env\u00ede informaci\u00f3n y ofertas comerciales por correo electr\u00f3nico o alg\u00fan otro medio de comunicaci\u00f3n electr\u00f3nica equivalente. Conforme al Reglamento General de Protecci\u00f3n de Datos 2016\/679, el solicitante dispone de los derechos de acceso, rectificaci\u00f3n y cancelaci\u00f3n de estos datos, as\u00ed como oponerse a su tratamiento mediante escrito a la direcci\u00f3n anteriormente indicada con la referencia Protecci\u00f3n de Datos.\n<\/h6>\n<p><input class=\"wpcf7-form-control wpcf7-submit has-spinner\" type=\"submit\" value=\"Enviar\" \/>\n<\/p><div class=\"wpcf7-response-output\" aria-hidden=\"true\"><\/div>\n<\/form>\n<\/div>\n[vc_separator type=\u00bbtransparent\u00bb thickness=\u00bb20&#8243;][\/vc_column_inner][\/vc_row_inner][vc_separator type=\u00bbtransparent\u00bb thickness=\u00bb10&#8243;][\/vc_column][\/vc_row]<\/p>\n<\/div>","protected":false},"excerpt":{"rendered":"<p>[vc_row row_type=\u00bbrow\u00bb use_row_as_full_screen_section=\u00bbno\u00bb type=\u00bbfull_width\u00bb angled_section=\u00bbno\u00bb text_align=\u00bbleft\u00bb background_image_as_pattern=\u00bbwithout_pattern\u00bb css_animation=\u00bb\u00bb css=\u00bb.vc_custom_1633280942148{background-image: url(https:\/\/www.gremi-obres.org\/formacio\/wp-content\/uploads\/2021\/08\/fondo-home.svg?id=11734) !important;}\u00bb][vc_column][vc_separator type=\u00bbtransparent\u00bb thickness=\u00bb1&#8243;][\/vc_column][\/vc_row][vc_row row_type=\u00bbrow\u00bb use_row_as_full_screen_section=\u00bbyes\u00bb type=\u00bbfull_width\u00bb angled_section=\u00bbno\u00bb text_align=\u00bbleft\u00bb background_image_as_pattern=\u00bbwithout_pattern\u00bb padding_top=\u00bb60&#8243; css_animation=\u00bb\u00bb css=\u00bb.vc_custom_1633280849983{margin-right: 4% !important;margin-left: 3% !important;}\u00bb][vc_column width=\u00bb2\/3&#8243;][vc_row_inner row_type=\u00bbrow\u00bb type=\u00bbfull_width\u00bb text_align=\u00bbleft\u00bb css_animation=\u00bb\u00bb][vc_column_inner width=\u00bb2\/3&#8243;][vc_column_text] FORMACI\u00d3N A MEDIDA DE LA EMPRESA HACEMOS EL CURSO QUE NECESITAS [\/vc_column_text][\/vc_column_inner][vc_column_inner width=\u00bb1\/3&#8243;][vc_single_image<\/p>\n","protected":false},"author":1,"featured_media":20508,"parent":0,"menu_order":0,"comment_status":"closed","ping_status":"closed","template":"full_width.php","meta":{"footnotes":""},"class_list":["post-931","page","type-page","status-publish","has-post-thumbnail","hentry"],"yoast_head":"<!-- This site is optimized with the Yoast SEO plugin v25.3 - https:\/\/yoast.com\/wordpress\/plugins\/seo\/ -->\n<title>Formaci\u00f3n a medida de las empresas - Gremi de Constructors d&#039;Obres<\/title>\n<meta name=\"description\" content=\"Formaci\u00f3n a medida en el Gremio de Constructores de Obras de Barcelona y Comarcas. Formaci\u00f3n personalizada para necesidades de las empresas.\" \/>\n<meta name=\"robots\" content=\"index, follow, max-snippet:-1, max-image-preview:large, max-video-preview:-1\" \/>\n<link rel=\"canonical\" href=\"https:\/\/www.gremi-obres.org\/formacio\/es\/formacion-a-mida\/\" \/>\n<meta property=\"og:locale\" content=\"es_ES\" \/>\n<meta property=\"og:type\" content=\"article\" \/>\n<meta property=\"og:title\" content=\"Formaci\u00f3n a medida de las empresas - Gremi de Constructors d&#039;Obres\" \/>\n<meta property=\"og:description\" content=\"Formaci\u00f3n a medida en el Gremio de Constructores de Obras de Barcelona y Comarcas. Formaci\u00f3n personalizada para necesidades de las empresas.\" \/>\n<meta property=\"og:url\" content=\"https:\/\/www.gremi-obres.org\/formacio\/es\/formacion-a-mida\/\" \/>\n<meta property=\"og:site_name\" content=\"Gremi de Constructors d&#039;Obres\" \/>\n<meta property=\"article:modified_time\" content=\"2023-04-08T07:34:35+00:00\" \/>\n<meta name=\"twitter:card\" content=\"summary_large_image\" \/>\n<meta name=\"twitter:label1\" content=\"Tiempo de lectura\" \/>\n\t<meta name=\"twitter:data1\" content=\"4 minutos\" \/>\n<script type=\"application\/ld+json\" class=\"yoast-schema-graph\">{\"@context\":\"https:\/\/schema.org\",\"@graph\":[{\"@type\":\"WebPage\",\"@id\":\"https:\/\/www.gremi-obres.org\/formacio\/es\/formacion-a-mida\/\",\"url\":\"https:\/\/www.gremi-obres.org\/formacio\/es\/formacion-a-mida\/\",\"name\":\"Formaci\u00f3n a medida de las empresas - Gremi de Constructors d&#039;Obres\",\"isPartOf\":{\"@id\":\"https:\/\/www.gremi-obres.org\/formacio\/#website\"},\"primaryImageOfPage\":{\"@id\":\"https:\/\/www.gremi-obres.org\/formacio\/es\/formacion-a-mida\/#primaryimage\"},\"image\":{\"@id\":\"https:\/\/www.gremi-obres.org\/formacio\/es\/formacion-a-mida\/#primaryimage\"},\"thumbnailUrl\":\"https:\/\/www.gremi-obres.org\/formacio\/wp-content\/uploads\/2023\/04\/Diseno-sin-titulo-1.svg\",\"datePublished\":\"2016-10-12T12:32:04+00:00\",\"dateModified\":\"2023-04-08T07:34:35+00:00\",\"description\":\"Formaci\u00f3n a medida en el Gremio de Constructores de Obras de Barcelona y Comarcas. Formaci\u00f3n personalizada para necesidades de las empresas.\",\"breadcrumb\":{\"@id\":\"https:\/\/www.gremi-obres.org\/formacio\/es\/formacion-a-mida\/#breadcrumb\"},\"inLanguage\":\"es\",\"potentialAction\":[{\"@type\":\"ReadAction\",\"target\":[\"https:\/\/www.gremi-obres.org\/formacio\/es\/formacion-a-mida\/\"]}]},{\"@type\":\"ImageObject\",\"inLanguage\":\"es\",\"@id\":\"https:\/\/www.gremi-obres.org\/formacio\/es\/formacion-a-mida\/#primaryimage\",\"url\":\"https:\/\/www.gremi-obres.org\/formacio\/wp-content\/uploads\/2023\/04\/Diseno-sin-titulo-1.svg\",\"contentUrl\":\"https:\/\/www.gremi-obres.org\/formacio\/wp-content\/uploads\/2023\/04\/Diseno-sin-titulo-1.svg\"},{\"@type\":\"BreadcrumbList\",\"@id\":\"https:\/\/www.gremi-obres.org\/formacio\/es\/formacion-a-mida\/#breadcrumb\",\"itemListElement\":[{\"@type\":\"ListItem\",\"position\":1,\"name\":\"Inici\",\"item\":\"https:\/\/www.gremi-obres.org\/formacio\/es\/\"},{\"@type\":\"ListItem\",\"position\":2,\"name\":\"Formaci\u00f3n a medida de las empresas\"}]},{\"@type\":\"WebSite\",\"@id\":\"https:\/\/www.gremi-obres.org\/formacio\/#website\",\"url\":\"https:\/\/www.gremi-obres.org\/formacio\/\",\"name\":\"Gremi de Constructors d&#039;Obres\",\"description\":\"Formaci\u00f3 del Gremi de Constructors d&#039;Obres.\",\"potentialAction\":[{\"@type\":\"SearchAction\",\"target\":{\"@type\":\"EntryPoint\",\"urlTemplate\":\"https:\/\/www.gremi-obres.org\/formacio\/?s={search_term_string}\"},\"query-input\":{\"@type\":\"PropertyValueSpecification\",\"valueRequired\":true,\"valueName\":\"search_term_string\"}}],\"inLanguage\":\"es\"}]}<\/script>\n<!-- \/ Yoast SEO plugin. -->","yoast_head_json":{"title":"Formaci\u00f3n a medida de las empresas - Gremi de Constructors d&#039;Obres","description":"Formaci\u00f3n a medida en el Gremio de Constructores de Obras de Barcelona y Comarcas. Formaci\u00f3n personalizada para necesidades de las empresas.","robots":{"index":"index","follow":"follow","max-snippet":"max-snippet:-1","max-image-preview":"max-image-preview:large","max-video-preview":"max-video-preview:-1"},"canonical":"https:\/\/www.gremi-obres.org\/formacio\/es\/formacion-a-mida\/","og_locale":"es_ES","og_type":"article","og_title":"Formaci\u00f3n a medida de las empresas - Gremi de Constructors d&#039;Obres","og_description":"Formaci\u00f3n a medida en el Gremio de Constructores de Obras de Barcelona y Comarcas. Formaci\u00f3n personalizada para necesidades de las empresas.","og_url":"https:\/\/www.gremi-obres.org\/formacio\/es\/formacion-a-mida\/","og_site_name":"Gremi de Constructors d&#039;Obres","article_modified_time":"2023-04-08T07:34:35+00:00","twitter_card":"summary_large_image","twitter_misc":{"Tiempo de lectura":"4 minutos"},"schema":{"@context":"https:\/\/schema.org","@graph":[{"@type":"WebPage","@id":"https:\/\/www.gremi-obres.org\/formacio\/es\/formacion-a-mida\/","url":"https:\/\/www.gremi-obres.org\/formacio\/es\/formacion-a-mida\/","name":"Formaci\u00f3n a medida de las empresas - Gremi de Constructors d&#039;Obres","isPartOf":{"@id":"https:\/\/www.gremi-obres.org\/formacio\/#website"},"primaryImageOfPage":{"@id":"https:\/\/www.gremi-obres.org\/formacio\/es\/formacion-a-mida\/#primaryimage"},"image":{"@id":"https:\/\/www.gremi-obres.org\/formacio\/es\/formacion-a-mida\/#primaryimage"},"thumbnailUrl":"https:\/\/www.gremi-obres.org\/formacio\/wp-content\/uploads\/2023\/04\/Diseno-sin-titulo-1.svg","datePublished":"2016-10-12T12:32:04+00:00","dateModified":"2023-04-08T07:34:35+00:00","description":"Formaci\u00f3n a medida en el Gremio de Constructores de Obras de Barcelona y Comarcas. Formaci\u00f3n personalizada para necesidades de las empresas.","breadcrumb":{"@id":"https:\/\/www.gremi-obres.org\/formacio\/es\/formacion-a-mida\/#breadcrumb"},"inLanguage":"es","potentialAction":[{"@type":"ReadAction","target":["https:\/\/www.gremi-obres.org\/formacio\/es\/formacion-a-mida\/"]}]},{"@type":"ImageObject","inLanguage":"es","@id":"https:\/\/www.gremi-obres.org\/formacio\/es\/formacion-a-mida\/#primaryimage","url":"https:\/\/www.gremi-obres.org\/formacio\/wp-content\/uploads\/2023\/04\/Diseno-sin-titulo-1.svg","contentUrl":"https:\/\/www.gremi-obres.org\/formacio\/wp-content\/uploads\/2023\/04\/Diseno-sin-titulo-1.svg"},{"@type":"BreadcrumbList","@id":"https:\/\/www.gremi-obres.org\/formacio\/es\/formacion-a-mida\/#breadcrumb","itemListElement":[{"@type":"ListItem","position":1,"name":"Inici","item":"https:\/\/www.gremi-obres.org\/formacio\/es\/"},{"@type":"ListItem","position":2,"name":"Formaci\u00f3n a medida de las empresas"}]},{"@type":"WebSite","@id":"https:\/\/www.gremi-obres.org\/formacio\/#website","url":"https:\/\/www.gremi-obres.org\/formacio\/","name":"Gremi de Constructors d&#039;Obres","description":"Formaci\u00f3 del Gremi de Constructors d&#039;Obres.","potentialAction":[{"@type":"SearchAction","target":{"@type":"EntryPoint","urlTemplate":"https:\/\/www.gremi-obres.org\/formacio\/?s={search_term_string}"},"query-input":{"@type":"PropertyValueSpecification","valueRequired":true,"valueName":"search_term_string"}}],"inLanguage":"es"}]}},"_links":{"self":[{"href":"https:\/\/www.gremi-obres.org\/formacio\/es\/wp-json\/wp\/v2\/pages\/931","targetHints":{"allow":["GET"]}}],"collection":[{"href":"https:\/\/www.gremi-obres.org\/formacio\/es\/wp-json\/wp\/v2\/pages"}],"about":[{"href":"https:\/\/www.gremi-obres.org\/formacio\/es\/wp-json\/wp\/v2\/types\/page"}],"author":[{"embeddable":true,"href":"https:\/\/www.gremi-obres.org\/formacio\/es\/wp-json\/wp\/v2\/users\/1"}],"replies":[{"embeddable":true,"href":"https:\/\/www.gremi-obres.org\/formacio\/es\/wp-json\/wp\/v2\/comments?post=931"}],"version-history":[{"count":30,"href":"https:\/\/www.gremi-obres.org\/formacio\/es\/wp-json\/wp\/v2\/pages\/931\/revisions"}],"predecessor-version":[{"id":20512,"href":"https:\/\/www.gremi-obres.org\/formacio\/es\/wp-json\/wp\/v2\/pages\/931\/revisions\/20512"}],"wp:featuredmedia":[{"embeddable":true,"href":"https:\/\/www.gremi-obres.org\/formacio\/es\/wp-json\/wp\/v2\/media\/20508"}],"wp:attachment":[{"href":"https:\/\/www.gremi-obres.org\/formacio\/es\/wp-json\/wp\/v2\/media?parent=931"}],"curies":[{"name":"wp","href":"https:\/\/api.w.org\/{rel}","templated":true}]}}