{"id":919,"date":"2016-10-12T11:31:08","date_gmt":"2016-10-12T11:31:08","guid":{"rendered":"https:\/\/www.gremi-obres.org\/formacio\/?page_id=919&#038;lang=es"},"modified":"2018-05-08T16:55:26","modified_gmt":"2018-05-08T16:55:26","slug":"adaptacion-norma-iso-90012015","status":"publish","type":"page","link":"https:\/\/www.gremi-obres.org\/formacio\/es\/cursos\/adaptacion-norma-iso-90012015\/","title":{"rendered":"Adaptaci\u00f3n a la Norma ISO 9001:2015"},"content":{"rendered":"<div class=\"wpb-content-wrapper\"><p>[vc_row row_type=\u00bbrow\u00bb use_row_as_full_screen_section=\u00bbno\u00bb type=\u00bbgrid\u00bb angled_section=\u00bbno\u00bb text_align=\u00bbleft\u00bb background_image_as_pattern=\u00bbwithout_pattern\u00bb padding_top=\u00bb60&#8243; css_animation=\u00bb\u00bb][vc_column width=\u00bb1\/3&#8243;][vc_column_text]<\/p>\n<h3>Descripci\u00f3n<\/h3>\n<p>[\/vc_column_text][vc_separator type=\u00bbsmall\u00bb position=\u00bbleft\u00bb color=\u00bb#f29760&#8243; thickness=\u00bb1&#8243; width=\u00bb86&#8243;][vc_column_text]<\/p>\n<p class=\"p1\">El objetivo del curso \u00a0ISO 9001 es conocer los cambios que se han producido en la Norma ISO 9001: 2015 y preparar al alumno a la adaptaci\u00f3n del sistema de gesti\u00f3n de calidad en la nueva versi\u00f3n. El curso est\u00e1 destinado a todas las personas que tienen relaci\u00f3n con el sistema de gesti\u00f3n de calidad ISO 9001.<\/p>\n<p>[\/vc_column_text][vc_separator type=\u00bbtransparent\u00bb thickness=\u00bb7&#8243;][vc_column_text]<\/p>\n<h2>Adaptaci\u00f3n a la Norma ISO 9001:2015<\/h2>\n<p>[\/vc_column_text][vc_separator type=\u00bbsmall\u00bb position=\u00bbleft\u00bb color=\u00bb#f29760&#8243; thickness=\u00bb1&#8243; width=\u00bb86&#8243;][vc_column_text]PROGRAMA<\/p>\n<p>1. SESI\u00d3N NORMA ISO 9001: 2.015. ASPECTOS CLAVE DE LA NORMA ISO 9001: 2015<\/p>\n<p>a. Los conceptos clave del cambio<br \/>\nb. Mayor implicaci\u00f3n de la Direcci\u00f3n en el Sistema de Gesti\u00f3n de la Calidad.<br \/>\nc. Profundizaci\u00f3n en el enfoque basado en procesos.<br \/>\nd. Introducci\u00f3n del concepto de \u00abGesti\u00f3n del cambio\u00bb, muy ligado a los modelos de Excelencia.<br \/>\ne. \u00c9nfasis en el an\u00e1lisis y comprensi\u00f3n de la organizaci\u00f3n y de su entorno.<br \/>\nf. Necesidad de prevenir riesgos y aprovechar oportunidades de mejora.<br \/>\ng. Simplificaci\u00f3n y mayor flexibilidad del sistema documental.<\/p>\n<p>2. SESI\u00d3N NORMA ISO 9001: 2.015.<br \/>\nPONEMOS EN PRACTICA EL CAMBIO DE LA NUEVA VERSI\u00d3N ISO 9001: 2015<\/p>\n<p>Casos pr\u00e1cticos aplicados a su empresa en los nuevos apartados de la nueva versi\u00f3n<br \/>\nElaboraci\u00f3n de documentaci\u00f3n y evidencias relacionadas a:<\/p>\n<ul>\n<li>Liderazgo<\/li>\n<li>Planificaci\u00f3n<\/li>\n<li>Soporte<\/li>\n<li>Operaci\u00f3n<\/li>\n<li>Evaluaci\u00f3n del desempe\u00f1o<\/li>\n<li>Mejora<\/li>\n<\/ul>\n<p>[\/vc_column_text][vc_separator type=\u00bbtransparent\u00bb thickness=\u00bb7&#8243;][vc_separator type=\u00bbtransparent\u00bb thickness=\u00bb7&#8243;][\/vc_column][vc_column width=\u00bb1\/3&#8243;][vc_separator type=\u00bbtransparent\u00bb thickness=\u00bb2&#8243;]<div id=\"mpc_connected_icons-276a05f37bb9ac6\" class=\"mpc-connected-icons mpc-init mpc-transition \"  data-ci-cols=\"4\" data-target=\"icon\" data-layout=\"vertical\"><div class=\"mpc-connected-icons__line\"><span><\/span><\/div><div data-id=\"mpc_icon_column-576a05f37bb9b85\" class=\"mpc-icon-column mpc-init mpc-parent-hover mpc-transition mpc-icon-column--style_3 mpc-align--left \" ><div data-id=\"mpc_icon-606a05f37bb9bbc\" class=\"mpc-icon mpc-init mpc-transition mpc-effect-none mpc-icon-hover \"><div class=\"mpc-icon-wrap\"><i class=\"mpc-icon-part mpc-regular mpc-transition  fa fa-file-text-o\"><\/i><i class=\"mpc-icon-part mpc-hover mpc-transition  fa fa-file-text-o\"><\/i><\/div><\/div><div class=\"mpc-icon-column__content-wrap\"><div class=\"mpc-icon-column__content\"><h3 class=\"mpc-icon-column__heading mpc-transition\">Tipo de Curso<\/h3><div class=\"mpc-icon-column__description mpc-transition\"><p>Este curso es bonificable por la FTFE (<em>Fundaci\u00f3n Tripartita para la Formaci\u00f3n en el Empleo<\/em>)<\/p>\n<\/div><\/div><\/div><\/div><div data-id=\"mpc_icon_column-936a05f37bb9c78\" class=\"mpc-icon-column mpc-init mpc-parent-hover mpc-transition mpc-icon-column--style_3 mpc-align--left \" ><div data-id=\"mpc_icon-376a05f37bb9c99\" class=\"mpc-icon mpc-init mpc-transition mpc-effect-none mpc-icon-hover \"><div class=\"mpc-icon-wrap\"><i class=\"mpc-icon-part mpc-regular mpc-transition  el el-eur\"><\/i><i class=\"mpc-icon-part mpc-hover mpc-transition  el el-eur\"><\/i><\/div><\/div><div class=\"mpc-icon-column__content-wrap\"><div class=\"mpc-icon-column__content\"><h3 class=\"mpc-icon-column__heading mpc-transition\">PRECIO<\/h3><div class=\"mpc-icon-column__description mpc-transition\"><p>Precio Socio: 60 \u20ac<br \/>\nPrecio No Socio: 75 \u20ac<\/p>\n<p>El precio para socios es tambi\u00e9n aplicable a personas desempleadas y estudiantes.<\/p>\n<\/div><\/div><\/div><\/div><div data-id=\"mpc_icon_column-446a05f37bb9d2b\" class=\"mpc-icon-column mpc-init mpc-parent-hover mpc-transition mpc-icon-column--style_3 mpc-align--left \" ><div data-id=\"mpc_icon-836a05f37bb9d47\" class=\"mpc-icon mpc-init mpc-transition mpc-effect-none mpc-icon-hover \"><div class=\"mpc-icon-wrap\"><i class=\"mpc-icon-part mpc-regular mpc-transition  fa fa-chrome\"><\/i><i class=\"mpc-icon-part mpc-hover mpc-transition  fa fa-chrome\"><\/i><\/div><\/div><div class=\"mpc-icon-column__content-wrap\"><div class=\"mpc-icon-column__content\"><h3 class=\"mpc-icon-column__heading mpc-transition\">\u00c1REA<\/h3><div class=\"mpc-icon-column__description mpc-transition\"><p>Gesti\u00f3n Empresarial<\/p>\n<\/div><\/div><\/div><\/div><div data-id=\"mpc_icon_column-236a05f37bb9dd3\" class=\"mpc-icon-column mpc-init mpc-parent-hover mpc-transition mpc-icon-column--style_3 mpc-align--left \" ><div data-id=\"mpc_icon-396a05f37bb9ded\" class=\"mpc-icon mpc-init mpc-transition mpc-effect-none mpc-icon-hover \"><div class=\"mpc-icon-wrap\"><i class=\"mpc-icon-part mpc-regular mpc-transition  mi mi-access_alarm\"><\/i><i class=\"mpc-icon-part mpc-hover mpc-transition  mi mi-access_alarm\"><\/i><\/div><\/div><div class=\"mpc-icon-column__content-wrap\"><div class=\"mpc-icon-column__content\"><h3 class=\"mpc-icon-column__heading mpc-transition\">DURACI\u00d3N<\/h3><div class=\"mpc-icon-column__description mpc-transition\"><p>Este curso tiene una duraci\u00f3n de\u00a0<strong>6 horas<\/strong><\/p>\n<\/div><\/div><\/div><\/div><div data-id=\"mpc_icon_column-576a05f37bb9e6e\" class=\"mpc-icon-column mpc-init mpc-parent-hover mpc-transition mpc-icon-column--style_3 mpc-align--left \" ><div data-id=\"mpc_icon-886a05f37bb9e88\" class=\"mpc-icon mpc-init mpc-transition mpc-effect-none mpc-icon-hover \"><div class=\"mpc-icon-wrap\"><i class=\"mpc-icon-part mpc-regular mpc-transition  fa fa-calendar\"><\/i><i class=\"mpc-icon-part mpc-hover mpc-transition  fa fa-calendar\"><\/i><\/div><\/div><div class=\"mpc-icon-column__content-wrap\"><div class=\"mpc-icon-column__content\"><h3 class=\"mpc-icon-column__heading mpc-transition\">FECHA<\/h3><div class=\"mpc-icon-column__description mpc-transition\"><p>A concretar<\/p>\n<\/div><\/div><\/div><\/div><div data-id=\"mpc_icon_column-106a05f37bb9f03\" class=\"mpc-icon-column mpc-init mpc-parent-hover mpc-transition mpc-icon-column--style_3 mpc-align--left \" ><div data-id=\"mpc_icon-706a05f37bb9f1c\" class=\"mpc-icon mpc-init mpc-transition mpc-effect-none mpc-icon-hover \"><div class=\"mpc-icon-wrap\"><i class=\"mpc-icon-part mpc-regular mpc-transition  fa fa-map-marker\"><\/i><i class=\"mpc-icon-part mpc-hover mpc-transition  fa fa-map-marker\"><\/i><\/div><\/div><div class=\"mpc-icon-column__content-wrap\"><div class=\"mpc-icon-column__content\"><h3 class=\"mpc-icon-column__heading mpc-transition\">LUGAR<\/h3><div class=\"mpc-icon-column__description mpc-transition\"><p>Gremi de Constructors d\u2019Obres de Barcelona i Comarques, Gran Via de les Corts Catalanes, 663 \u2013 08010 Barcelona.<\/p>\n<\/div><\/div><\/div><\/div><\/div>[vc_separator type=\u00bbtransparent\u00bb thickness=\u00bb20&#8243;][vc_single_image image=\u00bb689&#8243; img_size=\u00bbfull\u00bb qode_css_animation=\u00bb\u00bb][vc_separator type=\u00bbtransparent\u00bb thickness=\u00bb20&#8243;]<div id=\"mpc_connected_icons-166a05f37bb9f81\" class=\"mpc-connected-icons mpc-init mpc-transition \"  data-ci-cols=\"4\" data-target=\"icon\" data-layout=\"vertical\"><div class=\"mpc-connected-icons__line\"><span><\/span><\/div><div data-id=\"mpc_icon_column-706a05f37bba004\" class=\"mpc-icon-column mpc-init mpc-parent-hover mpc-transition mpc-icon-column--style_3 mpc-align--left \" ><div data-id=\"mpc_icon-236a05f37bba020\" class=\"mpc-icon mpc-init mpc-transition mpc-effect-none mpc-icon-hover \"><div class=\"mpc-icon-wrap\"><i class=\"mpc-icon-part mpc-regular mpc-transition  fa fa-group\"><\/i><i class=\"mpc-icon-part mpc-hover mpc-transition  fa fa-group\"><\/i><\/div><\/div><div class=\"mpc-icon-column__content-wrap\"><div class=\"mpc-icon-column__content\"><h3 class=\"mpc-icon-column__heading mpc-transition\">MODALIDAD<\/h3><div class=\"mpc-icon-column__description mpc-transition\"><p>Curso Presencial con Formador.<\/p>\n<\/div><\/div><\/div><\/div><div data-id=\"mpc_icon_column-796a05f37bba0a8\" class=\"mpc-icon-column mpc-init mpc-parent-hover mpc-transition mpc-icon-column--style_3 mpc-align--left \" ><div data-id=\"mpc_icon-846a05f37bba0c0\" class=\"mpc-icon mpc-init mpc-transition mpc-effect-none mpc-icon-hover \"><div class=\"mpc-icon-wrap\"><i class=\"mpc-icon-part mpc-regular mpc-transition  fa fa-mortar-board\"><\/i><i class=\"mpc-icon-part mpc-hover mpc-transition  fa fa-mortar-board\"><\/i><\/div><\/div><div class=\"mpc-icon-column__content-wrap\"><div class=\"mpc-icon-column__content\"><h3 class=\"mpc-icon-column__heading mpc-transition\">FORMADOR<\/h3><div class=\"mpc-icon-column__description mpc-transition\"><p><a href=\"https:\/\/www.linkedin.com\/in\/irene-samper-rates-73bb8768?authType=NAME_SEARCH&amp;authToken=cH5A&amp;locale=es_ES&amp;srchid=1328614051474972602111&amp;srchindex=1&amp;srchtotal=2&amp;trk=vsrp_people_res_name&amp;trkInfo=VSRPsearchId%3A1328614051474972602111%2CVSRPtargetId%3A241794911%2CVSRPcmpt%3Aprimary%2CVSRPnm%3Atrue%2CauthType%3ANAME_SEARCH\" target=\"_blank\" rel=\"noopener noreferrer\">Irene Samper Rat\u00e9s<\/a><\/p>\n<\/div><\/div><\/div><\/div><div data-id=\"mpc_icon_column-386a05f37bba13c\" class=\"mpc-icon-column mpc-init mpc-parent-hover mpc-transition mpc-icon-column--style_3 mpc-align--left \" ><div data-id=\"mpc_icon-276a05f37bba153\" class=\"mpc-icon mpc-init mpc-transition mpc-effect-none mpc-icon-hover \"><div class=\"mpc-icon-wrap\"><i class=\"mpc-icon-part mpc-regular mpc-transition  fa fa-institution\"><\/i><i class=\"mpc-icon-part mpc-hover mpc-transition  fa fa-institution\"><\/i><\/div><\/div><div class=\"mpc-icon-column__content-wrap\"><div class=\"mpc-icon-column__content\"><h3 class=\"mpc-icon-column__heading mpc-transition\">DIPLOMA<\/h3><div class=\"mpc-icon-column__description mpc-transition\"><p>Al finalizar el curso se entregar\u00e1 un diploma acreditativo de esta formaci\u00f3n.<\/p>\n<\/div><\/div><\/div><\/div><div data-id=\"mpc_icon_column-526a05f37bba1c8\" class=\"mpc-icon-column mpc-init mpc-parent-hover mpc-transition mpc-icon-column--style_3 mpc-align--left \" ><div data-id=\"mpc_icon-576a05f37bba1e4\" class=\"mpc-icon mpc-init mpc-transition mpc-effect-none mpc-icon-hover \"><div class=\"mpc-icon-wrap\"><i class=\"mpc-icon-part mpc-regular mpc-transition  fa fa-mortar-board\"><\/i><i class=\"mpc-icon-part mpc-hover mpc-transition  fa fa-mortar-board\"><\/i><\/div><\/div><div class=\"mpc-icon-column__content-wrap\"><div class=\"mpc-icon-column__content\"><h3 class=\"mpc-icon-column__heading mpc-transition\">APPLUS ISO 9001<\/h3><div class=\"mpc-icon-column__description mpc-transition\"><p>Estamos certificados en Calidad seg\u00fan la norma\u00a0UNE-ISO 9001:2008, por la entidad Applus, con la voluntad de ofrecer un servicio de m\u00e1xima calidad formativa.<\/p>\n<\/div><\/div><\/div><\/div><\/div>[vc_separator type=\u00bbtransparent\u00bb thickness=\u00bb30&#8243;][vc_row_inner row_type=\u00bbrow\u00bb type=\u00bbfull_width\u00bb text_align=\u00bbcenter\u00bb background_color=\u00bb#5c8953&#8243; css_animation=\u00bb\u00bb css=\u00bb.vc_custom_1473763518291{padding-top: 30px !important;padding-bottom: 30px !important;}\u00bb][vc_column_inner][vc_column_text]<\/p>\n<h3 style=\"text-align: center;\"><span style=\"color: #ffffff;\"><strong>\u00bfAlguna consulta?<\/strong><\/span><\/h3>\n<p style=\"text-align: center;\"><span style=\"color: #ffffff;\"><strong>Si tienes alguna duda o consulta relacionada con este curso no dudes en ponerte en contacto con nosotros<\/strong><\/span><\/p>\n<p>[\/vc_column_text][vc_separator type=\u00bbtransparent\u00bb thickness=\u00bb20&#8243;]<a id=\"formacio@gremi-obres.org\" itemprop=\"url\" href=\"mailto:formacio@gremi-obres.org?cc=ccosialls@gremi-obres.org&#038;bcc=comunicacio1@gremi-obres.org\" target=\"_self\" data-hover-background-color=\"#bfbfbf\" data-hover-border-color=\"#bfbfbf\" data-hover-color=\"#333333\" class=\"qbutton  medium center default\" style=\"color: #f3f3f3; border-color: #df5461; font-weight: 700; border-radius: 0px;-moz-border-radius: 0px;-webkit-border-radius: 0px; background-color:#df5461;\">SOLICITA INFORMACI\u00d3N<\/a>[\/vc_column_inner][\/vc_row_inner][vc_separator type=\u00bbtransparent\u00bb thickness=\u00bb20&#8243;][\/vc_column][vc_column width=\u00bb1\/3&#8243;][vc_row_inner row_type=\u00bbrow\u00bb type=\u00bbfull_width\u00bb text_align=\u00bbleft\u00bb css_animation=\u00bb\u00bb css=\u00bb.vc_custom_1472718933359{margin-right: 30px !important;margin-left: 30px !important;border-top-width: 1px !important;border-right-width: 1px !important;border-bottom-width: 1px !important;border-left-width: 1px !important;padding-right: 15px !important;padding-left: 15px !important;background-color: #f2b705 !important;border-left-color: #f2b705 !important;border-left-style: solid !important;border-right-color: #f2b705 !important;border-right-style: solid !important;border-top-color: #f2b705 !important;border-top-style: solid !important;border-bottom-color: #f2b705 !important;border-bottom-style: solid !important;}\u00bb][vc_column_inner enable_sticky=\u00bbtrue\u00bb sticky_offset=\u00bb100&#8243;][vc_separator type=\u00bbtransparent\u00bb thickness=\u00bb10&#8243;][vc_column_text]<\/p>\n<h3 style=\"text-align: center;\"><strong>Quiero\u00a0inscribirme<\/strong><\/h3>\n<p>[\/vc_column_text][vc_separator type=\u00bbtransparent\u00bb thickness=\u00bb1&#8243; up=\u00bb1&#8243; down=\u00bb15&#8243;]<p class=\"wpcf7-contact-form-not-found\"><strong>Error:<\/strong> Formulario de contacto no encontrado.<\/p>[vc_separator type=\u00bbtransparent\u00bb thickness=\u00bb10&#8243;][vc_column_text]<\/p>\n<h6>Los datos obligatorios son imprescindibles para tramitar la solicitud. El resto de datos se solicitan para ofrecer un mejor servicio y comunicaci\u00f3n. El solicitante autoriza la incorporaci\u00f3n de todos los datos mencionados en un archivo titularidad del Gremi de Constructors d&#8217;Obres de Barcelona y Comarcas, con domicilio en Barcelona, Gran V\u00eda de las Corts Catalanes, n\u00fam. 663, que tiene como finalidad tramitar la solicitud. Asimismo, autoriza que se le env\u00ede informaci\u00f3n y ofertas comerciales por correo electr\u00f3nico o alg\u00fan otro medio de comunicaci\u00f3n electr\u00f3nica equivalente. El solicitante dispone de los derechos de acceso, rectificaci\u00f3n y cancelaci\u00f3n de estos datos, as\u00ed como oponerse a su tratamiento mediante escrito a la direcci\u00f3n anteriormente indicada con la referencia Protecci\u00f3n de Datos.<\/h6>\n<p>[\/vc_column_text][vc_separator type=\u00bbtransparent\u00bb thickness=\u00bb20&#8243;][\/vc_column_inner][\/vc_row_inner][vc_separator type=\u00bbtransparent\u00bb thickness=\u00bb25&#8243;][vc_row_inner row_type=\u00bbrow\u00bb type=\u00bbfull_width\u00bb text_align=\u00bbcenter\u00bb css_animation=\u00bb\u00bb css=\u00bb.vc_custom_1472720730068{margin-right: 30px !important;margin-left: 30px !important;border-top-width: 1px !important;border-right-width: 1px !important;border-bottom-width: 1px !important;border-left-width: 1px !important;padding-right: 15px !important;padding-left: 15px !important;background-color: #ededed !important;border-left-color: #ededed !important;border-left-style: solid !important;border-right-color: #ededed !important;border-right-style: solid !important;border-top-color: #ededed !important;border-top-style: solid !important;border-bottom-color: #ededed !important;border-bottom-style: solid !important;}\u00bb][vc_column_inner enable_sticky=\u00bbtrue\u00bb sticky_offset=\u00bb100&#8243;][vc_separator type=\u00bbtransparent\u00bb thickness=\u00bb10&#8243;][vc_single_image image=\u00bb89&#8243; img_size=\u00bbfull\u00bb alignment=\u00bbcenter\u00bb qode_css_animation=\u00bb\u00bb][vc_separator type=\u00bbtransparent\u00bb thickness=\u00bb10&#8243;][vc_column_text]<\/p>\n<h3 style=\"text-align: center;\"><strong>\u00bfQuieres Bonificarte el curso?<br \/>\n<\/strong><\/h3>\n<p>Si est\u00e1s trabajando por cuenta ajena podemos gestionar tu cr\u00e9dito sin que te suponga ning\u00fan coste adicional del importe del curso. Te ayudamos a recuperar total o parcialmente la inversi\u00f3n del importe en la formaci\u00f3n que realices con nosotros.<\/p>\n<p><strong>Cons\u00faltanos sin compromiso y te informaremos del cr\u00e9dito que dispones para realizar el curso de\u00a0quieras.<\/strong>[\/vc_column_text][vc_separator type=\u00bbtransparent\u00bb thickness=\u00bb20&#8243;]<a  itemprop=\"url\" href=\"mailto:formacio@gremi-obres.org?cc=ccosialls@gremi-obres.org&#038;bcc=comunicacio1@gremi-obres.org\" target=\"_self\" data-hover-background-color=\"#e2c81d\" data-hover-border-color=\"#e2c81d\" data-hover-color=\"#494949\" class=\"qbutton  medium center default\" style=\"color: #ffffff; border-color: #5c8953; font-weight: 700; border-radius: 0px;-moz-border-radius: 0px;-webkit-border-radius: 0px; background-color:#5c8953;\">\u00a1QUIERO SABER M\u00c1S!<\/a>[vc_separator type=\u00bbtransparent\u00bb thickness=\u00bb20&#8243;][\/vc_column_inner][\/vc_row_inner][\/vc_column][\/vc_row][vc_row row_type=\u00bbrow\u00bb use_row_as_full_screen_section=\u00bbno\u00bb type=\u00bbfull_width\u00bb angled_section=\u00bbno\u00bb text_align=\u00bbleft\u00bb background_image_as_pattern=\u00bbwithout_pattern\u00bb css_animation=\u00bb\u00bb][vc_column][vc_separator type=\u00bbtransparent\u00bb thickness=\u00bb55&#8243;][\/vc_column][\/vc_row]<\/p>\n<\/div>","protected":false},"excerpt":{"rendered":"<p>[vc_row row_type=\u00bbrow\u00bb use_row_as_full_screen_section=\u00bbno\u00bb type=\u00bbgrid\u00bb angled_section=\u00bbno\u00bb text_align=\u00bbleft\u00bb background_image_as_pattern=\u00bbwithout_pattern\u00bb padding_top=\u00bb60&#8243; css_animation=\u00bb\u00bb][vc_column width=\u00bb1\/3&#8243;][vc_column_text] Descripci\u00f3n [\/vc_column_text][vc_separator type=\u00bbsmall\u00bb position=\u00bbleft\u00bb color=\u00bb#f29760&#8243; thickness=\u00bb1&#8243; width=\u00bb86&#8243;][vc_column_text] El objetivo del curso \u00a0ISO 9001 es conocer los cambios que se han producido en la Norma ISO 9001: 2015 y preparar al alumno a la adaptaci\u00f3n del<\/p>\n","protected":false},"author":1,"featured_media":0,"parent":917,"menu_order":0,"comment_status":"closed","ping_status":"closed","template":"","meta":{"footnotes":""},"class_list":["post-919","page","type-page","status-publish","hentry"],"yoast_head":"<!-- This site is optimized with the Yoast SEO plugin v25.3 - https:\/\/yoast.com\/wordpress\/plugins\/seo\/ -->\n<title>Adaptaci\u00f3n a la Norma ISO 9001:2015 - Gremi de Constructors d&#039;Obres<\/title>\n<meta name=\"description\" content=\"Curso de Adaptaci\u00f3n a la Norma ISO 9001:2015 en Barcelona. Curso presencial con profesor de Adaptaci\u00f3n a la Norma ISO 9001:2015. Consulta precios y ofertas.\" \/>\n<meta name=\"robots\" content=\"index, follow, max-snippet:-1, max-image-preview:large, max-video-preview:-1\" \/>\n<link rel=\"canonical\" href=\"https:\/\/www.gremi-obres.org\/formacio\/es\/cursos\/adaptacion-norma-iso-90012015\/\" \/>\n<meta property=\"og:locale\" content=\"es_ES\" \/>\n<meta property=\"og:type\" content=\"article\" \/>\n<meta property=\"og:title\" content=\"Adaptaci\u00f3n a la Norma ISO 9001:2015 - Gremi de Constructors d&#039;Obres\" \/>\n<meta property=\"og:description\" content=\"Curso de Adaptaci\u00f3n a la Norma ISO 9001:2015 en Barcelona. Curso presencial con profesor de Adaptaci\u00f3n a la Norma ISO 9001:2015. Consulta precios y ofertas.\" \/>\n<meta property=\"og:url\" content=\"https:\/\/www.gremi-obres.org\/formacio\/es\/cursos\/adaptacion-norma-iso-90012015\/\" \/>\n<meta property=\"og:site_name\" content=\"Gremi de Constructors d&#039;Obres\" \/>\n<meta property=\"article:modified_time\" content=\"2018-05-08T16:55:26+00:00\" \/>\n<meta name=\"twitter:card\" content=\"summary_large_image\" \/>\n<meta name=\"twitter:label1\" content=\"Tiempo de lectura\" \/>\n\t<meta name=\"twitter:data1\" content=\"14 minutos\" \/>\n<script type=\"application\/ld+json\" class=\"yoast-schema-graph\">{\"@context\":\"https:\/\/schema.org\",\"@graph\":[{\"@type\":\"WebPage\",\"@id\":\"https:\/\/www.gremi-obres.org\/formacio\/es\/cursos\/adaptacion-norma-iso-90012015\/\",\"url\":\"https:\/\/www.gremi-obres.org\/formacio\/es\/cursos\/adaptacion-norma-iso-90012015\/\",\"name\":\"Adaptaci\u00f3n a la Norma ISO 9001:2015 - Gremi de Constructors d&#039;Obres\",\"isPartOf\":{\"@id\":\"https:\/\/www.gremi-obres.org\/formacio\/#website\"},\"datePublished\":\"2016-10-12T11:31:08+00:00\",\"dateModified\":\"2018-05-08T16:55:26+00:00\",\"description\":\"Curso de Adaptaci\u00f3n a la Norma ISO 9001:2015 en Barcelona. Curso presencial con profesor de Adaptaci\u00f3n a la Norma ISO 9001:2015. Consulta precios y ofertas.\",\"breadcrumb\":{\"@id\":\"https:\/\/www.gremi-obres.org\/formacio\/es\/cursos\/adaptacion-norma-iso-90012015\/#breadcrumb\"},\"inLanguage\":\"es\",\"potentialAction\":[{\"@type\":\"ReadAction\",\"target\":[\"https:\/\/www.gremi-obres.org\/formacio\/es\/cursos\/adaptacion-norma-iso-90012015\/\"]}]},{\"@type\":\"BreadcrumbList\",\"@id\":\"https:\/\/www.gremi-obres.org\/formacio\/es\/cursos\/adaptacion-norma-iso-90012015\/#breadcrumb\",\"itemListElement\":[{\"@type\":\"ListItem\",\"position\":1,\"name\":\"Inici\",\"item\":\"https:\/\/www.gremi-obres.org\/formacio\/es\/\"},{\"@type\":\"ListItem\",\"position\":2,\"name\":\"Cursos\",\"item\":\"https:\/\/www.gremi-obres.org\/formacio\/es\/cursos\/\"},{\"@type\":\"ListItem\",\"position\":3,\"name\":\"Adaptaci\u00f3n a la Norma ISO 9001:2015\"}]},{\"@type\":\"WebSite\",\"@id\":\"https:\/\/www.gremi-obres.org\/formacio\/#website\",\"url\":\"https:\/\/www.gremi-obres.org\/formacio\/\",\"name\":\"Gremi de Constructors d&#039;Obres\",\"description\":\"Formaci\u00f3 del Gremi de Constructors d&#039;Obres.\",\"potentialAction\":[{\"@type\":\"SearchAction\",\"target\":{\"@type\":\"EntryPoint\",\"urlTemplate\":\"https:\/\/www.gremi-obres.org\/formacio\/?s={search_term_string}\"},\"query-input\":{\"@type\":\"PropertyValueSpecification\",\"valueRequired\":true,\"valueName\":\"search_term_string\"}}],\"inLanguage\":\"es\"}]}<\/script>\n<!-- \/ Yoast SEO plugin. -->","yoast_head_json":{"title":"Adaptaci\u00f3n a la Norma ISO 9001:2015 - Gremi de Constructors d&#039;Obres","description":"Curso de Adaptaci\u00f3n a la Norma ISO 9001:2015 en Barcelona. Curso presencial con profesor de Adaptaci\u00f3n a la Norma ISO 9001:2015. Consulta precios y ofertas.","robots":{"index":"index","follow":"follow","max-snippet":"max-snippet:-1","max-image-preview":"max-image-preview:large","max-video-preview":"max-video-preview:-1"},"canonical":"https:\/\/www.gremi-obres.org\/formacio\/es\/cursos\/adaptacion-norma-iso-90012015\/","og_locale":"es_ES","og_type":"article","og_title":"Adaptaci\u00f3n a la Norma ISO 9001:2015 - Gremi de Constructors d&#039;Obres","og_description":"Curso de Adaptaci\u00f3n a la Norma ISO 9001:2015 en Barcelona. Curso presencial con profesor de Adaptaci\u00f3n a la Norma ISO 9001:2015. Consulta precios y ofertas.","og_url":"https:\/\/www.gremi-obres.org\/formacio\/es\/cursos\/adaptacion-norma-iso-90012015\/","og_site_name":"Gremi de Constructors d&#039;Obres","article_modified_time":"2018-05-08T16:55:26+00:00","twitter_card":"summary_large_image","twitter_misc":{"Tiempo de lectura":"14 minutos"},"schema":{"@context":"https:\/\/schema.org","@graph":[{"@type":"WebPage","@id":"https:\/\/www.gremi-obres.org\/formacio\/es\/cursos\/adaptacion-norma-iso-90012015\/","url":"https:\/\/www.gremi-obres.org\/formacio\/es\/cursos\/adaptacion-norma-iso-90012015\/","name":"Adaptaci\u00f3n a la Norma ISO 9001:2015 - Gremi de Constructors d&#039;Obres","isPartOf":{"@id":"https:\/\/www.gremi-obres.org\/formacio\/#website"},"datePublished":"2016-10-12T11:31:08+00:00","dateModified":"2018-05-08T16:55:26+00:00","description":"Curso de Adaptaci\u00f3n a la Norma ISO 9001:2015 en Barcelona. Curso presencial con profesor de Adaptaci\u00f3n a la Norma ISO 9001:2015. Consulta precios y ofertas.","breadcrumb":{"@id":"https:\/\/www.gremi-obres.org\/formacio\/es\/cursos\/adaptacion-norma-iso-90012015\/#breadcrumb"},"inLanguage":"es","potentialAction":[{"@type":"ReadAction","target":["https:\/\/www.gremi-obres.org\/formacio\/es\/cursos\/adaptacion-norma-iso-90012015\/"]}]},{"@type":"BreadcrumbList","@id":"https:\/\/www.gremi-obres.org\/formacio\/es\/cursos\/adaptacion-norma-iso-90012015\/#breadcrumb","itemListElement":[{"@type":"ListItem","position":1,"name":"Inici","item":"https:\/\/www.gremi-obres.org\/formacio\/es\/"},{"@type":"ListItem","position":2,"name":"Cursos","item":"https:\/\/www.gremi-obres.org\/formacio\/es\/cursos\/"},{"@type":"ListItem","position":3,"name":"Adaptaci\u00f3n a la Norma ISO 9001:2015"}]},{"@type":"WebSite","@id":"https:\/\/www.gremi-obres.org\/formacio\/#website","url":"https:\/\/www.gremi-obres.org\/formacio\/","name":"Gremi de Constructors d&#039;Obres","description":"Formaci\u00f3 del Gremi de Constructors d&#039;Obres.","potentialAction":[{"@type":"SearchAction","target":{"@type":"EntryPoint","urlTemplate":"https:\/\/www.gremi-obres.org\/formacio\/?s={search_term_string}"},"query-input":{"@type":"PropertyValueSpecification","valueRequired":true,"valueName":"search_term_string"}}],"inLanguage":"es"}]}},"_links":{"self":[{"href":"https:\/\/www.gremi-obres.org\/formacio\/es\/wp-json\/wp\/v2\/pages\/919","targetHints":{"allow":["GET"]}}],"collection":[{"href":"https:\/\/www.gremi-obres.org\/formacio\/es\/wp-json\/wp\/v2\/pages"}],"about":[{"href":"https:\/\/www.gremi-obres.org\/formacio\/es\/wp-json\/wp\/v2\/types\/page"}],"author":[{"embeddable":true,"href":"https:\/\/www.gremi-obres.org\/formacio\/es\/wp-json\/wp\/v2\/users\/1"}],"replies":[{"embeddable":true,"href":"https:\/\/www.gremi-obres.org\/formacio\/es\/wp-json\/wp\/v2\/comments?post=919"}],"version-history":[{"count":20,"href":"https:\/\/www.gremi-obres.org\/formacio\/es\/wp-json\/wp\/v2\/pages\/919\/revisions"}],"predecessor-version":[{"id":5036,"href":"https:\/\/www.gremi-obres.org\/formacio\/es\/wp-json\/wp\/v2\/pages\/919\/revisions\/5036"}],"up":[{"embeddable":true,"href":"https:\/\/www.gremi-obres.org\/formacio\/es\/wp-json\/wp\/v2\/pages\/917"}],"wp:attachment":[{"href":"https:\/\/www.gremi-obres.org\/formacio\/es\/wp-json\/wp\/v2\/media?parent=919"}],"curies":[{"name":"wp","href":"https:\/\/api.w.org\/{rel}","templated":true}]}}