{"id":24513,"date":"2025-03-14T09:23:30","date_gmt":"2025-03-14T09:23:30","guid":{"rendered":"https:\/\/www.gremi-obres.org\/formacio\/?page_id=24513"},"modified":"2025-03-14T12:54:53","modified_gmt":"2025-03-14T12:54:53","slug":"formacio-privada-curs-amiant","status":"publish","type":"page","link":"https:\/\/www.gremi-obres.org\/formacio\/es\/formacio-privada-curs-amiant\/","title":{"rendered":"Formaci\u00f3 Privada: Curs AMIANT, NOVES DISPOSICIONS I OBLIGACIONS"},"content":{"rendered":"<div class=\"wpb-content-wrapper\"><p>[vc_row row_type=\u00bbrow\u00bb use_row_as_full_screen_section=\u00bbno\u00bb type=\u00bbgrid\u00bb angled_section=\u00bbno\u00bb text_align=\u00bbleft\u00bb background_image_as_pattern=\u00bbwithout_pattern\u00bb padding_top=\u00bb60&#8243; css_animation=\u00bb\u00bb][vc_column width=\u00bb1\/3&#8243;][vc_column_text]<\/p>\n<h4><strong>Formaci\u00f3 Privada: Curs AMIANT, NOVES DISPOSICIONS I OBLIGACIONS<\/strong><\/h4>\n<p><strong>OBJECTIU GENERAL:<\/strong><\/p>\n<p>[\/vc_column_text][vc_separator type=\u00bbsmall\u00bb position=\u00bbleft\u00bb color=\u00bb#f29760&#8243; thickness=\u00bb1&#8243; width=\u00bb86&#8243;][vc_column_text]<\/p>\n<p>Proporcionar una comprensi\u00f3 integral de l&#8217;amiant, des del seu origen i \u00fas hist\u00f2ric fins a l&#8217;actual marc legislatiu i els requeriments t\u00e8cnics per a la seva retirada segura, amb l&#8217;objectiu d&#8217;afavorir una gesti\u00f3 eficient i responsable d&#8217;aquest material en entorns p\u00fablics i privats.<\/p>\n<p><strong>TEMARI<\/strong><\/p>\n<p>[\/vc_column_text][vc_separator type=\u00bbsmall\u00bb position=\u00bbleft\u00bb color=\u00bb#f29760&#8243; thickness=\u00bb1&#8243; width=\u00bb86&#8243;][vc_column_text]<\/p>\n<p>1. Breu cronologia hist\u00f2rica de l\u2019amiant<br \/>\n2. Marc Legislatiu vigent<br \/>\n3. Principals actuacions i requeriments<br \/>\n4. Conclusions<\/p>\n<p>[\/vc_column_text][vc_separator type=\u00bbtransparent\u00bb thickness=\u00bb7&#8243;][vc_column_text]<\/p>\n<p>[\/vc_column_text][vc_separator type=\u00bbsmall\u00bb position=\u00bbleft\u00bb color=\u00bb#f29760&#8243; thickness=\u00bb1&#8243; width=\u00bb86&#8243;][vc_column_text]<\/p>\n<p><strong>DESENVOLUPAMENT TEMARI:<\/strong><\/p>\n<p>[\/vc_column_text][vc_separator type=\u00bbsmall\u00bb position=\u00bbleft\u00bb color=\u00bb#f29760&#8243; thickness=\u00bb1&#8243; width=\u00bb86&#8243;][vc_column_text]<\/p>\n<p><strong>1. Breu cronologia hist\u00f2rica de l\u2019amiant<\/strong><\/p>\n<ul>\n<li>Origen<\/li>\n<li>Estructura geol\u00f2gica i mineral\u00f2gica<\/li>\n<li>Jaciments a nivell mundial i europeu<\/li>\n<li>Usos implantats<\/li>\n<li>Durabilitat del producte<\/li>\n<\/ul>\n<p><strong>2. Marc Legislatiu vigent<\/strong><\/p>\n<ul>\n<li>Legislaci\u00f3 Europea<\/li>\n<li>Legislaci\u00f3 Estatal<\/li>\n<li>Legislaci\u00f3 Catalana<\/li>\n<\/ul>\n<p><strong>3. Principals actuacions i requeriments<\/strong><\/p>\n<ul>\n<li>Retirades en entorn p\u00fablic<\/li>\n<li>Retirades en entorn privat<\/li>\n<li>Documentaci\u00f3<\/li>\n<li>RERA<\/li>\n<li>Gestors<\/li>\n<\/ul>\n<p><strong>4. Conclusions<\/strong><\/p>\n<p>[\/vc_column_text][vc_separator type=\u00bbtransparent\u00bb thickness=\u00bb7&#8243;][\/vc_column][vc_column width=\u00bb1\/3&#8243;][vc_separator type=\u00bbtransparent\u00bb thickness=\u00bb2&#8243;][vc_single_image image=\u00bb22518&#8243; img_size=\u00bbmedium\u00bb alignment=\u00bbcenter\u00bb qode_css_animation=\u00bb\u00bb css=\u00bb.vc_custom_1714031778835{border-top-width: 0px !important;border-right-width: 0px !important;border-bottom-width: 0px !important;border-left-width: 0px !important;border-left-style: solid !important;border-right-style: solid !important;border-top-style: solid !important;border-bottom-style: solid !important;}\u00bb][vc_separator type=\u00bbtransparent\u00bb thickness=\u00bb7&#8243;]<div id=\"mpc_connected_icons-4769ed8302301cd\" class=\"mpc-connected-icons mpc-init mpc-transition \"  data-ci-cols=\"4\" data-target=\"icon\" data-layout=\"vertical\"><div class=\"mpc-connected-icons__line\"><span><\/span><\/div><div data-id=\"mpc_icon_column-6769ed8302302f5\" class=\"mpc-icon-column mpc-init mpc-parent-hover mpc-transition mpc-icon-column--style_3 mpc-align--left \" ><div data-id=\"mpc_icon-5969ed830230337\" class=\"mpc-icon mpc-init mpc-transition mpc-effect-none mpc-icon-hover \"><div class=\"mpc-icon-wrap\"><i class=\"mpc-icon-part mpc-regular mpc-transition  el el-eur\"><\/i><i class=\"mpc-icon-part mpc-hover mpc-transition  el el-eur\"><\/i><\/div><\/div><div class=\"mpc-icon-column__content-wrap\"><div class=\"mpc-icon-column__content\"><h3 class=\"mpc-icon-column__heading mpc-transition\">PREU<\/h3><div class=\"mpc-icon-column__description mpc-transition\"><p> <em><strong>Preu 95 \u20ac<\/strong><\/em><\/p>\n<\/div><\/div><\/div><\/div><div data-id=\"mpc_icon_column-6469ed83023040f\" class=\"mpc-icon-column mpc-init mpc-parent-hover mpc-transition mpc-icon-column--style_3 mpc-align--left \" ><div data-id=\"mpc_icon-5369ed830230435\" class=\"mpc-icon mpc-init mpc-transition mpc-effect-none mpc-icon-hover \"><div class=\"mpc-icon-wrap\"><i class=\"mpc-icon-part mpc-regular mpc-transition  fa fa-chrome\"><\/i><i class=\"mpc-icon-part mpc-hover mpc-transition  fa fa-chrome\"><\/i><\/div><\/div><div class=\"mpc-icon-column__content-wrap\"><div class=\"mpc-icon-column__content\"><h3 class=\"mpc-icon-column__heading mpc-transition\">\u00c1rea<\/h3><div class=\"mpc-icon-column__description mpc-transition\"><p>PREVENCI\u00d3 DE RISCOS LABORALS<\/p>\n<\/div><\/div><\/div><\/div><div data-id=\"mpc_icon_column-7269ed8302304d2\" class=\"mpc-icon-column mpc-init mpc-parent-hover mpc-transition mpc-icon-column--style_3 mpc-align--left \" ><div data-id=\"mpc_icon-669ed8302304f0\" class=\"mpc-icon mpc-init mpc-transition mpc-effect-none mpc-icon-hover \"><div class=\"mpc-icon-wrap\"><i class=\"mpc-icon-part mpc-regular mpc-transition  mi mi-access_alarm\"><\/i><i class=\"mpc-icon-part mpc-hover mpc-transition  mi mi-access_alarm\"><\/i><\/div><\/div><div class=\"mpc-icon-column__content-wrap\"><div class=\"mpc-icon-column__content\"><h3 class=\"mpc-icon-column__heading mpc-transition\">DURACI\u00d3<\/h3><div class=\"mpc-icon-column__description mpc-transition\"><p>Aquest curs t\u00e9 una durada de <strong>6 hores<\/strong><\/p>\n<\/div><\/div><\/div><\/div><div data-id=\"mpc_icon_column-8869ed83023058b\" class=\"mpc-icon-column mpc-init mpc-parent-hover mpc-transition mpc-icon-column--style_3 mpc-align--left \" ><div data-id=\"mpc_icon-7869ed8302305a8\" class=\"mpc-icon mpc-init mpc-transition mpc-effect-none mpc-icon-hover \"><div class=\"mpc-icon-wrap\"><i class=\"mpc-icon-part mpc-regular mpc-transition  fa fa-calendar\"><\/i><i class=\"mpc-icon-part mpc-hover mpc-transition  fa fa-calendar\"><\/i><\/div><\/div><div class=\"mpc-icon-column__content-wrap\"><div class=\"mpc-icon-column__content\"><h3 class=\"mpc-icon-column__heading mpc-transition\">Data<\/h3><div class=\"mpc-icon-column__description mpc-transition\"><p>Dies: <strong>15, 20 i 22 de maig de 2025<\/strong><\/p>\n<p>Horari: <strong>15:3o a 17:30 h<\/strong><\/p>\n<p><a href=\"https:\/\/www.gremi-obres.org\/formacio\/wp-content\/uploads\/2025\/03\/Calendari-AMIANT-NOVES-DISPOSICIONS-I-OBLIGACIONS-1.pdf\">DESCARREGA EL CALENDARI<\/a><\/p>\n<\/div><\/div><\/div><\/div><div data-id=\"mpc_icon_column-2469ed83023064f\" class=\"mpc-icon-column mpc-init mpc-parent-hover mpc-transition mpc-icon-column--style_3 mpc-align--left \" ><div data-id=\"mpc_icon-7869ed83023066c\" class=\"mpc-icon mpc-init mpc-transition mpc-effect-none mpc-icon-hover \"><div class=\"mpc-icon-wrap\"><i class=\"mpc-icon-part mpc-regular mpc-transition  fa fa-group\"><\/i><i class=\"mpc-icon-part mpc-hover mpc-transition  fa fa-group\"><\/i><\/div><\/div><div class=\"mpc-icon-column__content-wrap\"><div class=\"mpc-icon-column__content\"><h3 class=\"mpc-icon-column__heading mpc-transition\">Modalitat<\/h3><div class=\"mpc-icon-column__description mpc-transition\"><p><b>Curs virtual<\/b><\/p>\n<p>Formador: <strong>Jos Carbonell<\/strong><\/p>\n<\/div><\/div><\/div><\/div><div data-id=\"mpc_icon_column-2069ed8302306fc\" class=\"mpc-icon-column mpc-init mpc-parent-hover mpc-transition mpc-icon-column--style_3 mpc-align--left \" ><div data-id=\"mpc_icon-7369ed830230716\" class=\"mpc-icon mpc-init mpc-transition mpc-effect-none mpc-icon-hover \"><div class=\"mpc-icon-wrap\"><i class=\"mpc-icon-part mpc-regular mpc-transition  fa fa-institution\"><\/i><i class=\"mpc-icon-part mpc-hover mpc-transition  fa fa-institution\"><\/i><\/div><\/div><div class=\"mpc-icon-column__content-wrap\"><div class=\"mpc-icon-column__content\"><h3 class=\"mpc-icon-column__heading mpc-transition\">DIPLOMA<\/h3><div class=\"mpc-icon-column__description mpc-transition\"><p>Al finalitzar el curs es lliurar\u00e0 un diploma acreditatiu d&#8217;aquesta formaci\u00f3.<\/p>\n<\/div><\/div><\/div><\/div><div data-id=\"mpc_icon_column-9569ed830230798\" class=\"mpc-icon-column mpc-init mpc-parent-hover mpc-transition mpc-icon-column--style_3 mpc-align--left \" ><div data-id=\"mpc_icon-5769ed8302307af\" class=\"mpc-icon mpc-init mpc-transition mpc-effect-none mpc-icon-hover \"><div class=\"mpc-icon-wrap\"><i class=\"mpc-icon-part mpc-regular mpc-transition  fa fa-mortar-board\"><\/i><i class=\"mpc-icon-part mpc-hover mpc-transition  fa fa-mortar-board\"><\/i><\/div><\/div><div class=\"mpc-icon-column__content-wrap\"><div class=\"mpc-icon-column__content\"><h3 class=\"mpc-icon-column__heading mpc-transition\">APPLUS ISO 9001<\/h3><div class=\"mpc-icon-column__description mpc-transition\"><p>Estem certificats\u00a0en Qualitat, segons la norma UNE-ISO 9001, per l&#8217;entitat <a href=\"https:\/\/www.applus.com\/global\/es\/\">Applus<\/a>, amb la voluntat d&#8217;oferir un servei de m\u00e0xima qualitat formativa.<\/p>\n<\/div><\/div><\/div><\/div><\/div>[vc_separator type=\u00bbtransparent\u00bb thickness=\u00bb30&#8243;][\/vc_column][vc_column width=\u00bb1\/3&#8243;][vc_separator type=\u00bbtransparent\u00bb thickness=\u00bb25&#8243;][vc_row_inner row_type=\u00bbrow\u00bb type=\u00bbfull_width\u00bb text_align=\u00bbcenter\u00bb css_animation=\u00bb\u00bb css=\u00bb.vc_custom_1472720730068{margin-right: 30px !important;margin-left: 30px !important;border-top-width: 1px !important;border-right-width: 1px !important;border-bottom-width: 1px !important;border-left-width: 1px !important;padding-right: 15px !important;padding-left: 15px !important;background-color: #f8971d !important;border-left-color: #000000 !important;border-left-style: solid !important;border-right-color: #000000 !important;border-right-style: solid !important;border-top-color: #000000 !important;border-top-style: solid !important;border-bottom-color: #000000 !important;border-bottom-style: solid !important;}\u00bb][vc_column_inner enable_sticky=\u00bbtrue\u00bb sticky_offset=\u00bb100&#8243;][vc_separator type=\u00bbtransparent\u00bb thickness=\u00bb10&#8243;][vc_column_text]<\/p>\n<h4><strong>Vull inscriure&#8217;m!<\/strong><\/h4>\n<p>[\/vc_column_text][vc_separator type=\u00bbtransparent\u00bb thickness=\u00bb10&#8243;]\n<div class=\"wpcf7 no-js\" id=\"wpcf7-f24503-o1\" lang=\"ca\" dir=\"ltr\" data-wpcf7-id=\"24503\">\n<div class=\"screen-reader-response\"><p role=\"status\" aria-live=\"polite\" aria-atomic=\"true\"><\/p> <ul><\/ul><\/div>\n<form action=\"\/formacio\/es\/wp-json\/wp\/v2\/pages\/24513#wpcf7-f24503-o1\" method=\"post\" class=\"wpcf7-form init cf7_custom_style_3\" aria-label=\"Formulari de contacte\" novalidate=\"novalidate\" data-status=\"init\">\n<div style=\"display: none;\">\n<input type=\"hidden\" name=\"_wpcf7\" value=\"24503\" \/>\n<input type=\"hidden\" name=\"_wpcf7_version\" value=\"6.0.6\" \/>\n<input type=\"hidden\" name=\"_wpcf7_locale\" value=\"ca\" \/>\n<input type=\"hidden\" name=\"_wpcf7_unit_tag\" value=\"wpcf7-f24503-o1\" \/>\n<input type=\"hidden\" name=\"_wpcf7_container_post\" value=\"0\" \/>\n<input type=\"hidden\" name=\"_wpcf7_posted_data_hash\" value=\"\" \/>\n<input type=\"hidden\" name=\"_wpcf7_recaptcha_response\" value=\"\" \/>\n<\/div>\n<p><label><b>NOM DEL CURS<br \/>\n<span class=\"wpcf7-form-control-wrap\" data-name=\"NomdelCurs\"><input size=\"40\" maxlength=\"400\" class=\"wpcf7-form-control wpcf7-text wpcf7-validates-as-required\" aria-required=\"true\" aria-invalid=\"false\" value=\"\" type=\"text\" name=\"NomdelCurs\" \/><\/span> <\/b><\/label>\n<\/p>\n<p><label><b>NOM I COGNOMS<br \/>\n<span class=\"wpcf7-form-control-wrap\" data-name=\"your-name\"><input size=\"40\" maxlength=\"400\" class=\"wpcf7-form-control wpcf7-text wpcf7-validates-as-required\" aria-required=\"true\" aria-invalid=\"false\" value=\"\" type=\"text\" name=\"your-name\" \/><\/span> <\/b><\/label>\n<\/p>\n<p><label> <b>CORREU ELECTR\u00d2NIC<br \/>\n<span class=\"wpcf7-form-control-wrap\" data-name=\"your-email\"><input size=\"40\" maxlength=\"400\" class=\"wpcf7-form-control wpcf7-email wpcf7-validates-as-required wpcf7-text wpcf7-validates-as-email\" aria-required=\"true\" aria-invalid=\"false\" value=\"\" type=\"email\" name=\"your-email\" \/><\/span> <\/b><\/label>\n<\/p>\n<p><label><b>TEL\u00c8FON<br \/>\n<span class=\"wpcf7-form-control-wrap\" data-name=\"TELEFON\"><input size=\"40\" maxlength=\"400\" class=\"wpcf7-form-control wpcf7-tel wpcf7-validates-as-required wpcf7-text wpcf7-validates-as-tel\" aria-required=\"true\" aria-invalid=\"false\" value=\"\" type=\"tel\" name=\"TELEFON\" \/><\/span> <\/b><\/label>\n<\/p>\n<p><label><b>COM ENS HAS CONEGUT?<br \/>\n<span class=\"wpcf7-form-control-wrap\" data-name=\"COMENSHASCONEGUT\"><select class=\"wpcf7-form-control wpcf7-select wpcf7-validates-as-required\" aria-required=\"true\" aria-invalid=\"false\" name=\"COMENSHASCONEGUT\"><option value=\"\">&#8212;Trieu una opci\u00f3&#8212;<\/option><option value=\"Instagram\">Instagram<\/option><option value=\"Linkedin\">Linkedin<\/option><option value=\"Facebook\">Facebook<\/option><option value=\"Web del Gremi\">Web del Gremi<\/option><option value=\"Correu elecr\u00f3nic\">Correu elecr\u00f3nic<\/option><option value=\"Altres\">Altres<\/option><\/select><\/span> <\/b><\/label>\n<\/p>\n<p><label><b> SI HAS SELECCIONAT ALTRES, ENS HO POTS INDICAR?<br \/>\n<span class=\"wpcf7-form-control-wrap\" data-name=\"TEXT\"><input size=\"40\" maxlength=\"400\" class=\"wpcf7-form-control wpcf7-text wpcf7-validates-as-required\" aria-required=\"true\" aria-invalid=\"false\" value=\"\" type=\"text\" name=\"TEXT\" \/><\/span> <\/b><\/label>\n<\/p>\n<p><span class=\"wpcf7-form-control-wrap\" data-name=\"acceptance-324\"><span class=\"wpcf7-form-control wpcf7-acceptance\"><span class=\"wpcf7-list-item\"><input type=\"checkbox\" name=\"acceptance-324\" value=\"1\" aria-invalid=\"false\" \/><\/span><\/span><\/span><b> He llegit i accepto la <a href=\"http:\/\/www.gremi-obres.org\/avis-legal-de-la-web\/\">Pol\u00edtica de Privacitat<\/a> (obligatori)<br \/>\n<input class=\"wpcf7-form-control wpcf7-submit has-spinner\" type=\"submit\" value=\"Enviar\" \/><\/b>\n<\/p><div class=\"wpcf7-response-output\" aria-hidden=\"true\"><\/div>\n<\/form>\n<\/div>\n[vc_separator type=\u00bbtransparent\u00bb thickness=\u00bb20&#8243;][vc_separator type=\u00bbtransparent\u00bb thickness=\u00bb20&#8243;][\/vc_column_inner][\/vc_row_inner][\/vc_column][\/vc_row][vc_row row_type=\u00bbrow\u00bb use_row_as_full_screen_section=\u00bbno\u00bb type=\u00bbfull_width\u00bb angled_section=\u00bbno\u00bb text_align=\u00bbleft\u00bb background_image_as_pattern=\u00bbwithout_pattern\u00bb css_animation=\u00bb\u00bb][vc_column][vc_separator type=\u00bbtransparent\u00bb thickness=\u00bb55&#8243;][\/vc_column][\/vc_row]<\/p>\n<\/div>","protected":false},"excerpt":{"rendered":"<p>[vc_row row_type=\u00bbrow\u00bb use_row_as_full_screen_section=\u00bbno\u00bb type=\u00bbgrid\u00bb angled_section=\u00bbno\u00bb text_align=\u00bbleft\u00bb background_image_as_pattern=\u00bbwithout_pattern\u00bb padding_top=\u00bb60&#8243; css_animation=\u00bb\u00bb][vc_column width=\u00bb1\/3&#8243;][vc_column_text] Formaci\u00f3 Privada: Curs AMIANT, NOVES DISPOSICIONS I OBLIGACIONS OBJECTIU GENERAL: [\/vc_column_text][vc_separator type=\u00bbsmall\u00bb position=\u00bbleft\u00bb color=\u00bb#f29760&#8243; thickness=\u00bb1&#8243; width=\u00bb86&#8243;][vc_column_text] Proporcionar una comprensi\u00f3 integral de l&#8217;amiant, des del seu origen i \u00fas hist\u00f2ric fins a l&#8217;actual marc legislatiu i<\/p>\n","protected":false},"author":1,"featured_media":0,"parent":0,"menu_order":0,"comment_status":"closed","ping_status":"closed","template":"","meta":{"footnotes":""},"class_list":["post-24513","page","type-page","status-publish","hentry"],"yoast_head":"<!-- This site is optimized with the Yoast SEO plugin v25.3 - https:\/\/yoast.com\/wordpress\/plugins\/seo\/ -->\n<title>Formaci\u00f3 Privada: Curs AMIANT, NOVES DISPOSICIONS I OBLIGACION<\/title>\n<meta name=\"description\" content=\"El curs &quot;Amiant, noves disposicions i obligacions&quot; et permetr\u00e0 adquirir comprensi\u00f3 integral de l\u2019amiant, des del seu origen i \u00fas hist\u00f2ric fins a l\u2019actual marc legislatiu i els requeriments t\u00e8cnics per a la seva retirada segura,\" \/>\n<meta name=\"robots\" content=\"index, follow, max-snippet:-1, max-image-preview:large, max-video-preview:-1\" \/>\n<link rel=\"canonical\" href=\"https:\/\/www.gremi-obres.org\/formacio\/es\/formacio-privada-curs-amiant\/\" \/>\n<meta property=\"og:locale\" content=\"es_ES\" \/>\n<meta property=\"og:type\" content=\"article\" \/>\n<meta property=\"og:title\" content=\"Formaci\u00f3 Privada: Curs AMIANT, NOVES DISPOSICIONS I OBLIGACION\" \/>\n<meta property=\"og:description\" content=\"El curs &quot;Amiant, noves disposicions i obligacions&quot; et permetr\u00e0 adquirir comprensi\u00f3 integral de l\u2019amiant, des del seu origen i \u00fas hist\u00f2ric fins a l\u2019actual marc legislatiu i els requeriments t\u00e8cnics per a la seva retirada segura,\" \/>\n<meta property=\"og:url\" content=\"https:\/\/www.gremi-obres.org\/formacio\/es\/formacio-privada-curs-amiant\/\" \/>\n<meta property=\"og:site_name\" content=\"Gremi de Constructors d&#039;Obres\" \/>\n<meta property=\"article:modified_time\" content=\"2025-03-14T12:54:53+00:00\" \/>\n<meta name=\"twitter:card\" content=\"summary_large_image\" \/>\n<meta name=\"twitter:label1\" content=\"Tiempo de lectura\" \/>\n\t<meta name=\"twitter:data1\" content=\"4 minutos\" \/>\n<script type=\"application\/ld+json\" class=\"yoast-schema-graph\">{\"@context\":\"https:\/\/schema.org\",\"@graph\":[{\"@type\":\"WebPage\",\"@id\":\"https:\/\/www.gremi-obres.org\/formacio\/es\/formacio-privada-curs-amiant\/\",\"url\":\"https:\/\/www.gremi-obres.org\/formacio\/es\/formacio-privada-curs-amiant\/\",\"name\":\"Formaci\u00f3 Privada: Curs AMIANT, NOVES DISPOSICIONS I OBLIGACION\",\"isPartOf\":{\"@id\":\"https:\/\/www.gremi-obres.org\/formacio\/#website\"},\"datePublished\":\"2025-03-14T09:23:30+00:00\",\"dateModified\":\"2025-03-14T12:54:53+00:00\",\"description\":\"El curs \\\"Amiant, noves disposicions i obligacions\\\" et permetr\u00e0 adquirir comprensi\u00f3 integral de l\u2019amiant, des del seu origen i \u00fas hist\u00f2ric fins a l\u2019actual marc legislatiu i els requeriments t\u00e8cnics per a la seva retirada segura,\",\"breadcrumb\":{\"@id\":\"https:\/\/www.gremi-obres.org\/formacio\/es\/formacio-privada-curs-amiant\/#breadcrumb\"},\"inLanguage\":\"es\",\"potentialAction\":[{\"@type\":\"ReadAction\",\"target\":[\"https:\/\/www.gremi-obres.org\/formacio\/es\/formacio-privada-curs-amiant\/\"]}]},{\"@type\":\"BreadcrumbList\",\"@id\":\"https:\/\/www.gremi-obres.org\/formacio\/es\/formacio-privada-curs-amiant\/#breadcrumb\",\"itemListElement\":[{\"@type\":\"ListItem\",\"position\":1,\"name\":\"Inici\",\"item\":\"https:\/\/www.gremi-obres.org\/formacio\/es\/\"},{\"@type\":\"ListItem\",\"position\":2,\"name\":\"Formaci\u00f3 Privada: Curs AMIANT, NOVES DISPOSICIONS I OBLIGACIONS\"}]},{\"@type\":\"WebSite\",\"@id\":\"https:\/\/www.gremi-obres.org\/formacio\/#website\",\"url\":\"https:\/\/www.gremi-obres.org\/formacio\/\",\"name\":\"Gremi de Constructors d&#039;Obres\",\"description\":\"Formaci\u00f3 del Gremi de Constructors d&#039;Obres.\",\"potentialAction\":[{\"@type\":\"SearchAction\",\"target\":{\"@type\":\"EntryPoint\",\"urlTemplate\":\"https:\/\/www.gremi-obres.org\/formacio\/?s={search_term_string}\"},\"query-input\":{\"@type\":\"PropertyValueSpecification\",\"valueRequired\":true,\"valueName\":\"search_term_string\"}}],\"inLanguage\":\"es\"}]}<\/script>\n<!-- \/ Yoast SEO plugin. -->","yoast_head_json":{"title":"Formaci\u00f3 Privada: Curs AMIANT, NOVES DISPOSICIONS I OBLIGACION","description":"El curs \"Amiant, noves disposicions i obligacions\" et permetr\u00e0 adquirir comprensi\u00f3 integral de l\u2019amiant, des del seu origen i \u00fas hist\u00f2ric fins a l\u2019actual marc legislatiu i els requeriments t\u00e8cnics per a la seva retirada segura,","robots":{"index":"index","follow":"follow","max-snippet":"max-snippet:-1","max-image-preview":"max-image-preview:large","max-video-preview":"max-video-preview:-1"},"canonical":"https:\/\/www.gremi-obres.org\/formacio\/es\/formacio-privada-curs-amiant\/","og_locale":"es_ES","og_type":"article","og_title":"Formaci\u00f3 Privada: Curs AMIANT, NOVES DISPOSICIONS I OBLIGACION","og_description":"El curs \"Amiant, noves disposicions i obligacions\" et permetr\u00e0 adquirir comprensi\u00f3 integral de l\u2019amiant, des del seu origen i \u00fas hist\u00f2ric fins a l\u2019actual marc legislatiu i els requeriments t\u00e8cnics per a la seva retirada segura,","og_url":"https:\/\/www.gremi-obres.org\/formacio\/es\/formacio-privada-curs-amiant\/","og_site_name":"Gremi de Constructors d&#039;Obres","article_modified_time":"2025-03-14T12:54:53+00:00","twitter_card":"summary_large_image","twitter_misc":{"Tiempo de lectura":"4 minutos"},"schema":{"@context":"https:\/\/schema.org","@graph":[{"@type":"WebPage","@id":"https:\/\/www.gremi-obres.org\/formacio\/es\/formacio-privada-curs-amiant\/","url":"https:\/\/www.gremi-obres.org\/formacio\/es\/formacio-privada-curs-amiant\/","name":"Formaci\u00f3 Privada: Curs AMIANT, NOVES DISPOSICIONS I OBLIGACION","isPartOf":{"@id":"https:\/\/www.gremi-obres.org\/formacio\/#website"},"datePublished":"2025-03-14T09:23:30+00:00","dateModified":"2025-03-14T12:54:53+00:00","description":"El curs \"Amiant, noves disposicions i obligacions\" et permetr\u00e0 adquirir comprensi\u00f3 integral de l\u2019amiant, des del seu origen i \u00fas hist\u00f2ric fins a l\u2019actual marc legislatiu i els requeriments t\u00e8cnics per a la seva retirada segura,","breadcrumb":{"@id":"https:\/\/www.gremi-obres.org\/formacio\/es\/formacio-privada-curs-amiant\/#breadcrumb"},"inLanguage":"es","potentialAction":[{"@type":"ReadAction","target":["https:\/\/www.gremi-obres.org\/formacio\/es\/formacio-privada-curs-amiant\/"]}]},{"@type":"BreadcrumbList","@id":"https:\/\/www.gremi-obres.org\/formacio\/es\/formacio-privada-curs-amiant\/#breadcrumb","itemListElement":[{"@type":"ListItem","position":1,"name":"Inici","item":"https:\/\/www.gremi-obres.org\/formacio\/es\/"},{"@type":"ListItem","position":2,"name":"Formaci\u00f3 Privada: Curs AMIANT, NOVES DISPOSICIONS I OBLIGACIONS"}]},{"@type":"WebSite","@id":"https:\/\/www.gremi-obres.org\/formacio\/#website","url":"https:\/\/www.gremi-obres.org\/formacio\/","name":"Gremi de Constructors d&#039;Obres","description":"Formaci\u00f3 del Gremi de Constructors d&#039;Obres.","potentialAction":[{"@type":"SearchAction","target":{"@type":"EntryPoint","urlTemplate":"https:\/\/www.gremi-obres.org\/formacio\/?s={search_term_string}"},"query-input":{"@type":"PropertyValueSpecification","valueRequired":true,"valueName":"search_term_string"}}],"inLanguage":"es"}]}},"_links":{"self":[{"href":"https:\/\/www.gremi-obres.org\/formacio\/es\/wp-json\/wp\/v2\/pages\/24513","targetHints":{"allow":["GET"]}}],"collection":[{"href":"https:\/\/www.gremi-obres.org\/formacio\/es\/wp-json\/wp\/v2\/pages"}],"about":[{"href":"https:\/\/www.gremi-obres.org\/formacio\/es\/wp-json\/wp\/v2\/types\/page"}],"author":[{"embeddable":true,"href":"https:\/\/www.gremi-obres.org\/formacio\/es\/wp-json\/wp\/v2\/users\/1"}],"replies":[{"embeddable":true,"href":"https:\/\/www.gremi-obres.org\/formacio\/es\/wp-json\/wp\/v2\/comments?post=24513"}],"version-history":[{"count":4,"href":"https:\/\/www.gremi-obres.org\/formacio\/es\/wp-json\/wp\/v2\/pages\/24513\/revisions"}],"predecessor-version":[{"id":24532,"href":"https:\/\/www.gremi-obres.org\/formacio\/es\/wp-json\/wp\/v2\/pages\/24513\/revisions\/24532"}],"wp:attachment":[{"href":"https:\/\/www.gremi-obres.org\/formacio\/es\/wp-json\/wp\/v2\/media?parent=24513"}],"curies":[{"name":"wp","href":"https:\/\/api.w.org\/{rel}","templated":true}]}}