{"id":2104,"date":"2016-12-29T11:09:22","date_gmt":"2016-12-29T11:09:22","guid":{"rendered":"https:\/\/www.gremi-obres.org\/formacio\/es\/?page_id=2104"},"modified":"2019-09-18T15:16:38","modified_gmt":"2019-09-18T15:16:38","slug":"fundamentos-rehabilitacion","status":"publish","type":"page","link":"https:\/\/www.gremi-obres.org\/formacio\/es\/cursos\/fundamentos-rehabilitacion\/","title":{"rendered":"FUNDAMENTOS DE LA REHABILITACI\u00d3N"},"content":{"rendered":"<div class=\"wpb-content-wrapper\"><p>[vc_row row_type=\u00bbrow\u00bb use_row_as_full_screen_section=\u00bbno\u00bb type=\u00bbgrid\u00bb angled_section=\u00bbno\u00bb text_align=\u00bbleft\u00bb background_image_as_pattern=\u00bbwithout_pattern\u00bb padding_top=\u00bb60&#8243; css_animation=\u00bb\u00bb][vc_column width=\u00bb1\/3&#8243;][vc_column_text]<\/p>\n<h3>Descripci\u00f3n<\/h3>\n<p>[\/vc_column_text][vc_separator type=\u00bbsmall\u00bb position=\u00bbleft\u00bb color=\u00bb#f29760&#8243; thickness=\u00bb1&#8243; width=\u00bb86&#8243;][vc_column_text]OBJETIVOS GENERALES:<\/p>\n<p>-Aplicar las t\u00e9cnicas de inspecci\u00f3n y diagnosis necesarias para tratar la patolog\u00eda detectada, as\u00ed como manejar con destreza la normativa vigente y realizar proyectos de rehabilitaci\u00f3n.<\/p>\n<p>Objetivos espec\u00edficos:<\/p>\n<p>Conocer los aspectos t\u00e9cnicos necesarios para la redacci\u00f3n de la ITE (Inspecci\u00f3n t\u00e9cnica de los edificios), seg\u00fan el reciente publicado Decreto 67\/2015 para el fomento del deber de conservaci\u00f3n, mantenimiento y rehabilitaci\u00f3n de los edificios de viviendas, mediante las inspecciones t\u00e9cnicas y el libro del edificio que entr\u00f3 en vigor el pasado 27 de mayo de 2015.<br \/>\n&#8211; Informar sobre el nuevo marco legislativo relativo al edificio existente.<br \/>\nAportar herramientas para el reconocimiento de los componentes, materiales y sistemas constructivos<br \/>\nFormular criterios para la detecci\u00f3n y evaluaci\u00f3n de lesiones m\u00e1s comunes y deficiencias y las causas que las producen.<br \/>\n-Ofrecer Recursos para afrontar con solvencia la redacci\u00f3n de documentos.<br \/>\n-Proponer Metodolog\u00edas para la avualaci\u00f3 integral del edificio.<br \/>\n-Dar a conocer mecanismos para su gesti\u00f3n.[\/vc_column_text][vc_separator type=\u00bbtransparent\u00bb thickness=\u00bb7&#8243;][vc_column_text]<\/p>\n<h2>Fundamentos de la Rehabilitaci\u00f3n<\/h2>\n<p>[\/vc_column_text][vc_separator type=\u00bbsmall\u00bb position=\u00bbleft\u00bb color=\u00bb#f29760&#8243; thickness=\u00bb1&#8243; width=\u00bb86&#8243;][vc_column_text]<strong>CONTENIDOS:<\/strong><\/p>\n<ol>\n<li>La rehabilitaci\u00f3n y el mantenimiento de los edificios.<br \/>\n1.1. Presentaci\u00f3n del curso.<br \/>\n1.2. Protocolos de inspecci\u00f3n de edificios de vivienda (1993-2013)<br \/>\n1.3. La inspecci\u00f3n visual. Metodolog\u00eda, l\u00edmites y recomendaciones.<br \/>\n1.4. Intervenciones cautelares: informes de urgencia, redes, apeos<br \/>\n1.5. Enunciado caso pr\u00e1ctico.<\/li>\n<li>Sistemas constructivos.<\/li>\n<li>Normativa.<br \/>\n3.1. Los nuevos marcos legislativos sobre intervenciones en edificios existentes.<br \/>\n3.2. La Ley RRR: modificaciones LOE y CTE.<\/li>\n<li>Documentaci\u00f3n t\u00e9cnica.<br \/>\n4.1. Edici\u00f3n de la ITE<br \/>\n4.2. Introducci\u00f3n la redacci\u00f3n de textos t\u00e9cnicos.<br \/>\n4.3. Introducci\u00f3n a la fotograf\u00eda en documentos t\u00e9cnicos.<\/li>\n<li>Patolog\u00eda, diagn\u00f3stico y reparaci\u00f3n.<\/li>\n<li>Los materiales de construcci\u00f3n: compatibilidad, an\u00e1lisis de laboratorio y ensayos de obra.<\/li>\n<li>El proyecto y la ejecuci\u00f3n de obra.<br \/>\n7.1. Metodolog\u00eda para una evaluaci\u00f3n global del estado del edificio.<\/li>\n<\/ol>\n<p>[\/vc_column_text][vc_separator type=\u00bbtransparent\u00bb thickness=\u00bb7&#8243;][vc_separator type=\u00bbtransparent\u00bb thickness=\u00bb7&#8243;][\/vc_column][vc_column width=\u00bb1\/3&#8243;][vc_separator type=\u00bbtransparent\u00bb thickness=\u00bb2&#8243;]<div id=\"mpc_connected_icons-1769d7afa8b9b1b\" class=\"mpc-connected-icons mpc-init mpc-transition \"  data-ci-cols=\"4\" data-target=\"icon\" data-layout=\"vertical\"><div class=\"mpc-connected-icons__line\"><span><\/span><\/div><div data-id=\"mpc_icon_column-9069d7afa8b9c17\" class=\"mpc-icon-column mpc-init mpc-parent-hover mpc-transition mpc-icon-column--style_3 mpc-align--left \" ><div data-id=\"mpc_icon-7069d7afa8b9c51\" class=\"mpc-icon mpc-init mpc-transition mpc-effect-none mpc-icon-hover \"><div class=\"mpc-icon-wrap\"><i class=\"mpc-icon-part mpc-regular mpc-transition  fa fa-file-text-o\"><\/i><i class=\"mpc-icon-part mpc-hover mpc-transition  fa fa-file-text-o\"><\/i><\/div><\/div><div class=\"mpc-icon-column__content-wrap\"><div class=\"mpc-icon-column__content\"><h3 class=\"mpc-icon-column__heading mpc-transition\">Tipo de Curso<\/h3><div class=\"mpc-icon-column__description mpc-transition\"><p>Formaci\u00f3n <strong>Subvencionada<\/strong>. Este curso forma parte de los programas de formaci\u00f3n profesional para el empleo dirigidos prioritariamente a personas trabajadoras ocupadas, subvencionados por el Consorcio para la Formaci\u00f3n Continua de Catalu\u00f1a.<\/p>\n<\/div><\/div><\/div><\/div><div data-id=\"mpc_icon_column-569d7afa8b9d1c\" class=\"mpc-icon-column mpc-init mpc-parent-hover mpc-transition mpc-icon-column--style_3 mpc-align--left \" ><div data-id=\"mpc_icon-2569d7afa8b9d40\" class=\"mpc-icon mpc-init mpc-transition mpc-effect-none mpc-icon-hover \"><div class=\"mpc-icon-wrap\"><i class=\"mpc-icon-part mpc-regular mpc-transition  fa fa-chrome\"><\/i><i class=\"mpc-icon-part mpc-hover mpc-transition  fa fa-chrome\"><\/i><\/div><\/div><div class=\"mpc-icon-column__content-wrap\"><div class=\"mpc-icon-column__content\"><h3 class=\"mpc-icon-column__heading mpc-transition\">\u00c1REA<\/h3><div class=\"mpc-icon-column__description mpc-transition\"><p>REHABILITACI\u00d3N<\/p>\n<\/div><\/div><\/div><\/div><div data-id=\"mpc_icon_column-4469d7afa8b9dd6\" class=\"mpc-icon-column mpc-init mpc-parent-hover mpc-transition mpc-icon-column--style_3 mpc-align--left \" ><div data-id=\"mpc_icon-7469d7afa8b9df4\" class=\"mpc-icon mpc-init mpc-transition mpc-effect-none mpc-icon-hover \"><div class=\"mpc-icon-wrap\"><i class=\"mpc-icon-part mpc-regular mpc-transition  mi mi-access_alarm\"><\/i><i class=\"mpc-icon-part mpc-hover mpc-transition  mi mi-access_alarm\"><\/i><\/div><\/div><div class=\"mpc-icon-column__content-wrap\"><div class=\"mpc-icon-column__content\"><h3 class=\"mpc-icon-column__heading mpc-transition\">DURACI\u00d3N<\/h3><div class=\"mpc-icon-column__description mpc-transition\"><p>Este curso tiene una duraci\u00f3n\u00a0de 60\u00a0horas.<\/p>\n<\/div><\/div><\/div><\/div><div data-id=\"mpc_icon_column-1869d7afa8b9e7f\" class=\"mpc-icon-column mpc-init mpc-parent-hover mpc-transition mpc-icon-column--style_3 mpc-align--left \" ><div data-id=\"mpc_icon-3169d7afa8b9e9b\" class=\"mpc-icon mpc-init mpc-transition mpc-effect-none mpc-icon-hover \"><div class=\"mpc-icon-wrap\"><i class=\"mpc-icon-part mpc-regular mpc-transition  fa fa-calendar\"><\/i><i class=\"mpc-icon-part mpc-hover mpc-transition  fa fa-calendar\"><\/i><\/div><\/div><div class=\"mpc-icon-column__content-wrap\"><div class=\"mpc-icon-column__content\"><h3 class=\"mpc-icon-column__heading mpc-transition\">FECHA<\/h3><div class=\"mpc-icon-column__description mpc-transition\"><p>14\/10\/2019 &#8211; 13\/11\/2019, lunes y m\u00edercoles de 17:30 &#8211; 21:30 h<\/p>\n<\/div><\/div><\/div><\/div><div data-id=\"mpc_icon_column-7169d7afa8b9f2e\" class=\"mpc-icon-column mpc-init mpc-parent-hover mpc-transition mpc-icon-column--style_3 mpc-align--left \" ><div data-id=\"mpc_icon-9969d7afa8b9f48\" class=\"mpc-icon mpc-init mpc-transition mpc-effect-none mpc-icon-hover \"><div class=\"mpc-icon-wrap\"><i class=\"mpc-icon-part mpc-regular mpc-transition  fa fa-map-marker\"><\/i><i class=\"mpc-icon-part mpc-hover mpc-transition  fa fa-map-marker\"><\/i><\/div><\/div><div class=\"mpc-icon-column__content-wrap\"><div class=\"mpc-icon-column__content\"><h3 class=\"mpc-icon-column__heading mpc-transition\">LUGAR<\/h3><div class=\"mpc-icon-column__description mpc-transition\"><p>Gremi de Constructors d\u2019Obres de Barcelona i Comarques, Gran Via de les Corts Catalanes, 663 \u2013 08010 Barcelona.<\/p>\n<\/div><\/div><\/div><\/div><\/div>[vc_separator type=\u00bbtransparent\u00bb thickness=\u00bb20&#8243;][vc_single_image image=\u00bb2723&#8243; img_size=\u00bbfull\u00bb qode_css_animation=\u00bb\u00bb][vc_single_image image=\u00bb6149&#8243; img_size=\u00bbfull\u00bb qode_css_animation=\u00bb\u00bb][vc_separator type=\u00bbtransparent\u00bb thickness=\u00bb20&#8243;]<div id=\"mpc_connected_icons-4169d7afa8b9fae\" class=\"mpc-connected-icons mpc-init mpc-transition \"  data-ci-cols=\"4\" data-target=\"icon\" data-layout=\"vertical\"><div class=\"mpc-connected-icons__line\"><span><\/span><\/div><div data-id=\"mpc_icon_column-4669d7afa8ba03e\" class=\"mpc-icon-column mpc-init mpc-parent-hover mpc-transition mpc-icon-column--style_3 mpc-align--left \" ><div data-id=\"mpc_icon-4069d7afa8ba05d\" class=\"mpc-icon mpc-init mpc-transition mpc-effect-none mpc-icon-hover \"><div class=\"mpc-icon-wrap\"><i class=\"mpc-icon-part mpc-regular mpc-transition  fa fa-group\"><\/i><i class=\"mpc-icon-part mpc-hover mpc-transition  fa fa-group\"><\/i><\/div><\/div><div class=\"mpc-icon-column__content-wrap\"><div class=\"mpc-icon-column__content\"><h3 class=\"mpc-icon-column__heading mpc-transition\">MODALIDAD<\/h3><div class=\"mpc-icon-column__description mpc-transition\"><p>Curso Presencial con Formador.<\/p>\n<\/div><\/div><\/div><\/div><div data-id=\"mpc_icon_column-9769d7afa8ba0e8\" class=\"mpc-icon-column mpc-init mpc-parent-hover mpc-transition mpc-icon-column--style_3 mpc-align--left \" ><div data-id=\"mpc_icon-1369d7afa8ba104\" class=\"mpc-icon mpc-init mpc-transition mpc-effect-none mpc-icon-hover \"><div class=\"mpc-icon-wrap\"><i class=\"mpc-icon-part mpc-regular mpc-transition  fa fa-mortar-board\"><\/i><i class=\"mpc-icon-part mpc-hover mpc-transition  fa fa-mortar-board\"><\/i><\/div><\/div><div class=\"mpc-icon-column__content-wrap\"><div class=\"mpc-icon-column__content\"><h3 class=\"mpc-icon-column__heading mpc-transition\">FORMADOR<\/h3><div class=\"mpc-icon-column__description mpc-transition\"><p>Equipo docente\u00a0del Gremio<\/p>\n<\/div><\/div><\/div><\/div><div data-id=\"mpc_icon_column-5369d7afa8ba182\" class=\"mpc-icon-column mpc-init mpc-parent-hover mpc-transition mpc-icon-column--style_3 mpc-align--left \" ><div data-id=\"mpc_icon-6169d7afa8ba19b\" class=\"mpc-icon mpc-init mpc-transition mpc-effect-none mpc-icon-hover \"><div class=\"mpc-icon-wrap\"><i class=\"mpc-icon-part mpc-regular mpc-transition  fa fa-institution\"><\/i><i class=\"mpc-icon-part mpc-hover mpc-transition  fa fa-institution\"><\/i><\/div><\/div><div class=\"mpc-icon-column__content-wrap\"><div class=\"mpc-icon-column__content\"><h3 class=\"mpc-icon-column__heading mpc-transition\">DIPLOMA<\/h3><div class=\"mpc-icon-column__description mpc-transition\"><p>Al finalizar el curso se entregar\u00e1 un diploma acreditativo de esta formaci\u00f3n.<\/p>\n<\/div><\/div><\/div><\/div><div data-id=\"mpc_icon_column-2069d7afa8ba217\" class=\"mpc-icon-column mpc-init mpc-parent-hover mpc-transition mpc-icon-column--style_3 mpc-align--left \" ><div data-id=\"mpc_icon-4469d7afa8ba230\" class=\"mpc-icon mpc-init mpc-transition mpc-effect-none mpc-icon-hover \"><div class=\"mpc-icon-wrap\"><i class=\"mpc-icon-part mpc-regular mpc-transition  fa fa-mortar-board\"><\/i><i class=\"mpc-icon-part mpc-hover mpc-transition  fa fa-mortar-board\"><\/i><\/div><\/div><div class=\"mpc-icon-column__content-wrap\"><div class=\"mpc-icon-column__content\"><h3 class=\"mpc-icon-column__heading mpc-transition\">APPLUS ISO 9001<\/h3><div class=\"mpc-icon-column__description mpc-transition\"><p>Estamos certificados en Calidad seg\u00fan la norma\u00a0UNE-ISO 9001:2008, por la entidad Applus, con la voluntad de ofrecer un servicio de m\u00e1xima calidad formativa.<\/p>\n<\/div><\/div><\/div><\/div><\/div>[vc_separator type=\u00bbtransparent\u00bb thickness=\u00bb30&#8243;][vc_row_inner row_type=\u00bbrow\u00bb type=\u00bbfull_width\u00bb text_align=\u00bbcenter\u00bb background_color=\u00bb#5c8953&#8243; css_animation=\u00bb\u00bb css=\u00bb.vc_custom_1473763518291{padding-top: 30px !important;padding-bottom: 30px !important;}\u00bb][vc_column_inner][vc_column_text]<\/p>\n<h3 style=\"text-align: center;\"><span style=\"color: #ffffff;\"><strong>\u00bfAlguna consulta?<\/strong><\/span><\/h3>\n<p style=\"text-align: center;\"><strong><span style=\"color: #ffffff;\">Si tienes alguna duda o consulta relacionada con este curso no dudes en ponerte en contacto con nosotros<\/span><\/strong><\/p>\n<p>[\/vc_column_text][vc_separator type=\u00bbtransparent\u00bb thickness=\u00bb20&#8243;]<a id=\"formacio@gremi-obres.org\" itemprop=\"url\" href=\"mailto:formacio@gremi-obres.org?cc=ccosialls@gremi-obres.org&#038;bcc=comunicacio1@gremi-obres.org\" target=\"_self\" data-hover-background-color=\"#bfbfbf\" data-hover-border-color=\"#bfbfbf\" data-hover-color=\"#333333\" class=\"qbutton  medium center default\" style=\"color: #f3f3f3; border-color: #df5461; font-weight: 700; border-radius: 0px;-moz-border-radius: 0px;-webkit-border-radius: 0px; background-color:#df5461;\">SOLICITA INFORMACI\u00d3N<\/a>[\/vc_column_inner][\/vc_row_inner][vc_separator type=\u00bbtransparent\u00bb thickness=\u00bb20&#8243;][\/vc_column][vc_column width=\u00bb1\/3&#8243;][vc_row_inner row_type=\u00bbrow\u00bb type=\u00bbfull_width\u00bb text_align=\u00bbleft\u00bb css_animation=\u00bb\u00bb css=\u00bb.vc_custom_1472718933359{margin-right: 30px !important;margin-left: 30px !important;border-top-width: 1px !important;border-right-width: 1px !important;border-bottom-width: 1px !important;border-left-width: 1px !important;padding-right: 15px !important;padding-left: 15px !important;background-color: #f2b705 !important;border-left-color: #f2b705 !important;border-left-style: solid !important;border-right-color: #f2b705 !important;border-right-style: solid !important;border-top-color: #f2b705 !important;border-top-style: solid !important;border-bottom-color: #f2b705 !important;border-bottom-style: solid !important;}\u00bb][vc_column_inner enable_sticky=\u00bbtrue\u00bb sticky_offset=\u00bb100&#8243;][vc_separator type=\u00bbtransparent\u00bb thickness=\u00bb10&#8243;][vc_column_text]<\/p>\n<h3 style=\"text-align: center;\"><strong>Quiero inscribirme<\/strong><\/h3>\n<p>[\/vc_column_text][vc_separator type=\u00bbtransparent\u00bb thickness=\u00bb1&#8243; up=\u00bb1&#8243; down=\u00bb15&#8243;]<p class=\"wpcf7-contact-form-not-found\"><strong>Error:<\/strong> Formulario de contacto no encontrado.<\/p>[vc_separator type=\u00bbtransparent\u00bb thickness=\u00bb10&#8243;][vc_column_text]<\/p>\n<h6>Los datos obligatorios son imprescindibles para tramitar la solicitud. El resto de datos se solicitan para ofrecer un mejor servicio y comunicaci\u00f3n. El solicitante autoriza la incorporaci\u00f3n de todos los datos mencionados en un archivo titularidad del Gremi de Constructors d&#8217;Obres de Barcelona y Comarcas, con domicilio en Barcelona, Gran V\u00eda de las Corts Catalanes, n\u00fam. 663, que tiene como finalidad tramitar la solicitud. Asimismo, autoriza que se le env\u00ede informaci\u00f3n y ofertas comerciales por correo electr\u00f3nico o alg\u00fan otro medio de comunicaci\u00f3n electr\u00f3nica equivalente. El solicitante dispone de los derechos de acceso, rectificaci\u00f3n y cancelaci\u00f3n de estos datos, as\u00ed como oponerse a su tratamiento mediante escrito a la direcci\u00f3n anteriormente indicada con la referencia Protecci\u00f3n de Datos.<\/h6>\n<p>[\/vc_column_text][vc_separator type=\u00bbtransparent\u00bb thickness=\u00bb20&#8243;][\/vc_column_inner][\/vc_row_inner][vc_separator type=\u00bbtransparent\u00bb thickness=\u00bb25&#8243;][vc_row_inner row_type=\u00bbrow\u00bb type=\u00bbfull_width\u00bb text_align=\u00bbcenter\u00bb css_animation=\u00bb\u00bb css=\u00bb.vc_custom_1472720730068{margin-right: 30px !important;margin-left: 30px !important;border-top-width: 1px !important;border-right-width: 1px !important;border-bottom-width: 1px !important;border-left-width: 1px !important;padding-right: 15px !important;padding-left: 15px !important;background-color: #ededed !important;border-left-color: #ededed !important;border-left-style: solid !important;border-right-color: #ededed !important;border-right-style: solid !important;border-top-color: #ededed !important;border-top-style: solid !important;border-bottom-color: #ededed !important;border-bottom-style: solid !important;}\u00bb][vc_column_inner enable_sticky=\u00bbtrue\u00bb sticky_offset=\u00bb100&#8243;][vc_separator type=\u00bbtransparent\u00bb thickness=\u00bb10&#8243;][vc_single_image image=\u00bb89&#8243; img_size=\u00bbfull\u00bb alignment=\u00bbcenter\u00bb qode_css_animation=\u00bb\u00bb][vc_separator type=\u00bbtransparent\u00bb thickness=\u00bb10&#8243;][vc_column_text]<\/p>\n<h3 style=\"text-align: center;\"><strong>\u00bfQuieres Bonificarte el curso?<br \/>\n<\/strong><\/h3>\n<p>Si est\u00e1s trabajando por cuenta ajena podemos gestionar tu cr\u00e9dito sin que te suponga ning\u00fan coste adicional del importe del curso. Te ayudamos a recuperar total o parcialmente la inversi\u00f3n del importe en la formaci\u00f3n que realices con nosotros.<\/p>\n<p><strong>Cons\u00faltanos sin compromiso y te informaremos del cr\u00e9dito que dispones para realizar el curso de\u00a0quieras.<\/strong>[\/vc_column_text][vc_separator type=\u00bbtransparent\u00bb thickness=\u00bb20&#8243;]<a  itemprop=\"url\" href=\"mailto:formacio@gremi-obres.org?cc=ccosialls@gremi-obres.org&#038;bcc=comunicacio1@gremi-obres.org\" target=\"_self\" data-hover-background-color=\"#e2c81d\" data-hover-border-color=\"#e2c81d\" data-hover-color=\"#494949\" class=\"qbutton  medium center default\" style=\"color: #ffffff; border-color: #5c8953; font-weight: 700; border-radius: 0px;-moz-border-radius: 0px;-webkit-border-radius: 0px; background-color:#5c8953;\">\u00a1QUIERO SABER M\u00c1S!<\/a>[vc_separator type=\u00bbtransparent\u00bb thickness=\u00bb20&#8243;][\/vc_column_inner][\/vc_row_inner][\/vc_column][\/vc_row][vc_row row_type=\u00bbrow\u00bb use_row_as_full_screen_section=\u00bbno\u00bb type=\u00bbfull_width\u00bb angled_section=\u00bbno\u00bb text_align=\u00bbleft\u00bb background_image_as_pattern=\u00bbwithout_pattern\u00bb css_animation=\u00bb\u00bb][vc_column][vc_separator type=\u00bbtransparent\u00bb thickness=\u00bb55&#8243;][\/vc_column][\/vc_row]<\/p>\n<\/div>","protected":false},"excerpt":{"rendered":"<p>[vc_row row_type=\u00bbrow\u00bb use_row_as_full_screen_section=\u00bbno\u00bb type=\u00bbgrid\u00bb angled_section=\u00bbno\u00bb text_align=\u00bbleft\u00bb background_image_as_pattern=\u00bbwithout_pattern\u00bb padding_top=\u00bb60&#8243; css_animation=\u00bb\u00bb][vc_column width=\u00bb1\/3&#8243;][vc_column_text] Descripci\u00f3n [\/vc_column_text][vc_separator type=\u00bbsmall\u00bb position=\u00bbleft\u00bb color=\u00bb#f29760&#8243; thickness=\u00bb1&#8243; width=\u00bb86&#8243;][vc_column_text]OBJETIVOS GENERALES: -Aplicar las t\u00e9cnicas de inspecci\u00f3n y diagnosis necesarias para tratar la patolog\u00eda detectada, as\u00ed como manejar con destreza la normativa vigente y realizar proyectos de rehabilitaci\u00f3n. Objetivos<\/p>\n","protected":false},"author":1,"featured_media":0,"parent":917,"menu_order":0,"comment_status":"closed","ping_status":"closed","template":"","meta":{"footnotes":""},"class_list":["post-2104","page","type-page","status-publish","hentry"],"yoast_head":"<!-- This site is optimized with the Yoast SEO plugin v25.3 - https:\/\/yoast.com\/wordpress\/plugins\/seo\/ -->\n<title>FUNDAMENTOS DE LA REHABILITACI\u00d3N - Gremi de Constructors d&#039;Obres<\/title>\n<meta name=\"description\" content=\"Curso de Fundamentos de Rehabilitaci\u00f3n en Barcelona en el Gremio de Constructores de Obras de Barcelona y Comarcas. Curso de Fundamentos de Rehabilitaci\u00f3n\" \/>\n<meta name=\"robots\" content=\"index, follow, max-snippet:-1, max-image-preview:large, max-video-preview:-1\" \/>\n<link rel=\"canonical\" href=\"https:\/\/www.gremi-obres.org\/formacio\/es\/cursos\/fundamentos-rehabilitacion\/\" \/>\n<meta property=\"og:locale\" content=\"es_ES\" \/>\n<meta property=\"og:type\" content=\"article\" \/>\n<meta property=\"og:title\" content=\"FUNDAMENTOS DE LA REHABILITACI\u00d3N - Gremi de Constructors d&#039;Obres\" \/>\n<meta property=\"og:description\" content=\"Curso de Fundamentos de Rehabilitaci\u00f3n en Barcelona en el Gremio de Constructores de Obras de Barcelona y Comarcas. Curso de Fundamentos de Rehabilitaci\u00f3n\" \/>\n<meta property=\"og:url\" content=\"https:\/\/www.gremi-obres.org\/formacio\/es\/cursos\/fundamentos-rehabilitacion\/\" \/>\n<meta property=\"og:site_name\" content=\"Gremi de Constructors d&#039;Obres\" \/>\n<meta property=\"article:modified_time\" content=\"2019-09-18T15:16:38+00:00\" \/>\n<meta name=\"twitter:card\" content=\"summary_large_image\" \/>\n<meta name=\"twitter:label1\" content=\"Tiempo de lectura\" \/>\n\t<meta name=\"twitter:data1\" content=\"14 minutos\" \/>\n<script type=\"application\/ld+json\" class=\"yoast-schema-graph\">{\"@context\":\"https:\/\/schema.org\",\"@graph\":[{\"@type\":\"WebPage\",\"@id\":\"https:\/\/www.gremi-obres.org\/formacio\/es\/cursos\/fundamentos-rehabilitacion\/\",\"url\":\"https:\/\/www.gremi-obres.org\/formacio\/es\/cursos\/fundamentos-rehabilitacion\/\",\"name\":\"FUNDAMENTOS DE LA REHABILITACI\u00d3N - Gremi de Constructors d&#039;Obres\",\"isPartOf\":{\"@id\":\"https:\/\/www.gremi-obres.org\/formacio\/#website\"},\"datePublished\":\"2016-12-29T11:09:22+00:00\",\"dateModified\":\"2019-09-18T15:16:38+00:00\",\"description\":\"Curso de Fundamentos de Rehabilitaci\u00f3n en Barcelona en el Gremio de Constructores de Obras de Barcelona y Comarcas. Curso de Fundamentos de Rehabilitaci\u00f3n\",\"breadcrumb\":{\"@id\":\"https:\/\/www.gremi-obres.org\/formacio\/es\/cursos\/fundamentos-rehabilitacion\/#breadcrumb\"},\"inLanguage\":\"es\",\"potentialAction\":[{\"@type\":\"ReadAction\",\"target\":[\"https:\/\/www.gremi-obres.org\/formacio\/es\/cursos\/fundamentos-rehabilitacion\/\"]}]},{\"@type\":\"BreadcrumbList\",\"@id\":\"https:\/\/www.gremi-obres.org\/formacio\/es\/cursos\/fundamentos-rehabilitacion\/#breadcrumb\",\"itemListElement\":[{\"@type\":\"ListItem\",\"position\":1,\"name\":\"Inici\",\"item\":\"https:\/\/www.gremi-obres.org\/formacio\/es\/\"},{\"@type\":\"ListItem\",\"position\":2,\"name\":\"Cursos\",\"item\":\"https:\/\/www.gremi-obres.org\/formacio\/es\/cursos\/\"},{\"@type\":\"ListItem\",\"position\":3,\"name\":\"FUNDAMENTOS DE LA REHABILITACI\u00d3N\"}]},{\"@type\":\"WebSite\",\"@id\":\"https:\/\/www.gremi-obres.org\/formacio\/#website\",\"url\":\"https:\/\/www.gremi-obres.org\/formacio\/\",\"name\":\"Gremi de Constructors d&#039;Obres\",\"description\":\"Formaci\u00f3 del Gremi de Constructors d&#039;Obres.\",\"potentialAction\":[{\"@type\":\"SearchAction\",\"target\":{\"@type\":\"EntryPoint\",\"urlTemplate\":\"https:\/\/www.gremi-obres.org\/formacio\/?s={search_term_string}\"},\"query-input\":{\"@type\":\"PropertyValueSpecification\",\"valueRequired\":true,\"valueName\":\"search_term_string\"}}],\"inLanguage\":\"es\"}]}<\/script>\n<!-- \/ Yoast SEO plugin. -->","yoast_head_json":{"title":"FUNDAMENTOS DE LA REHABILITACI\u00d3N - Gremi de Constructors d&#039;Obres","description":"Curso de Fundamentos de Rehabilitaci\u00f3n en Barcelona en el Gremio de Constructores de Obras de Barcelona y Comarcas. Curso de Fundamentos de Rehabilitaci\u00f3n","robots":{"index":"index","follow":"follow","max-snippet":"max-snippet:-1","max-image-preview":"max-image-preview:large","max-video-preview":"max-video-preview:-1"},"canonical":"https:\/\/www.gremi-obres.org\/formacio\/es\/cursos\/fundamentos-rehabilitacion\/","og_locale":"es_ES","og_type":"article","og_title":"FUNDAMENTOS DE LA REHABILITACI\u00d3N - Gremi de Constructors d&#039;Obres","og_description":"Curso de Fundamentos de Rehabilitaci\u00f3n en Barcelona en el Gremio de Constructores de Obras de Barcelona y Comarcas. Curso de Fundamentos de Rehabilitaci\u00f3n","og_url":"https:\/\/www.gremi-obres.org\/formacio\/es\/cursos\/fundamentos-rehabilitacion\/","og_site_name":"Gremi de Constructors d&#039;Obres","article_modified_time":"2019-09-18T15:16:38+00:00","twitter_card":"summary_large_image","twitter_misc":{"Tiempo de lectura":"14 minutos"},"schema":{"@context":"https:\/\/schema.org","@graph":[{"@type":"WebPage","@id":"https:\/\/www.gremi-obres.org\/formacio\/es\/cursos\/fundamentos-rehabilitacion\/","url":"https:\/\/www.gremi-obres.org\/formacio\/es\/cursos\/fundamentos-rehabilitacion\/","name":"FUNDAMENTOS DE LA REHABILITACI\u00d3N - Gremi de Constructors d&#039;Obres","isPartOf":{"@id":"https:\/\/www.gremi-obres.org\/formacio\/#website"},"datePublished":"2016-12-29T11:09:22+00:00","dateModified":"2019-09-18T15:16:38+00:00","description":"Curso de Fundamentos de Rehabilitaci\u00f3n en Barcelona en el Gremio de Constructores de Obras de Barcelona y Comarcas. Curso de Fundamentos de Rehabilitaci\u00f3n","breadcrumb":{"@id":"https:\/\/www.gremi-obres.org\/formacio\/es\/cursos\/fundamentos-rehabilitacion\/#breadcrumb"},"inLanguage":"es","potentialAction":[{"@type":"ReadAction","target":["https:\/\/www.gremi-obres.org\/formacio\/es\/cursos\/fundamentos-rehabilitacion\/"]}]},{"@type":"BreadcrumbList","@id":"https:\/\/www.gremi-obres.org\/formacio\/es\/cursos\/fundamentos-rehabilitacion\/#breadcrumb","itemListElement":[{"@type":"ListItem","position":1,"name":"Inici","item":"https:\/\/www.gremi-obres.org\/formacio\/es\/"},{"@type":"ListItem","position":2,"name":"Cursos","item":"https:\/\/www.gremi-obres.org\/formacio\/es\/cursos\/"},{"@type":"ListItem","position":3,"name":"FUNDAMENTOS DE LA REHABILITACI\u00d3N"}]},{"@type":"WebSite","@id":"https:\/\/www.gremi-obres.org\/formacio\/#website","url":"https:\/\/www.gremi-obres.org\/formacio\/","name":"Gremi de Constructors d&#039;Obres","description":"Formaci\u00f3 del Gremi de Constructors d&#039;Obres.","potentialAction":[{"@type":"SearchAction","target":{"@type":"EntryPoint","urlTemplate":"https:\/\/www.gremi-obres.org\/formacio\/?s={search_term_string}"},"query-input":{"@type":"PropertyValueSpecification","valueRequired":true,"valueName":"search_term_string"}}],"inLanguage":"es"}]}},"_links":{"self":[{"href":"https:\/\/www.gremi-obres.org\/formacio\/es\/wp-json\/wp\/v2\/pages\/2104","targetHints":{"allow":["GET"]}}],"collection":[{"href":"https:\/\/www.gremi-obres.org\/formacio\/es\/wp-json\/wp\/v2\/pages"}],"about":[{"href":"https:\/\/www.gremi-obres.org\/formacio\/es\/wp-json\/wp\/v2\/types\/page"}],"author":[{"embeddable":true,"href":"https:\/\/www.gremi-obres.org\/formacio\/es\/wp-json\/wp\/v2\/users\/1"}],"replies":[{"embeddable":true,"href":"https:\/\/www.gremi-obres.org\/formacio\/es\/wp-json\/wp\/v2\/comments?post=2104"}],"version-history":[{"count":13,"href":"https:\/\/www.gremi-obres.org\/formacio\/es\/wp-json\/wp\/v2\/pages\/2104\/revisions"}],"predecessor-version":[{"id":7046,"href":"https:\/\/www.gremi-obres.org\/formacio\/es\/wp-json\/wp\/v2\/pages\/2104\/revisions\/7046"}],"up":[{"embeddable":true,"href":"https:\/\/www.gremi-obres.org\/formacio\/es\/wp-json\/wp\/v2\/pages\/917"}],"wp:attachment":[{"href":"https:\/\/www.gremi-obres.org\/formacio\/es\/wp-json\/wp\/v2\/media?parent=2104"}],"curies":[{"name":"wp","href":"https:\/\/api.w.org\/{rel}","templated":true}]}}