{"id":1972,"date":"2016-12-23T09:05:00","date_gmt":"2016-12-23T09:05:00","guid":{"rendered":"https:\/\/www.gremi-obres.org\/formacio\/es\/?page_id=1972"},"modified":"2021-01-26T12:31:04","modified_gmt":"2021-01-26T12:31:04","slug":"habilidades-de-comunicacion","status":"publish","type":"page","link":"https:\/\/www.gremi-obres.org\/formacio\/es\/cursos\/habilidades-de-comunicacion\/","title":{"rendered":"Habilidades de Comunicaci\u00f3n"},"content":{"rendered":"<div class=\"wpb-content-wrapper\"><p>[vc_row row_type=\u00bbrow\u00bb use_row_as_full_screen_section=\u00bbno\u00bb type=\u00bbgrid\u00bb angled_section=\u00bbno\u00bb text_align=\u00bbleft\u00bb background_image_as_pattern=\u00bbwithout_pattern\u00bb padding_top=\u00bb60&#8243; css_animation=\u00bb\u00bb][vc_column width=\u00bb1\/3&#8243;][vc_column_text]<\/p>\n<h2>Descripci\u00f3n<strong>\u00a0<\/strong><\/h2>\n<p>[\/vc_column_text][vc_separator type=\u00bbsmall\u00bb position=\u00bbleft\u00bb color=\u00bb#f29760&#8243; thickness=\u00bb1&#8243; width=\u00bb86&#8243;][vc_column_text]Si quieres mejorar tu habilidad de comunicar, en este curso analizaremos las actitudes que transmitimos a la hora de comunicarnos con las personas, ya sea tanto a nivel personal como profesional. Tambi\u00e9n veremos c\u00f3mo transmitimos el mensaje que queremos dar, de forma correcta y consiguiendo la m\u00e1xima comprensi\u00f3n entre las personas que nos rodean. Hay que saber cu\u00e1les son los principales errores que cometemos en nuestra comunicaci\u00f3n interpersonal, as\u00ed como cu\u00e1les son <strong>las claves para una comunicaci\u00f3n eficaz<\/strong>, identificando la comunicaci\u00f3n no verbal y conocer las estrategias para ser un buen comunicador.<\/p>\n<p>Objetivos Generales:<\/p>\n<ul>\n<li>Adquirir la habilidad y conocer los sistemas subjetivos de comunicaci\u00f3n.<\/li>\n<li>Entender el mensaje para todos los medios de comunicaci\u00f3n.<\/li>\n<li>Transmitir el mensaje de forma correcta y consiguiendo la m\u00e1xima compresi\u00f3n del receptor.<\/li>\n<li>Identificar y manejar la comunicaci\u00f3n verbal y no verbal.<\/li>\n<li>Comunicar de manera de congruente el mensaje e identificar las incongruencias.<\/li>\n<\/ul>\n<p>Objetivos espec\u00edficos:<\/p>\n<ul>\n<li>Concienciar sobre las ventajas de la cooperaci\u00f3n en el trabajo, no s\u00f3lo a la organizaci\u00f3n sino por \u00e9xito personal.<\/li>\n<li>Desarrollar el autoconocimiento y el autocontrol como capacidades claves para trabajar con confort, con una autoestima fortalecida y con el apoyo de unas relaciones sociales inevitables.<\/li>\n<li>Mejorar las habilidades de comunicaci\u00f3n que permiten ser m\u00e1s productivos, evitar errores o malentendidos y establecer relaciones m\u00e1s s\u00f3lidas, transparentes y sanas.<\/li>\n<\/ul>\n<p>[\/vc_column_text][vc_separator type=\u00bbtransparent\u00bb thickness=\u00bb7&#8243;][vc_column_text]<\/p>\n<h2>Habilidades de Comunicaci\u00f3n<\/h2>\n<p>[\/vc_column_text][vc_separator type=\u00bbsmall\u00bb position=\u00bbleft\u00bb color=\u00bb#f29760&#8243; thickness=\u00bb1&#8243; width=\u00bb86&#8243;][vc_column_text]CONTENIDOS:<\/p>\n<p>1. El proceso de comunicai\u00f3<\/p>\n<p>1.1. La comunicaci\u00f3n interpersonal<\/p>\n<p>1.2. Tipo de comunicaciones<\/p>\n<p>1.3. La comunicaci\u00f3n eficaz<\/p>\n<p>2. An\u00e1lisis de la comunicaci\u00f3n<\/p>\n<p>2.1. comunici\u00f3n estrat\u00e9gica<\/p>\n<p>2.2. Canales e informaci\u00f3n<\/p>\n<p>2.3. Adaptaci\u00f3n de mensajes<\/p>\n<p>3. Psicolog\u00eda del interlocutor<\/p>\n<p>3.1. Claves de la empat\u00eda<\/p>\n<p>3.2. lenguaje positivo<\/p>\n<p>3.3. Raz\u00f3n y emoci\u00f3n<\/p>\n<p>3.4. Las emociones b\u00e1sicas<\/p>\n<p>4. C\u00f3mo corregir actuaciones err\u00f3neas y c\u00f3mo reconocer el trabajo bien hecho<\/p>\n<p>4.1. La actitud asertiva<\/p>\n<p>4.2. Neutralizar comportamientos agresivos<\/p>\n<p>4.3. Formular opiniones y cr\u00edticas correctamente<\/p>\n<p>4.4. Prevenci\u00f3n de conflictos<\/p>\n<p>5. Dificultades ante el oyente<\/p>\n<p>5.1. Barreras de la comunicaci\u00f3n<\/p>\n<p>5.2. Conseguir la atenci\u00f3n<\/p>\n<p>5.3. La expresi\u00f3n escrita y oral<\/p>\n<p>5.4. Otras dificultades en la comunicaci\u00f3n<\/p>\n<p>6. Escucha activa<\/p>\n<p>6.1. El funcionamiento del esolta<\/p>\n<p>6.2. Tiempo libre mental<\/p>\n<p>6.3. Desarrollar la habilidad de escuchar<\/p>\n<p>7. Comunicaci\u00f3n no verbal[\/vc_column_text][vc_separator type=\u00bbtransparent\u00bb thickness=\u00bb7&#8243;][vc_separator type=\u00bbtransparent\u00bb thickness=\u00bb7&#8243;][\/vc_column][vc_column width=\u00bb1\/3&#8243;][vc_separator type=\u00bbtransparent\u00bb thickness=\u00bb2&#8243;]<div id=\"mpc_connected_icons-666a049c904e97b\" class=\"mpc-connected-icons mpc-init mpc-transition \"  data-ci-cols=\"4\" data-target=\"icon\" data-layout=\"vertical\"><div class=\"mpc-connected-icons__line\"><span><\/span><\/div><div data-id=\"mpc_icon_column-306a049c904ea79\" class=\"mpc-icon-column mpc-init mpc-parent-hover mpc-transition mpc-icon-column--style_3 mpc-align--left \" ><div data-id=\"mpc_icon-686a049c904eab5\" class=\"mpc-icon mpc-init mpc-transition mpc-effect-none mpc-icon-hover \"><div class=\"mpc-icon-wrap\"><i class=\"mpc-icon-part mpc-regular mpc-transition  fa fa-file-text-o\"><\/i><i class=\"mpc-icon-part mpc-hover mpc-transition  fa fa-file-text-o\"><\/i><\/div><\/div><div class=\"mpc-icon-column__content-wrap\"><div class=\"mpc-icon-column__content\"><h3 class=\"mpc-icon-column__heading mpc-transition\">Tipo de Curso<\/h3><div class=\"mpc-icon-column__description mpc-transition\"><p>Formaci\u00f3n subvencionada<\/p>\n<\/div><\/div><\/div><\/div><div data-id=\"mpc_icon_column-436a049c904eb9b\" class=\"mpc-icon-column mpc-init mpc-parent-hover mpc-transition mpc-icon-column--style_3 mpc-align--left \" ><div data-id=\"mpc_icon-146a049c904ebc2\" class=\"mpc-icon mpc-init mpc-transition mpc-effect-none mpc-icon-hover \"><div class=\"mpc-icon-wrap\"><i class=\"mpc-icon-part mpc-regular mpc-transition  fa fa-chrome\"><\/i><i class=\"mpc-icon-part mpc-hover mpc-transition  fa fa-chrome\"><\/i><\/div><\/div><div class=\"mpc-icon-column__content-wrap\"><div class=\"mpc-icon-column__content\"><h3 class=\"mpc-icon-column__heading mpc-transition\">\u00c1rea<\/h3><div class=\"mpc-icon-column__description mpc-transition\"><p>Habilidades directivas<\/p>\n<\/div><\/div><\/div><\/div><div data-id=\"mpc_icon_column-266a049c904ec5e\" class=\"mpc-icon-column mpc-init mpc-parent-hover mpc-transition mpc-icon-column--style_3 mpc-align--left \" ><div data-id=\"mpc_icon-586a049c904ec7d\" class=\"mpc-icon mpc-init mpc-transition mpc-effect-none mpc-icon-hover \"><div class=\"mpc-icon-wrap\"><i class=\"mpc-icon-part mpc-regular mpc-transition  mi mi-access_alarm\"><\/i><i class=\"mpc-icon-part mpc-hover mpc-transition  mi mi-access_alarm\"><\/i><\/div><\/div><div class=\"mpc-icon-column__content-wrap\"><div class=\"mpc-icon-column__content\"><h3 class=\"mpc-icon-column__heading mpc-transition\">DURACI\u00d3N<\/h3><div class=\"mpc-icon-column__description mpc-transition\"><p>Este curso tiene una duraci\u00f3n de<strong> 30\u00a0horas<\/strong><\/p>\n<\/div><\/div><\/div><\/div><div data-id=\"mpc_icon_column-316a049c904ed1b\" class=\"mpc-icon-column mpc-init mpc-parent-hover mpc-transition mpc-icon-column--style_3 mpc-align--left \" ><div data-id=\"mpc_icon-276a049c904ed39\" class=\"mpc-icon mpc-init mpc-transition mpc-effect-none mpc-icon-hover \"><div class=\"mpc-icon-wrap\"><i class=\"mpc-icon-part mpc-regular mpc-transition  fa fa-calendar\"><\/i><i class=\"mpc-icon-part mpc-hover mpc-transition  fa fa-calendar\"><\/i><\/div><\/div><div class=\"mpc-icon-column__content-wrap\"><div class=\"mpc-icon-column__content\"><h3 class=\"mpc-icon-column__heading mpc-transition\">Fecha<\/h3><div class=\"mpc-icon-column__description mpc-transition\"><p>26\/01\/2021 &#8211; 25\/02\/2021, martes y jueves de 17:00 &#8211; 20:00 h<\/p>\n<\/div><\/div><\/div><\/div><div data-id=\"mpc_icon_column-1006a049c904edcf\" class=\"mpc-icon-column mpc-init mpc-parent-hover mpc-transition mpc-icon-column--style_3 mpc-align--left \" ><div data-id=\"mpc_icon-196a049c904edea\" class=\"mpc-icon mpc-init mpc-transition mpc-effect-none mpc-icon-hover \"><div class=\"mpc-icon-wrap\"><i class=\"mpc-icon-part mpc-regular mpc-transition  fa fa-map-marker\"><\/i><i class=\"mpc-icon-part mpc-hover mpc-transition  fa fa-map-marker\"><\/i><\/div><\/div><div class=\"mpc-icon-column__content-wrap\"><div class=\"mpc-icon-column__content\"><h3 class=\"mpc-icon-column__heading mpc-transition\">Lugar<\/h3><div class=\"mpc-icon-column__description mpc-transition\"><p>Gremi de Constructors d\u2019Obres de Barcelona i Comarques, Gran Via de les Corts Catalanes, 663 \u2013 08010 Barcelona.<\/p>\n<\/div><\/div><\/div><\/div><\/div>[vc_separator type=\u00bbtransparent\u00bb thickness=\u00bb20&#8243;][vc_single_image image=\u00bb7255&#8243; img_size=\u00bbfull\u00bb qode_css_animation=\u00bb\u00bb][vc_single_image image=\u00bb6393&#8243; img_size=\u00bbfull\u00bb qode_css_animation=\u00bb\u00bb][vc_separator type=\u00bbtransparent\u00bb thickness=\u00bb20&#8243;]<div id=\"mpc_connected_icons-996a049c904ee82\" class=\"mpc-connected-icons mpc-init mpc-transition \"  data-ci-cols=\"4\" data-target=\"icon\" data-layout=\"vertical\"><div class=\"mpc-connected-icons__line\"><span><\/span><\/div><div data-id=\"mpc_icon_column-436a049c904ef0e\" class=\"mpc-icon-column mpc-init mpc-parent-hover mpc-transition mpc-icon-column--style_3 mpc-align--left \" ><div data-id=\"mpc_icon-246a049c904ef30\" class=\"mpc-icon mpc-init mpc-transition mpc-effect-none mpc-icon-hover \"><div class=\"mpc-icon-wrap\"><i class=\"mpc-icon-part mpc-regular mpc-transition  fa fa-group\"><\/i><i class=\"mpc-icon-part mpc-hover mpc-transition  fa fa-group\"><\/i><\/div><\/div><div class=\"mpc-icon-column__content-wrap\"><div class=\"mpc-icon-column__content\"><h3 class=\"mpc-icon-column__heading mpc-transition\">Modalidad<\/h3><div class=\"mpc-icon-column__description mpc-transition\"><p>Curso Presencial con Formador.<\/p>\n<\/div><\/div><\/div><\/div><div data-id=\"mpc_icon_column-366a049c904eff3\" class=\"mpc-icon-column mpc-init mpc-parent-hover mpc-transition mpc-icon-column--style_3 mpc-align--left \" ><div data-id=\"mpc_icon-216a049c904f010\" class=\"mpc-icon mpc-init mpc-transition mpc-effect-none mpc-icon-hover \"><div class=\"mpc-icon-wrap\"><i class=\"mpc-icon-part mpc-regular mpc-transition  fa fa-mortar-board\"><\/i><i class=\"mpc-icon-part mpc-hover mpc-transition  fa fa-mortar-board\"><\/i><\/div><\/div><div class=\"mpc-icon-column__content-wrap\"><div class=\"mpc-icon-column__content\"><h3 class=\"mpc-icon-column__heading mpc-transition\">FORMADOR<\/h3><div class=\"mpc-icon-column__description mpc-transition\"><p>JORDI SALAT<\/p>\n<\/div><\/div><\/div><\/div><div data-id=\"mpc_icon_column-116a049c904f095\" class=\"mpc-icon-column mpc-init mpc-parent-hover mpc-transition mpc-icon-column--style_3 mpc-align--left \" ><div data-id=\"mpc_icon-326a049c904f0af\" class=\"mpc-icon mpc-init mpc-transition mpc-effect-none mpc-icon-hover \"><div class=\"mpc-icon-wrap\"><i class=\"mpc-icon-part mpc-regular mpc-transition  fa fa-institution\"><\/i><i class=\"mpc-icon-part mpc-hover mpc-transition  fa fa-institution\"><\/i><\/div><\/div><div class=\"mpc-icon-column__content-wrap\"><div class=\"mpc-icon-column__content\"><h3 class=\"mpc-icon-column__heading mpc-transition\">DIPLOMA<\/h3><div class=\"mpc-icon-column__description mpc-transition\"><p>Al finalizar el curso se entregar\u00e1 un diploma acreditativo de esta formaci\u00f3n.<\/p>\n<\/div><\/div><\/div><\/div><div data-id=\"mpc_icon_column-856a049c904f12f\" class=\"mpc-icon-column mpc-init mpc-parent-hover mpc-transition mpc-icon-column--style_3 mpc-align--left \" ><div data-id=\"mpc_icon-166a049c904f148\" class=\"mpc-icon mpc-init mpc-transition mpc-effect-none mpc-icon-hover \"><div class=\"mpc-icon-wrap\"><i class=\"mpc-icon-part mpc-regular mpc-transition  fa fa-mortar-board\"><\/i><i class=\"mpc-icon-part mpc-hover mpc-transition  fa fa-mortar-board\"><\/i><\/div><\/div><div class=\"mpc-icon-column__content-wrap\"><div class=\"mpc-icon-column__content\"><h3 class=\"mpc-icon-column__heading mpc-transition\">APPLUS ISO 9001<\/h3><div class=\"mpc-icon-column__description mpc-transition\"><p>Estamos certificados en Calidad, seg\u00fan la norma UNE-ISO 9001, por la entidad Applus, con la voluntad de ofrecer un servicio de m\u00e1xima calidad formativa.<\/p>\n<\/div><\/div><\/div><\/div><\/div>[vc_separator type=\u00bbtransparent\u00bb thickness=\u00bb30&#8243;][vc_row_inner row_type=\u00bbrow\u00bb type=\u00bbfull_width\u00bb text_align=\u00bbcenter\u00bb background_color=\u00bb#5c8953&#8243; css_animation=\u00bb\u00bb css=\u00bb.vc_custom_1473763518291{padding-top: 30px !important;padding-bottom: 30px !important;}\u00bb][vc_column_inner][vc_column_text]<\/p>\n<h3 style=\"text-align: center;\"><strong><span style=\"color: #ffffff;\">\u00bfAlguna consulta?<\/span><\/strong><\/h3>\n<p style=\"text-align: center;\"><strong><span style=\"color: #ffffff;\">Si tienes alguna duda o consulta relacionada con este curso no dudes me ponerte en contacto con nosotros!<\/span><\/strong><\/p>\n<p>[\/vc_column_text][vc_separator type=\u00bbtransparent\u00bb thickness=\u00bb20&#8243;]<a id=\"formacio@gremi-obres.org\" itemprop=\"url\" href=\"mailto:formacio@gremi-obres.org?cc=ccosialls@gremi-obres.org&#038;bcc=comunicacio1@gremi-obres.org\" target=\"_self\" data-hover-background-color=\"#bfbfbf\" data-hover-border-color=\"#bfbfbf\" data-hover-color=\"#333333\" class=\"qbutton  medium center default\" style=\"color: #f3f3f3; border-color: #df5461; font-weight: 700; border-radius: 0px;-moz-border-radius: 0px;-webkit-border-radius: 0px; background-color:#df5461;\">SOL.LICITA INFORMACI\u00d3<\/a>[\/vc_column_inner][\/vc_row_inner][vc_separator type=\u00bbtransparent\u00bb thickness=\u00bb20&#8243;][\/vc_column][vc_column width=\u00bb1\/3&#8243;][vc_row_inner row_type=\u00bbrow\u00bb type=\u00bbfull_width\u00bb text_align=\u00bbleft\u00bb css_animation=\u00bb\u00bb css=\u00bb.vc_custom_1472718933359{margin-right: 30px !important;margin-left: 30px !important;border-top-width: 1px !important;border-right-width: 1px !important;border-bottom-width: 1px !important;border-left-width: 1px !important;padding-right: 15px !important;padding-left: 15px !important;background-color: #f2b705 !important;border-left-color: #f2b705 !important;border-left-style: solid !important;border-right-color: #f2b705 !important;border-right-style: solid !important;border-top-color: #f2b705 !important;border-top-style: solid !important;border-bottom-color: #f2b705 !important;border-bottom-style: solid !important;}\u00bb][vc_column_inner enable_sticky=\u00bbtrue\u00bb sticky_offset=\u00bb100&#8243;][vc_separator type=\u00bbtransparent\u00bb thickness=\u00bb10&#8243;][vc_column_text]<\/p>\n<h3 style=\"text-align: center;\"><strong>Quiero inscribirme<\/strong><\/h3>\n<p>[\/vc_column_text][vc_separator type=\u00bbtransparent\u00bb thickness=\u00bb1&#8243; up=\u00bb1&#8243; down=\u00bb15&#8243;]<p class=\"wpcf7-contact-form-not-found\"><strong>Error:<\/strong> Formulario de contacto no encontrado.<\/p>[vc_separator type=\u00bbtransparent\u00bb thickness=\u00bb10&#8243;][vc_column_text]<\/p>\n<h6 style=\"text-align: left;\">Los datos obligatorios son imprescindibles para tramitar la solicitud. El resto de datos se solicitan para ofrecer un mejor servicio y comunicaci\u00f3n. El solicitante autoriza la incorporaci\u00f3n de todos los datos mencionados en un archivo titularidad del Gremio de Constructores de Obras de Barcelona y Comarcas, con domicilio en Barcelona, Gran V\u00eda de las Cortes Catalanas, n\u00fam. 663, que tiene como finalidad tramitar la solicitud. Asimismo, autoriza que se le env\u00ede informaci\u00f3n y ofertas comerciales por correo electr\u00f3nico o alg\u00fan otro medio de comunicaci\u00f3n electr\u00f3nica equivalente. El solicitante dispone de los derechos de acceso, rectificaci\u00f3n y cancelaci\u00f3n de estos datos, as\u00ed como oponerse a su tratamiento mediante escrito a la direcci\u00f3n anteriormente indicada con la referencia Protecci\u00f3n de Datos.<\/h6>\n<p>[\/vc_column_text][vc_separator type=\u00bbtransparent\u00bb thickness=\u00bb20&#8243;][\/vc_column_inner][\/vc_row_inner][vc_separator type=\u00bbtransparent\u00bb thickness=\u00bb25&#8243;][vc_row_inner row_type=\u00bbrow\u00bb type=\u00bbfull_width\u00bb text_align=\u00bbcenter\u00bb css_animation=\u00bb\u00bb css=\u00bb.vc_custom_1472720730068{margin-right: 30px !important;margin-left: 30px !important;border-top-width: 1px !important;border-right-width: 1px !important;border-bottom-width: 1px !important;border-left-width: 1px !important;padding-right: 15px !important;padding-left: 15px !important;background-color: #ededed !important;border-left-color: #ededed !important;border-left-style: solid !important;border-right-color: #ededed !important;border-right-style: solid !important;border-top-color: #ededed !important;border-top-style: solid !important;border-bottom-color: #ededed !important;border-bottom-style: solid !important;}\u00bb][vc_column_inner enable_sticky=\u00bbtrue\u00bb sticky_offset=\u00bb100&#8243;][vc_separator type=\u00bbtransparent\u00bb thickness=\u00bb10&#8243;][vc_separator type=\u00bbtransparent\u00bb thickness=\u00bb10&#8243;][vc_separator type=\u00bbtransparent\u00bb thickness=\u00bb20&#8243;]<a  itemprop=\"url\" href=\"mailto:formacio@gremi-obres.org?cc=ccosialls@gremi-obres.org&#038;bcc=comunicacio1@gremi-obres.org\" target=\"_self\" data-hover-background-color=\"#e2c81d\" data-hover-border-color=\"#e2c81d\" data-hover-color=\"#494949\" class=\"qbutton  medium center default\" style=\"color: #ffffff; border-color: #5c8953; font-weight: 700; border-radius: 0px;-moz-border-radius: 0px;-webkit-border-radius: 0px; background-color:#5c8953;\">\u00a1QUIERO SABER M\u00c1S!<\/a>[vc_separator type=\u00bbtransparent\u00bb thickness=\u00bb20&#8243;][\/vc_column_inner][\/vc_row_inner][\/vc_column][\/vc_row][vc_row row_type=\u00bbrow\u00bb use_row_as_full_screen_section=\u00bbno\u00bb type=\u00bbfull_width\u00bb angled_section=\u00bbno\u00bb text_align=\u00bbleft\u00bb background_image_as_pattern=\u00bbwithout_pattern\u00bb css_animation=\u00bb\u00bb][vc_column][vc_separator type=\u00bbtransparent\u00bb thickness=\u00bb55&#8243;][\/vc_column][\/vc_row]<\/p>\n<\/div>","protected":false},"excerpt":{"rendered":"<p>[vc_row row_type=\u00bbrow\u00bb use_row_as_full_screen_section=\u00bbno\u00bb type=\u00bbgrid\u00bb angled_section=\u00bbno\u00bb text_align=\u00bbleft\u00bb background_image_as_pattern=\u00bbwithout_pattern\u00bb padding_top=\u00bb60&#8243; css_animation=\u00bb\u00bb][vc_column width=\u00bb1\/3&#8243;][vc_column_text] Descripci\u00f3n\u00a0 [\/vc_column_text][vc_separator type=\u00bbsmall\u00bb position=\u00bbleft\u00bb color=\u00bb#f29760&#8243; thickness=\u00bb1&#8243; width=\u00bb86&#8243;][vc_column_text]Si quieres mejorar tu habilidad de comunicar, en este curso analizaremos las actitudes que transmitimos a la hora de comunicarnos con las personas, ya sea tanto a nivel personal<\/p>\n","protected":false},"author":1,"featured_media":0,"parent":917,"menu_order":0,"comment_status":"closed","ping_status":"closed","template":"","meta":{"footnotes":""},"class_list":["post-1972","page","type-page","status-publish","hentry"],"yoast_head":"<!-- This site is optimized with the Yoast SEO plugin v25.3 - https:\/\/yoast.com\/wordpress\/plugins\/seo\/ -->\n<title>Curso de Habilidades de comunicaci\u00f3n - Gremio de Constructores Barcelona<\/title>\n<meta name=\"robots\" content=\"index, follow, max-snippet:-1, max-image-preview:large, max-video-preview:-1\" \/>\n<link rel=\"canonical\" href=\"https:\/\/www.gremi-obres.org\/formacio\/es\/cursos\/habilidades-de-comunicacion\/\" \/>\n<meta property=\"og:locale\" content=\"es_ES\" \/>\n<meta property=\"og:type\" content=\"article\" \/>\n<meta property=\"og:title\" content=\"Curso de Habilidades de comunicaci\u00f3n - Gremio de Constructores Barcelona\" \/>\n<meta property=\"og:description\" content=\"[vc_row row_type=\u00bbrow\u00bb use_row_as_full_screen_section=\u00bbno\u00bb type=\u00bbgrid\u00bb angled_section=\u00bbno\u00bb text_align=\u00bbleft\u00bb background_image_as_pattern=\u00bbwithout_pattern\u00bb padding_top=\u00bb60&#8243; css_animation=\u00bb\u00bb][vc_column width=\u00bb1\/3&#8243;][vc_column_text] Descripci\u00f3n\u00a0 [\/vc_column_text][vc_separator type=\u00bbsmall\u00bb position=\u00bbleft\u00bb color=\u00bb#f29760&#8243; thickness=\u00bb1&#8243; width=\u00bb86&#8243;][vc_column_text]Si quieres mejorar tu habilidad de comunicar, en este curso analizaremos las actitudes que transmitimos a la hora de comunicarnos con las personas, ya sea tanto a nivel personal\" \/>\n<meta property=\"og:url\" content=\"https:\/\/www.gremi-obres.org\/formacio\/es\/cursos\/habilidades-de-comunicacion\/\" \/>\n<meta property=\"og:site_name\" content=\"Gremi de Constructors d&#039;Obres\" \/>\n<meta property=\"article:modified_time\" content=\"2021-01-26T12:31:04+00:00\" \/>\n<meta name=\"twitter:card\" content=\"summary_large_image\" \/>\n<meta name=\"twitter:label1\" content=\"Tiempo de lectura\" \/>\n\t<meta name=\"twitter:data1\" content=\"5 minutos\" \/>\n<script type=\"application\/ld+json\" class=\"yoast-schema-graph\">{\"@context\":\"https:\/\/schema.org\",\"@graph\":[{\"@type\":\"WebPage\",\"@id\":\"https:\/\/www.gremi-obres.org\/formacio\/es\/cursos\/habilidades-de-comunicacion\/\",\"url\":\"https:\/\/www.gremi-obres.org\/formacio\/es\/cursos\/habilidades-de-comunicacion\/\",\"name\":\"Curso de Habilidades de comunicaci\u00f3n - Gremio de Constructores Barcelona\",\"isPartOf\":{\"@id\":\"https:\/\/www.gremi-obres.org\/formacio\/#website\"},\"datePublished\":\"2016-12-23T09:05:00+00:00\",\"dateModified\":\"2021-01-26T12:31:04+00:00\",\"breadcrumb\":{\"@id\":\"https:\/\/www.gremi-obres.org\/formacio\/es\/cursos\/habilidades-de-comunicacion\/#breadcrumb\"},\"inLanguage\":\"es\",\"potentialAction\":[{\"@type\":\"ReadAction\",\"target\":[\"https:\/\/www.gremi-obres.org\/formacio\/es\/cursos\/habilidades-de-comunicacion\/\"]}]},{\"@type\":\"BreadcrumbList\",\"@id\":\"https:\/\/www.gremi-obres.org\/formacio\/es\/cursos\/habilidades-de-comunicacion\/#breadcrumb\",\"itemListElement\":[{\"@type\":\"ListItem\",\"position\":1,\"name\":\"Inici\",\"item\":\"https:\/\/www.gremi-obres.org\/formacio\/es\/\"},{\"@type\":\"ListItem\",\"position\":2,\"name\":\"Cursos\",\"item\":\"https:\/\/www.gremi-obres.org\/formacio\/es\/cursos\/\"},{\"@type\":\"ListItem\",\"position\":3,\"name\":\"Habilidades de Comunicaci\u00f3n\"}]},{\"@type\":\"WebSite\",\"@id\":\"https:\/\/www.gremi-obres.org\/formacio\/#website\",\"url\":\"https:\/\/www.gremi-obres.org\/formacio\/\",\"name\":\"Gremi de Constructors d&#039;Obres\",\"description\":\"Formaci\u00f3 del Gremi de Constructors d&#039;Obres.\",\"potentialAction\":[{\"@type\":\"SearchAction\",\"target\":{\"@type\":\"EntryPoint\",\"urlTemplate\":\"https:\/\/www.gremi-obres.org\/formacio\/?s={search_term_string}\"},\"query-input\":{\"@type\":\"PropertyValueSpecification\",\"valueRequired\":true,\"valueName\":\"search_term_string\"}}],\"inLanguage\":\"es\"}]}<\/script>\n<!-- \/ Yoast SEO plugin. -->","yoast_head_json":{"title":"Curso de Habilidades de comunicaci\u00f3n - Gremio de Constructores Barcelona","robots":{"index":"index","follow":"follow","max-snippet":"max-snippet:-1","max-image-preview":"max-image-preview:large","max-video-preview":"max-video-preview:-1"},"canonical":"https:\/\/www.gremi-obres.org\/formacio\/es\/cursos\/habilidades-de-comunicacion\/","og_locale":"es_ES","og_type":"article","og_title":"Curso de Habilidades de comunicaci\u00f3n - Gremio de Constructores Barcelona","og_description":"[vc_row row_type=\u00bbrow\u00bb use_row_as_full_screen_section=\u00bbno\u00bb type=\u00bbgrid\u00bb angled_section=\u00bbno\u00bb text_align=\u00bbleft\u00bb background_image_as_pattern=\u00bbwithout_pattern\u00bb padding_top=\u00bb60&#8243; css_animation=\u00bb\u00bb][vc_column width=\u00bb1\/3&#8243;][vc_column_text] Descripci\u00f3n\u00a0 [\/vc_column_text][vc_separator type=\u00bbsmall\u00bb position=\u00bbleft\u00bb color=\u00bb#f29760&#8243; thickness=\u00bb1&#8243; width=\u00bb86&#8243;][vc_column_text]Si quieres mejorar tu habilidad de comunicar, en este curso analizaremos las actitudes que transmitimos a la hora de comunicarnos con las personas, ya sea tanto a nivel personal","og_url":"https:\/\/www.gremi-obres.org\/formacio\/es\/cursos\/habilidades-de-comunicacion\/","og_site_name":"Gremi de Constructors d&#039;Obres","article_modified_time":"2021-01-26T12:31:04+00:00","twitter_card":"summary_large_image","twitter_misc":{"Tiempo de lectura":"5 minutos"},"schema":{"@context":"https:\/\/schema.org","@graph":[{"@type":"WebPage","@id":"https:\/\/www.gremi-obres.org\/formacio\/es\/cursos\/habilidades-de-comunicacion\/","url":"https:\/\/www.gremi-obres.org\/formacio\/es\/cursos\/habilidades-de-comunicacion\/","name":"Curso de Habilidades de comunicaci\u00f3n - Gremio de Constructores Barcelona","isPartOf":{"@id":"https:\/\/www.gremi-obres.org\/formacio\/#website"},"datePublished":"2016-12-23T09:05:00+00:00","dateModified":"2021-01-26T12:31:04+00:00","breadcrumb":{"@id":"https:\/\/www.gremi-obres.org\/formacio\/es\/cursos\/habilidades-de-comunicacion\/#breadcrumb"},"inLanguage":"es","potentialAction":[{"@type":"ReadAction","target":["https:\/\/www.gremi-obres.org\/formacio\/es\/cursos\/habilidades-de-comunicacion\/"]}]},{"@type":"BreadcrumbList","@id":"https:\/\/www.gremi-obres.org\/formacio\/es\/cursos\/habilidades-de-comunicacion\/#breadcrumb","itemListElement":[{"@type":"ListItem","position":1,"name":"Inici","item":"https:\/\/www.gremi-obres.org\/formacio\/es\/"},{"@type":"ListItem","position":2,"name":"Cursos","item":"https:\/\/www.gremi-obres.org\/formacio\/es\/cursos\/"},{"@type":"ListItem","position":3,"name":"Habilidades de Comunicaci\u00f3n"}]},{"@type":"WebSite","@id":"https:\/\/www.gremi-obres.org\/formacio\/#website","url":"https:\/\/www.gremi-obres.org\/formacio\/","name":"Gremi de Constructors d&#039;Obres","description":"Formaci\u00f3 del Gremi de Constructors d&#039;Obres.","potentialAction":[{"@type":"SearchAction","target":{"@type":"EntryPoint","urlTemplate":"https:\/\/www.gremi-obres.org\/formacio\/?s={search_term_string}"},"query-input":{"@type":"PropertyValueSpecification","valueRequired":true,"valueName":"search_term_string"}}],"inLanguage":"es"}]}},"_links":{"self":[{"href":"https:\/\/www.gremi-obres.org\/formacio\/es\/wp-json\/wp\/v2\/pages\/1972","targetHints":{"allow":["GET"]}}],"collection":[{"href":"https:\/\/www.gremi-obres.org\/formacio\/es\/wp-json\/wp\/v2\/pages"}],"about":[{"href":"https:\/\/www.gremi-obres.org\/formacio\/es\/wp-json\/wp\/v2\/types\/page"}],"author":[{"embeddable":true,"href":"https:\/\/www.gremi-obres.org\/formacio\/es\/wp-json\/wp\/v2\/users\/1"}],"replies":[{"embeddable":true,"href":"https:\/\/www.gremi-obres.org\/formacio\/es\/wp-json\/wp\/v2\/comments?post=1972"}],"version-history":[{"count":19,"href":"https:\/\/www.gremi-obres.org\/formacio\/es\/wp-json\/wp\/v2\/pages\/1972\/revisions"}],"predecessor-version":[{"id":9740,"href":"https:\/\/www.gremi-obres.org\/formacio\/es\/wp-json\/wp\/v2\/pages\/1972\/revisions\/9740"}],"up":[{"embeddable":true,"href":"https:\/\/www.gremi-obres.org\/formacio\/es\/wp-json\/wp\/v2\/pages\/917"}],"wp:attachment":[{"href":"https:\/\/www.gremi-obres.org\/formacio\/es\/wp-json\/wp\/v2\/media?parent=1972"}],"curies":[{"name":"wp","href":"https:\/\/api.w.org\/{rel}","templated":true}]}}