{"id":16508,"date":"2022-02-09T17:20:16","date_gmt":"2022-02-09T17:20:16","guid":{"rendered":"https:\/\/www.gremi-obres.org\/formacio\/?page_id=16508"},"modified":"2022-02-09T17:20:16","modified_gmt":"2022-02-09T17:20:16","slug":"16508-2","status":"publish","type":"page","link":"https:\/\/www.gremi-obres.org\/formacio\/es\/16508-2\/","title":{"rendered":""},"content":{"rendered":"<div class=\"wpb-content-wrapper\"><p>[vc_row row_type=\u00bbrow\u00bb use_row_as_full_screen_section=\u00bbno\u00bb type=\u00bbgrid\u00bb angled_section=\u00bbno\u00bb text_align=\u00bbleft\u00bb background_image_as_pattern=\u00bbwithout_pattern\u00bb padding_top=\u00bb60&#8243; css_animation=\u00bb\u00bb][vc_column width=\u00bb1\/3&#8243;][vc_column_text]<\/p>\n<h4>Objectiu General:<\/h4>\n<p>[\/vc_column_text][vc_separator type=\u00bbsmall\u00bb position=\u00bbleft\u00bb color=\u00bb#f29760&#8243; thickness=\u00bb1&#8243; width=\u00bb86&#8243;][vc_column_text]<\/p>\n<p style=\"text-align: justify;\">Aquest curs pret\u00e9n que els alumnes coneguin la manera com funciona un programa de bloqueig i etiquetatge (LOTO), aix\u00ed com els punts b\u00e0sics que ha de contenir.<\/p>\n<p><strong>Objectius Espec\u00edfics:<\/strong><\/p>\n<p>Un cop finalitzada la formaci\u00f3, els alumnes adquireixen les compet\u00e8ncies seg\u00fcents:<br \/>\n-Coneixement adequat dels punts d\u201fun programa LOTO.<br \/>\n-Coneixement de diferents aparells de bloqueig que es poden utilitzar per a un procediment LOTO.<br \/>\n-Elements a desenergitzar per realitzar una feina amb seguretat.<br \/>\n-Passos a seguir abans d&#8217;iniciar els treballs.<br \/>\n-Promoure la cultura preventiva, conscienciant de la import\u00e0ncia d&#8217;un correcte procediment de bloqueig i etiquetatge per evitar accidents.<\/p>\n<p>[\/vc_column_text][vc_separator type=\u00bbtransparent\u00bb thickness=\u00bb7&#8243;][vc_column_text]<\/p>\n<h2>Curs bonificable de Lock-Out &#8211; Tag Out (LO-TO)<\/h2>\n<p>[\/vc_column_text][vc_separator type=\u00bbsmall\u00bb position=\u00bbleft\u00bb color=\u00bb#f29760&#8243; thickness=\u00bb1&#8243; width=\u00bb86&#8243;][vc_column_text]<span style=\"color: #808080;\">DESENVOLUPAMENT FORMATIU DEL CURS:<\/span><\/p>\n<p style=\"text-align: justify;\">DURACI\u00d3 DEL PROGRAMA: 6 h<\/p>\n<p>-TEORIA: 3 h<\/p>\n<p>-PR\u00c0CTICA: 3 h<\/p>\n<p><span style=\"color: #808080;\">PROGRAMA<\/span><\/p>\n<p><strong>PART TE\u00d2RICA<\/strong><\/p>\n<p>\u2022Presentaci\u00f3 del programa LOTO i la seva justificaci\u00f3.<br \/>\n\u2022 Legislaci\u00f3.<br \/>\n&#8211; Llei 31\/95 de PRL<br \/>\n&#8211; EN 1037<br \/>\n&#8211; RD 1215\/97<br \/>\n&#8211; NTP 52<br \/>\n\u2022 Definici\u00f3 dels elements afectats i que intervenen en un programa LOTO.<br \/>\n\u2022 Explicaci\u00f3 de les caracter\u00edstiques b\u00e0siques del procediment LOTO.<br \/>\n\u2022 Seq\u00fc\u00e8ncia adequada de l&#8217;ordre de treball amb procediment LOTO.<br \/>\n&#8211; Av\u00eds<br \/>\n&#8211; Apagat<br \/>\n&#8211; A\u00efllament<br \/>\n&#8211; Bloqueig<br \/>\n&#8211; Desenergitzaci\u00f3<br \/>\n&#8211; Verificaci\u00f3<\/p>\n<p>PART PR\u00c0CTICA<\/p>\n<p>Identificaci\u00f3 de les diferents fonts d&#8217;energia en un equip o sistema i proposar sistemes de<br \/>\ndesenergitzat.<br \/>\n&#8211; Estudi dun mecanisme o sistema per determinar els punts de bloqueig.<br \/>\n&#8211; Preparaci\u00f3 d&#8217;un protocol LOTO pel sistema i l&#8217;execuci\u00f3.<br \/>\n&#8211; Instauraci\u00f3 i execuci\u00f3 de diferents opcions LOTO en un mateix sistema o equip.<br \/>\n&#8211; Revisi\u00f3 d\u201fun protocol LOTO existent per buscar errors i proposar correccions.[\/vc_column_text][vc_separator type=\u00bbtransparent\u00bb thickness=\u00bb7&#8243;][vc_separator type=\u00bbtransparent\u00bb thickness=\u00bb7&#8243;][\/vc_column][vc_column width=\u00bb1\/3&#8243;][vc_separator type=\u00bbtransparent\u00bb thickness=\u00bb2&#8243;]<div id=\"mpc_connected_icons-1269ea735a1b21d\" class=\"mpc-connected-icons mpc-init mpc-transition \"  data-ci-cols=\"4\" data-target=\"icon\" data-layout=\"vertical\"><div class=\"mpc-connected-icons__line\"><span><\/span><\/div><div data-id=\"mpc_icon_column-3969ea735a1b323\" class=\"mpc-icon-column mpc-init mpc-parent-hover mpc-transition mpc-icon-column--style_3 mpc-align--left \" ><div data-id=\"mpc_icon-4169ea735a1b3ca\" class=\"mpc-icon mpc-init mpc-transition mpc-effect-none mpc-icon-hover \"><div class=\"mpc-icon-wrap\"><i class=\"mpc-icon-part mpc-regular mpc-transition  fa fa-file-text-o\"><\/i><i class=\"mpc-icon-part mpc-hover mpc-transition  fa fa-file-text-o\"><\/i><\/div><\/div><div class=\"mpc-icon-column__content-wrap\"><div class=\"mpc-icon-column__content\"><h3 class=\"mpc-icon-column__heading mpc-transition\">Tipus de Curs<\/h3><div class=\"mpc-icon-column__description mpc-transition\"><h5><strong>Formaci\u00f3 bonificable<\/strong><\/h5>\n<p>Aquest curs \u00e9s bonificable per Fundae (Fundaci\u00f3n Estatal para la Formaci\u00f3n en el Empleo)<\/p>\n<p><a href=\"https:\/\/www.fundae.es\/\" target=\"_blank\" rel=\"noopener\"><img loading=\"lazy\" decoding=\"async\" class=\"alignnone wp-image-12239\" src=\"https:\/\/www.gremi-obres.org\/formacio\/wp-content\/uploads\/2021\/10\/fundae-300x47.png\" alt=\"\" width=\"402\" height=\"63\" srcset=\"https:\/\/www.gremi-obres.org\/formacio\/wp-content\/uploads\/2021\/10\/fundae-300x47.png 300w, https:\/\/www.gremi-obres.org\/formacio\/wp-content\/uploads\/2021\/10\/fundae-700x109.png 700w, https:\/\/www.gremi-obres.org\/formacio\/wp-content\/uploads\/2021\/10\/fundae.png 768w\" sizes=\"auto, (max-width: 402px) 100vw, 402px\" \/><\/a><\/p>\n<hr \/>\n<h5><strong>Qui pot apuntar-se a aquest curs?<\/strong><\/h5>\n<p>\u2022 S\u00f3n cursos oberts, la bonificaci\u00f3 nom\u00e9s \u00e9s opcional, no obligat\u00f2ria.<\/p>\n<p>\u2022 Edat m\u00ednima 18 anys.<\/p>\n<h5><strong>Com bonificar el curs?<\/strong><\/h5>\n<p>Les persones treballadores poden bonificar-se el curs mitjan\u00e7ant el cr\u00e8dit de formaci\u00f3 de la seva empresa (que fins a cert l\u00edmit anual suposa un cost zero).<\/p>\n<p><em>Si a la vostra empresa no sabeu com tramitar aquests cr\u00e8dits, des del Gremi us podem derivar a una gestoria de confian\u00e7a que cobra una taxa de gesti\u00f3 per alumne depenent del cr\u00e8dit a bonificar.<\/em><\/p>\n<p><em>Si ho preferiu, tamb\u00e9 podeu bonificar els cursos des de la vostra pr\u00f2pia empresa:<\/em><\/p>\n<h5 class=\"card2\"><a href=\"https:\/\/www.fundae.es\/empresas\/home\/como-bonificarte\" target=\"_blank\" rel=\"noopener\"><button data-wp-editing=\"1\"><img loading=\"lazy\" decoding=\"async\" class=\"alignnone wp-image-31868 \" role=\"img\" src=\"https:\/\/www.gremi-obres.org\/wp-content\/uploads\/2021\/08\/flecha-naranja.svg\" alt=\"\" width=\"11\" height=\"11\" \/> Com bonificar un curs<\/button><\/a><\/h5>\n<\/div><\/div><\/div><\/div><div data-id=\"mpc_icon_column-5669ea735a1b53e\" class=\"mpc-icon-column mpc-init mpc-parent-hover mpc-transition mpc-icon-column--style_3 mpc-align--left \" ><div data-id=\"mpc_icon-5069ea735a1b56f\" class=\"mpc-icon mpc-init mpc-transition mpc-effect-none mpc-icon-hover \"><div class=\"mpc-icon-wrap\"><i class=\"mpc-icon-part mpc-regular mpc-transition  el el-eur\"><\/i><i class=\"mpc-icon-part mpc-hover mpc-transition  el el-eur\"><\/i><\/div><\/div><div class=\"mpc-icon-column__content-wrap\"><div class=\"mpc-icon-column__content\"><h3 class=\"mpc-icon-column__heading mpc-transition\">PREU<\/h3><div class=\"mpc-icon-column__description mpc-transition\"><p>Preu Soci:<br \/>\nPreu No Soci:<\/p>\n<p>El preu per a Socis \u00e9s tamb\u00e9 aplicable a persones desocupades i estudiants.<\/p>\n<\/div><\/div><\/div><\/div><div data-id=\"mpc_icon_column-7569ea735a1b640\" class=\"mpc-icon-column mpc-init mpc-parent-hover mpc-transition mpc-icon-column--style_3 mpc-align--left \" ><div data-id=\"mpc_icon-1769ea735a1b668\" class=\"mpc-icon mpc-init mpc-transition mpc-effect-none mpc-icon-hover \"><div class=\"mpc-icon-wrap\"><i class=\"mpc-icon-part mpc-regular mpc-transition  fa fa-chrome\"><\/i><i class=\"mpc-icon-part mpc-hover mpc-transition  fa fa-chrome\"><\/i><\/div><\/div><div class=\"mpc-icon-column__content-wrap\"><div class=\"mpc-icon-column__content\"><h3 class=\"mpc-icon-column__heading mpc-transition\">\u00c1rea<\/h3><div class=\"mpc-icon-column__description mpc-transition\"><p>Maquin\u00e0ria i oficis<\/p>\n<\/div><\/div><\/div><\/div><div data-id=\"mpc_icon_column-6769ea735a1b726\" class=\"mpc-icon-column mpc-init mpc-parent-hover mpc-transition mpc-icon-column--style_3 mpc-align--left \" ><div data-id=\"mpc_icon-9869ea735a1b749\" class=\"mpc-icon mpc-init mpc-transition mpc-effect-none mpc-icon-hover \"><div class=\"mpc-icon-wrap\"><i class=\"mpc-icon-part mpc-regular mpc-transition  mi mi-access_alarm\"><\/i><i class=\"mpc-icon-part mpc-hover mpc-transition  mi mi-access_alarm\"><\/i><\/div><\/div><div class=\"mpc-icon-column__content-wrap\"><div class=\"mpc-icon-column__content\"><h3 class=\"mpc-icon-column__heading mpc-transition\">DURACI\u00d3<\/h3><div class=\"mpc-icon-column__description mpc-transition\"><p>Aquest curs t\u00e9 una durada de <strong>6 hores<\/strong><\/p>\n<\/div><\/div><\/div><\/div><div data-id=\"mpc_icon_column-669ea735a1b802\" class=\"mpc-icon-column mpc-init mpc-parent-hover mpc-transition mpc-icon-column--style_3 mpc-align--left \" ><div data-id=\"mpc_icon-3669ea735a1b824\" class=\"mpc-icon mpc-init mpc-transition mpc-effect-none mpc-icon-hover \"><div class=\"mpc-icon-wrap\"><i class=\"mpc-icon-part mpc-regular mpc-transition  mi mi-access_alarm\"><\/i><i class=\"mpc-icon-part mpc-hover mpc-transition  mi mi-access_alarm\"><\/i><\/div><\/div><div class=\"mpc-icon-column__content-wrap\"><div class=\"mpc-icon-column__content\"><h3 class=\"mpc-icon-column__heading mpc-transition\">DATA<\/h3><div class=\"mpc-icon-column__description mpc-transition\"><p><strong>Pr\u00f2ximes convocat\u00f2ries<\/strong><\/p>\n<\/div><\/div><\/div><\/div><div data-id=\"mpc_icon_column-5469ea735a1b8f1\" class=\"mpc-icon-column mpc-init mpc-parent-hover mpc-transition mpc-icon-column--style_3 mpc-align--left \" ><div data-id=\"mpc_icon-5869ea735a1b916\" class=\"mpc-icon mpc-init mpc-transition mpc-effect-none mpc-icon-hover \"><div class=\"mpc-icon-wrap\"><i class=\"mpc-icon-part mpc-regular mpc-transition  fa fa-map-marker\"><\/i><i class=\"mpc-icon-part mpc-hover mpc-transition  fa fa-map-marker\"><\/i><\/div><\/div><div class=\"mpc-icon-column__content-wrap\"><div class=\"mpc-icon-column__content\"><h3 class=\"mpc-icon-column__heading mpc-transition\">Lloc<\/h3><div class=\"mpc-icon-column__description mpc-transition\"><p>Sant Joan Desp\u00ed<br \/>\n(Barcelona)<\/p>\n<\/div><\/div><\/div><\/div><\/div>[vc_separator type=\u00bbtransparent\u00bb thickness=\u00bb20&#8243;][vc_single_image image=\u00bb15841&#8243; img_size=\u00bbfull\u00bb qode_css_animation=\u00bb\u00bb][vc_separator type=\u00bbtransparent\u00bb thickness=\u00bb20&#8243;]<div id=\"mpc_connected_icons-4369ea735a1b98c\" class=\"mpc-connected-icons mpc-init mpc-transition \"  data-ci-cols=\"4\" data-target=\"icon\" data-layout=\"vertical\"><div class=\"mpc-connected-icons__line\"><span><\/span><\/div><div data-id=\"mpc_icon_column-7869ea735a1ba11\" class=\"mpc-icon-column mpc-init mpc-parent-hover mpc-transition mpc-icon-column--style_3 mpc-align--left \" ><div data-id=\"mpc_icon-6569ea735a1ba39\" class=\"mpc-icon mpc-init mpc-transition mpc-effect-none mpc-icon-hover \"><div class=\"mpc-icon-wrap\"><i class=\"mpc-icon-part mpc-regular mpc-transition  fa fa-group\"><\/i><i class=\"mpc-icon-part mpc-hover mpc-transition  fa fa-group\"><\/i><\/div><\/div><div class=\"mpc-icon-column__content-wrap\"><div class=\"mpc-icon-column__content\"><h3 class=\"mpc-icon-column__heading mpc-typography--mpc_preset_20 mpc-transition\">Modalitat<\/h3><div class=\"mpc-icon-column__description mpc-typography--mpc_preset_1 mpc-transition\"><p>Curs Presencial amb Formador.<\/p>\n<\/div><\/div><\/div><\/div><div data-id=\"mpc_icon_column-3169ea735a1bacf\" class=\"mpc-icon-column mpc-init mpc-parent-hover mpc-transition mpc-icon-column--style_3 mpc-align--left \" ><div data-id=\"mpc_icon-9669ea735a1baeb\" class=\"mpc-icon mpc-init mpc-transition mpc-effect-none mpc-icon-hover \"><div class=\"mpc-icon-wrap\"><i class=\"mpc-icon-part mpc-regular mpc-transition  fa fa-institution\"><\/i><i class=\"mpc-icon-part mpc-hover mpc-transition  fa fa-institution\"><\/i><\/div><\/div><div class=\"mpc-icon-column__content-wrap\"><div class=\"mpc-icon-column__content\"><h3 class=\"mpc-icon-column__heading mpc-transition\">DIPLOMA<\/h3><div class=\"mpc-icon-column__description mpc-transition\"><p>Al finalitzar el curs es lliurar\u00e0 un diploma acreditatiu d&#8217;aquesta formaci\u00f3.<\/p>\n<\/div><\/div><\/div><\/div><div data-id=\"mpc_icon_column-4969ea735a1bb6f\" class=\"mpc-icon-column mpc-init mpc-parent-hover mpc-transition mpc-icon-column--style_3 mpc-align--left \" ><div data-id=\"mpc_icon-6669ea735a1bb89\" class=\"mpc-icon mpc-init mpc-transition mpc-effect-none mpc-icon-hover \"><div class=\"mpc-icon-wrap\"><i class=\"mpc-icon-part mpc-regular mpc-transition  fa fa-mortar-board\"><\/i><i class=\"mpc-icon-part mpc-hover mpc-transition  fa fa-mortar-board\"><\/i><\/div><\/div><div class=\"mpc-icon-column__content-wrap\"><div class=\"mpc-icon-column__content\"><h3 class=\"mpc-icon-column__heading mpc-transition\">APPLUS ISO 9001<\/h3><div class=\"mpc-icon-column__description mpc-transition\"><p>Estem certificats\u00a0en Qualitat, segons la norma UNE-ISO 9001, per l&#8217;entitat Applus, amb la voluntat d&#8217;oferir un servei de m\u00e0xima qualitat formativa.<\/p>\n<\/div><\/div><\/div><\/div><\/div>[vc_separator type=\u00bbtransparent\u00bb thickness=\u00bb30&#8243;][vc_row_inner row_type=\u00bbrow\u00bb type=\u00bbfull_width\u00bb text_align=\u00bbcenter\u00bb background_color=\u00bb#5c8953&#8243; css_animation=\u00bb\u00bb css=\u00bb.vc_custom_1473763518291{padding-top: 30px !important;padding-bottom: 30px !important;}\u00bb][vc_column_inner][vc_column_text]<\/p>\n<h4 style=\"text-align: center;\"><span style=\"color: #ffffff;\"><strong>Alguna consulta?<\/strong><\/span><\/h4>\n<p style=\"text-align: center;\"><strong><span style=\"color: #ffffff;\">Si tens alg\u00fan dubte o consulta relacionada amb aquest curs no dubtis em posar-te en contacte amb nosaltres!<\/span><\/strong><\/p>\n<p>[\/vc_column_text][vc_separator type=\u00bbtransparent\u00bb thickness=\u00bb20&#8243;]<a  itemprop=\"url\" href=\"https:\/\/www.gremi-obres.org\/formacio\/informacio-cursos-gremi-obres\/\" target=\"_blank\" data-hover-background-color=\"#bfbfbf\" data-hover-border-color=\"#bfbfbf\" data-hover-color=\"#333333\" class=\"qbutton  medium center default\" style=\"color: #f3f3f3; border-color: #df5461; font-weight: 700; border-radius: 0px;-moz-border-radius: 0px;-webkit-border-radius: 0px; background-color:#df5461;\">SOL.LICITA INFORMACI\u00d3<\/a>[\/vc_column_inner][\/vc_row_inner][vc_separator type=\u00bbtransparent\u00bb thickness=\u00bb20&#8243;][\/vc_column][vc_column width=\u00bb1\/3&#8243;][vc_row_inner row_type=\u00bbrow\u00bb type=\u00bbfull_width\u00bb text_align=\u00bbleft\u00bb css_animation=\u00bb\u00bb css=\u00bb.vc_custom_1634399757317{margin-right: 30px !important;margin-left: 30px !important;border-top-width: 3px !important;border-right-width: 3px !important;border-bottom-width: 3px !important;border-left-width: 3px !important;padding-right: 15px !important;padding-left: 15px !important;background: #f2b705 url(https:\/\/www.gremi-obres.org\/formacio\/wp-content\/uploads\/2021\/07\/blanco.png?id=11288) !important;border-left-color: #f2b705 !important;border-left-style: solid !important;border-right-color: #f2b705 !important;border-right-style: solid !important;border-top-color: #f2b705 !important;border-top-style: solid !important;border-bottom-color: #f2b705 !important;border-bottom-style: solid !important;}\u00bb][vc_column_inner enable_sticky=\u00bbtrue\u00bb sticky_offset=\u00bb100&#8243;][vc_separator type=\u00bbtransparent\u00bb thickness=\u00bb10&#8243;][vc_column_text]<\/p>\n<h4 style=\"text-align: center;\">Places disponibles.<br \/>\nInscripci\u00f3<\/h4>\n<p style=\"text-align: center;\"><iframe loading=\"lazy\" src=\"https:\/\/docs.google.com\/forms\/d\/e\/1FAIpQLSegFjah8kT6BiTaYOsVPCj-TKiBiScK3RGGqLk5ieVL_8aS_w\/viewform?embedded=true\" width=\"100%\" height=\"1240\" frameborder=\"0\" marginwidth=\"0\" marginheight=\"0\">S&#8217;est\u00e0 carregant\u2026<\/iframe><\/p>\n<p>[\/vc_column_text][vc_separator type=\u00bbtransparent\u00bb thickness=\u00bb1&#8243; up=\u00bb1&#8243; down=\u00bb15&#8243;][vc_column_text]<\/p>\n<h6 style=\"text-align: left;\"><span style=\"font-weight: 400;\">Les dades obligat\u00f2ries s\u00f3n imprescindibles per a tramitar la sol\u00b7licitud. La resta de dades es sol\u00b7liciten per oferir un millor servei i comunicaci\u00f3. El sol\u00b7licitant autoritza la incorporaci\u00f3 de totes les dades esmentades a un arxiu titularitat del Gremi de Constructors d\u2019Obres de Barcelona i Comarques, amb domicili a Barcelona, Gran Via de les Corts Catalanes, n\u00fam. 663, que t\u00e9 com a finalitat tramitar la sol\u00b7licitud. Aix\u00ed mateix, autoritza que se li envi\u00ef informaci\u00f3 i ofertes comercials per correu electr\u00f2nic o algun altre mitj\u00e0 de comunicaci\u00f3 electr\u00f2nica equivalent. El sol\u00b7licitant disposa dels drets d\u2019acc\u00e9s, rectificaci\u00f3 i cancel\u00b7laci\u00f3 d\u2019aquestes dades, aix\u00ed com a oposar-se al seu tractament mitjan\u00e7ant escrit a l&#8217;adre\u00e7a anteriorment indicada amb la refer\u00e8ncia Protecci\u00f3 de Dades.<\/span><\/h6>\n<p>[\/vc_column_text][vc_separator type=\u00bbtransparent\u00bb thickness=\u00bb20&#8243;][\/vc_column_inner][\/vc_row_inner][vc_separator type=\u00bbtransparent\u00bb thickness=\u00bb25&#8243;][\/vc_column][\/vc_row][vc_row row_type=\u00bbrow\u00bb use_row_as_full_screen_section=\u00bbno\u00bb type=\u00bbfull_width\u00bb angled_section=\u00bbno\u00bb text_align=\u00bbleft\u00bb background_image_as_pattern=\u00bbwithout_pattern\u00bb css_animation=\u00bb\u00bb][vc_column][vc_separator type=\u00bbtransparent\u00bb thickness=\u00bb55&#8243;][\/vc_column][\/vc_row]<\/p>\n<\/div>","protected":false},"excerpt":{"rendered":"<p>[vc_row row_type=\u00bbrow\u00bb use_row_as_full_screen_section=\u00bbno\u00bb type=\u00bbgrid\u00bb angled_section=\u00bbno\u00bb text_align=\u00bbleft\u00bb background_image_as_pattern=\u00bbwithout_pattern\u00bb padding_top=\u00bb60&#8243; css_animation=\u00bb\u00bb][vc_column width=\u00bb1\/3&#8243;][vc_column_text] Objectiu General: [\/vc_column_text][vc_separator type=\u00bbsmall\u00bb position=\u00bbleft\u00bb color=\u00bb#f29760&#8243; thickness=\u00bb1&#8243; width=\u00bb86&#8243;][vc_column_text] Aquest curs pret\u00e9n que els alumnes coneguin la manera com funciona un programa de bloqueig i etiquetatge (LOTO), aix\u00ed com els punts b\u00e0sics que ha de contenir.<\/p>\n","protected":false},"author":1,"featured_media":0,"parent":0,"menu_order":0,"comment_status":"closed","ping_status":"closed","template":"","meta":{"footnotes":""},"class_list":["post-16508","page","type-page","status-publish","hentry"],"yoast_head":"<!-- This site is optimized with the Yoast SEO plugin v25.3 - https:\/\/yoast.com\/wordpress\/plugins\/seo\/ -->\n<title>- Gremi de Constructors d&#039;Obres<\/title>\n<meta name=\"robots\" content=\"index, follow, max-snippet:-1, max-image-preview:large, max-video-preview:-1\" \/>\n<link rel=\"canonical\" href=\"https:\/\/www.gremi-obres.org\/formacio\/es\/16508-2\/\" \/>\n<meta property=\"og:locale\" content=\"es_ES\" \/>\n<meta property=\"og:type\" content=\"article\" \/>\n<meta property=\"og:title\" content=\"- Gremi de Constructors d&#039;Obres\" \/>\n<meta property=\"og:description\" content=\"[vc_row row_type=\u00bbrow\u00bb use_row_as_full_screen_section=\u00bbno\u00bb type=\u00bbgrid\u00bb angled_section=\u00bbno\u00bb text_align=\u00bbleft\u00bb background_image_as_pattern=\u00bbwithout_pattern\u00bb padding_top=\u00bb60&#8243; css_animation=\u00bb\u00bb][vc_column width=\u00bb1\/3&#8243;][vc_column_text] Objectiu General: [\/vc_column_text][vc_separator type=\u00bbsmall\u00bb position=\u00bbleft\u00bb color=\u00bb#f29760&#8243; thickness=\u00bb1&#8243; width=\u00bb86&#8243;][vc_column_text] Aquest curs pret\u00e9n que els alumnes coneguin la manera com funciona un programa de bloqueig i etiquetatge (LOTO), aix\u00ed com els punts b\u00e0sics que ha de contenir.\" \/>\n<meta property=\"og:url\" content=\"https:\/\/www.gremi-obres.org\/formacio\/es\/16508-2\/\" \/>\n<meta property=\"og:site_name\" content=\"Gremi de Constructors d&#039;Obres\" \/>\n<meta property=\"og:image\" content=\"https:\/\/www.gremi-obres.org\/formacio\/wp-content\/uploads\/2021\/10\/fundae-300x47.png\" \/>\n<meta name=\"twitter:card\" content=\"summary_large_image\" \/>\n<meta name=\"twitter:label1\" content=\"Tiempo de lectura\" \/>\n\t<meta name=\"twitter:data1\" content=\"13 minutos\" \/>\n<script type=\"application\/ld+json\" class=\"yoast-schema-graph\">{\"@context\":\"https:\/\/schema.org\",\"@graph\":[{\"@type\":\"WebPage\",\"@id\":\"https:\/\/www.gremi-obres.org\/formacio\/es\/16508-2\/\",\"url\":\"https:\/\/www.gremi-obres.org\/formacio\/es\/16508-2\/\",\"name\":\"- Gremi de Constructors d&#039;Obres\",\"isPartOf\":{\"@id\":\"https:\/\/www.gremi-obres.org\/formacio\/#website\"},\"primaryImageOfPage\":{\"@id\":\"https:\/\/www.gremi-obres.org\/formacio\/es\/16508-2\/#primaryimage\"},\"image\":{\"@id\":\"https:\/\/www.gremi-obres.org\/formacio\/es\/16508-2\/#primaryimage\"},\"thumbnailUrl\":\"https:\/\/www.gremi-obres.org\/formacio\/wp-content\/uploads\/2021\/10\/fundae-300x47.png\",\"datePublished\":\"2022-02-09T17:20:16+00:00\",\"inLanguage\":\"es\",\"potentialAction\":[{\"@type\":\"ReadAction\",\"target\":[\"https:\/\/www.gremi-obres.org\/formacio\/es\/16508-2\/\"]}]},{\"@type\":\"ImageObject\",\"inLanguage\":\"es\",\"@id\":\"https:\/\/www.gremi-obres.org\/formacio\/es\/16508-2\/#primaryimage\",\"url\":\"https:\/\/www.gremi-obres.org\/formacio\/wp-content\/uploads\/2021\/10\/fundae-300x47.png\",\"contentUrl\":\"https:\/\/www.gremi-obres.org\/formacio\/wp-content\/uploads\/2021\/10\/fundae-300x47.png\"},{\"@type\":\"WebSite\",\"@id\":\"https:\/\/www.gremi-obres.org\/formacio\/#website\",\"url\":\"https:\/\/www.gremi-obres.org\/formacio\/\",\"name\":\"Gremi de Constructors d&#039;Obres\",\"description\":\"Formaci\u00f3 del Gremi de Constructors d&#039;Obres.\",\"potentialAction\":[{\"@type\":\"SearchAction\",\"target\":{\"@type\":\"EntryPoint\",\"urlTemplate\":\"https:\/\/www.gremi-obres.org\/formacio\/?s={search_term_string}\"},\"query-input\":{\"@type\":\"PropertyValueSpecification\",\"valueRequired\":true,\"valueName\":\"search_term_string\"}}],\"inLanguage\":\"es\"}]}<\/script>\n<!-- \/ Yoast SEO plugin. -->","yoast_head_json":{"title":"- Gremi de Constructors d&#039;Obres","robots":{"index":"index","follow":"follow","max-snippet":"max-snippet:-1","max-image-preview":"max-image-preview:large","max-video-preview":"max-video-preview:-1"},"canonical":"https:\/\/www.gremi-obres.org\/formacio\/es\/16508-2\/","og_locale":"es_ES","og_type":"article","og_title":"- Gremi de Constructors d&#039;Obres","og_description":"[vc_row row_type=\u00bbrow\u00bb use_row_as_full_screen_section=\u00bbno\u00bb type=\u00bbgrid\u00bb angled_section=\u00bbno\u00bb text_align=\u00bbleft\u00bb background_image_as_pattern=\u00bbwithout_pattern\u00bb padding_top=\u00bb60&#8243; css_animation=\u00bb\u00bb][vc_column width=\u00bb1\/3&#8243;][vc_column_text] Objectiu General: [\/vc_column_text][vc_separator type=\u00bbsmall\u00bb position=\u00bbleft\u00bb color=\u00bb#f29760&#8243; thickness=\u00bb1&#8243; width=\u00bb86&#8243;][vc_column_text] Aquest curs pret\u00e9n que els alumnes coneguin la manera com funciona un programa de bloqueig i etiquetatge (LOTO), aix\u00ed com els punts b\u00e0sics que ha de contenir.","og_url":"https:\/\/www.gremi-obres.org\/formacio\/es\/16508-2\/","og_site_name":"Gremi de Constructors d&#039;Obres","og_image":[{"url":"https:\/\/www.gremi-obres.org\/formacio\/wp-content\/uploads\/2021\/10\/fundae-300x47.png","type":"","width":"","height":""}],"twitter_card":"summary_large_image","twitter_misc":{"Tiempo de lectura":"13 minutos"},"schema":{"@context":"https:\/\/schema.org","@graph":[{"@type":"WebPage","@id":"https:\/\/www.gremi-obres.org\/formacio\/es\/16508-2\/","url":"https:\/\/www.gremi-obres.org\/formacio\/es\/16508-2\/","name":"- Gremi de Constructors d&#039;Obres","isPartOf":{"@id":"https:\/\/www.gremi-obres.org\/formacio\/#website"},"primaryImageOfPage":{"@id":"https:\/\/www.gremi-obres.org\/formacio\/es\/16508-2\/#primaryimage"},"image":{"@id":"https:\/\/www.gremi-obres.org\/formacio\/es\/16508-2\/#primaryimage"},"thumbnailUrl":"https:\/\/www.gremi-obres.org\/formacio\/wp-content\/uploads\/2021\/10\/fundae-300x47.png","datePublished":"2022-02-09T17:20:16+00:00","inLanguage":"es","potentialAction":[{"@type":"ReadAction","target":["https:\/\/www.gremi-obres.org\/formacio\/es\/16508-2\/"]}]},{"@type":"ImageObject","inLanguage":"es","@id":"https:\/\/www.gremi-obres.org\/formacio\/es\/16508-2\/#primaryimage","url":"https:\/\/www.gremi-obres.org\/formacio\/wp-content\/uploads\/2021\/10\/fundae-300x47.png","contentUrl":"https:\/\/www.gremi-obres.org\/formacio\/wp-content\/uploads\/2021\/10\/fundae-300x47.png"},{"@type":"WebSite","@id":"https:\/\/www.gremi-obres.org\/formacio\/#website","url":"https:\/\/www.gremi-obres.org\/formacio\/","name":"Gremi de Constructors d&#039;Obres","description":"Formaci\u00f3 del Gremi de Constructors d&#039;Obres.","potentialAction":[{"@type":"SearchAction","target":{"@type":"EntryPoint","urlTemplate":"https:\/\/www.gremi-obres.org\/formacio\/?s={search_term_string}"},"query-input":{"@type":"PropertyValueSpecification","valueRequired":true,"valueName":"search_term_string"}}],"inLanguage":"es"}]}},"_links":{"self":[{"href":"https:\/\/www.gremi-obres.org\/formacio\/es\/wp-json\/wp\/v2\/pages\/16508","targetHints":{"allow":["GET"]}}],"collection":[{"href":"https:\/\/www.gremi-obres.org\/formacio\/es\/wp-json\/wp\/v2\/pages"}],"about":[{"href":"https:\/\/www.gremi-obres.org\/formacio\/es\/wp-json\/wp\/v2\/types\/page"}],"author":[{"embeddable":true,"href":"https:\/\/www.gremi-obres.org\/formacio\/es\/wp-json\/wp\/v2\/users\/1"}],"replies":[{"embeddable":true,"href":"https:\/\/www.gremi-obres.org\/formacio\/es\/wp-json\/wp\/v2\/comments?post=16508"}],"version-history":[{"count":1,"href":"https:\/\/www.gremi-obres.org\/formacio\/es\/wp-json\/wp\/v2\/pages\/16508\/revisions"}],"predecessor-version":[{"id":16510,"href":"https:\/\/www.gremi-obres.org\/formacio\/es\/wp-json\/wp\/v2\/pages\/16508\/revisions\/16510"}],"wp:attachment":[{"href":"https:\/\/www.gremi-obres.org\/formacio\/es\/wp-json\/wp\/v2\/media?parent=16508"}],"curies":[{"name":"wp","href":"https:\/\/api.w.org\/{rel}","templated":true}]}}