{"id":1034,"date":"2016-10-13T08:44:01","date_gmt":"2016-10-13T08:44:01","guid":{"rendered":"https:\/\/www.gremi-obres.org\/formacio\/es\/?page_id=1034"},"modified":"2021-08-20T15:53:24","modified_gmt":"2021-08-20T15:53:24","slug":"contacto","status":"publish","type":"page","link":"https:\/\/www.gremi-obres.org\/formacio\/es\/contacto\/","title":{"rendered":"Contacto"},"content":{"rendered":"<div class=\"wpb-content-wrapper\"><p>[vc_row row_type=\u00bbrow\u00bb use_row_as_full_screen_section=\u00bbno\u00bb type=\u00bbgrid\u00bb angled_section=\u00bbno\u00bb text_align=\u00bbleft\u00bb background_image_as_pattern=\u00bbwithout_pattern\u00bb padding_top=\u00bb50&#8243; css_animation=\u00bb\u00bb][vc_column width=\u00bb1\/2&#8243; css=\u00bb.vc_custom_1473846794887{margin-right: 45px !important;padding-right: 45px !important;}\u00bb][vc_column_text]<\/p>\n<div id=\"text-4\" class=\"widget widget_text\">\n<h2><strong>CENTRO FORMATIVO<\/strong><\/h2>\n<p>[\/vc_column_text][vc_separator type=\u00bbtransparent\u00bb thickness=\u00bb5&#8243;][vc_column_text]<\/p>\n<h4>Gremi de Constructors d\u2019Obres de Barcelona i Comarques<\/h4>\n<\/div>\n<p>[\/vc_column_text][vc_separator type=\u00bbsmall\u00bb position=\u00bbleft\u00bb color=\u00bb#f29760&#8243; thickness=\u00bb1&#8243; width=\u00bb86&#8243;][vc_column_text]<\/p>\n<div id=\"text-4\" class=\"widget widget_text\">\n<p>Gran Via de les Corts Catalanes 663 (planta baja y sexta planta)<br \/>\n08010 Barcelona<\/p>\n<hr \/>\n<h5><span style=\"color: #6a7a8f;\"><a style=\"color: #6a7a8f;\" href=\"tel:+34932659430\"><img loading=\"lazy\" decoding=\"async\" class=\"alignnone wp-image-31889\" role=\"img\" src=\"https:\/\/www.gremi-obres.org\/wp-content\/uploads\/2021\/08\/telefono.svg\" alt=\"\" width=\"20\" height=\"20\" \/>\u00a0 \u00a0<\/a><a style=\"color: #6a7a8f;\" href=\"tel:+34932659430\">Tel. 932 659 430<\/a><\/span><\/h5>\n<hr \/>\n<h5><span style=\"color: #56657d;\"><a style=\"color: #56657d;\" href=\"formacio@gremi-obres.org\" target=\"_blank\" rel=\"noopener\"><img loading=\"lazy\" decoding=\"async\" class=\"alignnone wp-image-11702\" role=\"img\" src=\"https:\/\/www.gremi-obres.org\/formacio\/wp-content\/uploads\/2021\/08\/mensaje.svg\" alt=\"\" width=\"23\" height=\"23\" \/><\/a>\u00a0 \u00a0f<a style=\"color: #56657d;\" href=\"mailto:formacio@gremi-obres.org\">ormacio@gremi-obres.org<\/a><\/span><\/h5>\n<hr \/>\n<p>[\/vc_column_text][vc_separator type=\u00bbtransparent\u00bb thickness=\u00bb15&#8243;][vc_gmaps link=\u00bb#E-8_JTNDaWZyYW1lJTIwc3JjJTNEJTIyaHR0cHMlM0ElMkYlMkZ3d3cuZ29vZ2xlLmNvbSUyRm1hcHMlMkZlbWJlZCUzRnBiJTNEJTIxMW0xNCUyMTFtOCUyMTFtMyUyMTFkMTE5NzIuMzMxNzY0ODkxNDU4JTIxMmQyLjE3Mzg2MjklMjEzZDQxLjM5NDAwNTElMjEzbTIlMjExaTEwMjQlMjEyaTc2OCUyMTRmMTMuMSUyMTNtMyUyMTFtMiUyMTFzMHgwJTI1M0EweGFiMmU5MTE3MDliNmJjNiUyMTJzR3JlbWklMkJkZSUyQkNvbnN0cnVjdG9ycyUyQkQlMjYlMjMzOSUzQk9icmVzJTJCZGUlMkJCYXJjZWxvbmElMkJJJTJCQ29tYXJxdWVzJTIxNWUwJTIxM20yJTIxMXNlcyUyMTJzZXMlMjE0djE0NzI3MTkwMzA3NzklMjIlMjB3aWR0aCUzRCUyMjM1MCUyMiUyMGhlaWdodCUzRCUyMjM1MCUyMiUyMGZyYW1lYm9yZGVyJTNEJTIyMCUyMiUyMHN0eWxlJTNEJTIyYm9yZGVyJTNBMCUyMiUyMGFsbG93ZnVsbHNjcmVlbiUzRSUzQyUyRmlmcmFtZSUzRQ==\u00bb][vc_separator type=\u00bbtransparent\u00bb thickness=\u00bb7&#8243;][\/vc_column][vc_column width=\u00bb1\/2&#8243; css=\u00bb.vc_custom_1629474607089{padding-right: 4% !important;padding-left: 4% !important;background-image: url(https:\/\/www.gremi-obres.org\/formacio\/wp-content\/uploads\/2021\/07\/verde-formulari.png?id=11311) !important;}\u00bb][vc_column_text]<\/p>\n<div id=\"text-4\" class=\"widget widget_text\">\n<h5><strong>Env\u00edanos tu consulta:<\/strong><\/h5>\n<\/div>\n<p>[\/vc_column_text][vc_separator type=\u00bbtransparent\u00bb thickness=\u00bb7&#8243;]\n<div class=\"wpcf7 no-js\" id=\"wpcf7-f934-o1\" lang=\"ca\" dir=\"ltr\" data-wpcf7-id=\"934\">\n<div class=\"screen-reader-response\"><p role=\"status\" aria-live=\"polite\" aria-atomic=\"true\"><\/p> <ul><\/ul><\/div>\n<form action=\"\/formacio\/es\/wp-json\/wp\/v2\/pages\/1034#wpcf7-f934-o1\" method=\"post\" class=\"wpcf7-form init cf7_custom_style_2\" aria-label=\"Formulari de contacte\" novalidate=\"novalidate\" data-status=\"init\">\n<div style=\"display: none;\">\n<input type=\"hidden\" name=\"_wpcf7\" value=\"934\" \/>\n<input type=\"hidden\" name=\"_wpcf7_version\" value=\"6.0.6\" \/>\n<input type=\"hidden\" name=\"_wpcf7_locale\" value=\"ca\" \/>\n<input type=\"hidden\" name=\"_wpcf7_unit_tag\" value=\"wpcf7-f934-o1\" \/>\n<input type=\"hidden\" name=\"_wpcf7_container_post\" value=\"0\" \/>\n<input type=\"hidden\" name=\"_wpcf7_posted_data_hash\" value=\"\" \/>\n<input type=\"hidden\" name=\"_wpcf7_recaptcha_response\" value=\"\" \/>\n<\/div>\n<p><label>Nombre y Apellidos<br \/>\n<span class=\"wpcf7-form-control-wrap\" data-name=\"your-name\"><input size=\"40\" maxlength=\"400\" class=\"wpcf7-form-control wpcf7-text wpcf7-validates-as-required\" aria-required=\"true\" aria-invalid=\"false\" value=\"\" type=\"text\" name=\"your-name\" \/><\/span> <\/label>\n<\/p>\n<p><label> Email<br \/>\n<span class=\"wpcf7-form-control-wrap\" data-name=\"your-email\"><input size=\"40\" maxlength=\"400\" class=\"wpcf7-form-control wpcf7-email wpcf7-validates-as-required wpcf7-text wpcf7-validates-as-email\" aria-required=\"true\" aria-invalid=\"false\" value=\"\" type=\"email\" name=\"your-email\" \/><\/span> <\/label>\n<\/p>\n<p><label>Tel\u00e9fono (opcional)<br \/>\n<span class=\"wpcf7-form-control-wrap\" data-name=\"telef\"><input class=\"wpcf7-form-control wpcf7-number wpcf7-validates-as-number\" aria-invalid=\"false\" value=\"\" type=\"number\" name=\"telef\" \/><\/span><\/label>\n<\/p>\n<p><label> Consulta:<br \/>\n<span class=\"wpcf7-form-control-wrap\" data-name=\"your-message\"><textarea cols=\"40\" rows=\"10\" maxlength=\"2000\" class=\"wpcf7-form-control wpcf7-textarea\" aria-invalid=\"false\" name=\"your-message\"><\/textarea><\/span> <\/label>\n<\/p>\n<p><label> Si quieres preguntar sobre un curso en concreto, por favor indica c\u00faal es:<br \/>\n<span class=\"wpcf7-form-control-wrap\" data-name=\"your-curs\"><input size=\"40\" maxlength=\"400\" class=\"wpcf7-form-control wpcf7-text wpcf7-validates-as-required\" aria-required=\"true\" aria-invalid=\"false\" value=\"\" type=\"text\" name=\"your-curs\" \/><\/span> <\/label>\n<\/p>\n<p><span class=\"wpcf7-form-control-wrap\" data-name=\"acceptance-324\"><span class=\"wpcf7-form-control wpcf7-acceptance\"><span class=\"wpcf7-list-item\"><input type=\"checkbox\" name=\"acceptance-324\" value=\"1\" aria-invalid=\"false\" \/><\/span><\/span><\/span> He le\u00eddo y acepto la <a href=\"http:\/\/www.gremi-obres.org\/avis-legal-de-la-web\/\">Pol\u00edtica de Privacidad<\/a> (obligatori)\n<\/p>\n<h6>Los datos obligatorios son imprescindibles para tramitar la solicitud. El resto de datos se solicitan para ofrecer un mejor servicio y comunicaci\u00f3n. El solicitante autoriza la incorporaci\u00f3n de todos los datos mencionados en un archivo titularidad del Gremio de Constructores de Obras de Barcelona y Comarcas, con domicilio en Barcelona, Gran V\u00eda de las Cortes Catalanas, n\u00fam. 663, que tiene como finalidad tramitar la solicitud. Asimismo, autoriza que se le env\u00ede informaci\u00f3n y ofertas comerciales por correo electr\u00f3nico o alg\u00fan otro medio de comunicaci\u00f3n electr\u00f3nica equivalente. Conforme al Reglamento General de Protecci\u00f3n de Datos 2016\/679, el solicitante dispone de los derechos de acceso, rectificaci\u00f3n y cancelaci\u00f3n de estos datos, as\u00ed como oponerse a su tratamiento mediante escrito a la direcci\u00f3n anteriormente indicada con la referencia Protecci\u00f3n de Datos.\n<\/h6>\n<p><input class=\"wpcf7-form-control wpcf7-submit has-spinner\" type=\"submit\" value=\"Enviar\" \/>\n<\/p><div class=\"wpcf7-response-output\" aria-hidden=\"true\"><\/div>\n<\/form>\n<\/div>\n[vc_separator type=\u00bbtransparent\u00bb thickness=\u00bb20&#8243;][\/vc_column][\/vc_row][vc_row row_type=\u00bbrow\u00bb use_row_as_full_screen_section=\u00bbno\u00bb type=\u00bbfull_width\u00bb angled_section=\u00bbno\u00bb text_align=\u00bbleft\u00bb background_image_as_pattern=\u00bbwithout_pattern\u00bb css_animation=\u00bb\u00bb][vc_column][vc_separator type=\u00bbtransparent\u00bb thickness=\u00bb55&#8243;][\/vc_column][\/vc_row]<\/p>\n<\/div>\n<\/div>","protected":false},"excerpt":{"rendered":"<p>[vc_row row_type=\u00bbrow\u00bb use_row_as_full_screen_section=\u00bbno\u00bb type=\u00bbgrid\u00bb angled_section=\u00bbno\u00bb text_align=\u00bbleft\u00bb background_image_as_pattern=\u00bbwithout_pattern\u00bb padding_top=\u00bb50&#8243; css_animation=\u00bb\u00bb][vc_column width=\u00bb1\/2&#8243; css=\u00bb.vc_custom_1473846794887{margin-right: 45px !important;padding-right: 45px !important;}\u00bb][vc_column_text] CENTRO FORMATIVO [\/vc_column_text][vc_separator type=\u00bbtransparent\u00bb thickness=\u00bb5&#8243;][vc_column_text] Gremi de Constructors d\u2019Obres de Barcelona i Comarques [\/vc_column_text][vc_separator type=\u00bbsmall\u00bb position=\u00bbleft\u00bb color=\u00bb#f29760&#8243; thickness=\u00bb1&#8243; width=\u00bb86&#8243;][vc_column_text] Gran Via de les Corts Catalanes 663 (planta baja y sexta<\/p>\n","protected":false},"author":1,"featured_media":0,"parent":0,"menu_order":3,"comment_status":"closed","ping_status":"closed","template":"","meta":{"footnotes":""},"class_list":["post-1034","page","type-page","status-publish","hentry"],"yoast_head":"<!-- This site is optimized with the Yoast SEO plugin v25.3 - https:\/\/yoast.com\/wordpress\/plugins\/seo\/ -->\n<title>Contacto - Gremi de Constructors d&#039;Obres<\/title>\n<meta name=\"robots\" content=\"index, follow, max-snippet:-1, max-image-preview:large, max-video-preview:-1\" \/>\n<link rel=\"canonical\" href=\"https:\/\/www.gremi-obres.org\/formacio\/es\/contacto\/\" \/>\n<meta property=\"og:locale\" content=\"es_ES\" \/>\n<meta property=\"og:type\" content=\"article\" \/>\n<meta property=\"og:title\" content=\"Contacto - Gremi de Constructors d&#039;Obres\" \/>\n<meta property=\"og:description\" content=\"[vc_row row_type=\u00bbrow\u00bb use_row_as_full_screen_section=\u00bbno\u00bb type=\u00bbgrid\u00bb angled_section=\u00bbno\u00bb text_align=\u00bbleft\u00bb background_image_as_pattern=\u00bbwithout_pattern\u00bb padding_top=\u00bb50&#8243; css_animation=\u00bb\u00bb][vc_column width=\u00bb1\/2&#8243; css=\u00bb.vc_custom_1473846794887{margin-right: 45px !important;padding-right: 45px !important;}\u00bb][vc_column_text] CENTRO FORMATIVO [\/vc_column_text][vc_separator type=\u00bbtransparent\u00bb thickness=\u00bb5&#8243;][vc_column_text] Gremi de Constructors d\u2019Obres de Barcelona i Comarques [\/vc_column_text][vc_separator type=\u00bbsmall\u00bb position=\u00bbleft\u00bb color=\u00bb#f29760&#8243; thickness=\u00bb1&#8243; width=\u00bb86&#8243;][vc_column_text] Gran Via de les Corts Catalanes 663 (planta baja y sexta\" \/>\n<meta property=\"og:url\" content=\"https:\/\/www.gremi-obres.org\/formacio\/es\/contacto\/\" \/>\n<meta property=\"og:site_name\" content=\"Gremi de Constructors d&#039;Obres\" \/>\n<meta property=\"article:modified_time\" content=\"2021-08-20T15:53:24+00:00\" \/>\n<meta property=\"og:image\" content=\"https:\/\/www.gremi-obres.org\/wp-content\/uploads\/2021\/08\/telefono.svg\" \/>\n<meta name=\"twitter:card\" content=\"summary_large_image\" \/>\n<meta name=\"twitter:label1\" content=\"Tiempo de lectura\" \/>\n\t<meta name=\"twitter:data1\" content=\"1 minuto\" \/>\n<script type=\"application\/ld+json\" class=\"yoast-schema-graph\">{\"@context\":\"https:\/\/schema.org\",\"@graph\":[{\"@type\":\"WebPage\",\"@id\":\"https:\/\/www.gremi-obres.org\/formacio\/es\/contacto\/\",\"url\":\"https:\/\/www.gremi-obres.org\/formacio\/es\/contacto\/\",\"name\":\"Contacto - Gremi de Constructors d&#039;Obres\",\"isPartOf\":{\"@id\":\"https:\/\/www.gremi-obres.org\/formacio\/#website\"},\"primaryImageOfPage\":{\"@id\":\"https:\/\/www.gremi-obres.org\/formacio\/es\/contacto\/#primaryimage\"},\"image\":{\"@id\":\"https:\/\/www.gremi-obres.org\/formacio\/es\/contacto\/#primaryimage\"},\"thumbnailUrl\":\"https:\/\/www.gremi-obres.org\/wp-content\/uploads\/2021\/08\/telefono.svg\",\"datePublished\":\"2016-10-13T08:44:01+00:00\",\"dateModified\":\"2021-08-20T15:53:24+00:00\",\"breadcrumb\":{\"@id\":\"https:\/\/www.gremi-obres.org\/formacio\/es\/contacto\/#breadcrumb\"},\"inLanguage\":\"es\",\"potentialAction\":[{\"@type\":\"ReadAction\",\"target\":[\"https:\/\/www.gremi-obres.org\/formacio\/es\/contacto\/\"]}]},{\"@type\":\"ImageObject\",\"inLanguage\":\"es\",\"@id\":\"https:\/\/www.gremi-obres.org\/formacio\/es\/contacto\/#primaryimage\",\"url\":\"https:\/\/www.gremi-obres.org\/wp-content\/uploads\/2021\/08\/telefono.svg\",\"contentUrl\":\"https:\/\/www.gremi-obres.org\/wp-content\/uploads\/2021\/08\/telefono.svg\"},{\"@type\":\"BreadcrumbList\",\"@id\":\"https:\/\/www.gremi-obres.org\/formacio\/es\/contacto\/#breadcrumb\",\"itemListElement\":[{\"@type\":\"ListItem\",\"position\":1,\"name\":\"Inici\",\"item\":\"https:\/\/www.gremi-obres.org\/formacio\/es\/\"},{\"@type\":\"ListItem\",\"position\":2,\"name\":\"Contacto\"}]},{\"@type\":\"WebSite\",\"@id\":\"https:\/\/www.gremi-obres.org\/formacio\/#website\",\"url\":\"https:\/\/www.gremi-obres.org\/formacio\/\",\"name\":\"Gremi de Constructors d&#039;Obres\",\"description\":\"Formaci\u00f3 del Gremi de Constructors d&#039;Obres.\",\"potentialAction\":[{\"@type\":\"SearchAction\",\"target\":{\"@type\":\"EntryPoint\",\"urlTemplate\":\"https:\/\/www.gremi-obres.org\/formacio\/?s={search_term_string}\"},\"query-input\":{\"@type\":\"PropertyValueSpecification\",\"valueRequired\":true,\"valueName\":\"search_term_string\"}}],\"inLanguage\":\"es\"}]}<\/script>\n<!-- \/ Yoast SEO plugin. -->","yoast_head_json":{"title":"Contacto - Gremi de Constructors d&#039;Obres","robots":{"index":"index","follow":"follow","max-snippet":"max-snippet:-1","max-image-preview":"max-image-preview:large","max-video-preview":"max-video-preview:-1"},"canonical":"https:\/\/www.gremi-obres.org\/formacio\/es\/contacto\/","og_locale":"es_ES","og_type":"article","og_title":"Contacto - Gremi de Constructors d&#039;Obres","og_description":"[vc_row row_type=\u00bbrow\u00bb use_row_as_full_screen_section=\u00bbno\u00bb type=\u00bbgrid\u00bb angled_section=\u00bbno\u00bb text_align=\u00bbleft\u00bb background_image_as_pattern=\u00bbwithout_pattern\u00bb padding_top=\u00bb50&#8243; css_animation=\u00bb\u00bb][vc_column width=\u00bb1\/2&#8243; css=\u00bb.vc_custom_1473846794887{margin-right: 45px !important;padding-right: 45px !important;}\u00bb][vc_column_text] CENTRO FORMATIVO [\/vc_column_text][vc_separator type=\u00bbtransparent\u00bb thickness=\u00bb5&#8243;][vc_column_text] Gremi de Constructors d\u2019Obres de Barcelona i Comarques [\/vc_column_text][vc_separator type=\u00bbsmall\u00bb position=\u00bbleft\u00bb color=\u00bb#f29760&#8243; thickness=\u00bb1&#8243; width=\u00bb86&#8243;][vc_column_text] Gran Via de les Corts Catalanes 663 (planta baja y sexta","og_url":"https:\/\/www.gremi-obres.org\/formacio\/es\/contacto\/","og_site_name":"Gremi de Constructors d&#039;Obres","article_modified_time":"2021-08-20T15:53:24+00:00","og_image":[{"url":"https:\/\/www.gremi-obres.org\/wp-content\/uploads\/2021\/08\/telefono.svg","type":"","width":"","height":""}],"twitter_card":"summary_large_image","twitter_misc":{"Tiempo de lectura":"1 minuto"},"schema":{"@context":"https:\/\/schema.org","@graph":[{"@type":"WebPage","@id":"https:\/\/www.gremi-obres.org\/formacio\/es\/contacto\/","url":"https:\/\/www.gremi-obres.org\/formacio\/es\/contacto\/","name":"Contacto - Gremi de Constructors d&#039;Obres","isPartOf":{"@id":"https:\/\/www.gremi-obres.org\/formacio\/#website"},"primaryImageOfPage":{"@id":"https:\/\/www.gremi-obres.org\/formacio\/es\/contacto\/#primaryimage"},"image":{"@id":"https:\/\/www.gremi-obres.org\/formacio\/es\/contacto\/#primaryimage"},"thumbnailUrl":"https:\/\/www.gremi-obres.org\/wp-content\/uploads\/2021\/08\/telefono.svg","datePublished":"2016-10-13T08:44:01+00:00","dateModified":"2021-08-20T15:53:24+00:00","breadcrumb":{"@id":"https:\/\/www.gremi-obres.org\/formacio\/es\/contacto\/#breadcrumb"},"inLanguage":"es","potentialAction":[{"@type":"ReadAction","target":["https:\/\/www.gremi-obres.org\/formacio\/es\/contacto\/"]}]},{"@type":"ImageObject","inLanguage":"es","@id":"https:\/\/www.gremi-obres.org\/formacio\/es\/contacto\/#primaryimage","url":"https:\/\/www.gremi-obres.org\/wp-content\/uploads\/2021\/08\/telefono.svg","contentUrl":"https:\/\/www.gremi-obres.org\/wp-content\/uploads\/2021\/08\/telefono.svg"},{"@type":"BreadcrumbList","@id":"https:\/\/www.gremi-obres.org\/formacio\/es\/contacto\/#breadcrumb","itemListElement":[{"@type":"ListItem","position":1,"name":"Inici","item":"https:\/\/www.gremi-obres.org\/formacio\/es\/"},{"@type":"ListItem","position":2,"name":"Contacto"}]},{"@type":"WebSite","@id":"https:\/\/www.gremi-obres.org\/formacio\/#website","url":"https:\/\/www.gremi-obres.org\/formacio\/","name":"Gremi de Constructors d&#039;Obres","description":"Formaci\u00f3 del Gremi de Constructors d&#039;Obres.","potentialAction":[{"@type":"SearchAction","target":{"@type":"EntryPoint","urlTemplate":"https:\/\/www.gremi-obres.org\/formacio\/?s={search_term_string}"},"query-input":{"@type":"PropertyValueSpecification","valueRequired":true,"valueName":"search_term_string"}}],"inLanguage":"es"}]}},"_links":{"self":[{"href":"https:\/\/www.gremi-obres.org\/formacio\/es\/wp-json\/wp\/v2\/pages\/1034","targetHints":{"allow":["GET"]}}],"collection":[{"href":"https:\/\/www.gremi-obres.org\/formacio\/es\/wp-json\/wp\/v2\/pages"}],"about":[{"href":"https:\/\/www.gremi-obres.org\/formacio\/es\/wp-json\/wp\/v2\/types\/page"}],"author":[{"embeddable":true,"href":"https:\/\/www.gremi-obres.org\/formacio\/es\/wp-json\/wp\/v2\/users\/1"}],"replies":[{"embeddable":true,"href":"https:\/\/www.gremi-obres.org\/formacio\/es\/wp-json\/wp\/v2\/comments?post=1034"}],"version-history":[{"count":7,"href":"https:\/\/www.gremi-obres.org\/formacio\/es\/wp-json\/wp\/v2\/pages\/1034\/revisions"}],"predecessor-version":[{"id":11713,"href":"https:\/\/www.gremi-obres.org\/formacio\/es\/wp-json\/wp\/v2\/pages\/1034\/revisions\/11713"}],"wp:attachment":[{"href":"https:\/\/www.gremi-obres.org\/formacio\/es\/wp-json\/wp\/v2\/media?parent=1034"}],"curies":[{"name":"wp","href":"https:\/\/api.w.org\/{rel}","templated":true}]}}