{"id":29565,"date":"2021-07-16T02:58:59","date_gmt":"2021-07-15T18:58:59","guid":{"rendered":"https:\/\/gremi-obres.org\/?page_id=29565"},"modified":"2021-07-16T03:16:45","modified_gmt":"2021-07-15T19:16:45","slug":"area-de-cliente","status":"publish","type":"page","link":"https:\/\/www.gremi-obres.org\/es\/mi-cuenta\/area-de-cliente\/","title":{"rendered":"\u00c1rea de cliente"},"content":{"rendered":"<p><img loading=\"lazy\" decoding=\"async\" class=\"alignnone size-medium wp-image-28469\" role=\"img\" src=\"https:\/\/gremi-obres.org\/wp-content\/uploads\/2021\/06\/svg-gremi-logo-1.svg\" alt=\"\" width=\"300\" height=\"300\" \/><\/p>\n<p>Bienvenido\/a a tu \u00e1rea personal como suscriptor PREMIUM del Gremi de Constructors d&#8217;Obres de Barcelona i Comarques.<\/p>\n<p>En este espacio podr\u00e1s descubrir un abanico de contenido especializado y actualizado del sector de la Construcci\u00f3n.<\/p>\n","protected":false},"excerpt":{"rendered":"<p>Bienvenido\/a a tu \u00e1rea personal como suscriptor PREMIUM del Gremi de Constructors d&#8217;Obres de Barcelona i Comarques. En este espacio podr\u00e1s descubrir un abanico de contenido especializado y actualizado del sector de la Construcci\u00f3n.<\/p>\n","protected":false},"author":1,"featured_media":0,"parent":29918,"menu_order":1,"comment_status":"closed","ping_status":"closed","template":"","meta":{"_acf_changed":false,"footnotes":""},"class_list":["post-29565","page","type-page","status-publish","hentry"],"acf":[],"yoast_head":"<!-- This site is optimized with the Yoast SEO plugin v26.6 - https:\/\/yoast.com\/wordpress\/plugins\/seo\/ -->\n<title>\u00c1rea de cliente - Gremi de Constructors d&#039;Obres de Barcelona i Comarques<\/title>\n<meta name=\"robots\" content=\"index, follow, max-snippet:-1, max-image-preview:large, max-video-preview:-1\" \/>\n<link rel=\"canonical\" href=\"https:\/\/www.gremi-obres.org\/meu-compte\/customer-area\/\" \/>\n<meta property=\"og:locale\" content=\"es_ES\" \/>\n<meta property=\"og:type\" content=\"article\" \/>\n<meta property=\"og:title\" content=\"\u00c1rea de cliente - Gremi de Constructors d&#039;Obres de Barcelona i Comarques\" \/>\n<meta property=\"og:description\" content=\"Bienvenido\/a a tu \u00e1rea personal como suscriptor PREMIUM del Gremi de Constructors d&#8217;Obres de Barcelona i Comarques. En este espacio podr\u00e1s descubrir un abanico de contenido especializado y actualizado del sector de la Construcci\u00f3n.\" \/>\n<meta property=\"og:url\" content=\"https:\/\/www.gremi-obres.org\/meu-compte\/customer-area\/\" \/>\n<meta property=\"og:site_name\" content=\"Gremi de Constructors d&#039;Obres de Barcelona i Comarques\" \/>\n<meta property=\"article:modified_time\" content=\"2021-07-15T19:16:45+00:00\" \/>\n<meta property=\"og:image\" content=\"https:\/\/gremi-obres.org\/wp-content\/uploads\/2021\/06\/svg-gremi-logo-1.svg\" \/>\n<meta name=\"twitter:card\" content=\"summary_large_image\" \/>\n<meta name=\"twitter:label1\" content=\"Tiempo de lectura\" \/>\n\t<meta name=\"twitter:data1\" content=\"1 minuto\" \/>\n<script type=\"application\/ld+json\" class=\"yoast-schema-graph\">{\"@context\":\"https:\/\/schema.org\",\"@graph\":[{\"@type\":\"WebPage\",\"@id\":\"https:\/\/www.gremi-obres.org\/meu-compte\/customer-area\/\",\"url\":\"https:\/\/www.gremi-obres.org\/meu-compte\/customer-area\/\",\"name\":\"\u00c1rea de cliente - Gremi de Constructors d&#039;Obres de Barcelona i Comarques\",\"isPartOf\":{\"@id\":\"https:\/\/www.gremi-obres.org\/#website\"},\"primaryImageOfPage\":{\"@id\":\"https:\/\/www.gremi-obres.org\/meu-compte\/customer-area\/#primaryimage\"},\"image\":{\"@id\":\"https:\/\/www.gremi-obres.org\/meu-compte\/customer-area\/#primaryimage\"},\"thumbnailUrl\":\"https:\/\/gremi-obres.org\/wp-content\/uploads\/2021\/06\/svg-gremi-logo-1.svg\",\"datePublished\":\"2021-07-15T18:58:59+00:00\",\"dateModified\":\"2021-07-15T19:16:45+00:00\",\"breadcrumb\":{\"@id\":\"https:\/\/www.gremi-obres.org\/meu-compte\/customer-area\/#breadcrumb\"},\"inLanguage\":\"es\",\"potentialAction\":[{\"@type\":\"ReadAction\",\"target\":[\"https:\/\/www.gremi-obres.org\/meu-compte\/customer-area\/\"]}]},{\"@type\":\"ImageObject\",\"inLanguage\":\"es\",\"@id\":\"https:\/\/www.gremi-obres.org\/meu-compte\/customer-area\/#primaryimage\",\"url\":\"https:\/\/gremi-obres.org\/wp-content\/uploads\/2021\/06\/svg-gremi-logo-1.svg\",\"contentUrl\":\"https:\/\/gremi-obres.org\/wp-content\/uploads\/2021\/06\/svg-gremi-logo-1.svg\"},{\"@type\":\"BreadcrumbList\",\"@id\":\"https:\/\/www.gremi-obres.org\/meu-compte\/customer-area\/#breadcrumb\",\"itemListElement\":[{\"@type\":\"ListItem\",\"position\":1,\"name\":\"Inici\",\"item\":\"https:\/\/www.gremi-obres.org\/es\/\"},{\"@type\":\"ListItem\",\"position\":2,\"name\":\"Mi cuenta\",\"item\":\"https:\/\/www.gremi-obres.org\/es\/mi-cuenta\/\"},{\"@type\":\"ListItem\",\"position\":3,\"name\":\"\u00c1rea de cliente\"}]},{\"@type\":\"WebSite\",\"@id\":\"https:\/\/www.gremi-obres.org\/#website\",\"url\":\"https:\/\/www.gremi-obres.org\/\",\"name\":\"Gremi de Constructors d&#039;Obres de Barcelona i Comarques\",\"description\":\"La missi\u00f3 del Gremi \u00e9s la de defensar els  interessos de les empreses constructores i rehabilitadores agremiades i recolzar-les en les necessitats de la seva activitat mitjan\u00e7ant serveis, recursos, formaci\u00f3, assessorament i informaci\u00f3\",\"potentialAction\":[{\"@type\":\"SearchAction\",\"target\":{\"@type\":\"EntryPoint\",\"urlTemplate\":\"https:\/\/www.gremi-obres.org\/?s={search_term_string}\"},\"query-input\":{\"@type\":\"PropertyValueSpecification\",\"valueRequired\":true,\"valueName\":\"search_term_string\"}}],\"inLanguage\":\"es\"}]}<\/script>\n<!-- \/ Yoast SEO plugin. -->","yoast_head_json":{"title":"\u00c1rea de cliente - Gremi de Constructors d&#039;Obres de Barcelona i Comarques","robots":{"index":"index","follow":"follow","max-snippet":"max-snippet:-1","max-image-preview":"max-image-preview:large","max-video-preview":"max-video-preview:-1"},"canonical":"https:\/\/www.gremi-obres.org\/meu-compte\/customer-area\/","og_locale":"es_ES","og_type":"article","og_title":"\u00c1rea de cliente - Gremi de Constructors d&#039;Obres de Barcelona i Comarques","og_description":"Bienvenido\/a a tu \u00e1rea personal como suscriptor PREMIUM del Gremi de Constructors d&#8217;Obres de Barcelona i Comarques. En este espacio podr\u00e1s descubrir un abanico de contenido especializado y actualizado del sector de la Construcci\u00f3n.","og_url":"https:\/\/www.gremi-obres.org\/meu-compte\/customer-area\/","og_site_name":"Gremi de Constructors d&#039;Obres de Barcelona i Comarques","article_modified_time":"2021-07-15T19:16:45+00:00","og_image":[{"url":"https:\/\/gremi-obres.org\/wp-content\/uploads\/2021\/06\/svg-gremi-logo-1.svg","type":"","width":"","height":""}],"twitter_card":"summary_large_image","twitter_misc":{"Tiempo de lectura":"1 minuto"},"schema":{"@context":"https:\/\/schema.org","@graph":[{"@type":"WebPage","@id":"https:\/\/www.gremi-obres.org\/meu-compte\/customer-area\/","url":"https:\/\/www.gremi-obres.org\/meu-compte\/customer-area\/","name":"\u00c1rea de cliente - Gremi de Constructors d&#039;Obres de Barcelona i Comarques","isPartOf":{"@id":"https:\/\/www.gremi-obres.org\/#website"},"primaryImageOfPage":{"@id":"https:\/\/www.gremi-obres.org\/meu-compte\/customer-area\/#primaryimage"},"image":{"@id":"https:\/\/www.gremi-obres.org\/meu-compte\/customer-area\/#primaryimage"},"thumbnailUrl":"https:\/\/gremi-obres.org\/wp-content\/uploads\/2021\/06\/svg-gremi-logo-1.svg","datePublished":"2021-07-15T18:58:59+00:00","dateModified":"2021-07-15T19:16:45+00:00","breadcrumb":{"@id":"https:\/\/www.gremi-obres.org\/meu-compte\/customer-area\/#breadcrumb"},"inLanguage":"es","potentialAction":[{"@type":"ReadAction","target":["https:\/\/www.gremi-obres.org\/meu-compte\/customer-area\/"]}]},{"@type":"ImageObject","inLanguage":"es","@id":"https:\/\/www.gremi-obres.org\/meu-compte\/customer-area\/#primaryimage","url":"https:\/\/gremi-obres.org\/wp-content\/uploads\/2021\/06\/svg-gremi-logo-1.svg","contentUrl":"https:\/\/gremi-obres.org\/wp-content\/uploads\/2021\/06\/svg-gremi-logo-1.svg"},{"@type":"BreadcrumbList","@id":"https:\/\/www.gremi-obres.org\/meu-compte\/customer-area\/#breadcrumb","itemListElement":[{"@type":"ListItem","position":1,"name":"Inici","item":"https:\/\/www.gremi-obres.org\/es\/"},{"@type":"ListItem","position":2,"name":"Mi cuenta","item":"https:\/\/www.gremi-obres.org\/es\/mi-cuenta\/"},{"@type":"ListItem","position":3,"name":"\u00c1rea de cliente"}]},{"@type":"WebSite","@id":"https:\/\/www.gremi-obres.org\/#website","url":"https:\/\/www.gremi-obres.org\/","name":"Gremi de Constructors d&#039;Obres de Barcelona i Comarques","description":"La missi\u00f3 del Gremi \u00e9s la de defensar els  interessos de les empreses constructores i rehabilitadores agremiades i recolzar-les en les necessitats de la seva activitat mitjan\u00e7ant serveis, recursos, formaci\u00f3, assessorament i informaci\u00f3","potentialAction":[{"@type":"SearchAction","target":{"@type":"EntryPoint","urlTemplate":"https:\/\/www.gremi-obres.org\/?s={search_term_string}"},"query-input":{"@type":"PropertyValueSpecification","valueRequired":true,"valueName":"search_term_string"}}],"inLanguage":"es"}]}},"_links":{"self":[{"href":"https:\/\/www.gremi-obres.org\/es\/wp-json\/wp\/v2\/pages\/29565","targetHints":{"allow":["GET"]}}],"collection":[{"href":"https:\/\/www.gremi-obres.org\/es\/wp-json\/wp\/v2\/pages"}],"about":[{"href":"https:\/\/www.gremi-obres.org\/es\/wp-json\/wp\/v2\/types\/page"}],"author":[{"embeddable":true,"href":"https:\/\/www.gremi-obres.org\/es\/wp-json\/wp\/v2\/users\/1"}],"replies":[{"embeddable":true,"href":"https:\/\/www.gremi-obres.org\/es\/wp-json\/wp\/v2\/comments?post=29565"}],"version-history":[{"count":3,"href":"https:\/\/www.gremi-obres.org\/es\/wp-json\/wp\/v2\/pages\/29565\/revisions"}],"predecessor-version":[{"id":29571,"href":"https:\/\/www.gremi-obres.org\/es\/wp-json\/wp\/v2\/pages\/29565\/revisions\/29571"}],"up":[{"embeddable":true,"href":"https:\/\/www.gremi-obres.org\/es\/wp-json\/wp\/v2\/pages\/29918"}],"wp:attachment":[{"href":"https:\/\/www.gremi-obres.org\/es\/wp-json\/wp\/v2\/media?parent=29565"}],"curies":[{"name":"wp","href":"https:\/\/api.w.org\/{rel}","templated":true}]}}