{"id":23720,"date":"2019-07-09T15:17:55","date_gmt":"2019-07-09T07:17:55","guid":{"rendered":"https:\/\/gremi-obres.org\/?page_id=23720"},"modified":"2019-07-09T19:42:07","modified_gmt":"2019-07-09T11:42:07","slug":"convenio-caritas-barcelona","status":"publish","type":"page","link":"https:\/\/www.gremi-obres.org\/es\/convenio-caritas-barcelona\/","title":{"rendered":"Convenio con C\u00e1ritas Diocesiana de Barcelona. Empresas con coraz\u00f3n y Trabajo con coraz\u00f3n"},"content":{"rendered":"<p><img loading=\"lazy\" decoding=\"async\" class=\"wp-image-23737 alignleft\" src=\"https:\/\/gremi-obres.org\/wp-content\/uploads\/2019\/07\/empreses-amb-cor.png\" alt=\"\" width=\"498\" height=\"302\" srcset=\"https:\/\/www.gremi-obres.org\/wp-content\/uploads\/2019\/07\/empreses-amb-cor.png 938w, https:\/\/www.gremi-obres.org\/wp-content\/uploads\/2019\/07\/empreses-amb-cor-300x182.png 300w, https:\/\/www.gremi-obres.org\/wp-content\/uploads\/2019\/07\/empreses-amb-cor-768x465.png 768w, https:\/\/www.gremi-obres.org\/wp-content\/uploads\/2019\/07\/empreses-amb-cor-700x424.png 700w, https:\/\/www.gremi-obres.org\/wp-content\/uploads\/2019\/07\/empreses-amb-cor-600x363.png 600w\" sizes=\"auto, (max-width: 498px) 100vw, 498px\" \/>El Gremio mantiene un convenio con C\u00e1ritas Diocesiana de Barcelona para establecer una colaboraci\u00f3n a trav\u00e9s del programa Empresas con coraz\u00f3n y Trabajo con coraz\u00f3n.<\/p>\n<p>\u00c9ste convenio lleva al Gremio a facilitar a las empresas asociadas informaci\u00f3n sobre el programa as\u00ed como de la disponibilidad de personas incluidas en el programa mencionado y que tengan un perfil profesional que puedan interesar a las empresas agremiadAs.<\/p>\n<p>Asimismo, desde el Gremio os iremos informando de los diferentes proyectos que lleve a cabo C\u00e1ritas, as\u00ed como de los eventuales procesos de solicitud de ofertas que realice C\u00e1ritas para la contrataci\u00f3n de obras de construcci\u00f3n o rehabilitaci\u00f3n de su parque inmobiliario.<\/p>\n<p><em><strong>Programa Empresas con coraz\u00f3n<\/strong><\/em><\/p>\n<p>\u00bfC\u00f3mo colaborar? Diferentes opciones:<\/p>\n<ul>\n<li>Facilitando la incorporaci\u00f3n al mercado laboral de personas atendidas a C\u00e1ritas<\/li>\n<li>Realizando una donaci\u00f3n en especie<\/li>\n<li>Realizando una prestaci\u00f3n de servicios gratuitamente<\/li>\n<li>Haciendo un donativo econ\u00f3mico para ayudar a los proyectos de C\u00e1ritas<\/li>\n<li>Haciendo que tu empresa se haga socia<\/li>\n<li>Realizando acciones de euro solidario, teaming, retos solidarios, patrocinios, organizaci\u00f3n de eventos, etc.<\/li>\n<li>Promocionando el voluntariado corporativo<\/li>\n<li>Ofreciendo formaci\u00f3n espec\u00edfica a personas atendidas en C\u00e1ritas, voluntarias o asalariadas<\/li>\n<\/ul>\n<p>Diez razones para sumar su compromiso:<\/p>\n<ul>\n<li>Por valores<\/li>\n<li>Porque la uni\u00f3n hace la fuerza<\/li>\n<li>Para denunciar<\/li>\n<li>Para sentir que tambi\u00e9n est\u00e1 en sus manos<\/li>\n<li>Por los beneficios fiscales<\/li>\n<li>Por profesionalidad<\/li>\n<li>Por justicia social<\/li>\n<li>Por educar en valores<\/li>\n<\/ul>\n<p>Por cada euro que aporte el transformaremos en 2,7 euros de valor social!<\/p>\n<p>Si est\u00e1 interesado en participar, puede contactar con el Gremio, recepcio@gremi-obres.org o llamando al 932 659 430, o directamente con C\u00e1ritas al 939446900, o enviando un mail a empresesambcor@caritasbcn.org.<\/p>\n<p><a href=\"https:\/\/gremi-obres.org\/wp-content\/uploads\/2019\/07\/caritas-1.pdf\"><strong>D\u00cdPTICO INFORMATIVO:<\/strong><\/a><\/p>\n<p><a href=\"https:\/\/gremi-obres.org\/wp-content\/uploads\/2019\/07\/caritas-1.pdf\"><img loading=\"lazy\" decoding=\"async\" class=\"wp-image-23722 alignleft\" src=\"https:\/\/gremi-obres.org\/wp-content\/uploads\/2019\/07\/EMPRESA-AMB-COR.png\" alt=\"\" width=\"556\" height=\"382\" srcset=\"https:\/\/www.gremi-obres.org\/wp-content\/uploads\/2019\/07\/EMPRESA-AMB-COR.png 1306w, https:\/\/www.gremi-obres.org\/wp-content\/uploads\/2019\/07\/EMPRESA-AMB-COR-300x206.png 300w, https:\/\/www.gremi-obres.org\/wp-content\/uploads\/2019\/07\/EMPRESA-AMB-COR-768x528.png 768w, https:\/\/www.gremi-obres.org\/wp-content\/uploads\/2019\/07\/EMPRESA-AMB-COR-1024x704.png 1024w, https:\/\/www.gremi-obres.org\/wp-content\/uploads\/2019\/07\/EMPRESA-AMB-COR-700x481.png 700w, https:\/\/www.gremi-obres.org\/wp-content\/uploads\/2019\/07\/EMPRESA-AMB-COR-600x413.png 600w\" sizes=\"auto, (max-width: 556px) 100vw, 556px\" \/><\/a><\/p>\n<p>&nbsp;<\/p>\n<p>&nbsp;<\/p>\n<p>&nbsp;<\/p>\n<p>&nbsp;<\/p>\n<p>&nbsp;<\/p>\n<p>&nbsp;<\/p>\n<p>&nbsp;<\/p>\n<p>&nbsp;<\/p>\n<p>&nbsp;<\/p>\n<p>&nbsp;<\/p>\n<p><a href=\"https:\/\/gremi-obres.org\/wp-content\/uploads\/2019\/07\/caritas-1.pdf\"><img loading=\"lazy\" decoding=\"async\" class=\"wp-image-23724 alignleft\" src=\"https:\/\/gremi-obres.org\/wp-content\/uploads\/2019\/07\/EMPRESA-diptic-2.png\" alt=\"\" width=\"563\" height=\"389\" srcset=\"https:\/\/www.gremi-obres.org\/wp-content\/uploads\/2019\/07\/EMPRESA-diptic-2.png 1304w, https:\/\/www.gremi-obres.org\/wp-content\/uploads\/2019\/07\/EMPRESA-diptic-2-300x208.png 300w, https:\/\/www.gremi-obres.org\/wp-content\/uploads\/2019\/07\/EMPRESA-diptic-2-768x531.png 768w, https:\/\/www.gremi-obres.org\/wp-content\/uploads\/2019\/07\/EMPRESA-diptic-2-1024x708.png 1024w, https:\/\/www.gremi-obres.org\/wp-content\/uploads\/2019\/07\/EMPRESA-diptic-2-700x484.png 700w, https:\/\/www.gremi-obres.org\/wp-content\/uploads\/2019\/07\/EMPRESA-diptic-2-600x415.png 600w\" sizes=\"auto, (max-width: 563px) 100vw, 563px\" \/><\/a><\/p>\n","protected":false},"excerpt":{"rendered":"<p>El Gremio mantiene un convenio con C\u00e1ritas Diocesiana de Barcelona para establecer una colaboraci\u00f3n a trav\u00e9s del programa Empresas con coraz\u00f3n y Trabajo con coraz\u00f3n. \u00c9ste convenio lleva al Gremio a facilitar a las empresas asociadas informaci\u00f3n sobre el programa as\u00ed como de la disponibilidad de personas incluidas en el programa mencionado y que tengan un perfil profesional que puedan interesar a las empresas agremiadAs. Asimismo, desde el Gremio os iremos informando de los diferentes proyectos que lleve a cabo C\u00e1ritas, as\u00ed como de los eventuales procesos de solicitud de ofertas que realice C\u00e1ritas para la contrataci\u00f3n de obras de<\/p>\n","protected":false},"author":1,"featured_media":0,"parent":0,"menu_order":0,"comment_status":"closed","ping_status":"closed","template":"","meta":{"_acf_changed":false,"footnotes":""},"class_list":["post-23720","page","type-page","status-publish","hentry"],"acf":[],"yoast_head":"<!-- This site is optimized with the Yoast SEO plugin v26.6 - https:\/\/yoast.com\/wordpress\/plugins\/seo\/ -->\n<title>Convenio con C\u00e1ritas Diocesiana de Barcelona. Empresas con coraz\u00f3n y Trabajo con coraz\u00f3n - Gremi de Constructors d&#039;Obres de Barcelona i Comarques<\/title>\n<meta name=\"description\" content=\"El Gremio mantiene un convenio con C\u00e1ritas Diocesiana de Barcelona para establecer una colaboraci\u00f3n a trav\u00e9s del programa Empresas con coraz\u00f3n y Trabajo con coraz\u00f3n.\" \/>\n<meta name=\"robots\" content=\"index, follow, max-snippet:-1, max-image-preview:large, max-video-preview:-1\" \/>\n<link rel=\"canonical\" href=\"https:\/\/www.gremi-obres.org\/conveni-amb-caritas-empreses-amb-cor-i-feina-amb-cor\/\" \/>\n<meta property=\"og:locale\" content=\"es_ES\" \/>\n<meta property=\"og:type\" content=\"article\" \/>\n<meta property=\"og:title\" content=\"Convenio con C\u00e1ritas Diocesiana de Barcelona. Empresas con coraz\u00f3n y Trabajo con coraz\u00f3n - Gremi de Constructors d&#039;Obres de Barcelona i Comarques\" \/>\n<meta property=\"og:description\" content=\"El Gremio mantiene un convenio con C\u00e1ritas Diocesiana de Barcelona para establecer una colaboraci\u00f3n a trav\u00e9s del programa Empresas con coraz\u00f3n y Trabajo con coraz\u00f3n.\" \/>\n<meta property=\"og:url\" content=\"https:\/\/www.gremi-obres.org\/conveni-amb-caritas-empreses-amb-cor-i-feina-amb-cor\/\" \/>\n<meta property=\"og:site_name\" content=\"Gremi de Constructors d&#039;Obres de Barcelona i Comarques\" \/>\n<meta property=\"article:modified_time\" content=\"2019-07-09T11:42:07+00:00\" \/>\n<meta property=\"og:image\" content=\"https:\/\/gremi-obres.org\/wp-content\/uploads\/2019\/07\/empreses-amb-cor.png\" \/>\n<meta name=\"twitter:card\" content=\"summary_large_image\" \/>\n<meta name=\"twitter:label1\" content=\"Tiempo de lectura\" \/>\n\t<meta name=\"twitter:data1\" content=\"2 minutos\" \/>\n<script type=\"application\/ld+json\" class=\"yoast-schema-graph\">{\"@context\":\"https:\/\/schema.org\",\"@graph\":[{\"@type\":\"WebPage\",\"@id\":\"https:\/\/www.gremi-obres.org\/conveni-amb-caritas-empreses-amb-cor-i-feina-amb-cor\/\",\"url\":\"https:\/\/www.gremi-obres.org\/conveni-amb-caritas-empreses-amb-cor-i-feina-amb-cor\/\",\"name\":\"Convenio con C\u00e1ritas Diocesiana de Barcelona. Empresas con coraz\u00f3n y Trabajo con coraz\u00f3n - Gremi de Constructors d&#039;Obres de Barcelona i Comarques\",\"isPartOf\":{\"@id\":\"https:\/\/www.gremi-obres.org\/#website\"},\"primaryImageOfPage\":{\"@id\":\"https:\/\/www.gremi-obres.org\/conveni-amb-caritas-empreses-amb-cor-i-feina-amb-cor\/#primaryimage\"},\"image\":{\"@id\":\"https:\/\/www.gremi-obres.org\/conveni-amb-caritas-empreses-amb-cor-i-feina-amb-cor\/#primaryimage\"},\"thumbnailUrl\":\"https:\/\/gremi-obres.org\/wp-content\/uploads\/2019\/07\/empreses-amb-cor.png\",\"datePublished\":\"2019-07-09T07:17:55+00:00\",\"dateModified\":\"2019-07-09T11:42:07+00:00\",\"description\":\"El Gremio mantiene un convenio con C\u00e1ritas Diocesiana de Barcelona para establecer una colaboraci\u00f3n a trav\u00e9s del programa Empresas con coraz\u00f3n y Trabajo con coraz\u00f3n.\",\"breadcrumb\":{\"@id\":\"https:\/\/www.gremi-obres.org\/conveni-amb-caritas-empreses-amb-cor-i-feina-amb-cor\/#breadcrumb\"},\"inLanguage\":\"es\",\"potentialAction\":[{\"@type\":\"ReadAction\",\"target\":[\"https:\/\/www.gremi-obres.org\/conveni-amb-caritas-empreses-amb-cor-i-feina-amb-cor\/\"]}]},{\"@type\":\"ImageObject\",\"inLanguage\":\"es\",\"@id\":\"https:\/\/www.gremi-obres.org\/conveni-amb-caritas-empreses-amb-cor-i-feina-amb-cor\/#primaryimage\",\"url\":\"https:\/\/gremi-obres.org\/wp-content\/uploads\/2019\/07\/empreses-amb-cor.png\",\"contentUrl\":\"https:\/\/gremi-obres.org\/wp-content\/uploads\/2019\/07\/empreses-amb-cor.png\"},{\"@type\":\"BreadcrumbList\",\"@id\":\"https:\/\/www.gremi-obres.org\/conveni-amb-caritas-empreses-amb-cor-i-feina-amb-cor\/#breadcrumb\",\"itemListElement\":[{\"@type\":\"ListItem\",\"position\":1,\"name\":\"Inici\",\"item\":\"https:\/\/www.gremi-obres.org\/es\/inicio-2-2-2\/\"},{\"@type\":\"ListItem\",\"position\":2,\"name\":\"Convenio con C\u00e1ritas Diocesiana de Barcelona. Empresas con coraz\u00f3n y Trabajo con coraz\u00f3n\"}]},{\"@type\":\"WebSite\",\"@id\":\"https:\/\/www.gremi-obres.org\/#website\",\"url\":\"https:\/\/www.gremi-obres.org\/\",\"name\":\"Gremi de Constructors d&#039;Obres de Barcelona i Comarques\",\"description\":\"La missi\u00f3 del Gremi \u00e9s la de defensar els  interessos de les empreses constructores i rehabilitadores agremiades i recolzar-les en les necessitats de la seva activitat mitjan\u00e7ant serveis, recursos, formaci\u00f3, assessorament i informaci\u00f3\",\"potentialAction\":[{\"@type\":\"SearchAction\",\"target\":{\"@type\":\"EntryPoint\",\"urlTemplate\":\"https:\/\/www.gremi-obres.org\/?s={search_term_string}\"},\"query-input\":{\"@type\":\"PropertyValueSpecification\",\"valueRequired\":true,\"valueName\":\"search_term_string\"}}],\"inLanguage\":\"es\"}]}<\/script>\n<!-- \/ Yoast SEO plugin. -->","yoast_head_json":{"title":"Convenio con C\u00e1ritas Diocesiana de Barcelona. Empresas con coraz\u00f3n y Trabajo con coraz\u00f3n - Gremi de Constructors d&#039;Obres de Barcelona i Comarques","description":"El Gremio mantiene un convenio con C\u00e1ritas Diocesiana de Barcelona para establecer una colaboraci\u00f3n a trav\u00e9s del programa Empresas con coraz\u00f3n y Trabajo con coraz\u00f3n.","robots":{"index":"index","follow":"follow","max-snippet":"max-snippet:-1","max-image-preview":"max-image-preview:large","max-video-preview":"max-video-preview:-1"},"canonical":"https:\/\/www.gremi-obres.org\/conveni-amb-caritas-empreses-amb-cor-i-feina-amb-cor\/","og_locale":"es_ES","og_type":"article","og_title":"Convenio con C\u00e1ritas Diocesiana de Barcelona. Empresas con coraz\u00f3n y Trabajo con coraz\u00f3n - Gremi de Constructors d&#039;Obres de Barcelona i Comarques","og_description":"El Gremio mantiene un convenio con C\u00e1ritas Diocesiana de Barcelona para establecer una colaboraci\u00f3n a trav\u00e9s del programa Empresas con coraz\u00f3n y Trabajo con coraz\u00f3n.","og_url":"https:\/\/www.gremi-obres.org\/conveni-amb-caritas-empreses-amb-cor-i-feina-amb-cor\/","og_site_name":"Gremi de Constructors d&#039;Obres de Barcelona i Comarques","article_modified_time":"2019-07-09T11:42:07+00:00","og_image":[{"url":"https:\/\/gremi-obres.org\/wp-content\/uploads\/2019\/07\/empreses-amb-cor.png","type":"","width":"","height":""}],"twitter_card":"summary_large_image","twitter_misc":{"Tiempo de lectura":"2 minutos"},"schema":{"@context":"https:\/\/schema.org","@graph":[{"@type":"WebPage","@id":"https:\/\/www.gremi-obres.org\/conveni-amb-caritas-empreses-amb-cor-i-feina-amb-cor\/","url":"https:\/\/www.gremi-obres.org\/conveni-amb-caritas-empreses-amb-cor-i-feina-amb-cor\/","name":"Convenio con C\u00e1ritas Diocesiana de Barcelona. Empresas con coraz\u00f3n y Trabajo con coraz\u00f3n - Gremi de Constructors d&#039;Obres de Barcelona i Comarques","isPartOf":{"@id":"https:\/\/www.gremi-obres.org\/#website"},"primaryImageOfPage":{"@id":"https:\/\/www.gremi-obres.org\/conveni-amb-caritas-empreses-amb-cor-i-feina-amb-cor\/#primaryimage"},"image":{"@id":"https:\/\/www.gremi-obres.org\/conveni-amb-caritas-empreses-amb-cor-i-feina-amb-cor\/#primaryimage"},"thumbnailUrl":"https:\/\/gremi-obres.org\/wp-content\/uploads\/2019\/07\/empreses-amb-cor.png","datePublished":"2019-07-09T07:17:55+00:00","dateModified":"2019-07-09T11:42:07+00:00","description":"El Gremio mantiene un convenio con C\u00e1ritas Diocesiana de Barcelona para establecer una colaboraci\u00f3n a trav\u00e9s del programa Empresas con coraz\u00f3n y Trabajo con coraz\u00f3n.","breadcrumb":{"@id":"https:\/\/www.gremi-obres.org\/conveni-amb-caritas-empreses-amb-cor-i-feina-amb-cor\/#breadcrumb"},"inLanguage":"es","potentialAction":[{"@type":"ReadAction","target":["https:\/\/www.gremi-obres.org\/conveni-amb-caritas-empreses-amb-cor-i-feina-amb-cor\/"]}]},{"@type":"ImageObject","inLanguage":"es","@id":"https:\/\/www.gremi-obres.org\/conveni-amb-caritas-empreses-amb-cor-i-feina-amb-cor\/#primaryimage","url":"https:\/\/gremi-obres.org\/wp-content\/uploads\/2019\/07\/empreses-amb-cor.png","contentUrl":"https:\/\/gremi-obres.org\/wp-content\/uploads\/2019\/07\/empreses-amb-cor.png"},{"@type":"BreadcrumbList","@id":"https:\/\/www.gremi-obres.org\/conveni-amb-caritas-empreses-amb-cor-i-feina-amb-cor\/#breadcrumb","itemListElement":[{"@type":"ListItem","position":1,"name":"Inici","item":"https:\/\/www.gremi-obres.org\/es\/inicio-2-2-2\/"},{"@type":"ListItem","position":2,"name":"Convenio con C\u00e1ritas Diocesiana de Barcelona. Empresas con coraz\u00f3n y Trabajo con coraz\u00f3n"}]},{"@type":"WebSite","@id":"https:\/\/www.gremi-obres.org\/#website","url":"https:\/\/www.gremi-obres.org\/","name":"Gremi de Constructors d&#039;Obres de Barcelona i Comarques","description":"La missi\u00f3 del Gremi \u00e9s la de defensar els  interessos de les empreses constructores i rehabilitadores agremiades i recolzar-les en les necessitats de la seva activitat mitjan\u00e7ant serveis, recursos, formaci\u00f3, assessorament i informaci\u00f3","potentialAction":[{"@type":"SearchAction","target":{"@type":"EntryPoint","urlTemplate":"https:\/\/www.gremi-obres.org\/?s={search_term_string}"},"query-input":{"@type":"PropertyValueSpecification","valueRequired":true,"valueName":"search_term_string"}}],"inLanguage":"es"}]}},"_links":{"self":[{"href":"https:\/\/www.gremi-obres.org\/es\/wp-json\/wp\/v2\/pages\/23720","targetHints":{"allow":["GET"]}}],"collection":[{"href":"https:\/\/www.gremi-obres.org\/es\/wp-json\/wp\/v2\/pages"}],"about":[{"href":"https:\/\/www.gremi-obres.org\/es\/wp-json\/wp\/v2\/types\/page"}],"author":[{"embeddable":true,"href":"https:\/\/www.gremi-obres.org\/es\/wp-json\/wp\/v2\/users\/1"}],"replies":[{"embeddable":true,"href":"https:\/\/www.gremi-obres.org\/es\/wp-json\/wp\/v2\/comments?post=23720"}],"version-history":[{"count":3,"href":"https:\/\/www.gremi-obres.org\/es\/wp-json\/wp\/v2\/pages\/23720\/revisions"}],"predecessor-version":[{"id":23754,"href":"https:\/\/www.gremi-obres.org\/es\/wp-json\/wp\/v2\/pages\/23720\/revisions\/23754"}],"wp:attachment":[{"href":"https:\/\/www.gremi-obres.org\/es\/wp-json\/wp\/v2\/media?parent=23720"}],"curies":[{"name":"wp","href":"https:\/\/api.w.org\/{rel}","templated":true}]}}