{"id":22464,"date":"2018-10-04T00:22:18","date_gmt":"2018-10-03T16:22:18","guid":{"rendered":"https:\/\/gremi-obres.org\/es\/?page_id=22464"},"modified":"2021-07-30T15:25:28","modified_gmt":"2021-07-30T07:25:28","slug":"buzon-sugerencias","status":"publish","type":"page","link":"https:\/\/www.gremi-obres.org\/es\/nosotros\/buzon-sugerencias\/","title":{"rendered":"Buz\u00f3n de sugerencias"},"content":{"rendered":"<p>[vc_row row_type=\u00bbrow\u00bb use_row_as_full_screen_section=\u00bbno\u00bb type=\u00bbgrid\u00bb angled_section=\u00bbno\u00bb text_align=\u00bbleft\u00bb background_image_as_pattern=\u00bbwithout_pattern\u00bb padding_top=\u00bb50&#8243; css_animation=\u00bb\u00bb css=\u00bb.vc_custom_1538584335222{background-color: #ffffff !important;}\u00bb][vc_column width=\u00bb1\/2&#8243;][vc_separator type=\u00bbtransparent\u00bb thickness=\u00bb7&#8243;][vc_column_text]<\/p>\n<div id=\"text-4\" class=\"widget widget_text\">\n<h4><strong>Si tienes alguna sugerencia, \u00a1estamos encantados de escucharla y tomar nota!<\/strong><\/h4>\n<p>Mediante el buz\u00f3n de sugerencias puedes indicarnos lo que creas sobre el tema que desees relacionado con el Gremio. Nos comprometemos a darte respuesta y estudiar tus propuestas o ideas.<\/p>\n<p>Asimismo, si prefieres explicarnos por tel\u00e9fono siempre estamos dispuestos a escucharte en el n\u00famero 932659430.<\/p>\n<p>\u00a1Esperamos tus comentarios!<\/p>\n<div class=\"textwidget\"><\/div>\n<\/div>\n<div id=\"text-10\" class=\"widget widget_text\"><\/div>\n<p>[\/vc_column_text][vc_separator type=\u00bbsmall\u00bb position=\u00bbleft\u00bb color=\u00bb#f29760&#8243; thickness=\u00bb1&#8243; width=\u00bb86&#8243;][vc_column_text]<\/p>\n<div id=\"text-4\" class=\"widget widget_text\">\n<h4><img loading=\"lazy\" decoding=\"async\" class=\"wp-image-22453 alignleft\" src=\"https:\/\/gremi-obres.org\/wp-content\/uploads\/2018\/10\/mailbox-300x139.jpg\" alt=\"\" width=\"593\" height=\"275\" srcset=\"https:\/\/www.gremi-obres.org\/wp-content\/uploads\/2018\/10\/mailbox-300x139.jpg 300w, https:\/\/www.gremi-obres.org\/wp-content\/uploads\/2018\/10\/mailbox-600x278.jpg 600w, https:\/\/www.gremi-obres.org\/wp-content\/uploads\/2018\/10\/mailbox-768x356.jpg 768w, https:\/\/www.gremi-obres.org\/wp-content\/uploads\/2018\/10\/mailbox-1024x475.jpg 1024w, https:\/\/www.gremi-obres.org\/wp-content\/uploads\/2018\/10\/mailbox-700x325.jpg 700w, https:\/\/www.gremi-obres.org\/wp-content\/uploads\/2018\/10\/mailbox.jpg 1280w\" sizes=\"auto, (max-width: 593px) 100vw, 593px\" \/><\/h4>\n<\/div>\n<div id=\"text-10\" class=\"widget widget_text\"><\/div>\n<p>[\/vc_column_text][vc_separator type=\u00bbtransparent\u00bb thickness=\u00bb7&#8243;][\/vc_column][vc_column width=\u00bb1\/2&#8243; css=\u00bb.vc_custom_1538584347582{padding-left: 50px !important;background-color: #f1ffdb !important;}\u00bb][vc_separator type=\u00bbtransparent\u00bb thickness=\u00bb7&#8243;][vc_column_text]<\/p>\n<div id=\"text-4\" class=\"widget widget_text\">\n<h3>Buz\u00f3n de sugerencias para los agremiados<\/h3>\n<div class=\"textwidget\"><\/div>\n<\/div>\n<p>[\/vc_column_text][vc_separator type=\u00bbtransparent\u00bb thickness=\u00bb7&#8243;]\n<div class=\"wpcf7 no-js\" id=\"wpcf7-f30380-o1\" lang=\"ca\" dir=\"ltr\" data-wpcf7-id=\"30380\">\n<div class=\"screen-reader-response\"><p role=\"status\" aria-live=\"polite\" aria-atomic=\"true\"><\/p> <ul><\/ul><\/div>\n<form action=\"\/es\/wp-json\/wp\/v2\/pages\/22464#wpcf7-f30380-o1\" method=\"post\" class=\"wpcf7-form init cf7_custom_style_2\" aria-label=\"Formulari de contacte\" novalidate=\"novalidate\" data-status=\"init\">\n<fieldset class=\"hidden-fields-container\"><input type=\"hidden\" name=\"_wpcf7\" value=\"30380\" \/><input type=\"hidden\" name=\"_wpcf7_version\" value=\"6.1.4\" \/><input type=\"hidden\" name=\"_wpcf7_locale\" value=\"ca\" \/><input type=\"hidden\" name=\"_wpcf7_unit_tag\" value=\"wpcf7-f30380-o1\" \/><input type=\"hidden\" name=\"_wpcf7_container_post\" value=\"0\" \/><input type=\"hidden\" name=\"_wpcf7_posted_data_hash\" value=\"\" \/><input type=\"hidden\" name=\"_wpcf7_recaptcha_response\" value=\"\" \/>\n<\/fieldset>\n<p>Nombre\n<\/p>\n<p><span class=\"wpcf7-form-control-wrap\" data-name=\"your-name\"><input size=\"40\" maxlength=\"400\" class=\"wpcf7-form-control wpcf7-text wpcf7-validates-as-required\" aria-required=\"true\" aria-invalid=\"false\" value=\"\" type=\"text\" name=\"your-name\" \/><\/span>\n<\/p>\n<p>Empresa\n<\/p>\n<p><span class=\"wpcf7-form-control-wrap\" data-name=\"your-corporation\"><input size=\"40\" maxlength=\"400\" class=\"wpcf7-form-control wpcf7-text wpcf7-validates-as-required\" aria-required=\"true\" aria-invalid=\"false\" value=\"\" type=\"text\" name=\"your-corporation\" \/><\/span>\n<\/p>\n<p>Email\n<\/p>\n<p><span class=\"wpcf7-form-control-wrap\" data-name=\"your-email\"><input size=\"40\" maxlength=\"400\" class=\"wpcf7-form-control wpcf7-email wpcf7-validates-as-required wpcf7-text wpcf7-validates-as-email\" aria-required=\"true\" aria-invalid=\"false\" value=\"\" type=\"email\" name=\"your-email\" \/><\/span>\n<\/p>\n<p>Tel\u00e9fono\n<\/p>\n<p><span class=\"wpcf7-form-control-wrap\" data-name=\"telef\"><input size=\"40\" maxlength=\"400\" class=\"wpcf7-form-control wpcf7-tel wpcf7-validates-as-required wpcf7-text wpcf7-validates-as-tel\" aria-required=\"true\" aria-invalid=\"false\" value=\"\" type=\"tel\" name=\"telef\" \/><\/span>\n<\/p>\n<p>Mensaje\n<\/p>\n<p><span class=\"wpcf7-form-control-wrap\" data-name=\"your-message\"><textarea cols=\"40\" rows=\"10\" maxlength=\"2000\" class=\"wpcf7-form-control wpcf7-textarea\" aria-invalid=\"false\" name=\"your-message\"><\/textarea><\/span>\n<\/p>\n<p><input class=\"wpcf7-form-control wpcf7-submit has-spinner\" type=\"submit\" value=\"Enviar\" \/>\n<\/p>\n<p><span class=\"wpcf7-form-control-wrap\" data-name=\"acceptance-324\"><span class=\"wpcf7-form-control wpcf7-acceptance\"><span class=\"wpcf7-list-item\"><input type=\"checkbox\" name=\"acceptance-324\" value=\"1\" aria-invalid=\"false\" \/><\/span><\/span><\/span> He le\u00eddo y acepto la <a href=\"https:\/\/gremi-obres.org\/avis-legal-de-la-web\/\">Pol\u00edtica de Privacidad<\/a> (obligatorio)\n<\/p>\n<h6>Les dades obligat\u00f2ries s\u00f3n imprescindibles per a tramitar la sol\u00b7licitud. La resta de dades es sol\u00b7liciten per oferir un millor servei i comunicaci\u00f3. El sol\u00b7licitant autoritza la incorporaci\u00f3 de totes les dades esmentades a un arxiu titularitat del Gremi de Constructors d\u2019Obres de Barcelona i Comarques, amb domicili a Barcelona, Gran Via de les Corts Catalanes, n\u00fam. 663, que t\u00e9 com a finalitat tramitar la sol\u00b7licitud. Aix\u00ed mateix, autoritza que se li envi\u00ef informaci\u00f3 i ofertes comercials per correu electr\u00f2nic o algun altre mitj\u00e0 de comunicaci\u00f3 electr\u00f2nica equivalent. Conforme al Reglament General de Protecci\u00f3 de Dades 2016\/679, el sol\u00b7licitant disposa dels drets d\u2019acc\u00e9s, rectificaci\u00f3 i cancel\u00b7laci\u00f3 d\u2019aquestes dades, aix\u00ed com a oposar-se al seu tractament mitjan\u00e7ant escrit a l\u2019adre\u00e7a anteriorment indicada amb la refer\u00e8ncia Protecci\u00f3 de Dades.\n<\/h6><div class=\"wpcf7-response-output\" aria-hidden=\"true\"><\/div>\n<\/form>\n<\/div>\n[vc_separator type=\u00bbtransparent\u00bb thickness=\u00bb20&#8243;][\/vc_column][\/vc_row][vc_row row_type=\u00bbrow\u00bb use_row_as_full_screen_section=\u00bbno\u00bb type=\u00bbfull_width\u00bb angled_section=\u00bbno\u00bb text_align=\u00bbleft\u00bb background_image_as_pattern=\u00bbwithout_pattern\u00bb css_animation=\u00bb\u00bb][vc_column][vc_separator type=\u00bbtransparent\u00bb thickness=\u00bb55&#8243;][\/vc_column][\/vc_row]<\/p>\n","protected":false},"excerpt":{"rendered":"<p>[vc_row row_type=\u00bbrow\u00bb use_row_as_full_screen_section=\u00bbno\u00bb type=\u00bbgrid\u00bb angled_section=\u00bbno\u00bb text_align=\u00bbleft\u00bb background_image_as_pattern=\u00bbwithout_pattern\u00bb padding_top=\u00bb50&#8243; css_animation=\u00bb\u00bb css=\u00bb.vc_custom_1538584335222{background-color: #ffffff !important;}\u00bb][vc_column width=\u00bb1\/2&#8243;][vc_separator type=\u00bbtransparent\u00bb thickness=\u00bb7&#8243;][vc_column_text] Si tienes alguna sugerencia, \u00a1estamos encantados de escucharla y tomar nota! Mediante el buz\u00f3n de sugerencias puedes indicarnos lo que creas sobre el tema que desees relacionado con el Gremio. Nos comprometemos a darte respuesta y estudiar tus propuestas o ideas. Asimismo, si prefieres explicarnos por tel\u00e9fono siempre estamos dispuestos a escucharte en el n\u00famero 932659430. \u00a1Esperamos tus comentarios! [\/vc_column_text][vc_separator type=\u00bbsmall\u00bb position=\u00bbleft\u00bb color=\u00bb#f29760&#8243; thickness=\u00bb1&#8243; width=\u00bb86&#8243;][vc_column_text] [\/vc_column_text][vc_separator type=\u00bbtransparent\u00bb thickness=\u00bb7&#8243;][\/vc_column][vc_column width=\u00bb1\/2&#8243; css=\u00bb.vc_custom_1538584347582{padding-left: 50px !important;background-color: #f1ffdb !important;}\u00bb][vc_separator type=\u00bbtransparent\u00bb thickness=\u00bb7&#8243;][vc_column_text] Buz\u00f3n de sugerencias para los agremiados [\/vc_column_text][vc_separator type=\u00bbtransparent\u00bb thickness=\u00bb7&#8243;][vc_separator<\/p>\n","protected":false},"author":1,"featured_media":0,"parent":18430,"menu_order":0,"comment_status":"closed","ping_status":"closed","template":"full_width.php","meta":{"_acf_changed":false,"footnotes":""},"class_list":["post-22464","page","type-page","status-publish","hentry"],"acf":[],"yoast_head":"<!-- This site is optimized with the Yoast SEO plugin v26.6 - https:\/\/yoast.com\/wordpress\/plugins\/seo\/ -->\n<title>Buz\u00f3n de sugerencias - Gremi de Constructors d&#039;Obres de Barcelona i Comarques<\/title>\n<meta name=\"description\" content=\"Si tienes alguna sugerencia, \u00a1estamos encantados de escuchar y tomar nota! Mediante el buz\u00f3n puedes indicarnos lo que quieras relacionado con el Gremio.\" \/>\n<meta name=\"robots\" content=\"index, follow, max-snippet:-1, max-image-preview:large, max-video-preview:-1\" \/>\n<link rel=\"canonical\" href=\"https:\/\/www.gremi-obres.org\/es\/nosotros\/buzon-sugerencias\/\" \/>\n<meta property=\"og:locale\" content=\"es_ES\" \/>\n<meta property=\"og:type\" content=\"article\" \/>\n<meta property=\"og:title\" content=\"Buz\u00f3n de sugerencias - Gremi de Constructors d&#039;Obres de Barcelona i Comarques\" \/>\n<meta property=\"og:description\" content=\"Si tienes alguna sugerencia, \u00a1estamos encantados de escuchar y tomar nota! Mediante el buz\u00f3n puedes indicarnos lo que quieras relacionado con el Gremio.\" \/>\n<meta property=\"og:url\" content=\"https:\/\/www.gremi-obres.org\/es\/nosotros\/buzon-sugerencias\/\" \/>\n<meta property=\"og:site_name\" content=\"Gremi de Constructors d&#039;Obres de Barcelona i Comarques\" \/>\n<meta property=\"article:modified_time\" content=\"2021-07-30T07:25:28+00:00\" \/>\n<meta property=\"og:image\" content=\"https:\/\/gremi-obres.org\/wp-content\/uploads\/2018\/10\/mailbox-300x139.jpg\" \/>\n<meta name=\"twitter:card\" content=\"summary_large_image\" \/>\n<meta name=\"twitter:label1\" content=\"Tiempo de lectura\" \/>\n\t<meta name=\"twitter:data1\" content=\"1 minuto\" \/>\n<script type=\"application\/ld+json\" class=\"yoast-schema-graph\">{\"@context\":\"https:\/\/schema.org\",\"@graph\":[{\"@type\":\"WebPage\",\"@id\":\"https:\/\/www.gremi-obres.org\/es\/nosotros\/buzon-sugerencias\/\",\"url\":\"https:\/\/www.gremi-obres.org\/es\/nosotros\/buzon-sugerencias\/\",\"name\":\"Buz\u00f3n de sugerencias - Gremi de Constructors d&#039;Obres de Barcelona i Comarques\",\"isPartOf\":{\"@id\":\"https:\/\/www.gremi-obres.org\/#website\"},\"primaryImageOfPage\":{\"@id\":\"https:\/\/www.gremi-obres.org\/es\/nosotros\/buzon-sugerencias\/#primaryimage\"},\"image\":{\"@id\":\"https:\/\/www.gremi-obres.org\/es\/nosotros\/buzon-sugerencias\/#primaryimage\"},\"thumbnailUrl\":\"https:\/\/gremi-obres.org\/wp-content\/uploads\/2018\/10\/mailbox-300x139.jpg\",\"datePublished\":\"2018-10-03T16:22:18+00:00\",\"dateModified\":\"2021-07-30T07:25:28+00:00\",\"description\":\"Si tienes alguna sugerencia, \u00a1estamos encantados de escuchar y tomar nota! Mediante el buz\u00f3n puedes indicarnos lo que quieras relacionado con el Gremio.\",\"breadcrumb\":{\"@id\":\"https:\/\/www.gremi-obres.org\/es\/nosotros\/buzon-sugerencias\/#breadcrumb\"},\"inLanguage\":\"es\",\"potentialAction\":[{\"@type\":\"ReadAction\",\"target\":[\"https:\/\/www.gremi-obres.org\/es\/nosotros\/buzon-sugerencias\/\"]}]},{\"@type\":\"ImageObject\",\"inLanguage\":\"es\",\"@id\":\"https:\/\/www.gremi-obres.org\/es\/nosotros\/buzon-sugerencias\/#primaryimage\",\"url\":\"https:\/\/gremi-obres.org\/wp-content\/uploads\/2018\/10\/mailbox-300x139.jpg\",\"contentUrl\":\"https:\/\/gremi-obres.org\/wp-content\/uploads\/2018\/10\/mailbox-300x139.jpg\"},{\"@type\":\"BreadcrumbList\",\"@id\":\"https:\/\/www.gremi-obres.org\/es\/nosotros\/buzon-sugerencias\/#breadcrumb\",\"itemListElement\":[{\"@type\":\"ListItem\",\"position\":1,\"name\":\"Inici\",\"item\":\"https:\/\/www.gremi-obres.org\/es\/\"},{\"@type\":\"ListItem\",\"position\":2,\"name\":\"Nosotros\",\"item\":\"https:\/\/www.gremi-obres.org\/es\/nosotros\/\"},{\"@type\":\"ListItem\",\"position\":3,\"name\":\"Buz\u00f3n de sugerencias\"}]},{\"@type\":\"WebSite\",\"@id\":\"https:\/\/www.gremi-obres.org\/#website\",\"url\":\"https:\/\/www.gremi-obres.org\/\",\"name\":\"Gremi de Constructors d&#039;Obres de Barcelona i Comarques\",\"description\":\"La missi\u00f3 del Gremi \u00e9s la de defensar els  interessos de les empreses constructores i rehabilitadores agremiades i recolzar-les en les necessitats de la seva activitat mitjan\u00e7ant serveis, recursos, formaci\u00f3, assessorament i informaci\u00f3\",\"potentialAction\":[{\"@type\":\"SearchAction\",\"target\":{\"@type\":\"EntryPoint\",\"urlTemplate\":\"https:\/\/www.gremi-obres.org\/?s={search_term_string}\"},\"query-input\":{\"@type\":\"PropertyValueSpecification\",\"valueRequired\":true,\"valueName\":\"search_term_string\"}}],\"inLanguage\":\"es\"}]}<\/script>\n<!-- \/ Yoast SEO plugin. -->","yoast_head_json":{"title":"Buz\u00f3n de sugerencias - Gremi de Constructors d&#039;Obres de Barcelona i Comarques","description":"Si tienes alguna sugerencia, \u00a1estamos encantados de escuchar y tomar nota! Mediante el buz\u00f3n puedes indicarnos lo que quieras relacionado con el Gremio.","robots":{"index":"index","follow":"follow","max-snippet":"max-snippet:-1","max-image-preview":"max-image-preview:large","max-video-preview":"max-video-preview:-1"},"canonical":"https:\/\/www.gremi-obres.org\/es\/nosotros\/buzon-sugerencias\/","og_locale":"es_ES","og_type":"article","og_title":"Buz\u00f3n de sugerencias - Gremi de Constructors d&#039;Obres de Barcelona i Comarques","og_description":"Si tienes alguna sugerencia, \u00a1estamos encantados de escuchar y tomar nota! Mediante el buz\u00f3n puedes indicarnos lo que quieras relacionado con el Gremio.","og_url":"https:\/\/www.gremi-obres.org\/es\/nosotros\/buzon-sugerencias\/","og_site_name":"Gremi de Constructors d&#039;Obres de Barcelona i Comarques","article_modified_time":"2021-07-30T07:25:28+00:00","og_image":[{"url":"https:\/\/gremi-obres.org\/wp-content\/uploads\/2018\/10\/mailbox-300x139.jpg","type":"","width":"","height":""}],"twitter_card":"summary_large_image","twitter_misc":{"Tiempo de lectura":"1 minuto"},"schema":{"@context":"https:\/\/schema.org","@graph":[{"@type":"WebPage","@id":"https:\/\/www.gremi-obres.org\/es\/nosotros\/buzon-sugerencias\/","url":"https:\/\/www.gremi-obres.org\/es\/nosotros\/buzon-sugerencias\/","name":"Buz\u00f3n de sugerencias - Gremi de Constructors d&#039;Obres de Barcelona i Comarques","isPartOf":{"@id":"https:\/\/www.gremi-obres.org\/#website"},"primaryImageOfPage":{"@id":"https:\/\/www.gremi-obres.org\/es\/nosotros\/buzon-sugerencias\/#primaryimage"},"image":{"@id":"https:\/\/www.gremi-obres.org\/es\/nosotros\/buzon-sugerencias\/#primaryimage"},"thumbnailUrl":"https:\/\/gremi-obres.org\/wp-content\/uploads\/2018\/10\/mailbox-300x139.jpg","datePublished":"2018-10-03T16:22:18+00:00","dateModified":"2021-07-30T07:25:28+00:00","description":"Si tienes alguna sugerencia, \u00a1estamos encantados de escuchar y tomar nota! Mediante el buz\u00f3n puedes indicarnos lo que quieras relacionado con el Gremio.","breadcrumb":{"@id":"https:\/\/www.gremi-obres.org\/es\/nosotros\/buzon-sugerencias\/#breadcrumb"},"inLanguage":"es","potentialAction":[{"@type":"ReadAction","target":["https:\/\/www.gremi-obres.org\/es\/nosotros\/buzon-sugerencias\/"]}]},{"@type":"ImageObject","inLanguage":"es","@id":"https:\/\/www.gremi-obres.org\/es\/nosotros\/buzon-sugerencias\/#primaryimage","url":"https:\/\/gremi-obres.org\/wp-content\/uploads\/2018\/10\/mailbox-300x139.jpg","contentUrl":"https:\/\/gremi-obres.org\/wp-content\/uploads\/2018\/10\/mailbox-300x139.jpg"},{"@type":"BreadcrumbList","@id":"https:\/\/www.gremi-obres.org\/es\/nosotros\/buzon-sugerencias\/#breadcrumb","itemListElement":[{"@type":"ListItem","position":1,"name":"Inici","item":"https:\/\/www.gremi-obres.org\/es\/"},{"@type":"ListItem","position":2,"name":"Nosotros","item":"https:\/\/www.gremi-obres.org\/es\/nosotros\/"},{"@type":"ListItem","position":3,"name":"Buz\u00f3n de sugerencias"}]},{"@type":"WebSite","@id":"https:\/\/www.gremi-obres.org\/#website","url":"https:\/\/www.gremi-obres.org\/","name":"Gremi de Constructors d&#039;Obres de Barcelona i Comarques","description":"La missi\u00f3 del Gremi \u00e9s la de defensar els  interessos de les empreses constructores i rehabilitadores agremiades i recolzar-les en les necessitats de la seva activitat mitjan\u00e7ant serveis, recursos, formaci\u00f3, assessorament i informaci\u00f3","potentialAction":[{"@type":"SearchAction","target":{"@type":"EntryPoint","urlTemplate":"https:\/\/www.gremi-obres.org\/?s={search_term_string}"},"query-input":{"@type":"PropertyValueSpecification","valueRequired":true,"valueName":"search_term_string"}}],"inLanguage":"es"}]}},"_links":{"self":[{"href":"https:\/\/www.gremi-obres.org\/es\/wp-json\/wp\/v2\/pages\/22464","targetHints":{"allow":["GET"]}}],"collection":[{"href":"https:\/\/www.gremi-obres.org\/es\/wp-json\/wp\/v2\/pages"}],"about":[{"href":"https:\/\/www.gremi-obres.org\/es\/wp-json\/wp\/v2\/types\/page"}],"author":[{"embeddable":true,"href":"https:\/\/www.gremi-obres.org\/es\/wp-json\/wp\/v2\/users\/1"}],"replies":[{"embeddable":true,"href":"https:\/\/www.gremi-obres.org\/es\/wp-json\/wp\/v2\/comments?post=22464"}],"version-history":[{"count":7,"href":"https:\/\/www.gremi-obres.org\/es\/wp-json\/wp\/v2\/pages\/22464\/revisions"}],"predecessor-version":[{"id":30383,"href":"https:\/\/www.gremi-obres.org\/es\/wp-json\/wp\/v2\/pages\/22464\/revisions\/30383"}],"up":[{"embeddable":true,"href":"https:\/\/www.gremi-obres.org\/es\/wp-json\/wp\/v2\/pages\/18430"}],"wp:attachment":[{"href":"https:\/\/www.gremi-obres.org\/es\/wp-json\/wp\/v2\/media?parent=22464"}],"curies":[{"name":"wp","href":"https:\/\/api.w.org\/{rel}","templated":true}]}}