{"id":19256,"date":"2016-11-16T20:53:14","date_gmt":"2016-11-16T12:53:14","guid":{"rendered":"https:\/\/gremi-obres.org\/es\/?page_id=19256"},"modified":"2026-01-13T20:23:25","modified_gmt":"2026-01-13T12:23:25","slug":"hazte-socio-gremi","status":"publish","type":"page","link":"https:\/\/www.gremi-obres.org\/es\/hazte-socio-gremi\/","title":{"rendered":"\u00bfQuieres agremiarte?"},"content":{"rendered":"<p>[vc_row row_type=\u00bbrow\u00bb use_row_as_full_screen_section=\u00bbno\u00bb type=\u00bbgrid\u00bb angled_section=\u00bbno\u00bb text_align=\u00bbleft\u00bb background_image_as_pattern=\u00bbwithout_pattern\u00bb css_animation=\u00bb\u00bb][vc_column width=\u00bb1\/2&#8243;][vc_column_text][\/vc_column_text][vc_column_text]<\/p>\n<h2><span style=\"color: #800000;\"><strong>\u00bfQuieres agremiarte?<\/strong><\/span><\/h2>\n<p>Adem\u00e1s de ser una entidad representativa de los intereses de las empresas constructoras y rehabilitadoras, y de contribuir a la mejora permanente del sector, la misi\u00f3n del Gremio es tambi\u00e9n la de apoyar a las empresas agremiadas en su actividad mediante diferentes servicios.<\/p>\n<p><strong>Si a\u00fan no est\u00e1is agremiados y os interesar\u00eda pertenecer al Gremio de Constructores de Obras de Barcelona y Comarcas, con 1300 empresas agremiadas en Barcelona y provincia, pod\u00e9is llamar al 932 659 430 y preguntar por Atenci\u00f3n a las empresas, enviar un correo a rbarnada@gremi-obres.org o cumplimentar el formulario de contacto de esta p\u00e1gina. Adem\u00e1s siempre estamos dispuestos a recibirte en la sede de la entidad (al lado de la Plaza Tetu\u00e1n de Barcelona, en Gran Via 663) o en la de vuestra empresa, para aclararte cualquier duda.<\/strong><\/p>\n<p>[\/vc_column_text][vc_separator type=\u00bbtransparent\u00bb thickness=\u00bb5&#8243;]<a href=\"https:\/\/gremi-obres.org\/es\/zona-socios\/servicios-gremi-constructores\/\" target=\" _blank\" title=\"Servicios del Gremi para las empresas\"  data-id=\"mpc_button-9469ea04de7946d\" class=\"mpc-button mpc-init mpc-transition \" ><div class=\"mpc-button__content mpc-effect-type--none mpc-effect-side--none\"><span class=\"mpc-button__title mpc-transition\">LISTA DE SERVICIOS PARA EMPRESAS AGREMIADAS<\/span><\/div><div class=\"mpc-button__background mpc-transition mpc-effect-type--expand mpc-effect-side--horizontal\"><\/div><\/a>[vc_separator type=\u00bbtransparent\u00bb thickness=\u00bb5&#8243;][vc_separator type=\u00bbtransparent\u00bb thickness=\u00bb5&#8243;][vc_column_text]<\/p>\n<h3>Dudas frecuentes\u2026<\/h3>\n<h5><span style=\"color: #ffffff;\">\u2013<\/span><\/h5>\n<h5><strong>-\u00bfQu\u00e9 empresas pueden agremiarse?<\/strong><\/h5>\n<p>Cualquier empresa o persona aut\u00f3noma relacionada con el sector de la construcci\u00f3n, la rehabilitaci\u00f3n o las reformas y que parte de su actividad sea en Catalunya.<\/p>\n<h5><strong>-\u00bfQu\u00e9 documentaci\u00f3n hay que presentar?<\/strong><\/h5>\n<p>Aut\u00f3nomos y empresas:<br \/>\n&#8211; Formulario de Inscripci\u00f3n en el Gremi cumplimentado.<br \/>\n&#8211; Copia del comprobante de pago.<br \/>\n&#8211; Firma de aceptaci\u00f3n de condiciones.<\/p>\n<p>S\u00f3lo empresas:<br \/>\n&#8211; Copia del \u00faltimo impuesto de sociedades o resumen anual de IVA.<\/p>\n<h5><strong>-\u00bfCu\u00e1les son las cuotas de agremiaci\u00f3n?<\/strong><\/h5>\n<p>Pueden consultarse en el <a href=\"https:\/\/www.gremi-obres.org\/wp-content\/uploads\/2025\/01\/2alta-i-cond_2025.pdf\" target=\"_blank\" rel=\"noopener\">Formulario de Inscripci\u00f3n en el Gremi.<\/a>[\/vc_column_text][vc_separator type=\u00bbtransparent\u00bb thickness=\u00bb10&#8243;][\/vc_column][vc_column width=\u00bb1\/2&#8243; css=\u00bb.vc_custom_1629358283161{padding-left: 4% !important;}\u00bb][vc_column_text]<\/p>\n<h3>Si quieres agremiarte&#8230;<\/h3>\n<p>[\/vc_column_text][vc_separator type=\u00bbtransparent\u00bb thickness=\u00bb15&#8243;][vc_column_text]<\/p>\n<h5>Rellena el Formulario de Inscripci\u00f3n en el Gremi y env\u00edalo v\u00eda correo electr\u00f3nico a rbarnada@gremi-obres.org. Contactaremos contigo para acabar de formalizar la agremiaci\u00f3n:<\/h5>\n<p>[\/vc_column_text]<a href=\"https:\/\/www.gremi-obres.org\/wp-content\/uploads\/2026\/01\/2alta-i-cond_2026.pdf\" target=\" _blank\" title=\"formulario alta gremi 2025\"  data-id=\"mpc_button-2469ea04de7951a\" class=\"mpc-button mpc-init mpc-transition \" ><div class=\"mpc-button__content mpc-effect-type--none mpc-effect-side--none\"><span class=\"mpc-button__title mpc-transition\">DESCARGAR FORMULARIO DE INSCRIPCI\u00d3N EN EL GREMI<\/span><\/div><div class=\"mpc-button__background mpc-transition mpc-effect-type--expand mpc-effect-side--horizontal\"><\/div><\/a>[vc_separator type=\u00bbtransparent\u00bb thickness=\u00bb2&#8243;][vc_separator type=\u00bbtransparent\u00bb thickness=\u00bb2&#8243;][vc_column_text]<\/p>\n<h3>Si quieres inscribirte en la Comisi\u00f3n de Rehabilitaci\u00f3n y Mantenimiento de los Edificios (RiMe)&#8230;<\/h3>\n<p>[\/vc_column_text][vc_separator type=\u00bbtransparent\u00bb thickness=\u00bb15&#8243;][vc_column_text]<\/p>\n<h5>Rellena el Formulario de Inscripci\u00f3n en la RiMe y env\u00edalo v\u00eda correo electr\u00f3nico a rbarnada@gremi-obres.org:<\/h5>\n<p>[\/vc_column_text]<a href=\"https:\/\/www.gremi-obres.org\/wp-content\/uploads\/2026\/01\/3-alta-rime-2026.pdf\" target=\" _blank\" title=\"formulario alta rime 2022\"  data-id=\"mpc_button-5269ea04de79585\" class=\"mpc-button mpc-init mpc-transition \" ><div class=\"mpc-button__content mpc-effect-type--none mpc-effect-side--none\"><span class=\"mpc-button__title mpc-transition\">DESCARGAR FORMULARIO DE INSCRIPCI\u00d3N EN LA COMISI\u00d3N RIME<\/span><\/div><div class=\"mpc-button__background mpc-transition mpc-effect-type--expand mpc-effect-side--horizontal\"><\/div><\/a>[vc_separator type=\u00bbtransparent\u00bb thickness=\u00bb2&#8243;][vc_separator type=\u00bbtransparent\u00bb thickness=\u00bb15&#8243;][vc_column_text]<\/p>\n<h3>Consulta sobre la agremiaci\u00f3n<\/h3>\n<p>[\/vc_column_text]\n<div class=\"wpcf7 no-js\" id=\"wpcf7-f18715-o1\" lang=\"ca\" dir=\"ltr\" data-wpcf7-id=\"18715\">\n<div class=\"screen-reader-response\"><p role=\"status\" aria-live=\"polite\" aria-atomic=\"true\"><\/p> <ul><\/ul><\/div>\n<form action=\"\/es\/wp-json\/wp\/v2\/pages\/19256#wpcf7-f18715-o1\" method=\"post\" class=\"wpcf7-form init cf7_custom_style_2\" aria-label=\"Formulari de contacte\" novalidate=\"novalidate\" data-status=\"init\">\n<fieldset class=\"hidden-fields-container\"><input type=\"hidden\" name=\"_wpcf7\" value=\"18715\" \/><input type=\"hidden\" name=\"_wpcf7_version\" value=\"6.1.4\" \/><input type=\"hidden\" name=\"_wpcf7_locale\" value=\"ca\" \/><input type=\"hidden\" name=\"_wpcf7_unit_tag\" value=\"wpcf7-f18715-o1\" \/><input type=\"hidden\" name=\"_wpcf7_container_post\" value=\"0\" \/><input type=\"hidden\" name=\"_wpcf7_posted_data_hash\" value=\"\" \/><input type=\"hidden\" name=\"_wpcf7_recaptcha_response\" value=\"\" \/>\n<\/fieldset>\n<p>Nombre\n<\/p>\n<p><span class=\"wpcf7-form-control-wrap\" data-name=\"your-name\"><input size=\"40\" maxlength=\"400\" class=\"wpcf7-form-control wpcf7-text wpcf7-validates-as-required\" aria-required=\"true\" aria-invalid=\"false\" value=\"\" type=\"text\" name=\"your-name\" \/><\/span>\n<\/p>\n<p>Empresa:\n<\/p>\n<p><span class=\"wpcf7-form-control-wrap\" data-name=\"your-empresa\"><input size=\"40\" maxlength=\"400\" class=\"wpcf7-form-control wpcf7-text wpcf7-validates-as-required\" aria-required=\"true\" aria-invalid=\"false\" value=\"\" type=\"text\" name=\"your-empresa\" \/><\/span>\n<\/p>\n<p>CIF:\n<\/p>\n<p><span class=\"wpcf7-form-control-wrap\" data-name=\"your-cif\"><input size=\"40\" maxlength=\"400\" class=\"wpcf7-form-control wpcf7-text wpcf7-validates-as-required\" aria-required=\"true\" aria-invalid=\"false\" value=\"\" type=\"text\" name=\"your-cif\" \/><\/span>\n<\/p>\n<p>Email\n<\/p>\n<p><span class=\"wpcf7-form-control-wrap\" data-name=\"your-email\"><input size=\"40\" maxlength=\"400\" class=\"wpcf7-form-control wpcf7-email wpcf7-validates-as-required wpcf7-text wpcf7-validates-as-email\" aria-required=\"true\" aria-invalid=\"false\" value=\"\" type=\"email\" name=\"your-email\" \/><\/span>\n<\/p>\n<p>Tel\u00e9fono\n<\/p>\n<p><span class=\"wpcf7-form-control-wrap\" data-name=\"telef\"><input size=\"40\" maxlength=\"400\" class=\"wpcf7-form-control wpcf7-tel wpcf7-validates-as-required wpcf7-text wpcf7-validates-as-tel\" aria-required=\"true\" aria-invalid=\"false\" value=\"\" type=\"tel\" name=\"telef\" \/><\/span>\n<\/p>\n<p>Mensaje\n<\/p>\n<p><span class=\"wpcf7-form-control-wrap\" data-name=\"your-message\"><textarea cols=\"40\" rows=\"10\" maxlength=\"2000\" class=\"wpcf7-form-control wpcf7-textarea wpcf7-validates-as-required\" aria-required=\"true\" aria-invalid=\"false\" name=\"your-message\"><\/textarea><\/span>\n<\/p>\n<p><input class=\"wpcf7-form-control wpcf7-submit has-spinner\" type=\"submit\" value=\"Enviar\" \/>\n<\/p>\n<p><span class=\"wpcf7-form-control-wrap\" data-name=\"acceptance-324\"><span class=\"wpcf7-form-control wpcf7-acceptance\"><span class=\"wpcf7-list-item\"><input type=\"checkbox\" name=\"acceptance-324\" value=\"1\" aria-invalid=\"false\" \/><\/span><\/span><\/span> He le\u00eddo y acepto la <a href=\"https:\/\/gremi-obres.org\/avis-legal-de-la-web\/\">Pol\u00edtica de Privacidad<\/a> (obligatori)\n<\/p>\n<h6>Los datos obligatorios son imprescindibles para tramitar la solicitud. El resto de datos se solicitan para ofrecer un mejor servicio y comunicaci\u00f3n. El solicitante autoriza la incorporaci\u00f3n de todos los datos mencionados en un archivo titularidad del Gremio de Constructores de Obras de Barcelona y Comarcas, con domicilio en Barcelona, Gran V\u00eda de las Cortes Catalanas, n\u00fam. 663, que tiene como finalidad tramitar la solicitud. Asimismo, autoriza que se le env\u00ede informaci\u00f3n y ofertas comerciales por correo electr\u00f3nico o alg\u00fan otro medio de comunicaci\u00f3n electr\u00f3nica equivalente. Conforme al Reglamento General de Protecci\u00f3n de Datos 2016\/679, el solicitante dispone de los derechos de acceso, rectificaci\u00f3n y cancelaci\u00f3n de estos datos, as\u00ed como oponerse a su tratamiento mediante escrito a la direcci\u00f3n anteriormente indicada con la referencia Protecci\u00f3n de Datos.\n<\/h6><div class=\"wpcf7-response-output\" aria-hidden=\"true\"><\/div>\n<\/form>\n<\/div>\n[vc_separator type=\u00bbtransparent\u00bb thickness=\u00bb15&#8243;][\/vc_column][\/vc_row][vc_row row_type=\u00bbrow\u00bb use_row_as_full_screen_section=\u00bbno\u00bb type=\u00bbfull_width\u00bb angled_section=\u00bbno\u00bb text_align=\u00bbleft\u00bb background_image_as_pattern=\u00bbwithout_pattern\u00bb css_animation=\u00bb\u00bb][vc_column][vc_separator type=\u00bbtransparent\u00bb][\/vc_column][\/vc_row][vc_row row_type=\u00bbrow\u00bb use_row_as_full_screen_section=\u00bbno\u00bb type=\u00bbfull_width\u00bb angled_section=\u00bbno\u00bb text_align=\u00bbleft\u00bb background_image_as_pattern=\u00bbwithout_pattern\u00bb css_animation=\u00bb\u00bb][vc_column css=\u00bb.vc_custom_1629358535906{padding-top: 2% !important;padding-right: 5% !important;padding-bottom: 2% !important;padding-left: 4% !important;background-image: url(https:\/\/gremi-obres.org\/wp-content\/uploads\/2021\/08\/gris-claro-2.png?id=31161) !important;}\u00bb][vc_column_text]<\/p>\n<h2><span style=\"color: #808080;\"><strong>Hacemos Gremi, AVANZAMOS<\/strong><\/span><\/h2>\n<p><strong>INNOVAMOS<\/strong> para dar siempre un paso adelante en todos los servicios que tienes a tu disposici\u00f3n.<\/p>\n<p><strong>REPRESENTAMOS<\/strong> a las empresas agremiadas, defendiendo sus intereses en la negociaci\u00f3n de convenios, normativas, presupuestos, leyes, etc.<\/p>\n<p><strong>INFORMACI\u00d3N<\/strong> semanal para que conozcas lo que necesitas para prosperar y aprovechar las oportunidades: convocatorias de ayudas, nuevas normativas, oportunidades en el sector, etc.<\/p>\n<p><strong>INNOVAMOS p<\/strong>ara dar siempre un paso adelante en todos los servicios que tienes a tu disposici\u00f3n.<\/p>\n<p><b>SERVICIOS EMPRESARIALES<\/b> especializados en el sector de la construcci\u00f3n y con descuentos para empresas agremiadas.<\/p>\n<p>Amplia <strong>OFERTA FORMATIVA<\/strong> a tu disposici\u00f3n. Descuentos para empresas agremiadas en cursos de especialidades en las obras.<\/p>\n<p><strong>GESTORIA LABORAL<\/strong> y <strong>CONTABLE<\/strong> cercana, especializada y pensada para pymes constructoras y rehabilitadoras.<\/p>\n<p>Expertos en <strong>PREVENCI\u00d3N<\/strong> y <strong>SEGUROS<\/strong> del sector.<\/p>\n<p>Todo tipo de <strong>VENTAJAS EN PRODUCTOS<\/strong> y <strong>SERVICIOS<\/strong> para que puedas disponer de las mejores condiciones.<\/p>\n<p>En definitiva, <strong>UNA ASOCIACI\u00d3N PENSADA PARA TI<\/strong>, para hacerte ganar tiempo y recursos, para que encuentres todo lo que buscas, que te hace falta y que deseas, porque desde el Gremio te ayudamos\u00a0en tu proyecto.<\/p>\n<p>[\/vc_column_text][\/vc_column][\/vc_row][vc_row row_type=\u00bbrow\u00bb use_row_as_full_screen_section=\u00bbno\u00bb type=\u00bbfull_width\u00bb angled_section=\u00bbno\u00bb text_align=\u00bbleft\u00bb background_image_as_pattern=\u00bbwithout_pattern\u00bb css_animation=\u00bb\u00bb][vc_column][vc_separator type=\u00bbtransparent\u00bb][\/vc_column][\/vc_row]<\/p>\n","protected":false},"excerpt":{"rendered":"<p>[vc_row row_type=\u00bbrow\u00bb use_row_as_full_screen_section=\u00bbno\u00bb type=\u00bbgrid\u00bb angled_section=\u00bbno\u00bb text_align=\u00bbleft\u00bb background_image_as_pattern=\u00bbwithout_pattern\u00bb css_animation=\u00bb\u00bb][vc_column width=\u00bb1\/2&#8243;][vc_column_text][\/vc_column_text][vc_column_text] \u00bfQuieres agremiarte? Adem\u00e1s de ser una entidad representativa de los intereses de las empresas constructoras y rehabilitadoras, y de contribuir a la mejora permanente del sector, la misi\u00f3n del Gremio es tambi\u00e9n la de apoyar a las empresas agremiadas en su actividad mediante diferentes servicios. Si a\u00fan no est\u00e1is agremiados y os interesar\u00eda pertenecer al Gremio de Constructores de Obras de Barcelona y Comarcas, con 1300 empresas agremiadas en Barcelona y provincia, pod\u00e9is llamar al 932 659 430 y preguntar por Atenci\u00f3n a las empresas, enviar un correo a rbarnada@gremi-obres.org o<\/p>\n","protected":false},"author":3,"featured_media":0,"parent":0,"menu_order":0,"comment_status":"closed","ping_status":"closed","template":"","meta":{"_acf_changed":false,"footnotes":""},"class_list":["post-19256","page","type-page","status-publish","hentry"],"acf":[],"yoast_head":"<!-- This site is optimized with the Yoast SEO plugin v26.6 - https:\/\/yoast.com\/wordpress\/plugins\/seo\/ -->\n<title>\u00bfQuieres agremiarte? - Gremi de Constructors d&#039;Obres de Barcelona i Comarques<\/title>\n<meta name=\"robots\" content=\"index, follow, max-snippet:-1, max-image-preview:large, max-video-preview:-1\" \/>\n<link rel=\"canonical\" href=\"https:\/\/www.gremi-obres.org\/es\/hazte-socio-gremi\/\" \/>\n<meta property=\"og:locale\" content=\"es_ES\" \/>\n<meta property=\"og:type\" content=\"article\" \/>\n<meta property=\"og:title\" content=\"\u00bfQuieres agremiarte? - Gremi de Constructors d&#039;Obres de Barcelona i Comarques\" \/>\n<meta property=\"og:description\" content=\"[vc_row row_type=\u00bbrow\u00bb use_row_as_full_screen_section=\u00bbno\u00bb type=\u00bbgrid\u00bb angled_section=\u00bbno\u00bb text_align=\u00bbleft\u00bb background_image_as_pattern=\u00bbwithout_pattern\u00bb css_animation=\u00bb\u00bb][vc_column width=\u00bb1\/2&#8243;][vc_column_text][\/vc_column_text][vc_column_text] \u00bfQuieres agremiarte? Adem\u00e1s de ser una entidad representativa de los intereses de las empresas constructoras y rehabilitadoras, y de contribuir a la mejora permanente del sector, la misi\u00f3n del Gremio es tambi\u00e9n la de apoyar a las empresas agremiadas en su actividad mediante diferentes servicios. Si a\u00fan no est\u00e1is agremiados y os interesar\u00eda pertenecer al Gremio de Constructores de Obras de Barcelona y Comarcas, con 1300 empresas agremiadas en Barcelona y provincia, pod\u00e9is llamar al 932 659 430 y preguntar por Atenci\u00f3n a las empresas, enviar un correo a rbarnada@gremi-obres.org o\" \/>\n<meta property=\"og:url\" content=\"https:\/\/www.gremi-obres.org\/es\/hazte-socio-gremi\/\" \/>\n<meta property=\"og:site_name\" content=\"Gremi de Constructors d&#039;Obres de Barcelona i Comarques\" \/>\n<meta property=\"article:modified_time\" content=\"2026-01-13T12:23:25+00:00\" \/>\n<meta name=\"twitter:card\" content=\"summary_large_image\" \/>\n<meta name=\"twitter:label1\" content=\"Tiempo de lectura\" \/>\n\t<meta name=\"twitter:data1\" content=\"4 minutos\" \/>\n<script type=\"application\/ld+json\" class=\"yoast-schema-graph\">{\"@context\":\"https:\/\/schema.org\",\"@graph\":[{\"@type\":\"WebPage\",\"@id\":\"https:\/\/www.gremi-obres.org\/es\/hazte-socio-gremi\/\",\"url\":\"https:\/\/www.gremi-obres.org\/es\/hazte-socio-gremi\/\",\"name\":\"\u00bfQuieres agremiarte? - Gremi de Constructors d&#039;Obres de Barcelona i Comarques\",\"isPartOf\":{\"@id\":\"https:\/\/www.gremi-obres.org\/#website\"},\"datePublished\":\"2016-11-16T12:53:14+00:00\",\"dateModified\":\"2026-01-13T12:23:25+00:00\",\"breadcrumb\":{\"@id\":\"https:\/\/www.gremi-obres.org\/es\/hazte-socio-gremi\/#breadcrumb\"},\"inLanguage\":\"es\",\"potentialAction\":[{\"@type\":\"ReadAction\",\"target\":[\"https:\/\/www.gremi-obres.org\/es\/hazte-socio-gremi\/\"]}]},{\"@type\":\"BreadcrumbList\",\"@id\":\"https:\/\/www.gremi-obres.org\/es\/hazte-socio-gremi\/#breadcrumb\",\"itemListElement\":[{\"@type\":\"ListItem\",\"position\":1,\"name\":\"Inici\",\"item\":\"https:\/\/www.gremi-obres.org\/es\/\"},{\"@type\":\"ListItem\",\"position\":2,\"name\":\"\u00bfQuieres agremiarte?\"}]},{\"@type\":\"WebSite\",\"@id\":\"https:\/\/www.gremi-obres.org\/#website\",\"url\":\"https:\/\/www.gremi-obres.org\/\",\"name\":\"Gremi de Constructors d&#039;Obres de Barcelona i Comarques\",\"description\":\"La missi\u00f3 del Gremi \u00e9s la de defensar els  interessos de les empreses constructores i rehabilitadores agremiades i recolzar-les en les necessitats de la seva activitat mitjan\u00e7ant serveis, recursos, formaci\u00f3, assessorament i informaci\u00f3\",\"potentialAction\":[{\"@type\":\"SearchAction\",\"target\":{\"@type\":\"EntryPoint\",\"urlTemplate\":\"https:\/\/www.gremi-obres.org\/?s={search_term_string}\"},\"query-input\":{\"@type\":\"PropertyValueSpecification\",\"valueRequired\":true,\"valueName\":\"search_term_string\"}}],\"inLanguage\":\"es\"}]}<\/script>\n<!-- \/ Yoast SEO plugin. -->","yoast_head_json":{"title":"\u00bfQuieres agremiarte? - Gremi de Constructors d&#039;Obres de Barcelona i Comarques","robots":{"index":"index","follow":"follow","max-snippet":"max-snippet:-1","max-image-preview":"max-image-preview:large","max-video-preview":"max-video-preview:-1"},"canonical":"https:\/\/www.gremi-obres.org\/es\/hazte-socio-gremi\/","og_locale":"es_ES","og_type":"article","og_title":"\u00bfQuieres agremiarte? - Gremi de Constructors d&#039;Obres de Barcelona i Comarques","og_description":"[vc_row row_type=\u00bbrow\u00bb use_row_as_full_screen_section=\u00bbno\u00bb type=\u00bbgrid\u00bb angled_section=\u00bbno\u00bb text_align=\u00bbleft\u00bb background_image_as_pattern=\u00bbwithout_pattern\u00bb css_animation=\u00bb\u00bb][vc_column width=\u00bb1\/2&#8243;][vc_column_text][\/vc_column_text][vc_column_text] \u00bfQuieres agremiarte? Adem\u00e1s de ser una entidad representativa de los intereses de las empresas constructoras y rehabilitadoras, y de contribuir a la mejora permanente del sector, la misi\u00f3n del Gremio es tambi\u00e9n la de apoyar a las empresas agremiadas en su actividad mediante diferentes servicios. Si a\u00fan no est\u00e1is agremiados y os interesar\u00eda pertenecer al Gremio de Constructores de Obras de Barcelona y Comarcas, con 1300 empresas agremiadas en Barcelona y provincia, pod\u00e9is llamar al 932 659 430 y preguntar por Atenci\u00f3n a las empresas, enviar un correo a rbarnada@gremi-obres.org o","og_url":"https:\/\/www.gremi-obres.org\/es\/hazte-socio-gremi\/","og_site_name":"Gremi de Constructors d&#039;Obres de Barcelona i Comarques","article_modified_time":"2026-01-13T12:23:25+00:00","twitter_card":"summary_large_image","twitter_misc":{"Tiempo de lectura":"4 minutos"},"schema":{"@context":"https:\/\/schema.org","@graph":[{"@type":"WebPage","@id":"https:\/\/www.gremi-obres.org\/es\/hazte-socio-gremi\/","url":"https:\/\/www.gremi-obres.org\/es\/hazte-socio-gremi\/","name":"\u00bfQuieres agremiarte? - Gremi de Constructors d&#039;Obres de Barcelona i Comarques","isPartOf":{"@id":"https:\/\/www.gremi-obres.org\/#website"},"datePublished":"2016-11-16T12:53:14+00:00","dateModified":"2026-01-13T12:23:25+00:00","breadcrumb":{"@id":"https:\/\/www.gremi-obres.org\/es\/hazte-socio-gremi\/#breadcrumb"},"inLanguage":"es","potentialAction":[{"@type":"ReadAction","target":["https:\/\/www.gremi-obres.org\/es\/hazte-socio-gremi\/"]}]},{"@type":"BreadcrumbList","@id":"https:\/\/www.gremi-obres.org\/es\/hazte-socio-gremi\/#breadcrumb","itemListElement":[{"@type":"ListItem","position":1,"name":"Inici","item":"https:\/\/www.gremi-obres.org\/es\/"},{"@type":"ListItem","position":2,"name":"\u00bfQuieres agremiarte?"}]},{"@type":"WebSite","@id":"https:\/\/www.gremi-obres.org\/#website","url":"https:\/\/www.gremi-obres.org\/","name":"Gremi de Constructors d&#039;Obres de Barcelona i Comarques","description":"La missi\u00f3 del Gremi \u00e9s la de defensar els  interessos de les empreses constructores i rehabilitadores agremiades i recolzar-les en les necessitats de la seva activitat mitjan\u00e7ant serveis, recursos, formaci\u00f3, assessorament i informaci\u00f3","potentialAction":[{"@type":"SearchAction","target":{"@type":"EntryPoint","urlTemplate":"https:\/\/www.gremi-obres.org\/?s={search_term_string}"},"query-input":{"@type":"PropertyValueSpecification","valueRequired":true,"valueName":"search_term_string"}}],"inLanguage":"es"}]}},"_links":{"self":[{"href":"https:\/\/www.gremi-obres.org\/es\/wp-json\/wp\/v2\/pages\/19256","targetHints":{"allow":["GET"]}}],"collection":[{"href":"https:\/\/www.gremi-obres.org\/es\/wp-json\/wp\/v2\/pages"}],"about":[{"href":"https:\/\/www.gremi-obres.org\/es\/wp-json\/wp\/v2\/types\/page"}],"author":[{"embeddable":true,"href":"https:\/\/www.gremi-obres.org\/es\/wp-json\/wp\/v2\/users\/3"}],"replies":[{"embeddable":true,"href":"https:\/\/www.gremi-obres.org\/es\/wp-json\/wp\/v2\/comments?post=19256"}],"version-history":[{"count":44,"href":"https:\/\/www.gremi-obres.org\/es\/wp-json\/wp\/v2\/pages\/19256\/revisions"}],"predecessor-version":[{"id":46694,"href":"https:\/\/www.gremi-obres.org\/es\/wp-json\/wp\/v2\/pages\/19256\/revisions\/46694"}],"wp:attachment":[{"href":"https:\/\/www.gremi-obres.org\/es\/wp-json\/wp\/v2\/media?parent=19256"}],"curies":[{"name":"wp","href":"https:\/\/api.w.org\/{rel}","templated":true}]}}