{"id":18500,"date":"2016-10-11T02:29:41","date_gmt":"2016-10-10T18:29:41","guid":{"rendered":"https:\/\/gremi-obres.org\/?page_id=18500&#038;lang=es"},"modified":"2016-11-15T18:24:57","modified_gmt":"2016-11-15T10:24:57","slug":"mediacion-de-seguros","status":"publish","type":"page","link":"https:\/\/www.gremi-obres.org\/es\/que-hacemos\/mediacion-de-seguros\/","title":{"rendered":"Mediaci\u00f3n de Seguros"},"content":{"rendered":"<p>[vc_row row_type=\u00bbrow\u00bb use_row_as_full_screen_section=\u00bbno\u00bb type=\u00bbgrid\u00bb angled_section=\u00bbno\u00bb text_align=\u00bbleft\u00bb background_image_as_pattern=\u00bbwithout_pattern\u00bb padding_top=\u00bb30&#8243; css_animation=\u00bb\u00bb][vc_column width=\u00bb2\/3&#8243; css=\u00bb.vc_custom_1469609594958{background-color: #f9f9f9 !important;}\u00bb][vc_row_inner row_type=\u00bbrow\u00bb type=\u00bbfull_width\u00bb text_align=\u00bbleft\u00bb css_animation=\u00bb\u00bb][vc_column_inner][vc_single_image image=\u00bb17779&#8243; img_size=\u00bbfull\u00bb qode_css_animation=\u00bb\u00bb][vc_separator type=\u00bbtransparent\u00bb thickness=\u00bb20&#8243;][\/vc_column_inner][\/vc_row_inner][vc_column_text]<\/p>\n<h2>Analizamos tu\u00a0caso para que tengas las mejores coberturas<\/h2>\n<p>[\/vc_column_text][vc_separator type=\u00bbsmall\u00bb position=\u00bbleft\u00bb color=\u00bb#f29760&#8243; thickness=\u00bb1&#8243; width=\u00bb86&#8243;][vc_column_text]Gestionamos programas de seguros en el \u00e1mbito empresarial con la voluntad de ofrecer las mejores coberturas con las mejores condiciones, adapt\u00e1ndonos a tus necesidades de la mano de la corredur\u00eda de seguros\u00a0<span style=\"color: #800000;\"><a style=\"color: #800000;\" href=\"http:\/\/www.joriarmengol.com\/ca\" target=\"_blank\">Jori Armengol<\/a>.<\/span><\/p>\n<p>Asesoramos y aconsejamos cu\u00e1l es el producto m\u00e1s adecuado para cada situaci\u00f3n empresarial, con un equipo de especialistas formados y permanentemente informados para ayudar a las empresas constructoras a encontrar las soluciones que m\u00e1s les encajan con las mejores garant\u00edas.<\/p>\n<p>Destacamos productos como la Responsabilidad Civil, Todo riesgo construcci\u00f3n, aver\u00eda de maquinaria, contingencias, avales, accidentes de convenio o salud; entre otros.[\/vc_column_text][vc_separator type=\u00bbtransparent\u00bb thickness=\u00bb7&#8243;][vc_row_inner row_type=\u00bbrow\u00bb type=\u00bbfull_width\u00bb text_align=\u00bbleft\u00bb css_animation=\u00bb\u00bb css=\u00bb.vc_custom_1469525538085{background-color: #ffffff !important;}\u00bb][vc_column_inner offset=\u00bbvc_hidden-lg vc_hidden-md vc_hidden-sm\u00bb][vc_separator type=\u00bbnormal\u00bb color=\u00bb#ffffff\u00bb thickness=\u00bb20&#8243;][\/vc_column_inner][\/vc_row_inner][\/vc_column][vc_column width=\u00bb1\/3&#8243;][vc_row_inner row_type=\u00bbrow\u00bb type=\u00bbfull_width\u00bb text_align=\u00bbleft\u00bb padding_top=\u00bb35&#8243; padding_bottom=\u00bb25&#8243; css_animation=\u00bb\u00bb css=\u00bb.vc_custom_1469616450296{margin-right: 30px !important;margin-left: 30px !important;background-color: #f3f3f3 !important;}\u00bb][vc_column_inner][vc_column_text]<\/p>\n<h4 style=\"text-align: center;\">Qu\u00e9 Hacemos<\/h4>\n<p>[\/vc_column_text][vc_separator type=\u00bbsmall\u00bb position=\u00bbcenter\u00bb color=\u00bb#f29760&#8243; thickness=\u00bb1&#8243; up=\u00bb1&#8243; down=\u00bb4&#8243;][vc_separator type=\u00bbtransparent\u00bb thickness=\u00bb1&#8243;][vc_column_text]<\/p>\n<ul>\n<li><a href=\"https:\/\/gremi-obres.org\/es\/que-hacemos\/consultoria-y-asesoria-juridica\/\">Consultoria\u00a0Asesor\u00eda Jur\u00eddica<\/a><\/li>\n<li><a href=\"https:\/\/gremi-obres.org\/es\/que-hacemos\/asesoria-laboral-y-gestoria\/\">Asesor\u00eda Laboral y Gestoria<\/a><\/li>\n<li><a href=\"https:\/\/gremi-obres.org\/es\/que-hacemos\/gestoria-contable\/\">Gestor\u00eda Contable<\/a><\/li>\n<li><a href=\"https:\/\/gremi-obres.org\/es\/que-hacemos\/servicio-de-prevencion-de-riesgos-laborales\/\">Prevenci\u00f3n de Riesgos Lab.<\/a><\/li>\n<li><a href=\"https:\/\/gremi-obres.org\/es\/que-hacemos\/mediacion-de-seguros\/\">Mediaci\u00f3n de Seguros<\/a><\/li>\n<li><a href=\"https:\/\/gremi-obres.org\/es\/que-hacemos\/qualitat-medi-ambient-i-rsc\/\">Calidad y Medio Ambiente<\/a><\/li>\n<li><a href=\"https:\/\/gremi-obres.org\/es\/que-hacemos\/tramitacion-de-certificados-y-registros\/\">Certificados y Registros<\/a><\/li>\n<li><a href=\"https:\/\/gremi-obres.org\/es\/que-hacemos\/marketing-online-para-pymes\/\">Marketing online para Pymes<\/a><\/li>\n<li><a href=\"https:\/\/gremi-obres.org\/es\/que-hacemos\/soluciones-tic\/\">Soluciones TIC<\/a><\/li>\n<li><a href=\"https:\/\/gremi-obres.org\/es\/que-hacemos\/portal-de-trabajo\/\">Portal de Trabajo<\/a><\/li>\n<li><a href=\"https:\/\/gremi-obres.org\/es\/que-hacemos\/buzondenuncias\/\">Buz\u00f3n de Denuncias<\/a><\/li>\n<li><a href=\"https:\/\/gremi-obres.org\/es\/que-hacemos\/alquiler-de-espacios\/\">Alquiler de Espacios<\/a><\/li>\n<li><a href=\"https:\/\/gremi-obres.org\/es\/que-hacemos\/publicaciones\/\">Publicaciones<\/a><\/li>\n<li><a href=\"https:\/\/gremi-obres.org\/es\/que-hacemos\/jornadas\/\">Jornadas<\/a><\/li>\n<\/ul>\n<p>[\/vc_column_text][\/vc_column_inner][\/vc_row_inner][vc_row_inner row_type=\u00bbrow\u00bb type=\u00bbfull_width\u00bb text_align=\u00bbleft\u00bb padding_top=\u00bb18&#8243; css_animation=\u00bb\u00bb css=\u00bb.vc_custom_1469607007891{margin-right: 10px !important;margin-left: 10px !important;padding-left: 30px !important;}\u00bb][vc_column_inner css=\u00bb.vc_custom_1469608015038{margin-left: 10px !important;}\u00bb][\/vc_column_inner][\/vc_row_inner][vc_separator type=\u00bbtransparent\u00bb thickness=\u00bb20&#8243;][vc_row_inner row_type=\u00bbrow\u00bb type=\u00bbfull_width\u00bb text_align=\u00bbleft\u00bb css_animation=\u00bb\u00bb css=\u00bb.vc_custom_1469696625470{margin-right: 30px !important;margin-left: 30px !important;border-top-width: 1px !important;border-right-width: 1px !important;border-bottom-width: 1px !important;border-left-width: 1px !important;padding-right: 15px !important;padding-left: 15px !important;background-color: #f27848 !important;border-left-color: #f27848 !important;border-left-style: solid !important;border-right-color: #f27848 !important;border-right-style: solid !important;border-top-color: #f27848 !important;border-top-style: solid !important;border-bottom-color: #f27848 !important;border-bottom-style: solid !important;}\u00bb][vc_column_inner enable_sticky=\u00bbtrue\u00bb sticky_offset=\u00bb100&#8243;][vc_separator type=\u00bbtransparent\u00bb thickness=\u00bb10&#8243;][vc_column_text]<\/p>\n<h4 style=\"text-align: center;\">Tengo una consulta<\/h4>\n<p>[\/vc_column_text][vc_separator type=\u00bbtransparent\u00bb thickness=\u00bb1&#8243; up=\u00bb1&#8243; down=\u00bb15&#8243;]\n<div class=\"wpcf7 no-js\" id=\"wpcf7-f18664-o1\" lang=\"ca\" dir=\"ltr\" data-wpcf7-id=\"18664\">\n<div class=\"screen-reader-response\"><p role=\"status\" aria-live=\"polite\" aria-atomic=\"true\"><\/p> <ul><\/ul><\/div>\n<form action=\"\/es\/wp-json\/wp\/v2\/pages\/18500#wpcf7-f18664-o1\" method=\"post\" class=\"wpcf7-form init cf7_custom_style_1\" aria-label=\"Formulari de contacte\" novalidate=\"novalidate\" data-status=\"init\">\n<fieldset class=\"hidden-fields-container\"><input type=\"hidden\" name=\"_wpcf7\" value=\"18664\" \/><input type=\"hidden\" name=\"_wpcf7_version\" value=\"6.1.4\" \/><input type=\"hidden\" name=\"_wpcf7_locale\" value=\"ca\" \/><input type=\"hidden\" name=\"_wpcf7_unit_tag\" value=\"wpcf7-f18664-o1\" \/><input type=\"hidden\" name=\"_wpcf7_container_post\" value=\"0\" \/><input type=\"hidden\" name=\"_wpcf7_posted_data_hash\" value=\"\" \/><input type=\"hidden\" name=\"_wpcf7_recaptcha_response\" value=\"\" \/>\n<\/fieldset>\n<p>Nombre\n<\/p>\n<p><span class=\"wpcf7-form-control-wrap\" data-name=\"your-name\"><input size=\"40\" maxlength=\"400\" class=\"wpcf7-form-control wpcf7-text wpcf7-validates-as-required\" aria-required=\"true\" aria-invalid=\"false\" value=\"\" type=\"text\" name=\"your-name\" \/><\/span>\n<\/p>\n<p>Empresa\n<\/p>\n<p><span class=\"wpcf7-form-control-wrap\" data-name=\"your-company\"><input size=\"40\" maxlength=\"400\" class=\"wpcf7-form-control wpcf7-text wpcf7-validates-as-required\" aria-required=\"true\" aria-invalid=\"false\" value=\"\" type=\"text\" name=\"your-company\" \/><\/span>\n<\/p>\n<p>Email\n<\/p>\n<p><span class=\"wpcf7-form-control-wrap\" data-name=\"your-email\"><input size=\"40\" maxlength=\"400\" class=\"wpcf7-form-control wpcf7-email wpcf7-validates-as-required wpcf7-text wpcf7-validates-as-email\" aria-required=\"true\" aria-invalid=\"false\" value=\"\" type=\"email\" name=\"your-email\" \/><\/span>\n<\/p>\n<p>Tel\u00e9fono (opcional)\n<\/p>\n<p><span class=\"wpcf7-form-control-wrap\" data-name=\"telef\"><input size=\"40\" maxlength=\"400\" class=\"wpcf7-form-control wpcf7-tel wpcf7-text wpcf7-validates-as-tel\" aria-invalid=\"false\" value=\"\" type=\"tel\" name=\"telef\" \/><\/span>\n<\/p>\n<p>Mensaje\n<\/p>\n<p><span class=\"wpcf7-form-control-wrap\" data-name=\"your-message\"><textarea cols=\"40\" rows=\"10\" maxlength=\"2000\" class=\"wpcf7-form-control wpcf7-textarea\" aria-invalid=\"false\" name=\"your-message\"><\/textarea><\/span>\n<\/p>\n<p><input class=\"wpcf7-form-control wpcf7-submit has-spinner\" type=\"submit\" value=\"Enviar\" \/>\n<\/p>\n<p><span class=\"wpcf7-form-control-wrap\" data-name=\"acceptance-324\"><span class=\"wpcf7-form-control wpcf7-acceptance\"><span class=\"wpcf7-list-item\"><input type=\"checkbox\" name=\"acceptance-324\" value=\"1\" aria-invalid=\"false\" \/><\/span><\/span><\/span> He le\u00eddo y acepto la <a href=\"https:\/\/gremi-obres.org\/avis-legal-de-la-web\/\">Pol\u00edtica de Privacidad<\/a> (obligatori)\n<\/p>\n<h6>Los datos obligatorios son imprescindibles para tramitar la solicitud. El resto de datos se solicitan para ofrecer un mejor servicio y comunicaci\u00f3n. El solicitante autoriza la incorporaci\u00f3n de todos los datos mencionados en un archivo titularidad del Gremio de Constructores de Obras de Barcelona y Comarcas, con domicilio en Barcelona, Gran V\u00eda de las Cortes Catalanas, n\u00fam. 663, que tiene como finalidad tramitar la solicitud. Asimismo, autoriza que se le env\u00ede informaci\u00f3n y ofertas comerciales por correo electr\u00f3nico o alg\u00fan otro medio de comunicaci\u00f3n electr\u00f3nica equivalente. Conforme al Reglamento General de Protecci\u00f3n de Datos 2016\/679, el solicitante dispone de los derechos de acceso, rectificaci\u00f3n y cancelaci\u00f3n de estos datos, as\u00ed como oponerse a su tratamiento mediante escrito a la direcci\u00f3n anteriormente indicada con la referencia Protecci\u00f3n de Datos.\n<\/h6><div class=\"wpcf7-response-output\" aria-hidden=\"true\"><\/div>\n<\/form>\n<\/div>\n[vc_separator type=\u00bbtransparent\u00bb thickness=\u00bb10&#8243;][\/vc_column_inner][\/vc_row_inner][\/vc_column][\/vc_row][vc_row row_type=\u00bbrow\u00bb use_row_as_full_screen_section=\u00bbno\u00bb type=\u00bbfull_width\u00bb angled_section=\u00bbno\u00bb text_align=\u00bbleft\u00bb background_image_as_pattern=\u00bbwithout_pattern\u00bb css_animation=\u00bb\u00bb][vc_column][vc_separator type=\u00bbtransparent\u00bb thickness=\u00bb55&#8243;][\/vc_column][\/vc_row]<\/p>\n","protected":false},"excerpt":{"rendered":"<p>[vc_row row_type=\u00bbrow\u00bb use_row_as_full_screen_section=\u00bbno\u00bb type=\u00bbgrid\u00bb angled_section=\u00bbno\u00bb text_align=\u00bbleft\u00bb background_image_as_pattern=\u00bbwithout_pattern\u00bb padding_top=\u00bb30&#8243; css_animation=\u00bb\u00bb][vc_column width=\u00bb2\/3&#8243; css=\u00bb.vc_custom_1469609594958{background-color: #f9f9f9 !important;}\u00bb][vc_row_inner row_type=\u00bbrow\u00bb type=\u00bbfull_width\u00bb text_align=\u00bbleft\u00bb css_animation=\u00bb\u00bb][vc_column_inner][vc_single_image image=\u00bb17779&#8243; img_size=\u00bbfull\u00bb qode_css_animation=\u00bb\u00bb][vc_separator type=\u00bbtransparent\u00bb thickness=\u00bb20&#8243;][\/vc_column_inner][\/vc_row_inner][vc_column_text] Analizamos tu\u00a0caso para que tengas las mejores coberturas [\/vc_column_text][vc_separator type=\u00bbsmall\u00bb position=\u00bbleft\u00bb color=\u00bb#f29760&#8243; thickness=\u00bb1&#8243; width=\u00bb86&#8243;][vc_column_text]Gestionamos programas de seguros en el \u00e1mbito empresarial con la voluntad de ofrecer las mejores coberturas con las mejores condiciones, adapt\u00e1ndonos a tus necesidades de la mano de la corredur\u00eda de seguros\u00a0Jori Armengol. Asesoramos y aconsejamos cu\u00e1l es el producto m\u00e1s adecuado para cada situaci\u00f3n empresarial, con un equipo de especialistas formados y permanentemente informados para ayudar a las empresas constructoras a encontrar las soluciones<\/p>\n","protected":false},"author":3,"featured_media":0,"parent":18427,"menu_order":0,"comment_status":"closed","ping_status":"closed","template":"","meta":{"_acf_changed":false,"footnotes":""},"class_list":["post-18500","page","type-page","status-publish","hentry"],"acf":[],"yoast_head":"<!-- This site is optimized with the Yoast SEO plugin v26.6 - https:\/\/yoast.com\/wordpress\/plugins\/seo\/ -->\n<title>Mediaci\u00f3n de Seguros - Gremi de Constructors d&#039;Obres de Barcelona i Comarques<\/title>\n<meta name=\"robots\" content=\"index, follow, max-snippet:-1, max-image-preview:large, max-video-preview:-1\" \/>\n<link rel=\"canonical\" href=\"https:\/\/www.gremi-obres.org\/es\/que-hacemos\/mediacion-de-seguros\/\" \/>\n<meta property=\"og:locale\" content=\"es_ES\" \/>\n<meta property=\"og:type\" content=\"article\" \/>\n<meta property=\"og:title\" content=\"Mediaci\u00f3n de Seguros - Gremi de Constructors d&#039;Obres de Barcelona i Comarques\" \/>\n<meta property=\"og:description\" content=\"[vc_row row_type=\u00bbrow\u00bb use_row_as_full_screen_section=\u00bbno\u00bb type=\u00bbgrid\u00bb angled_section=\u00bbno\u00bb text_align=\u00bbleft\u00bb background_image_as_pattern=\u00bbwithout_pattern\u00bb padding_top=\u00bb30&#8243; css_animation=\u00bb\u00bb][vc_column width=\u00bb2\/3&#8243; css=\u00bb.vc_custom_1469609594958{background-color: #f9f9f9 !important;}\u00bb][vc_row_inner row_type=\u00bbrow\u00bb type=\u00bbfull_width\u00bb text_align=\u00bbleft\u00bb css_animation=\u00bb\u00bb][vc_column_inner][vc_single_image image=\u00bb17779&#8243; img_size=\u00bbfull\u00bb qode_css_animation=\u00bb\u00bb][vc_separator type=\u00bbtransparent\u00bb thickness=\u00bb20&#8243;][\/vc_column_inner][\/vc_row_inner][vc_column_text] Analizamos tu\u00a0caso para que tengas las mejores coberturas [\/vc_column_text][vc_separator type=\u00bbsmall\u00bb position=\u00bbleft\u00bb color=\u00bb#f29760&#8243; thickness=\u00bb1&#8243; width=\u00bb86&#8243;][vc_column_text]Gestionamos programas de seguros en el \u00e1mbito empresarial con la voluntad de ofrecer las mejores coberturas con las mejores condiciones, adapt\u00e1ndonos a tus necesidades de la mano de la corredur\u00eda de seguros\u00a0Jori Armengol. Asesoramos y aconsejamos cu\u00e1l es el producto m\u00e1s adecuado para cada situaci\u00f3n empresarial, con un equipo de especialistas formados y permanentemente informados para ayudar a las empresas constructoras a encontrar las soluciones\" \/>\n<meta property=\"og:url\" content=\"https:\/\/www.gremi-obres.org\/es\/que-hacemos\/mediacion-de-seguros\/\" \/>\n<meta property=\"og:site_name\" content=\"Gremi de Constructors d&#039;Obres de Barcelona i Comarques\" \/>\n<meta property=\"article:modified_time\" content=\"2016-11-15T10:24:57+00:00\" \/>\n<meta name=\"twitter:card\" content=\"summary_large_image\" \/>\n<meta name=\"twitter:label1\" content=\"Tiempo de lectura\" \/>\n\t<meta name=\"twitter:data1\" content=\"3 minutos\" \/>\n<script type=\"application\/ld+json\" class=\"yoast-schema-graph\">{\"@context\":\"https:\/\/schema.org\",\"@graph\":[{\"@type\":\"WebPage\",\"@id\":\"https:\/\/www.gremi-obres.org\/es\/que-hacemos\/mediacion-de-seguros\/\",\"url\":\"https:\/\/www.gremi-obres.org\/es\/que-hacemos\/mediacion-de-seguros\/\",\"name\":\"Mediaci\u00f3n de Seguros - Gremi de Constructors d&#039;Obres de Barcelona i Comarques\",\"isPartOf\":{\"@id\":\"https:\/\/www.gremi-obres.org\/#website\"},\"datePublished\":\"2016-10-10T18:29:41+00:00\",\"dateModified\":\"2016-11-15T10:24:57+00:00\",\"breadcrumb\":{\"@id\":\"https:\/\/www.gremi-obres.org\/es\/que-hacemos\/mediacion-de-seguros\/#breadcrumb\"},\"inLanguage\":\"es\",\"potentialAction\":[{\"@type\":\"ReadAction\",\"target\":[\"https:\/\/www.gremi-obres.org\/es\/que-hacemos\/mediacion-de-seguros\/\"]}]},{\"@type\":\"BreadcrumbList\",\"@id\":\"https:\/\/www.gremi-obres.org\/es\/que-hacemos\/mediacion-de-seguros\/#breadcrumb\",\"itemListElement\":[{\"@type\":\"ListItem\",\"position\":1,\"name\":\"Inici\",\"item\":\"https:\/\/www.gremi-obres.org\/es\/\"},{\"@type\":\"ListItem\",\"position\":2,\"name\":\"Qu\u00e9 hacemos\",\"item\":\"https:\/\/www.gremi-obres.org\/es\/que-hacemos\/\"},{\"@type\":\"ListItem\",\"position\":3,\"name\":\"Mediaci\u00f3n de Seguros\"}]},{\"@type\":\"WebSite\",\"@id\":\"https:\/\/www.gremi-obres.org\/#website\",\"url\":\"https:\/\/www.gremi-obres.org\/\",\"name\":\"Gremi de Constructors d&#039;Obres de Barcelona i Comarques\",\"description\":\"La missi\u00f3 del Gremi \u00e9s la de defensar els  interessos de les empreses constructores i rehabilitadores agremiades i recolzar-les en les necessitats de la seva activitat mitjan\u00e7ant serveis, recursos, formaci\u00f3, assessorament i informaci\u00f3\",\"potentialAction\":[{\"@type\":\"SearchAction\",\"target\":{\"@type\":\"EntryPoint\",\"urlTemplate\":\"https:\/\/www.gremi-obres.org\/?s={search_term_string}\"},\"query-input\":{\"@type\":\"PropertyValueSpecification\",\"valueRequired\":true,\"valueName\":\"search_term_string\"}}],\"inLanguage\":\"es\"}]}<\/script>\n<!-- \/ Yoast SEO plugin. -->","yoast_head_json":{"title":"Mediaci\u00f3n de Seguros - Gremi de Constructors d&#039;Obres de Barcelona i Comarques","robots":{"index":"index","follow":"follow","max-snippet":"max-snippet:-1","max-image-preview":"max-image-preview:large","max-video-preview":"max-video-preview:-1"},"canonical":"https:\/\/www.gremi-obres.org\/es\/que-hacemos\/mediacion-de-seguros\/","og_locale":"es_ES","og_type":"article","og_title":"Mediaci\u00f3n de Seguros - Gremi de Constructors d&#039;Obres de Barcelona i Comarques","og_description":"[vc_row row_type=\u00bbrow\u00bb use_row_as_full_screen_section=\u00bbno\u00bb type=\u00bbgrid\u00bb angled_section=\u00bbno\u00bb text_align=\u00bbleft\u00bb background_image_as_pattern=\u00bbwithout_pattern\u00bb padding_top=\u00bb30&#8243; css_animation=\u00bb\u00bb][vc_column width=\u00bb2\/3&#8243; css=\u00bb.vc_custom_1469609594958{background-color: #f9f9f9 !important;}\u00bb][vc_row_inner row_type=\u00bbrow\u00bb type=\u00bbfull_width\u00bb text_align=\u00bbleft\u00bb css_animation=\u00bb\u00bb][vc_column_inner][vc_single_image image=\u00bb17779&#8243; img_size=\u00bbfull\u00bb qode_css_animation=\u00bb\u00bb][vc_separator type=\u00bbtransparent\u00bb thickness=\u00bb20&#8243;][\/vc_column_inner][\/vc_row_inner][vc_column_text] Analizamos tu\u00a0caso para que tengas las mejores coberturas [\/vc_column_text][vc_separator type=\u00bbsmall\u00bb position=\u00bbleft\u00bb color=\u00bb#f29760&#8243; thickness=\u00bb1&#8243; width=\u00bb86&#8243;][vc_column_text]Gestionamos programas de seguros en el \u00e1mbito empresarial con la voluntad de ofrecer las mejores coberturas con las mejores condiciones, adapt\u00e1ndonos a tus necesidades de la mano de la corredur\u00eda de seguros\u00a0Jori Armengol. Asesoramos y aconsejamos cu\u00e1l es el producto m\u00e1s adecuado para cada situaci\u00f3n empresarial, con un equipo de especialistas formados y permanentemente informados para ayudar a las empresas constructoras a encontrar las soluciones","og_url":"https:\/\/www.gremi-obres.org\/es\/que-hacemos\/mediacion-de-seguros\/","og_site_name":"Gremi de Constructors d&#039;Obres de Barcelona i Comarques","article_modified_time":"2016-11-15T10:24:57+00:00","twitter_card":"summary_large_image","twitter_misc":{"Tiempo de lectura":"3 minutos"},"schema":{"@context":"https:\/\/schema.org","@graph":[{"@type":"WebPage","@id":"https:\/\/www.gremi-obres.org\/es\/que-hacemos\/mediacion-de-seguros\/","url":"https:\/\/www.gremi-obres.org\/es\/que-hacemos\/mediacion-de-seguros\/","name":"Mediaci\u00f3n de Seguros - Gremi de Constructors d&#039;Obres de Barcelona i Comarques","isPartOf":{"@id":"https:\/\/www.gremi-obres.org\/#website"},"datePublished":"2016-10-10T18:29:41+00:00","dateModified":"2016-11-15T10:24:57+00:00","breadcrumb":{"@id":"https:\/\/www.gremi-obres.org\/es\/que-hacemos\/mediacion-de-seguros\/#breadcrumb"},"inLanguage":"es","potentialAction":[{"@type":"ReadAction","target":["https:\/\/www.gremi-obres.org\/es\/que-hacemos\/mediacion-de-seguros\/"]}]},{"@type":"BreadcrumbList","@id":"https:\/\/www.gremi-obres.org\/es\/que-hacemos\/mediacion-de-seguros\/#breadcrumb","itemListElement":[{"@type":"ListItem","position":1,"name":"Inici","item":"https:\/\/www.gremi-obres.org\/es\/"},{"@type":"ListItem","position":2,"name":"Qu\u00e9 hacemos","item":"https:\/\/www.gremi-obres.org\/es\/que-hacemos\/"},{"@type":"ListItem","position":3,"name":"Mediaci\u00f3n de Seguros"}]},{"@type":"WebSite","@id":"https:\/\/www.gremi-obres.org\/#website","url":"https:\/\/www.gremi-obres.org\/","name":"Gremi de Constructors d&#039;Obres de Barcelona i Comarques","description":"La missi\u00f3 del Gremi \u00e9s la de defensar els  interessos de les empreses constructores i rehabilitadores agremiades i recolzar-les en les necessitats de la seva activitat mitjan\u00e7ant serveis, recursos, formaci\u00f3, assessorament i informaci\u00f3","potentialAction":[{"@type":"SearchAction","target":{"@type":"EntryPoint","urlTemplate":"https:\/\/www.gremi-obres.org\/?s={search_term_string}"},"query-input":{"@type":"PropertyValueSpecification","valueRequired":true,"valueName":"search_term_string"}}],"inLanguage":"es"}]}},"_links":{"self":[{"href":"https:\/\/www.gremi-obres.org\/es\/wp-json\/wp\/v2\/pages\/18500","targetHints":{"allow":["GET"]}}],"collection":[{"href":"https:\/\/www.gremi-obres.org\/es\/wp-json\/wp\/v2\/pages"}],"about":[{"href":"https:\/\/www.gremi-obres.org\/es\/wp-json\/wp\/v2\/types\/page"}],"author":[{"embeddable":true,"href":"https:\/\/www.gremi-obres.org\/es\/wp-json\/wp\/v2\/users\/3"}],"replies":[{"embeddable":true,"href":"https:\/\/www.gremi-obres.org\/es\/wp-json\/wp\/v2\/comments?post=18500"}],"version-history":[{"count":0,"href":"https:\/\/www.gremi-obres.org\/es\/wp-json\/wp\/v2\/pages\/18500\/revisions"}],"up":[{"embeddable":true,"href":"https:\/\/www.gremi-obres.org\/es\/wp-json\/wp\/v2\/pages\/18427"}],"wp:attachment":[{"href":"https:\/\/www.gremi-obres.org\/es\/wp-json\/wp\/v2\/media?parent=18500"}],"curies":[{"name":"wp","href":"https:\/\/api.w.org\/{rel}","templated":true}]}}