{"id":18496,"date":"2016-10-11T02:28:06","date_gmt":"2016-10-10T18:28:06","guid":{"rendered":"https:\/\/gremi-obres.org\/?page_id=18496&#038;lang=es"},"modified":"2025-07-29T19:04:10","modified_gmt":"2025-07-29T11:04:10","slug":"alquiler-de-espacios","status":"publish","type":"page","link":"https:\/\/www.gremi-obres.org\/es\/que-hacemos\/alquiler-de-espacios\/","title":{"rendered":"Alquiler de espacios"},"content":{"rendered":"<p>[vc_row row_type=\u00bbrow\u00bb use_row_as_full_screen_section=\u00bbno\u00bb type=\u00bbgrid\u00bb angled_section=\u00bbno\u00bb text_align=\u00bbleft\u00bb background_image_as_pattern=\u00bbwithout_pattern\u00bb css_animation=\u00bb\u00bb][vc_column width=\u00bb2\/3&#8243; css=\u00bb.vc_custom_1469609594958{background-color: #f9f9f9 !important;}\u00bb][vc_row_inner row_type=\u00bbrow\u00bb type=\u00bbfull_width\u00bb text_align=\u00bbleft\u00bb css_animation=\u00bb\u00bb][vc_column_inner][\/vc_column_inner][\/vc_row_inner][vc_column_text]<\/p>\n<h2>Salas a tu disposici\u00f3n<\/h2>\n<p>[\/vc_column_text][vc_separator type=\u00bbsmall\u00bb position=\u00bbleft\u00bb color=\u00bb#f29760&#8243; thickness=\u00bb1&#8243; width=\u00bb86&#8243;][vc_column_text]Ponemos a tu disposici\u00f3n varios espacios donde llevar a cabo seminarios, conferencias, juntas, reuniones de trabajo y presentaciones de tu empresa.<\/p>\n<p>Cada sala est\u00e1 equipada con un proyector, equipos de sonido (Auditorio y Sala Chimenea), USB, y tienes adem\u00e1s la opci\u00f3n de solicitar Servicio de Catering adaptado a tus necesidades.[\/vc_column_text][vc_column_text]<strong>Auditorio<\/strong><br \/>\n100 personas \/ 120 m2[\/vc_column_text][vc_separator type=\u00bbtransparent\u00bb thickness=\u00bb5&#8243;][vc_row_inner row_type=\u00bbrow\u00bb type=\u00bbfull_width\u00bb text_align=\u00bbleft\u00bb css_animation=\u00bb\u00bb][vc_column_inner width=\u00bb1\/2&#8243;][vc_single_image image=\u00bb18191&#8243; img_size=\u00bbfull\u00bb qode_css_animation=\u00bb\u00bb][\/vc_column_inner][vc_column_inner width=\u00bb1\/2&#8243;][vc_single_image image=\u00bb18192&#8243; img_size=\u00bbfull\u00bb qode_css_animation=\u00bb\u00bb][\/vc_column_inner][\/vc_row_inner][vc_separator type=\u00bbtransparent\u00bb thickness=\u00bb20&#8243;][vc_column_text]<strong>Sala A<\/strong><br \/>\n25 personas \/60 m2[\/vc_column_text][vc_separator type=\u00bbtransparent\u00bb thickness=\u00bb5&#8243;][vc_row_inner row_type=\u00bbrow\u00bb type=\u00bbfull_width\u00bb text_align=\u00bbleft\u00bb css_animation=\u00bb\u00bb][vc_column_inner width=\u00bb1\/2&#8243;][vc_single_image image=\u00bb17940&#8243; img_size=\u00bbfull\u00bb qode_css_animation=\u00bb\u00bb][\/vc_column_inner][vc_column_inner width=\u00bb1\/2&#8243;][vc_single_image image=\u00bb17939&#8243; img_size=\u00bbfull\u00bb qode_css_animation=\u00bb\u00bb][\/vc_column_inner][\/vc_row_inner][vc_separator type=\u00bbtransparent\u00bb thickness=\u00bb20&#8243;][vc_column_text]<strong>Sala B<br \/>\n<\/strong>30 personas\/ 60 m2[\/vc_column_text][vc_separator type=\u00bbtransparent\u00bb thickness=\u00bb5&#8243;][vc_row_inner row_type=\u00bbrow\u00bb type=\u00bbfull_width\u00bb text_align=\u00bbleft\u00bb css_animation=\u00bb\u00bb][vc_column_inner width=\u00bb1\/2&#8243;][vc_single_image image=\u00bb18084&#8243; img_size=\u00bbfull\u00bb qode_css_animation=\u00bb\u00bb][\/vc_column_inner][vc_column_inner width=\u00bb1\/2&#8243;][vc_single_image image=\u00bb18085&#8243; img_size=\u00bbfull\u00bb qode_css_animation=\u00bb\u00bb][\/vc_column_inner][\/vc_row_inner][vc_separator type=\u00bbtransparent\u00bb thickness=\u00bb20&#8243;][vc_column_text]<strong>Sala Altillo<br \/>\n<\/strong>15 personas\/ 33 m2[\/vc_column_text][vc_separator type=\u00bbtransparent\u00bb thickness=\u00bb5&#8243;][vc_row_inner row_type=\u00bbrow\u00bb type=\u00bbfull_width\u00bb text_align=\u00bbleft\u00bb css_animation=\u00bb\u00bb][vc_column_inner width=\u00bb1\/2&#8243;][vc_single_image image=\u00bb17943&#8243; img_size=\u00bbfull\u00bb qode_css_animation=\u00bb\u00bb][\/vc_column_inner][vc_column_inner width=\u00bb1\/2&#8243;][vc_single_image image=\u00bb17942&#8243; img_size=\u00bbfull\u00bb qode_css_animation=\u00bb\u00bb][\/vc_column_inner][\/vc_row_inner][vc_separator type=\u00bbtransparent\u00bb thickness=\u00bb20&#8243;][vc_column_text]<strong>Sala de la\u00a0Chimenea<br \/>\n<\/strong>25 personas\/ 60 m2[\/vc_column_text][vc_separator type=\u00bbtransparent\u00bb thickness=\u00bb5&#8243;][vc_row_inner row_type=\u00bbrow\u00bb type=\u00bbfull_width\u00bb text_align=\u00bbleft\u00bb css_animation=\u00bb\u00bb][vc_column_inner width=\u00bb1\/2&#8243;][vc_single_image image=\u00bb17944&#8243; img_size=\u00bbfull\u00bb qode_css_animation=\u00bb\u00bb][\/vc_column_inner][vc_column_inner width=\u00bb1\/2&#8243;][vc_single_image image=\u00bb17945&#8243; img_size=\u00bbfull\u00bb qode_css_animation=\u00bb\u00bb][\/vc_column_inner][\/vc_row_inner][vc_separator type=\u00bbtransparent\u00bb thickness=\u00bb5&#8243;][vc_column_text]<strong>Sala reuniones<br \/>\n<\/strong>6 personas\/20 m2[\/vc_column_text][vc_separator type=\u00bbtransparent\u00bb thickness=\u00bb5&#8243;][vc_row_inner row_type=\u00bbrow\u00bb type=\u00bbfull_width\u00bb text_align=\u00bbleft\u00bb css_animation=\u00bb\u00bb][vc_column_inner width=\u00bb1\/2&#8243;][vc_single_image image=\u00bb17948&#8243; img_size=\u00bbfull\u00bb qode_css_animation=\u00bb\u00bb][\/vc_column_inner][vc_column_inner width=\u00bb1\/2&#8243;][vc_single_image image=\u00bb17947&#8243; img_size=\u00bbfull\u00bb qode_css_animation=\u00bb\u00bb][\/vc_column_inner][\/vc_row_inner][vc_separator type=\u00bbtransparent\u00bb thickness=\u00bb25&#8243;][vc_row_inner row_type=\u00bbrow\u00bb type=\u00bbfull_width\u00bb text_align=\u00bbleft\u00bb css_animation=\u00bb\u00bb css=\u00bb.vc_custom_1469525538085{background-color: #ffffff !important;}\u00bb][vc_column_inner offset=\u00bbvc_hidden-lg vc_hidden-md vc_hidden-sm\u00bb][vc_separator type=\u00bbnormal\u00bb color=\u00bb#ffffff\u00bb thickness=\u00bb20&#8243;][\/vc_column_inner][\/vc_row_inner][\/vc_column][vc_column width=\u00bb1\/3&#8243;][vc_separator type=\u00bbtransparent\u00bb thickness=\u00bb20&#8243;][vc_row_inner row_type=\u00bbrow\u00bb type=\u00bbfull_width\u00bb text_align=\u00bbleft\u00bb css_animation=\u00bb\u00bb css=\u00bb.vc_custom_1664530541906{margin-right: 30px !important;margin-left: 30px !important;border-top-width: 1px !important;border-right-width: 1px !important;border-bottom-width: 1px !important;border-left-width: 1px !important;padding-right: 15px !important;padding-left: 15px !important;background: #f27848 url(https:\/\/gremi-obres.org\/wp-content\/uploads\/2021\/08\/blanco-6.png?id=33077) !important;border-left-color: #f27848 !important;border-left-style: solid !important;border-right-color: #f27848 !important;border-right-style: solid !important;border-top-color: #f27848 !important;border-top-style: solid !important;border-bottom-color: #f27848 !important;border-bottom-style: solid !important;}\u00bb][vc_column_inner enable_sticky=\u00bbtrue\u00bb sticky_offset=\u00bb100&#8243;][vc_separator type=\u00bbtransparent\u00bb thickness=\u00bb10&#8243;][vc_column_text]<\/p>\n<h3 style=\"text-align: center;\">Estoy interesado<\/h3>\n<p style=\"text-align: center;\">Escr\u00edbenos a:<\/p>\n<p style=\"text-align: center;\"><a href=\"mailto:administracio@gremi-obres.org\"><strong>administracio@gremi-obres.org<\/strong><\/a> con tu petici\u00f3n!<\/p>\n<p>[\/vc_column_text][vc_separator type=\u00bbtransparent\u00bb thickness=\u00bb1&#8243; up=\u00bb1&#8243; down=\u00bb15&#8243;][vc_separator type=\u00bbtransparent\u00bb thickness=\u00bb10&#8243;][\/vc_column_inner][\/vc_row_inner][\/vc_column][\/vc_row][vc_row row_type=\u00bbrow\u00bb use_row_as_full_screen_section=\u00bbno\u00bb type=\u00bbfull_width\u00bb angled_section=\u00bbno\u00bb text_align=\u00bbleft\u00bb background_image_as_pattern=\u00bbwithout_pattern\u00bb css_animation=\u00bb\u00bb][vc_column][vc_separator type=\u00bbtransparent\u00bb thickness=\u00bb55&#8243;][\/vc_column][\/vc_row]<\/p>\n","protected":false},"excerpt":{"rendered":"<p>[vc_row row_type=\u00bbrow\u00bb use_row_as_full_screen_section=\u00bbno\u00bb type=\u00bbgrid\u00bb angled_section=\u00bbno\u00bb text_align=\u00bbleft\u00bb background_image_as_pattern=\u00bbwithout_pattern\u00bb css_animation=\u00bb\u00bb][vc_column width=\u00bb2\/3&#8243; css=\u00bb.vc_custom_1469609594958{background-color: #f9f9f9 !important;}\u00bb][vc_row_inner row_type=\u00bbrow\u00bb type=\u00bbfull_width\u00bb text_align=\u00bbleft\u00bb css_animation=\u00bb\u00bb][vc_column_inner][\/vc_column_inner][\/vc_row_inner][vc_column_text] Salas a tu disposici\u00f3n [\/vc_column_text][vc_separator type=\u00bbsmall\u00bb position=\u00bbleft\u00bb color=\u00bb#f29760&#8243; thickness=\u00bb1&#8243; width=\u00bb86&#8243;][vc_column_text]Ponemos a tu disposici\u00f3n varios espacios donde llevar a cabo seminarios, conferencias, juntas, reuniones de trabajo y presentaciones de tu empresa. Cada sala est\u00e1 equipada con un proyector, equipos de sonido (Auditorio y Sala Chimenea), USB, y tienes adem\u00e1s la opci\u00f3n de solicitar Servicio de Catering adaptado a tus necesidades.[\/vc_column_text][vc_column_text]Auditorio 100 personas \/ 120 m2[\/vc_column_text][vc_separator type=\u00bbtransparent\u00bb thickness=\u00bb5&#8243;][vc_row_inner row_type=\u00bbrow\u00bb type=\u00bbfull_width\u00bb text_align=\u00bbleft\u00bb css_animation=\u00bb\u00bb][vc_column_inner width=\u00bb1\/2&#8243;][vc_single_image image=\u00bb18191&#8243; img_size=\u00bbfull\u00bb qode_css_animation=\u00bb\u00bb][\/vc_column_inner][vc_column_inner width=\u00bb1\/2&#8243;][vc_single_image image=\u00bb18192&#8243; img_size=\u00bbfull\u00bb qode_css_animation=\u00bb\u00bb][\/vc_column_inner][\/vc_row_inner][vc_separator type=\u00bbtransparent\u00bb thickness=\u00bb20&#8243;][vc_column_text]Sala A 25 personas \/60<\/p>\n","protected":false},"author":3,"featured_media":0,"parent":18427,"menu_order":0,"comment_status":"closed","ping_status":"closed","template":"","meta":{"_acf_changed":false,"footnotes":""},"class_list":["post-18496","page","type-page","status-publish","hentry"],"acf":[],"yoast_head":"<!-- This site is optimized with the Yoast SEO plugin v26.6 - https:\/\/yoast.com\/wordpress\/plugins\/seo\/ -->\n<title>Alquiler de espacios - Gremi de Constructors d&#039;Obres de Barcelona i Comarques<\/title>\n<meta name=\"robots\" content=\"index, follow, max-snippet:-1, max-image-preview:large, max-video-preview:-1\" \/>\n<link rel=\"canonical\" href=\"https:\/\/www.gremi-obres.org\/es\/que-hacemos\/alquiler-de-espacios\/\" \/>\n<meta property=\"og:locale\" content=\"es_ES\" \/>\n<meta property=\"og:type\" content=\"article\" \/>\n<meta property=\"og:title\" content=\"Alquiler de espacios - Gremi de Constructors d&#039;Obres de Barcelona i Comarques\" \/>\n<meta property=\"og:description\" content=\"[vc_row row_type=\u00bbrow\u00bb use_row_as_full_screen_section=\u00bbno\u00bb type=\u00bbgrid\u00bb angled_section=\u00bbno\u00bb text_align=\u00bbleft\u00bb background_image_as_pattern=\u00bbwithout_pattern\u00bb css_animation=\u00bb\u00bb][vc_column width=\u00bb2\/3&#8243; css=\u00bb.vc_custom_1469609594958{background-color: #f9f9f9 !important;}\u00bb][vc_row_inner row_type=\u00bbrow\u00bb type=\u00bbfull_width\u00bb text_align=\u00bbleft\u00bb css_animation=\u00bb\u00bb][vc_column_inner][\/vc_column_inner][\/vc_row_inner][vc_column_text] Salas a tu disposici\u00f3n [\/vc_column_text][vc_separator type=\u00bbsmall\u00bb position=\u00bbleft\u00bb color=\u00bb#f29760&#8243; thickness=\u00bb1&#8243; width=\u00bb86&#8243;][vc_column_text]Ponemos a tu disposici\u00f3n varios espacios donde llevar a cabo seminarios, conferencias, juntas, reuniones de trabajo y presentaciones de tu empresa. Cada sala est\u00e1 equipada con un proyector, equipos de sonido (Auditorio y Sala Chimenea), USB, y tienes adem\u00e1s la opci\u00f3n de solicitar Servicio de Catering adaptado a tus necesidades.[\/vc_column_text][vc_column_text]Auditorio 100 personas \/ 120 m2[\/vc_column_text][vc_separator type=\u00bbtransparent\u00bb thickness=\u00bb5&#8243;][vc_row_inner row_type=\u00bbrow\u00bb type=\u00bbfull_width\u00bb text_align=\u00bbleft\u00bb css_animation=\u00bb\u00bb][vc_column_inner width=\u00bb1\/2&#8243;][vc_single_image image=\u00bb18191&#8243; img_size=\u00bbfull\u00bb qode_css_animation=\u00bb\u00bb][\/vc_column_inner][vc_column_inner width=\u00bb1\/2&#8243;][vc_single_image image=\u00bb18192&#8243; img_size=\u00bbfull\u00bb qode_css_animation=\u00bb\u00bb][\/vc_column_inner][\/vc_row_inner][vc_separator type=\u00bbtransparent\u00bb thickness=\u00bb20&#8243;][vc_column_text]Sala A 25 personas \/60\" \/>\n<meta property=\"og:url\" content=\"https:\/\/www.gremi-obres.org\/es\/que-hacemos\/alquiler-de-espacios\/\" \/>\n<meta property=\"og:site_name\" content=\"Gremi de Constructors d&#039;Obres de Barcelona i Comarques\" \/>\n<meta property=\"article:modified_time\" content=\"2025-07-29T11:04:10+00:00\" \/>\n<meta name=\"twitter:card\" content=\"summary_large_image\" \/>\n<meta name=\"twitter:label1\" content=\"Tiempo de lectura\" \/>\n\t<meta name=\"twitter:data1\" content=\"2 minutos\" \/>\n<script type=\"application\/ld+json\" class=\"yoast-schema-graph\">{\"@context\":\"https:\/\/schema.org\",\"@graph\":[{\"@type\":\"WebPage\",\"@id\":\"https:\/\/www.gremi-obres.org\/es\/que-hacemos\/alquiler-de-espacios\/\",\"url\":\"https:\/\/www.gremi-obres.org\/es\/que-hacemos\/alquiler-de-espacios\/\",\"name\":\"Alquiler de espacios - Gremi de Constructors d&#039;Obres de Barcelona i Comarques\",\"isPartOf\":{\"@id\":\"https:\/\/www.gremi-obres.org\/#website\"},\"datePublished\":\"2016-10-10T18:28:06+00:00\",\"dateModified\":\"2025-07-29T11:04:10+00:00\",\"breadcrumb\":{\"@id\":\"https:\/\/www.gremi-obres.org\/es\/que-hacemos\/alquiler-de-espacios\/#breadcrumb\"},\"inLanguage\":\"es\",\"potentialAction\":[{\"@type\":\"ReadAction\",\"target\":[\"https:\/\/www.gremi-obres.org\/es\/que-hacemos\/alquiler-de-espacios\/\"]}]},{\"@type\":\"BreadcrumbList\",\"@id\":\"https:\/\/www.gremi-obres.org\/es\/que-hacemos\/alquiler-de-espacios\/#breadcrumb\",\"itemListElement\":[{\"@type\":\"ListItem\",\"position\":1,\"name\":\"Inici\",\"item\":\"https:\/\/www.gremi-obres.org\/es\/\"},{\"@type\":\"ListItem\",\"position\":2,\"name\":\"Qu\u00e9 hacemos\",\"item\":\"https:\/\/www.gremi-obres.org\/es\/que-hacemos\/\"},{\"@type\":\"ListItem\",\"position\":3,\"name\":\"Alquiler de espacios\"}]},{\"@type\":\"WebSite\",\"@id\":\"https:\/\/www.gremi-obres.org\/#website\",\"url\":\"https:\/\/www.gremi-obres.org\/\",\"name\":\"Gremi de Constructors d&#039;Obres de Barcelona i Comarques\",\"description\":\"La missi\u00f3 del Gremi \u00e9s la de defensar els  interessos de les empreses constructores i rehabilitadores agremiades i recolzar-les en les necessitats de la seva activitat mitjan\u00e7ant serveis, recursos, formaci\u00f3, assessorament i informaci\u00f3\",\"potentialAction\":[{\"@type\":\"SearchAction\",\"target\":{\"@type\":\"EntryPoint\",\"urlTemplate\":\"https:\/\/www.gremi-obres.org\/?s={search_term_string}\"},\"query-input\":{\"@type\":\"PropertyValueSpecification\",\"valueRequired\":true,\"valueName\":\"search_term_string\"}}],\"inLanguage\":\"es\"}]}<\/script>\n<!-- \/ Yoast SEO plugin. -->","yoast_head_json":{"title":"Alquiler de espacios - Gremi de Constructors d&#039;Obres de Barcelona i Comarques","robots":{"index":"index","follow":"follow","max-snippet":"max-snippet:-1","max-image-preview":"max-image-preview:large","max-video-preview":"max-video-preview:-1"},"canonical":"https:\/\/www.gremi-obres.org\/es\/que-hacemos\/alquiler-de-espacios\/","og_locale":"es_ES","og_type":"article","og_title":"Alquiler de espacios - Gremi de Constructors d&#039;Obres de Barcelona i Comarques","og_description":"[vc_row row_type=\u00bbrow\u00bb use_row_as_full_screen_section=\u00bbno\u00bb type=\u00bbgrid\u00bb angled_section=\u00bbno\u00bb text_align=\u00bbleft\u00bb background_image_as_pattern=\u00bbwithout_pattern\u00bb css_animation=\u00bb\u00bb][vc_column width=\u00bb2\/3&#8243; css=\u00bb.vc_custom_1469609594958{background-color: #f9f9f9 !important;}\u00bb][vc_row_inner row_type=\u00bbrow\u00bb type=\u00bbfull_width\u00bb text_align=\u00bbleft\u00bb css_animation=\u00bb\u00bb][vc_column_inner][\/vc_column_inner][\/vc_row_inner][vc_column_text] Salas a tu disposici\u00f3n [\/vc_column_text][vc_separator type=\u00bbsmall\u00bb position=\u00bbleft\u00bb color=\u00bb#f29760&#8243; thickness=\u00bb1&#8243; width=\u00bb86&#8243;][vc_column_text]Ponemos a tu disposici\u00f3n varios espacios donde llevar a cabo seminarios, conferencias, juntas, reuniones de trabajo y presentaciones de tu empresa. Cada sala est\u00e1 equipada con un proyector, equipos de sonido (Auditorio y Sala Chimenea), USB, y tienes adem\u00e1s la opci\u00f3n de solicitar Servicio de Catering adaptado a tus necesidades.[\/vc_column_text][vc_column_text]Auditorio 100 personas \/ 120 m2[\/vc_column_text][vc_separator type=\u00bbtransparent\u00bb thickness=\u00bb5&#8243;][vc_row_inner row_type=\u00bbrow\u00bb type=\u00bbfull_width\u00bb text_align=\u00bbleft\u00bb css_animation=\u00bb\u00bb][vc_column_inner width=\u00bb1\/2&#8243;][vc_single_image image=\u00bb18191&#8243; img_size=\u00bbfull\u00bb qode_css_animation=\u00bb\u00bb][\/vc_column_inner][vc_column_inner width=\u00bb1\/2&#8243;][vc_single_image image=\u00bb18192&#8243; img_size=\u00bbfull\u00bb qode_css_animation=\u00bb\u00bb][\/vc_column_inner][\/vc_row_inner][vc_separator type=\u00bbtransparent\u00bb thickness=\u00bb20&#8243;][vc_column_text]Sala A 25 personas \/60","og_url":"https:\/\/www.gremi-obres.org\/es\/que-hacemos\/alquiler-de-espacios\/","og_site_name":"Gremi de Constructors d&#039;Obres de Barcelona i Comarques","article_modified_time":"2025-07-29T11:04:10+00:00","twitter_card":"summary_large_image","twitter_misc":{"Tiempo de lectura":"2 minutos"},"schema":{"@context":"https:\/\/schema.org","@graph":[{"@type":"WebPage","@id":"https:\/\/www.gremi-obres.org\/es\/que-hacemos\/alquiler-de-espacios\/","url":"https:\/\/www.gremi-obres.org\/es\/que-hacemos\/alquiler-de-espacios\/","name":"Alquiler de espacios - Gremi de Constructors d&#039;Obres de Barcelona i Comarques","isPartOf":{"@id":"https:\/\/www.gremi-obres.org\/#website"},"datePublished":"2016-10-10T18:28:06+00:00","dateModified":"2025-07-29T11:04:10+00:00","breadcrumb":{"@id":"https:\/\/www.gremi-obres.org\/es\/que-hacemos\/alquiler-de-espacios\/#breadcrumb"},"inLanguage":"es","potentialAction":[{"@type":"ReadAction","target":["https:\/\/www.gremi-obres.org\/es\/que-hacemos\/alquiler-de-espacios\/"]}]},{"@type":"BreadcrumbList","@id":"https:\/\/www.gremi-obres.org\/es\/que-hacemos\/alquiler-de-espacios\/#breadcrumb","itemListElement":[{"@type":"ListItem","position":1,"name":"Inici","item":"https:\/\/www.gremi-obres.org\/es\/"},{"@type":"ListItem","position":2,"name":"Qu\u00e9 hacemos","item":"https:\/\/www.gremi-obres.org\/es\/que-hacemos\/"},{"@type":"ListItem","position":3,"name":"Alquiler de espacios"}]},{"@type":"WebSite","@id":"https:\/\/www.gremi-obres.org\/#website","url":"https:\/\/www.gremi-obres.org\/","name":"Gremi de Constructors d&#039;Obres de Barcelona i Comarques","description":"La missi\u00f3 del Gremi \u00e9s la de defensar els  interessos de les empreses constructores i rehabilitadores agremiades i recolzar-les en les necessitats de la seva activitat mitjan\u00e7ant serveis, recursos, formaci\u00f3, assessorament i informaci\u00f3","potentialAction":[{"@type":"SearchAction","target":{"@type":"EntryPoint","urlTemplate":"https:\/\/www.gremi-obres.org\/?s={search_term_string}"},"query-input":{"@type":"PropertyValueSpecification","valueRequired":true,"valueName":"search_term_string"}}],"inLanguage":"es"}]}},"_links":{"self":[{"href":"https:\/\/www.gremi-obres.org\/es\/wp-json\/wp\/v2\/pages\/18496","targetHints":{"allow":["GET"]}}],"collection":[{"href":"https:\/\/www.gremi-obres.org\/es\/wp-json\/wp\/v2\/pages"}],"about":[{"href":"https:\/\/www.gremi-obres.org\/es\/wp-json\/wp\/v2\/types\/page"}],"author":[{"embeddable":true,"href":"https:\/\/www.gremi-obres.org\/es\/wp-json\/wp\/v2\/users\/3"}],"replies":[{"embeddable":true,"href":"https:\/\/www.gremi-obres.org\/es\/wp-json\/wp\/v2\/comments?post=18496"}],"version-history":[{"count":10,"href":"https:\/\/www.gremi-obres.org\/es\/wp-json\/wp\/v2\/pages\/18496\/revisions"}],"predecessor-version":[{"id":46048,"href":"https:\/\/www.gremi-obres.org\/es\/wp-json\/wp\/v2\/pages\/18496\/revisions\/46048"}],"up":[{"embeddable":true,"href":"https:\/\/www.gremi-obres.org\/es\/wp-json\/wp\/v2\/pages\/18427"}],"wp:attachment":[{"href":"https:\/\/www.gremi-obres.org\/es\/wp-json\/wp\/v2\/media?parent=18496"}],"curies":[{"name":"wp","href":"https:\/\/api.w.org\/{rel}","templated":true}]}}